{"id":3109,"date":"2021-08-03T16:52:35","date_gmt":"2021-08-03T13:52:35","guid":{"rendered":"https:\/\/citius-s.com\/?page_id=3109"},"modified":"2024-02-21T02:08:53","modified_gmt":"2024-02-20T23:08:53","slug":"policzejskie-mashiny","status":"publish","type":"page","link":"https:\/\/citius-s.com\/pl\/catalog\/policzejskie-mashiny\/","title":{"rendered":"SAMOCHODY POLICYJNE"},"content":{"rendered":"<h2><img loading=\"lazy\" decoding=\"async\" class=\"aligncenter wp-image-3121 size-full\" src=\"https:\/\/citius-s.com\/wp-content\/uploads\/2021\/08\/police_720.jpg\" alt=\"\" width=\"720\" height=\"360\" srcset=\"https:\/\/citius-s.com\/wp-content\/uploads\/2021\/08\/police_720.jpg 720w, https:\/\/citius-s.com\/wp-content\/uploads\/2021\/08\/police_720-300x150.jpg 300w, https:\/\/citius-s.com\/wp-content\/uploads\/2021\/08\/police_720-24x12.jpg 24w, https:\/\/citius-s.com\/wp-content\/uploads\/2021\/08\/police_720-36x18.jpg 36w, https:\/\/citius-s.com\/wp-content\/uploads\/2021\/08\/police_720-48x24.jpg 48w\" sizes=\"(max-width: 720px) 100vw, 720px\" \/><\/h2>\n<h2 style=\"text-align: center;\">Produkcja i sprzeda\u017c w Ukrainie \u2014 fabryka  <em><span style=\"color: #ff9900;\">\u201eCitius S\u201d<\/span><\/em><\/h2>\n<h2 style=\"text-align: center;\">\u00a0na bazie<strong> Renault, Mercedesie, Volkswagenie itp.<\/strong><\/h2>\n<div style=\"text-align: center;\"><iframe loading=\"lazy\" title=\"YouTube video player\" src=\"https:\/\/www.youtube.com\/embed\/P_iUxkUzZKY\" width=\"560\" height=\"315\" frameborder=\"0\" allowfullscreen=\"allowfullscreen\"><\/iframe><\/div>\n<div>\n<h3><\/h3>\n<p><strong>Fabryka \u201eCitius S\u201d jest oficjalnym partnerem<\/strong> w zakresie konwersji pojazd\u00f3w u\u017cytkowych marki  <strong>Renault, Volkswagen, Mercedes<\/strong> w Ukrainie z zachowaniem gwarancji producenta.<br \/>\nProdukujemy samochody policyjne nast\u0119puj\u0105cych kategorii:<\/p>\n<ul>\n<li><strong>Samoch\u00f3d patrolowy<\/strong><\/li>\n<li><strong>Laboratorium Kryminalistyczne<\/strong><\/li>\n<li><strong>Radiow\u00f3z do transportu ps\u00f3w policyjnych<\/strong><\/li>\n<li><strong>Wi\u0119\u017aniarki policyjne<\/strong><\/li>\n<li><strong>Opancerzone samochody policyjne<\/strong><\/li>\n<li><strong>Samochody ukrytego monitoringu<\/strong><\/li>\n<li><strong>Dowolne samochody specjalne na indywidualne zam\u00f3wienie<\/strong><\/li>\n<\/ul>\n<p>Samochody s\u0105 <strong>certyfikowane w Ukrainie,<\/strong> <strong> przerobione z nowych, ca\u0142kowicie metalowych samochod\u00f3w dostawczych<\/strong>  zgodnie ze wszystkimi wymaganiami dla policyjnych pojazd\u00f3w specjalnych w Ukrainie.<\/p>\n<h3 style=\"text-align: center;\"><a href=\"https:\/\/citius-s.com\/contacts\/\">ZAPYTAJ O CEN\u0118 SAMOCHODU POLICYJNEGO<\/a><\/h3>\n<h3 style=\"text-align: center;\"><strong>Nasza polityka cenowa to po\u0142\u0105czenie najwy\u017cszej jako\u015bci i rozs\u0105dnej ceny<\/strong><\/h3>\n<h2><strong>Jak kupi\u0107 radiow\u00f3z policyjny lub samoch\u00f3d patrolowy?<\/strong><\/h2>\n<p>Samochody robione s\u0105 na zam\u00f3wienie.<strong> Okres produkcji wynosi od 14 dni.<\/strong>   Zak\u0142ad prowadzi zar\u00f3wno sprzeda\u017c bezpo\u015bredni\u0105, jak i zaopatrzenie do sieci dealerskiej. <\/p>\n<h3><em>Bezpo\u015bredni numer telefonu menad\u017cera kierunku<\/em>\u00a0<a href=\"tel:+380664189919\">+380 66 418 99 19<\/a><\/h3>\n<p>Produkcja i siedziba znajduj\u0105 si\u0119 w<strong> Stryju \u2014 obw\u00f3d lwowski.\u00a0<\/strong><\/p>\n<p><strong>Pracujemy na terenie ca\u0142ej Ukrainy oraz na eksport.<\/strong><\/p>\n<p><strong>Gwarancja <\/strong>na samochody przebudowane wynosi<strong> 24 miesi\u0105ce.<\/strong><\/p>\n\n\t<div class=\"row gallery\">\n\t\t<div class=\"col-sm-12 gallery_filter\">\n\t\t\t<div class=\"form-group\">\n\t\t\t\t\n\t\t\t<\/div>\t\n\t\t<\/div>\n\t\t<div class=\"col-sm-12\">\n\t\t\t<div class=\"row grid\">\t\n\t\t\t\t\n\t\t\t<div class=\"grid-item col-md-3 col-sm-4 col-xs-6 \">\n\t\t\t\t<a href=\"https:\/\/citius-s.com\/wp-content\/uploads\/2021\/08\/police-3.jpg\" data-original=\"https:\/\/citius-s.com\/wp-content\/uploads\/2021\/08\/police-3-768x432.jpg\" style=\"background-image: url(https:\/\/citius-s.com\/wp-content\/themes\/citius\/lib\/img\/no-photo.png);\" class=\"fancybox\" data-fancybox=\"gallery\">\n\t\t\t\t<div class=\"caption\">\n\t\t\t\t\t<div class=\"bg\"><\/div>\n\t\t\t\t\t<h3>\u0423\u0432\u0435\u043b\u0438\u0447\u0438\u0442\u044c<\/h3>\n\t\t\t\t\t<p><span class=\"glyphicon glyphicon-eye-open\"><\/span><\/p>\t\t\t\t\t\n\t\t\t\t<\/div>\n\t\t\t\t<\/a>\n\t\t\t<\/div>\n\t\t\t<div class=\"grid-item col-md-3 col-sm-4 col-xs-6 \">\n\t\t\t\t<a href=\"https:\/\/citius-s.com\/wp-content\/uploads\/2021\/08\/police-4.jpg\" data-original=\"https:\/\/citius-s.com\/wp-content\/uploads\/2021\/08\/police-4-768x432.jpg\" style=\"background-image: url(https:\/\/citius-s.com\/wp-content\/themes\/citius\/lib\/img\/no-photo.png);\" class=\"fancybox\" data-fancybox=\"gallery\">\n\t\t\t\t<div class=\"caption\">\n\t\t\t\t\t<div class=\"bg\"><\/div>\n\t\t\t\t\t<h3>\u0423\u0432\u0435\u043b\u0438\u0447\u0438\u0442\u044c<\/h3>\n\t\t\t\t\t<p><span class=\"glyphicon glyphicon-eye-open\"><\/span><\/p>\t\t\t\t\t\n\t\t\t\t<\/div>\n\t\t\t\t<\/a>\n\t\t\t<\/div>\n\t\t\t<div class=\"grid-item col-md-3 col-sm-4 col-xs-6 \">\n\t\t\t\t<a href=\"https:\/\/citius-s.com\/wp-content\/uploads\/2021\/08\/police-6.jpg\" data-original=\"https:\/\/citius-s.com\/wp-content\/uploads\/2021\/08\/police-6-768x432.jpg\" style=\"background-image: url(https:\/\/citius-s.com\/wp-content\/themes\/citius\/lib\/img\/no-photo.png);\" class=\"fancybox\" data-fancybox=\"gallery\">\n\t\t\t\t<div class=\"caption\">\n\t\t\t\t\t<div class=\"bg\"><\/div>\n\t\t\t\t\t<h3>\u0423\u0432\u0435\u043b\u0438\u0447\u0438\u0442\u044c<\/h3>\n\t\t\t\t\t<p><span class=\"glyphicon glyphicon-eye-open\"><\/span><\/p>\t\t\t\t\t\n\t\t\t\t<\/div>\n\t\t\t\t<\/a>\n\t\t\t<\/div>\n\t\t\t<div class=\"grid-item col-md-3 col-sm-4 col-xs-6 \">\n\t\t\t\t<a href=\"https:\/\/citius-s.com\/wp-content\/uploads\/2021\/08\/police-1.jpg\" data-original=\"https:\/\/citius-s.com\/wp-content\/uploads\/2021\/08\/police-1-768x432.jpg\" style=\"background-image: url(https:\/\/citius-s.com\/wp-content\/themes\/citius\/lib\/img\/no-photo.png);\" class=\"fancybox\" data-fancybox=\"gallery\">\n\t\t\t\t<div class=\"caption\">\n\t\t\t\t\t<div class=\"bg\"><\/div>\n\t\t\t\t\t<h3>\u0423\u0432\u0435\u043b\u0438\u0447\u0438\u0442\u044c<\/h3>\n\t\t\t\t\t<p><span class=\"glyphicon glyphicon-eye-open\"><\/span><\/p>\t\t\t\t\t\n\t\t\t\t<\/div>\n\t\t\t\t<\/a>\n\t\t\t<\/div>\n\t\t\t<div class=\"grid-item col-md-3 col-sm-4 col-xs-6 \">\n\t\t\t\t<a href=\"https:\/\/citius-s.com\/wp-content\/uploads\/2021\/08\/police-11.jpg\" data-original=\"https:\/\/citius-s.com\/wp-content\/uploads\/2021\/08\/police-11-768x432.jpg\" style=\"background-image: url(https:\/\/citius-s.com\/wp-content\/themes\/citius\/lib\/img\/no-photo.png);\" class=\"fancybox\" data-fancybox=\"gallery\">\n\t\t\t\t<div class=\"caption\">\n\t\t\t\t\t<div class=\"bg\"><\/div>\n\t\t\t\t\t<h3>\u0423\u0432\u0435\u043b\u0438\u0447\u0438\u0442\u044c<\/h3>\n\t\t\t\t\t<p><span class=\"glyphicon glyphicon-eye-open\"><\/span><\/p>\t\t\t\t\t\n\t\t\t\t<\/div>\n\t\t\t\t<\/a>\n\t\t\t<\/div>\n\t\t\t<div class=\"grid-item col-md-3 col-sm-4 col-xs-6 \">\n\t\t\t\t<a href=\"https:\/\/citius-s.com\/wp-content\/uploads\/2021\/08\/police-5.jpg\" data-original=\"https:\/\/citius-s.com\/wp-content\/uploads\/2021\/08\/police-5-768x432.jpg\" style=\"background-image: url(https:\/\/citius-s.com\/wp-content\/themes\/citius\/lib\/img\/no-photo.png);\" class=\"fancybox\" data-fancybox=\"gallery\">\n\t\t\t\t<div class=\"caption\">\n\t\t\t\t\t<div class=\"bg\"><\/div>\n\t\t\t\t\t<h3>\u0423\u0432\u0435\u043b\u0438\u0447\u0438\u0442\u044c<\/h3>\n\t\t\t\t\t<p><span class=\"glyphicon glyphicon-eye-open\"><\/span><\/p>\t\t\t\t\t\n\t\t\t\t<\/div>\n\t\t\t\t<\/a>\n\t\t\t<\/div>\n\t\t\t<div class=\"grid-item col-md-3 col-sm-4 col-xs-6 \">\n\t\t\t\t<a href=\"https:\/\/citius-s.com\/wp-content\/uploads\/2021\/08\/police-8.jpg\" data-original=\"https:\/\/citius-s.com\/wp-content\/uploads\/2021\/08\/police-8-768x432.jpg\" style=\"background-image: url(https:\/\/citius-s.com\/wp-content\/themes\/citius\/lib\/img\/no-photo.png);\" class=\"fancybox\" data-fancybox=\"gallery\">\n\t\t\t\t<div class=\"caption\">\n\t\t\t\t\t<div class=\"bg\"><\/div>\n\t\t\t\t\t<h3>\u0423\u0432\u0435\u043b\u0438\u0447\u0438\u0442\u044c<\/h3>\n\t\t\t\t\t<p><span class=\"glyphicon glyphicon-eye-open\"><\/span><\/p>\t\t\t\t\t\n\t\t\t\t<\/div>\n\t\t\t\t<\/a>\n\t\t\t<\/div>\n\t\t\t<div class=\"grid-item col-md-3 col-sm-4 col-xs-6 \">\n\t\t\t\t<a href=\"https:\/\/citius-s.com\/wp-content\/uploads\/2021\/08\/police-9.jpg\" data-original=\"https:\/\/citius-s.com\/wp-content\/uploads\/2021\/08\/police-9-768x432.jpg\" style=\"background-image: url(https:\/\/citius-s.com\/wp-content\/themes\/citius\/lib\/img\/no-photo.png);\" class=\"fancybox\" data-fancybox=\"gallery\">\n\t\t\t\t<div class=\"caption\">\n\t\t\t\t\t<div class=\"bg\"><\/div>\n\t\t\t\t\t<h3>\u0423\u0432\u0435\u043b\u0438\u0447\u0438\u0442\u044c<\/h3>\n\t\t\t\t\t<p><span class=\"glyphicon glyphicon-eye-open\"><\/span><\/p>\t\t\t\t\t\n\t\t\t\t<\/div>\n\t\t\t\t<\/a>\n\t\t\t<\/div>\n\t\t\t<\/div>\n\t\t<\/div>\n\t<\/div>\n<p>Mog\u0105 Ci\u0119 zainteresowa\u0107 tak\u017ce inne samochody produkowane <\/strong> przez nasz\u0105 fabryk\u0119:<\/p>\n<h3 style=\"text-align: center;\"><a href=\"https:\/\/citius-s.com\/armored-cars\/\">OPANCERZONE POJAZDY DO TRANSPORTU GOT\u00d3WKI<\/a><\/h3>\n<h3 style=\"text-align: center;\"><a href=\"https:\/\/citius-s.com\/catalog\/medicine-cars\/\">KARETKI POGOTOWIA<\/a><\/h3>\n<\/div>\n","protected":false},"excerpt":{"rendered":"<p>Kup nowy radiow\u00f3z na Ukrainie z fabryki w najlepszej cenie. Zak\u0142ad pojazd\u00f3w specjalnych w Stryju produkuje i sprzedaje: radiowozy, radiowozy, laboratoria kryminalistyczne, samochody dla ps\u00f3w itp. Bazuje na Renault, Volkswagenie, Mercedesie. Z gwarancj\u0105 &#8211; 24 miesi\u0105ce. Wysokiej jako\u015bci samochody w przyst\u0119pnej cenie.<\/p>\n","protected":false},"author":2,"featured_media":3120,"parent":2564,"menu_order":0,"comment_status":"closed","ping_status":"closed","template":"","meta":{"_acf_changed":false,"footnotes":""},"translation":{"provider":"WPGlobus","version":"2.12.2","language":"pl","enabled_languages":["uk","ru","en","de","pl"],"languages":{"uk":{"title":true,"content":true,"excerpt":true},"ru":{"title":true,"content":false,"excerpt":false},"en":{"title":false,"content":false,"excerpt":false},"de":{"title":true,"content":true,"excerpt":true},"pl":{"title":true,"content":true,"excerpt":true}}},"acf":[],"_links":{"self":[{"href":"https:\/\/citius-s.com\/pl\/wp-json\/wp\/v2\/pages\/3109"}],"collection":[{"href":"https:\/\/citius-s.com\/pl\/wp-json\/wp\/v2\/pages"}],"about":[{"href":"https:\/\/citius-s.com\/pl\/wp-json\/wp\/v2\/types\/page"}],"author":[{"embeddable":true,"href":"https:\/\/citius-s.com\/pl\/wp-json\/wp\/v2\/users\/2"}],"replies":[{"embeddable":true,"href":"https:\/\/citius-s.com\/pl\/wp-json\/wp\/v2\/comments?post=3109"}],"version-history":[{"count":28,"href":"https:\/\/citius-s.com\/pl\/wp-json\/wp\/v2\/pages\/3109\/revisions"}],"predecessor-version":[{"id":3574,"href":"https:\/\/citius-s.com\/pl\/wp-json\/wp\/v2\/pages\/3109\/revisions\/3574"}],"up":[{"embeddable":true,"href":"https:\/\/citius-s.com\/pl\/wp-json\/wp\/v2\/pages\/2564"}],"wp:featuredmedia":[{"embeddable":true,"href":"https:\/\/citius-s.com\/pl\/wp-json\/wp\/v2\/media\/3120"}],"wp:attachment":[{"href":"https:\/\/citius-s.com\/pl\/wp-json\/wp\/v2\/media?parent=3109"}],"curies":[{"name":"wp","href":"https:\/\/api.w.org\/{rel}","templated":true}]}}