{"id":30,"date":"2019-11-13T23:34:16","date_gmt":"2019-11-13T20:34:16","guid":{"rendered":"https:\/\/citius-s.com\/?page_id=30"},"modified":"2024-02-23T19:26:45","modified_gmt":"2024-02-23T16:26:45","slug":"vip-cars","status":"publish","type":"page","link":"https:\/\/citius-s.com\/pl\/catalog\/vip-cars\/","title":{"rendered":"SAMOCHODY PANCERNE VIP"},"content":{"rendered":"<h3 style=\"text-align: center;\"><img loading=\"lazy\" decoding=\"async\" class=\"alignnone size-full wp-image-2463\" src=\"https:\/\/citius-s.com\/wp-content\/uploads\/2021\/01\/bronesteclo_lexus.png\" alt=\"\" width=\"720\" height=\"360\" srcset=\"https:\/\/citius-s.com\/wp-content\/uploads\/2021\/01\/bronesteclo_lexus.png 720w, https:\/\/citius-s.com\/wp-content\/uploads\/2021\/01\/bronesteclo_lexus-300x150.png 300w, https:\/\/citius-s.com\/wp-content\/uploads\/2021\/01\/bronesteclo_lexus-24x12.png 24w, https:\/\/citius-s.com\/wp-content\/uploads\/2021\/01\/bronesteclo_lexus-36x18.png 36w, https:\/\/citius-s.com\/wp-content\/uploads\/2021\/01\/bronesteclo_lexus-48x24.png 48w\" sizes=\"(max-width: 720px) 100vw, 720px\" \/><\/h3>\n<h2 style=\"text-align: center;\">Wysokiej jako\u015bci opancerzenie kapsu\u0142kowe samochod\u00f3w VIP w Ukrainie z certyfikatami i gwarancj\u0105<\/h2>\n<p>\u201eCitius S\u201d Sp. z o.o. jest jedn\u0105 z przewodnich producent\u00f3w w dziedzinie pojazd\u00f3w opancerzonych, prowadzi dzia\u0142alno\u015b\u0107 <strong>od 1991 roku.<\/strong><\/p>\n<p>G\u0142\u00f3wn\u0105 dzia\u0142alno\u015bci\u0105 zak\u0142adu jest <strong>produkcja pojazd\u00f3w opancerzonych<\/strong>: pojazd\u00f3w do przewozu got\u00f3wki dla bank\u00f3w oraz kompleksowe doposa\u017cenie \u2013 <strong>ukryte opancerzenie pojazd\u00f3w VIP<\/strong>.<\/p>\n<p>Jako\u015b\u0107 opancerzenia potwierdzona jest certyfikatami zgodno\u015bci oraz wynikami bada\u0144 balistycznych. Wszystkie materia\u0142y pancerne poddawane s\u0105 regularnym testom \u2014 specjalnym \u201eostrza\u0142om\u201d.<\/p>\n<p>\u201eCitius S\u201d Sp. z o.o. udziela <strong>24-miesi\u0119cznej gwarancji<\/strong> na pojazd opancerzony, a tak\u017ce \u015bwiadczy us\u0142ugi pogwarancyjne.<\/p>\n<p>Termin opancerzenia samochodu VIP \u2014 <strong>od 60 dni roboczych.<\/strong><\/p>\n<div style=\"text-align: center;\"><iframe loading=\"lazy\" src=\"https:\/\/www.youtube.com\/embed\/KoHmYdX7s9s\" width=\"560\" height=\"315\" frameborder=\"0\" allowfullscreen=\"allowfullscreen\"><\/iframe><\/div>\n<div>\n<p>Do opancerzenia u\u017cywa si\u0119 wysokostopowej stali pancernej produkowanej w Szwecji i Niemczech oraz wielowarstwowego zakrzywionego szk\u0142a pancernego z foli\u0105 przeciwod\u0142amkow\u0105.<\/p>\n<p>Spos\u00f3b mocowania element\u00f3w pancernych \u2014 nak\u0142adanie si\u0119. Zapewnia to opancerzenie kapsu\u0142kowe na wszystkich p\u0142aszczyznach pionowych pod k\u0105tem ostrza\u0142u 90\u00b0, a tak\u017ce dachu pod k\u0105tem ostrza\u0142u 45\u00b0. Oszklenie pancerne identyczne ze standardowym \u2014 wygl\u0105d samochodu pozostaje niezmieniony.<\/p>\n<p>Wystr\u00f3j wn\u0119trza i wn\u0119trze samochodu zmieniaj\u0105 si\u0119 minimalnie podczas procesu opancerzenia.<\/p>\n<p>Na \u017cyczenie klienta wykonywany jest wysokiej jako\u015bci tuning wn\u0119trza samochodu:<br \/>\nUltrawygodne siedzenia, autonomiczne systemy grzewcze, klimatyzacji, \u0142\u0105czno\u015bci, przegrody d\u017awi\u0119koszczelne, systemy multimedialne, o\u015bwietlenie wielopoziomowe, sto\u0142y rozk\u0142adane, luksusowe materia\u0142y wyko\u0144czeniowe, kreatywne rozwi\u0105zania projektowe i wszelkie dodatkowe opcje \u2013 sprawimy, \u017ce Tw\u00f3j samoch\u00f3d b\u0119dzie wyj\u0105tkowy i wysokiej jako\u015bci.<\/p>\n<p>Luksus, wygoda, funkcjonalno\u015b\u0107 i bezpiecze\u0144stwo na poziomie rz\u0105dowym. Oto co oferuje Citius podczas przer\u00f3bki i opancerzeniu samochod\u00f3w klasy VIP.<\/p>\n<p>Samochody opancerzone VIP naszej produkcji s\u0105 znacznie ta\u0144sze ni\u017c podobne samochody przewodnich \u015bwiatowych producent\u00f3w przy odpowiednim poziomie komfortu i jako\u015bci.<\/p>\n<\/div>\n<h3 style=\"text-align: center;\">Przyk\u0142ady naszych prac:<\/h3>\n\n\t<div class=\"row gallery\">\n\t\t<div class=\"col-sm-12 gallery_filter\">\n\t\t\t<div class=\"form-group\">\n\t\t\t\t\n\t\t\t<\/div>\t\n\t\t<\/div>\n\t\t<div class=\"col-sm-12\">\n\t\t\t<div class=\"row grid\">\t\n\t\t\t\t\n\t\t\t<div class=\"grid-item col-md-3 col-sm-4 col-xs-6 \">\n\t\t\t\t<a href=\"https:\/\/citius-s.com\/wp-content\/uploads\/2020\/07\/armored_lexus-1.jpg\" data-original=\"https:\/\/citius-s.com\/wp-content\/uploads\/2020\/07\/armored_lexus-1-768x632.jpg\" style=\"background-image: url(https:\/\/citius-s.com\/wp-content\/themes\/citius\/lib\/img\/no-photo.png);\" class=\"fancybox\" data-fancybox=\"gallery\">\n\t\t\t\t<div class=\"caption\">\n\t\t\t\t\t<div class=\"bg\"><\/div>\n\t\t\t\t\t<h3>\u0423\u0432\u0435\u043b\u0438\u0447\u0438\u0442\u044c<\/h3>\n\t\t\t\t\t<p><span class=\"glyphicon glyphicon-eye-open\"><\/span><\/p>\t\t\t\t\t\n\t\t\t\t<\/div>\n\t\t\t\t<\/a>\n\t\t\t<\/div>\n\t\t\t<div class=\"grid-item col-md-3 col-sm-4 col-xs-6 \">\n\t\t\t\t<a href=\"https:\/\/citius-s.com\/wp-content\/uploads\/2020\/07\/armored_lexus-2.jpg\" data-original=\"https:\/\/citius-s.com\/wp-content\/uploads\/2020\/07\/armored_lexus-2-768x576.jpg\" style=\"background-image: url(https:\/\/citius-s.com\/wp-content\/themes\/citius\/lib\/img\/no-photo.png);\" class=\"fancybox\" data-fancybox=\"gallery\">\n\t\t\t\t<div class=\"caption\">\n\t\t\t\t\t<div class=\"bg\"><\/div>\n\t\t\t\t\t<h3>\u0423\u0432\u0435\u043b\u0438\u0447\u0438\u0442\u044c<\/h3>\n\t\t\t\t\t<p><span class=\"glyphicon glyphicon-eye-open\"><\/span><\/p>\t\t\t\t\t\n\t\t\t\t<\/div>\n\t\t\t\t<\/a>\n\t\t\t<\/div>\n\t\t\t<div class=\"grid-item col-md-3 col-sm-4 col-xs-6 \">\n\t\t\t\t<a href=\"https:\/\/citius-s.com\/wp-content\/uploads\/2020\/07\/armored_lexus-3.jpg\" data-original=\"https:\/\/citius-s.com\/wp-content\/uploads\/2020\/07\/armored_lexus-3-768x576.jpg\" style=\"background-image: url(https:\/\/citius-s.com\/wp-content\/themes\/citius\/lib\/img\/no-photo.png);\" class=\"fancybox\" data-fancybox=\"gallery\">\n\t\t\t\t<div class=\"caption\">\n\t\t\t\t\t<div class=\"bg\"><\/div>\n\t\t\t\t\t<h3>\u0423\u0432\u0435\u043b\u0438\u0447\u0438\u0442\u044c<\/h3>\n\t\t\t\t\t<p><span class=\"glyphicon glyphicon-eye-open\"><\/span><\/p>\t\t\t\t\t\n\t\t\t\t<\/div>\n\t\t\t\t<\/a>\n\t\t\t<\/div>\n\t\t\t<div class=\"grid-item col-md-3 col-sm-4 col-xs-6 \">\n\t\t\t\t<a href=\"https:\/\/citius-s.com\/wp-content\/uploads\/2020\/07\/armored_lexus-4.jpg\" data-original=\"https:\/\/citius-s.com\/wp-content\/uploads\/2020\/07\/armored_lexus-4-768x576.jpg\" style=\"background-image: url(https:\/\/citius-s.com\/wp-content\/themes\/citius\/lib\/img\/no-photo.png);\" class=\"fancybox\" data-fancybox=\"gallery\">\n\t\t\t\t<div class=\"caption\">\n\t\t\t\t\t<div class=\"bg\"><\/div>\n\t\t\t\t\t<h3>\u0423\u0432\u0435\u043b\u0438\u0447\u0438\u0442\u044c<\/h3>\n\t\t\t\t\t<p><span class=\"glyphicon glyphicon-eye-open\"><\/span><\/p>\t\t\t\t\t\n\t\t\t\t<\/div>\n\t\t\t\t<\/a>\n\t\t\t<\/div>\n\t\t\t<div class=\"grid-item col-md-3 col-sm-4 col-xs-6 \">\n\t\t\t\t<a href=\"https:\/\/citius-s.com\/wp-content\/uploads\/2019\/11\/vip-4.jpg\" data-original=\"https:\/\/citius-s.com\/wp-content\/uploads\/2019\/11\/vip-4-768x576.jpg\" style=\"background-image: url(https:\/\/citius-s.com\/wp-content\/themes\/citius\/lib\/img\/no-photo.png);\" class=\"fancybox\" data-fancybox=\"gallery\">\n\t\t\t\t<div class=\"caption\">\n\t\t\t\t\t<div class=\"bg\"><\/div>\n\t\t\t\t\t<h3>\u0423\u0432\u0435\u043b\u0438\u0447\u0438\u0442\u044c<\/h3>\n\t\t\t\t\t<p><span class=\"glyphicon glyphicon-eye-open\"><\/span><\/p>\t\t\t\t\t\n\t\t\t\t<\/div>\n\t\t\t\t<\/a>\n\t\t\t<\/div>\n\t\t\t<div class=\"grid-item col-md-3 col-sm-4 col-xs-6 \">\n\t\t\t\t<a href=\"https:\/\/citius-s.com\/wp-content\/uploads\/2019\/11\/vip-14.jpg\" data-original=\"https:\/\/citius-s.com\/wp-content\/uploads\/2019\/11\/vip-14.jpg\" style=\"background-image: url(https:\/\/citius-s.com\/wp-content\/themes\/citius\/lib\/img\/no-photo.png);\" class=\"fancybox\" data-fancybox=\"gallery\">\n\t\t\t\t<div class=\"caption\">\n\t\t\t\t\t<div class=\"bg\"><\/div>\n\t\t\t\t\t<h3>\u0423\u0432\u0435\u043b\u0438\u0447\u0438\u0442\u044c<\/h3>\n\t\t\t\t\t<p><span class=\"glyphicon glyphicon-eye-open\"><\/span><\/p>\t\t\t\t\t\n\t\t\t\t<\/div>\n\t\t\t\t<\/a>\n\t\t\t<\/div>\n\t\t\t<div class=\"grid-item col-md-3 col-sm-4 col-xs-6 \">\n\t\t\t\t<a href=\"https:\/\/citius-s.com\/wp-content\/uploads\/2019\/11\/vip-2.jpg\" data-original=\"https:\/\/citius-s.com\/wp-content\/uploads\/2019\/11\/vip-2-768x576.jpg\" style=\"background-image: url(https:\/\/citius-s.com\/wp-content\/themes\/citius\/lib\/img\/no-photo.png);\" class=\"fancybox\" data-fancybox=\"gallery\">\n\t\t\t\t<div class=\"caption\">\n\t\t\t\t\t<div class=\"bg\"><\/div>\n\t\t\t\t\t<h3>\u0423\u0432\u0435\u043b\u0438\u0447\u0438\u0442\u044c<\/h3>\n\t\t\t\t\t<p><span class=\"glyphicon glyphicon-eye-open\"><\/span><\/p>\t\t\t\t\t\n\t\t\t\t<\/div>\n\t\t\t\t<\/a>\n\t\t\t<\/div>\n\t\t\t<div class=\"grid-item col-md-3 col-sm-4 col-xs-6 \">\n\t\t\t\t<a href=\"https:\/\/citius-s.com\/wp-content\/uploads\/2019\/11\/vip-1.jpg\" data-original=\"https:\/\/citius-s.com\/wp-content\/uploads\/2019\/11\/vip-1-768x576.jpg\" style=\"background-image: url(https:\/\/citius-s.com\/wp-content\/themes\/citius\/lib\/img\/no-photo.png);\" class=\"fancybox\" data-fancybox=\"gallery\">\n\t\t\t\t<div class=\"caption\">\n\t\t\t\t\t<div class=\"bg\"><\/div>\n\t\t\t\t\t<h3>\u0423\u0432\u0435\u043b\u0438\u0447\u0438\u0442\u044c<\/h3>\n\t\t\t\t\t<p><span class=\"glyphicon glyphicon-eye-open\"><\/span><\/p>\t\t\t\t\t\n\t\t\t\t<\/div>\n\t\t\t\t<\/a>\n\t\t\t<\/div>\n\t\t\t<div class=\"grid-item col-md-3 col-sm-4 col-xs-6 \">\n\t\t\t\t<a href=\"https:\/\/citius-s.com\/wp-content\/uploads\/2019\/11\/vip-20.jpg\" data-original=\"https:\/\/citius-s.com\/wp-content\/uploads\/2019\/11\/vip-20-768x576.jpg\" style=\"background-image: url(https:\/\/citius-s.com\/wp-content\/themes\/citius\/lib\/img\/no-photo.png);\" class=\"fancybox\" data-fancybox=\"gallery\">\n\t\t\t\t<div class=\"caption\">\n\t\t\t\t\t<div class=\"bg\"><\/div>\n\t\t\t\t\t<h3>\u0423\u0432\u0435\u043b\u0438\u0447\u0438\u0442\u044c<\/h3>\n\t\t\t\t\t<p><span class=\"glyphicon glyphicon-eye-open\"><\/span><\/p>\t\t\t\t\t\n\t\t\t\t<\/div>\n\t\t\t\t<\/a>\n\t\t\t<\/div>\n\t\t\t<div class=\"grid-item col-md-3 col-sm-4 col-xs-6 \">\n\t\t\t\t<a href=\"https:\/\/citius-s.com\/wp-content\/uploads\/2019\/11\/vip-12.jpg\" data-original=\"https:\/\/citius-s.com\/wp-content\/uploads\/2019\/11\/vip-12-768x576.jpg\" style=\"background-image: url(https:\/\/citius-s.com\/wp-content\/themes\/citius\/lib\/img\/no-photo.png);\" class=\"fancybox\" data-fancybox=\"gallery\">\n\t\t\t\t<div class=\"caption\">\n\t\t\t\t\t<div class=\"bg\"><\/div>\n\t\t\t\t\t<h3>\u0423\u0432\u0435\u043b\u0438\u0447\u0438\u0442\u044c<\/h3>\n\t\t\t\t\t<p><span class=\"glyphicon glyphicon-eye-open\"><\/span><\/p>\t\t\t\t\t\n\t\t\t\t<\/div>\n\t\t\t\t<\/a>\n\t\t\t<\/div>\n\t\t\t<div class=\"grid-item col-md-3 col-sm-4 col-xs-6 \">\n\t\t\t\t<a href=\"https:\/\/citius-s.com\/wp-content\/uploads\/2019\/11\/vip-5.jpg\" data-original=\"https:\/\/citius-s.com\/wp-content\/uploads\/2019\/11\/vip-5-768x576.jpg\" style=\"background-image: url(https:\/\/citius-s.com\/wp-content\/themes\/citius\/lib\/img\/no-photo.png);\" class=\"fancybox\" data-fancybox=\"gallery\">\n\t\t\t\t<div class=\"caption\">\n\t\t\t\t\t<div class=\"bg\"><\/div>\n\t\t\t\t\t<h3>\u0423\u0432\u0435\u043b\u0438\u0447\u0438\u0442\u044c<\/h3>\n\t\t\t\t\t<p><span class=\"glyphicon glyphicon-eye-open\"><\/span><\/p>\t\t\t\t\t\n\t\t\t\t<\/div>\n\t\t\t\t<\/a>\n\t\t\t<\/div>\n\t\t\t<div class=\"grid-item col-md-3 col-sm-4 col-xs-6 \">\n\t\t\t\t<a href=\"https:\/\/citius-s.com\/wp-content\/uploads\/2019\/11\/vip-7.jpg\" data-original=\"https:\/\/citius-s.com\/wp-content\/uploads\/2019\/11\/vip-7.jpg\" style=\"background-image: url(https:\/\/citius-s.com\/wp-content\/themes\/citius\/lib\/img\/no-photo.png);\" class=\"fancybox\" data-fancybox=\"gallery\">\n\t\t\t\t<div class=\"caption\">\n\t\t\t\t\t<div class=\"bg\"><\/div>\n\t\t\t\t\t<h3>\u0423\u0432\u0435\u043b\u0438\u0447\u0438\u0442\u044c<\/h3>\n\t\t\t\t\t<p><span class=\"glyphicon glyphicon-eye-open\"><\/span><\/p>\t\t\t\t\t\n\t\t\t\t<\/div>\n\t\t\t\t<\/a>\n\t\t\t<\/div>\n\t\t\t<div class=\"grid-item col-md-3 col-sm-4 col-xs-6 \">\n\t\t\t\t<a href=\"https:\/\/citius-s.com\/wp-content\/uploads\/2019\/11\/vip-18.jpg\" data-original=\"https:\/\/citius-s.com\/wp-content\/uploads\/2019\/11\/vip-18.jpg\" style=\"background-image: url(https:\/\/citius-s.com\/wp-content\/themes\/citius\/lib\/img\/no-photo.png);\" class=\"fancybox\" data-fancybox=\"gallery\">\n\t\t\t\t<div class=\"caption\">\n\t\t\t\t\t<div class=\"bg\"><\/div>\n\t\t\t\t\t<h3>\u0423\u0432\u0435\u043b\u0438\u0447\u0438\u0442\u044c<\/h3>\n\t\t\t\t\t<p><span class=\"glyphicon glyphicon-eye-open\"><\/span><\/p>\t\t\t\t\t\n\t\t\t\t<\/div>\n\t\t\t\t<\/a>\n\t\t\t<\/div>\n\t\t\t<div class=\"grid-item col-md-3 col-sm-4 col-xs-6 \">\n\t\t\t\t<a href=\"https:\/\/citius-s.com\/wp-content\/uploads\/2019\/11\/vip-16.jpg\" data-original=\"https:\/\/citius-s.com\/wp-content\/uploads\/2019\/11\/vip-16.jpg\" style=\"background-image: url(https:\/\/citius-s.com\/wp-content\/themes\/citius\/lib\/img\/no-photo.png);\" class=\"fancybox\" data-fancybox=\"gallery\">\n\t\t\t\t<div class=\"caption\">\n\t\t\t\t\t<div class=\"bg\"><\/div>\n\t\t\t\t\t<h3>\u0423\u0432\u0435\u043b\u0438\u0447\u0438\u0442\u044c<\/h3>\n\t\t\t\t\t<p><span class=\"glyphicon glyphicon-eye-open\"><\/span><\/p>\t\t\t\t\t\n\t\t\t\t<\/div>\n\t\t\t\t<\/a>\n\t\t\t<\/div>\n\t\t\t<div class=\"grid-item col-md-3 col-sm-4 col-xs-6 \">\n\t\t\t\t<a href=\"https:\/\/citius-s.com\/wp-content\/uploads\/2019\/11\/vip-8.jpg\" data-original=\"https:\/\/citius-s.com\/wp-content\/uploads\/2019\/11\/vip-8.jpg\" style=\"background-image: url(https:\/\/citius-s.com\/wp-content\/themes\/citius\/lib\/img\/no-photo.png);\" class=\"fancybox\" data-fancybox=\"gallery\">\n\t\t\t\t<div class=\"caption\">\n\t\t\t\t\t<div class=\"bg\"><\/div>\n\t\t\t\t\t<h3>\u0423\u0432\u0435\u043b\u0438\u0447\u0438\u0442\u044c<\/h3>\n\t\t\t\t\t<p><span class=\"glyphicon glyphicon-eye-open\"><\/span><\/p>\t\t\t\t\t\n\t\t\t\t<\/div>\n\t\t\t\t<\/a>\n\t\t\t<\/div>\n\t\t\t<div class=\"grid-item col-md-3 col-sm-4 col-xs-6 \">\n\t\t\t\t<a href=\"https:\/\/citius-s.com\/wp-content\/uploads\/2019\/11\/vip-11.jpg\" data-original=\"https:\/\/citius-s.com\/wp-content\/uploads\/2019\/11\/vip-11.jpg\" style=\"background-image: url(https:\/\/citius-s.com\/wp-content\/themes\/citius\/lib\/img\/no-photo.png);\" class=\"fancybox\" data-fancybox=\"gallery\">\n\t\t\t\t<div class=\"caption\">\n\t\t\t\t\t<div class=\"bg\"><\/div>\n\t\t\t\t\t<h3>\u0423\u0432\u0435\u043b\u0438\u0447\u0438\u0442\u044c<\/h3>\n\t\t\t\t\t<p><span class=\"glyphicon glyphicon-eye-open\"><\/span><\/p>\t\t\t\t\t\n\t\t\t\t<\/div>\n\t\t\t\t<\/a>\n\t\t\t<\/div>\n\t\t\t<div class=\"grid-item col-md-3 col-sm-4 col-xs-6 \">\n\t\t\t\t<a href=\"https:\/\/citius-s.com\/wp-content\/uploads\/2019\/11\/vip-9.jpg\" data-original=\"https:\/\/citius-s.com\/wp-content\/uploads\/2019\/11\/vip-9.jpg\" style=\"background-image: url(https:\/\/citius-s.com\/wp-content\/themes\/citius\/lib\/img\/no-photo.png);\" class=\"fancybox\" data-fancybox=\"gallery\">\n\t\t\t\t<div class=\"caption\">\n\t\t\t\t\t<div class=\"bg\"><\/div>\n\t\t\t\t\t<h3>\u0423\u0432\u0435\u043b\u0438\u0447\u0438\u0442\u044c<\/h3>\n\t\t\t\t\t<p><span class=\"glyphicon glyphicon-eye-open\"><\/span><\/p>\t\t\t\t\t\n\t\t\t\t<\/div>\n\t\t\t\t<\/a>\n\t\t\t<\/div>\n\t\t\t<div class=\"grid-item col-md-3 col-sm-4 col-xs-6 \">\n\t\t\t\t<a href=\"https:\/\/citius-s.com\/wp-content\/uploads\/2019\/11\/vip-19.jpg\" data-original=\"https:\/\/citius-s.com\/wp-content\/uploads\/2019\/11\/vip-19-768x576.jpg\" style=\"background-image: url(https:\/\/citius-s.com\/wp-content\/themes\/citius\/lib\/img\/no-photo.png);\" class=\"fancybox\" data-fancybox=\"gallery\">\n\t\t\t\t<div class=\"caption\">\n\t\t\t\t\t<div class=\"bg\"><\/div>\n\t\t\t\t\t<h3>\u0423\u0432\u0435\u043b\u0438\u0447\u0438\u0442\u044c<\/h3>\n\t\t\t\t\t<p><span class=\"glyphicon glyphicon-eye-open\"><\/span><\/p>\t\t\t\t\t\n\t\t\t\t<\/div>\n\t\t\t\t<\/a>\n\t\t\t<\/div>\n\t\t\t<div class=\"grid-item col-md-3 col-sm-4 col-xs-6 \">\n\t\t\t\t<a href=\"https:\/\/citius-s.com\/wp-content\/uploads\/2019\/11\/vip-6.jpg\" data-original=\"https:\/\/citius-s.com\/wp-content\/uploads\/2019\/11\/vip-6-768x576.jpg\" style=\"background-image: url(https:\/\/citius-s.com\/wp-content\/themes\/citius\/lib\/img\/no-photo.png);\" class=\"fancybox\" data-fancybox=\"gallery\">\n\t\t\t\t<div class=\"caption\">\n\t\t\t\t\t<div class=\"bg\"><\/div>\n\t\t\t\t\t<h3>\u0423\u0432\u0435\u043b\u0438\u0447\u0438\u0442\u044c<\/h3>\n\t\t\t\t\t<p><span class=\"glyphicon glyphicon-eye-open\"><\/span><\/p>\t\t\t\t\t\n\t\t\t\t<\/div>\n\t\t\t\t<\/a>\n\t\t\t<\/div>\n\t\t\t<div class=\"grid-item col-md-3 col-sm-4 col-xs-6 \">\n\t\t\t\t<a href=\"https:\/\/citius-s.com\/wp-content\/uploads\/2019\/11\/vip-3.jpg\" data-original=\"https:\/\/citius-s.com\/wp-content\/uploads\/2019\/11\/vip-3-768x576.jpg\" style=\"background-image: url(https:\/\/citius-s.com\/wp-content\/themes\/citius\/lib\/img\/no-photo.png);\" class=\"fancybox\" data-fancybox=\"gallery\">\n\t\t\t\t<div class=\"caption\">\n\t\t\t\t\t<div class=\"bg\"><\/div>\n\t\t\t\t\t<h3>\u0423\u0432\u0435\u043b\u0438\u0447\u0438\u0442\u044c<\/h3>\n\t\t\t\t\t<p><span class=\"glyphicon glyphicon-eye-open\"><\/span><\/p>\t\t\t\t\t\n\t\t\t\t<\/div>\n\t\t\t\t<\/a>\n\t\t\t<\/div>\n\t\t\t<\/div>\n\t\t<\/div>\n\t<\/div>\n","protected":false},"excerpt":{"rendered":"<p>Kaufen ein Fahrzeug f\u00fcr den Transport von Rollstuhlfahrern in der Ukraine von Stryj Werk der spe-ziellen Fahrzeuge Citius S<\/p>\n","protected":false},"author":3,"featured_media":99,"parent":2564,"menu_order":0,"comment_status":"closed","ping_status":"closed","template":"","meta":{"_acf_changed":false,"footnotes":""},"translation":{"provider":"WPGlobus","version":"2.12.2","language":"pl","enabled_languages":["uk","ru","en","de","pl"],"languages":{"uk":{"title":true,"content":true,"excerpt":true},"ru":{"title":true,"content":true,"excerpt":true},"en":{"title":true,"content":true,"excerpt":true},"de":{"title":true,"content":true,"excerpt":true},"pl":{"title":true,"content":true,"excerpt":true}}},"acf":[],"_links":{"self":[{"href":"https:\/\/citius-s.com\/pl\/wp-json\/wp\/v2\/pages\/30"}],"collection":[{"href":"https:\/\/citius-s.com\/pl\/wp-json\/wp\/v2\/pages"}],"about":[{"href":"https:\/\/citius-s.com\/pl\/wp-json\/wp\/v2\/types\/page"}],"author":[{"embeddable":true,"href":"https:\/\/citius-s.com\/pl\/wp-json\/wp\/v2\/users\/3"}],"replies":[{"embeddable":true,"href":"https:\/\/citius-s.com\/pl\/wp-json\/wp\/v2\/comments?post=30"}],"version-history":[{"count":66,"href":"https:\/\/citius-s.com\/pl\/wp-json\/wp\/v2\/pages\/30\/revisions"}],"predecessor-version":[{"id":3678,"href":"https:\/\/citius-s.com\/pl\/wp-json\/wp\/v2\/pages\/30\/revisions\/3678"}],"up":[{"embeddable":true,"href":"https:\/\/citius-s.com\/pl\/wp-json\/wp\/v2\/pages\/2564"}],"wp:featuredmedia":[{"embeddable":true,"href":"https:\/\/citius-s.com\/pl\/wp-json\/wp\/v2\/media\/99"}],"wp:attachment":[{"href":"https:\/\/citius-s.com\/pl\/wp-json\/wp\/v2\/media?parent=30"}],"curies":[{"name":"wp","href":"https:\/\/api.w.org\/{rel}","templated":true}]}}