{"id":2809,"date":"2021-01-21T14:48:09","date_gmt":"2021-01-21T11:48:09","guid":{"rendered":"https:\/\/citius-s.com\/?page_id=2809"},"modified":"2024-02-20T18:35:32","modified_gmt":"2024-02-20T15:35:32","slug":"reanimobili","status":"publish","type":"page","link":"https:\/\/citius-s.com\/pl\/catalog\/reanimobili\/","title":{"rendered":"KARETKI REANIMACYJNE"},"content":{"rendered":"<p><img loading=\"lazy\" decoding=\"async\" class=\"alignnone size-full wp-image-2553 aligncenter\" src=\"https:\/\/citius-s.com\/wp-content\/uploads\/2021\/01\/med_reno_c_720.png\" alt=\"\" width=\"720\" height=\"360\" srcset=\"https:\/\/citius-s.com\/wp-content\/uploads\/2021\/01\/med_reno_c_720.png 720w, https:\/\/citius-s.com\/wp-content\/uploads\/2021\/01\/med_reno_c_720-300x150.png 300w, https:\/\/citius-s.com\/wp-content\/uploads\/2021\/01\/med_reno_c_720-24x12.png 24w, https:\/\/citius-s.com\/wp-content\/uploads\/2021\/01\/med_reno_c_720-36x18.png 36w, https:\/\/citius-s.com\/wp-content\/uploads\/2021\/01\/med_reno_c_720-48x24.png 48w\" sizes=\"(max-width: 720px) 100vw, 720px\" \/><\/p>\n<h2>Produkcja i sprzeda\u017c w Ukrainie \u2014 fabryka <span style=\"color: #ffcc00;\">&#8220;Citius S&#8221;<\/span><\/h2>\n<p>Pojazdy <strong>posiadaj\u0105 certyfikaty <\/strong> i s\u0105 zgodne z<strong> DSTU 7032:2009. Do\u015bwiadczenie <\/strong>w produkcji pojazd\u00f3w specjalnych<strong> &#8211; 30 lat.\u00a0<\/strong><\/p>\n<p>Dzia\u0142amy <strong>na terenie ca\u0142ej Ukrainy,eksport<\/strong>.<\/p>\n<p>Nasze produkty wyr\u00f3\u017cniaj\u0105 <strong>si\u0119 wysok\u0105 niezawodno\u015bci\u0105, bezpiecze\u0144stwem i zwi\u0119kszonym komfortem<\/strong> dla zespo\u0142u medycznego i pacjent\u00f3w. A tak\u017ce <strong>rozs\u0105dna cena.<\/strong>.<\/p>\n<h2 style=\"text-align: center;\"><a href=\"https:\/\/citius-s.com\/uk\/contacts\/\">KUPI\u0106 KARETK\u0118 REANIMACYJN\u0104<\/a><\/h2>\n<p><strong>Szybka realizacja zam\u00f3wie\u0144. <\/strong>Czas produkcji na zam\u00f3wienie wynosi <strong> od 20 dni.\u00a0<\/strong><\/p>\n<p><strong>Gwarancja na produkty <\/strong>\u00a0&#8211; <strong>24 miesi\u0105ce.<\/strong><\/p>\n<p>Samochody wyposa\u017cone s\u0105 w sprz\u0119t medyczny umo\u017cliwiaj\u0105cy prowadzenie dzia\u0142a\u0144 reanimacyjnych bezpo\u015brednio w samochodzie.<\/p>\n<div style=\"text-align: center;\"><iframe loading=\"lazy\" src=\"https:\/\/www.youtube.com\/embed\/thMRPXZ2nOI\" width=\"560\" height=\"315\" frameborder=\"0\" allowfullscreen=\"allowfullscreen\"><\/iframe><\/div>\n<h3>Podwozie podstawowe \u2014 do wyboru:<\/h3>\n<ul>\n<li>Renault Master<\/li>\n<li>Mercedes Sprinter<\/li>\n<li>Volkswagen Krafter<\/li>\n<li>Ford Transit<\/li>\n<li>Peugeot Boxer<\/li>\n<li>Citroen Jumper<\/li>\n<li>Iveco 4\u00d72 lub nap\u0119d na cztery ko\u0142a 4\u00d74<\/li>\n<\/ul>\n<div style=\"text-align: center;\"><iframe loading=\"lazy\" src=\"https:\/\/www.youtube.com\/embed\/grZwOMS2sY8\" width=\"560\" height=\"315\" frameborder=\"0\" allowfullscreen=\"allowfullscreen\"><\/iframe><\/div>\n<div>\n<h3>Kompletacja sprz\u0119tu medycznego:<\/h3>\n<ul>\n<li>pi\u0119\u0107 rodzaj\u00f3w noszy (nosze karetkowe, nosze przeno\u015bne z unieruchomieniem g\u0142owy, nosze pneumatyczne, nosze sk\u0142adane w krzes\u0142o, nosze p\u0142achtowe)<\/li>\n<li>elektrokardiograf<\/li>\n<li>przeno\u015bny respirator,<\/li>\n<li>odsysacz medyczny<\/li>\n<li>pompa strzykawkowa<\/li>\n<li>stabilizator szyi,<\/li>\n<li>zestaw szyn mocuj\u0105cych ko\u0144czyny<\/li>\n<li>pulsoksymetr<\/li>\n<li>gleukometr<\/li>\n<li>defibrylator<\/li>\n<li>monitor pacjenta BM1600<\/li>\n<li>butle tlenowe<\/li>\n<\/ul>\n<p>Przebudowa odbywa si\u0119 w mie\u015bcie Stryj na terenie <strong>\u0421\u0442\u0440\u0438\u0439\u0441\u044c\u043a\u043e\u0433\u043e Stryjskiej fabryki pojazd\u00f3w specjalistycznych&#8221;Citius S<\/strong>&#8220;, \u0434\u0435 gdzie samoch\u00f3d podstawowy jest dodatkowo wyposa\u017cony w:<\/p>\n<ul>\n<li>autonomiczny system zasilania 220 wolt\u00f3w<\/li>\n<li>klimatyzacj\u0119 i ogrzewanie wn\u0119trza<\/li>\n<li>lamp\u0119 sygnalizacyjn\u0105, syren\u0119 i g\u0142o\u015bnik<\/li>\n<li>szyby wewn\u0119trzne \u2014 przyciemniane triplex<\/li>\n<li>plastikowe meble do przechowywania sprz\u0119tu medycznego<\/li>\n<li>fotele dla zespo\u0142u medycznego i os\u00f3b towarzysz\u0105cych<\/li>\n<li>dodatkow\u0105 izolacj\u0119 akustyczn\u0105 i ciepln\u0105<\/li>\n<li>konstrukcj\u0119 zewn\u0119trzn\u0105 zgodn\u0105 z DSTU 7032:2009<\/li>\n<\/ul>\n<\/ul>\n<h3 style=\"text-align: center;\"><a href=\"https:\/\/citius-s.com\/about\/otzyvy-nashih-klientov\/\">OPINIA<\/a><\/h3>\n<h3>Nasze atuty:<\/h3>\n<ul>\n<li><strong>jako\u015b\u0107<\/strong>\u00a0\u2014 \u0448podwozia przewodnich \u015bwiatowych marek z gwarancj\u0105. Importowany sprz\u0119t medyczny. Wysokiej jako\u015bci przebudowa salonu na poziomie europejskim<\/li>\n<li><strong>szybko\u015b\u0107 <\/strong>\u2014  realizacja zam\u00f3wie\u0144 od 20 dni<\/li>\n<li><strong>gwarancja <\/strong>\u00a0\u2014 24 miesi\u0105ce<\/li>\n<li><strong>serwis<\/strong> &#8211; ficjalna gwarancja Renault, Volkswagen, Mercedes. Ekipa wyjazdowa Citius S dzia\u0142a na terenie ca\u0142ej Ukrainy.<\/li>\n<\/ul>\n<\/div>\n<p><strong>Cena karetki reanimacyjnej<\/strong> &#8211;  w zale\u017cno\u015bci od marki podstawowego samochodu i poziomu wyposa\u017cenia w sprz\u0119t medyczny.<\/p>\n<h2 style=\"text-align: center;\"><a href=\"https:\/\/citius-s.com\/uk\/contacts\/\">\u0417ZAPYTAJ O CEN\u0118 KARETKI REANIMACYJNEJ<\/a><\/h2>\n<h3 style=\"text-align: center;\"><em><strong>Nasza polityka cenowa to po\u0142\u0105czenie jako\u015bci i akceptowalnej warto\u015bci<\/strong><\/em><\/h3>\n<h3><\/h3>\n<h3><strong>Jak kupi\u0107 karetk\u0119 reanimacyjn\u0105?<\/strong><\/h3>\n<p>Aby kupi\u0107 bez po\u015brednik\u00f3w po cenie fabrycznej, skontaktuj si\u0119 z naszymi mened\u017cerami.<\/p>\n<h3><em>\u00a0Bezpo\u015bredni numer telefonu menad\u017cera kierunku<\/em>\u00a0<a href=\"tel:+380664189919\">+380 66 418 99 19<\/a><\/h3>\n<p>Produkcja i siedziba znajduj\u0105 si\u0119 w<strong> Stryju \u2014 obw\u00f3d lwowski.<\/strong><\/p>\n<h3 style=\"text-align: center;\">Przyk\u0142ady naszych prac:<\/h3>\n<h3>Typowa karetka reanimacyjna na bazie Renault Master<\/h3>\n\n\t<div class=\"row gallery\">\n\t\t<div class=\"col-sm-12 gallery_filter\">\n\t\t\t<div class=\"form-group\">\n\t\t\t\t\n\t\t\t<\/div>\t\n\t\t<\/div>\n\t\t<div class=\"col-sm-12\">\n\t\t\t<div class=\"row grid\">\t\n\t\t\t\t\n\t\t\t<div class=\"grid-item col-md-3 col-sm-4 col-xs-6 \">\n\t\t\t\t<a href=\"https:\/\/citius-s.com\/wp-content\/uploads\/2021\/01\/reanimobili_reno_1.jpg\" data-original=\"https:\/\/citius-s.com\/wp-content\/uploads\/2021\/01\/reanimobili_reno_1-768x576.jpg\" style=\"background-image: url(https:\/\/citius-s.com\/wp-content\/themes\/citius\/lib\/img\/no-photo.png);\" class=\"fancybox\" data-fancybox=\"gallery\">\n\t\t\t\t<div class=\"caption\">\n\t\t\t\t\t<div class=\"bg\"><\/div>\n\t\t\t\t\t<h3>\u0423\u0432\u0435\u043b\u0438\u0447\u0438\u0442\u044c<\/h3>\n\t\t\t\t\t<p><span class=\"glyphicon glyphicon-eye-open\"><\/span><\/p>\t\t\t\t\t\n\t\t\t\t<\/div>\n\t\t\t\t<\/a>\n\t\t\t<\/div>\n\t\t\t<div class=\"grid-item col-md-3 col-sm-4 col-xs-6 \">\n\t\t\t\t<a href=\"https:\/\/citius-s.com\/wp-content\/uploads\/2021\/01\/reanimobili_reno_3.jpg\" data-original=\"https:\/\/citius-s.com\/wp-content\/uploads\/2021\/01\/reanimobili_reno_3-768x576.jpg\" style=\"background-image: url(https:\/\/citius-s.com\/wp-content\/themes\/citius\/lib\/img\/no-photo.png);\" class=\"fancybox\" data-fancybox=\"gallery\">\n\t\t\t\t<div class=\"caption\">\n\t\t\t\t\t<div class=\"bg\"><\/div>\n\t\t\t\t\t<h3>\u0423\u0432\u0435\u043b\u0438\u0447\u0438\u0442\u044c<\/h3>\n\t\t\t\t\t<p><span class=\"glyphicon glyphicon-eye-open\"><\/span><\/p>\t\t\t\t\t\n\t\t\t\t<\/div>\n\t\t\t\t<\/a>\n\t\t\t<\/div>\n\t\t\t<div class=\"grid-item col-md-3 col-sm-4 col-xs-6 \">\n\t\t\t\t<a href=\"https:\/\/citius-s.com\/wp-content\/uploads\/2021\/01\/reanimobili_reno_2.jpg\" data-original=\"https:\/\/citius-s.com\/wp-content\/uploads\/2021\/01\/reanimobili_reno_2-768x576.jpg\" style=\"background-image: url(https:\/\/citius-s.com\/wp-content\/themes\/citius\/lib\/img\/no-photo.png);\" class=\"fancybox\" data-fancybox=\"gallery\">\n\t\t\t\t<div class=\"caption\">\n\t\t\t\t\t<div class=\"bg\"><\/div>\n\t\t\t\t\t<h3>\u0423\u0432\u0435\u043b\u0438\u0447\u0438\u0442\u044c<\/h3>\n\t\t\t\t\t<p><span class=\"glyphicon glyphicon-eye-open\"><\/span><\/p>\t\t\t\t\t\n\t\t\t\t<\/div>\n\t\t\t\t<\/a>\n\t\t\t<\/div>\n\t\t\t<div class=\"grid-item col-md-3 col-sm-4 col-xs-6 \">\n\t\t\t\t<a href=\"https:\/\/citius-s.com\/wp-content\/uploads\/2021\/01\/reanimobili_reno_4.jpg\" data-original=\"https:\/\/citius-s.com\/wp-content\/uploads\/2021\/01\/reanimobili_reno_4-768x576.jpg\" style=\"background-image: url(https:\/\/citius-s.com\/wp-content\/themes\/citius\/lib\/img\/no-photo.png);\" class=\"fancybox\" data-fancybox=\"gallery\">\n\t\t\t\t<div class=\"caption\">\n\t\t\t\t\t<div class=\"bg\"><\/div>\n\t\t\t\t\t<h3>\u0423\u0432\u0435\u043b\u0438\u0447\u0438\u0442\u044c<\/h3>\n\t\t\t\t\t<p><span class=\"glyphicon glyphicon-eye-open\"><\/span><\/p>\t\t\t\t\t\n\t\t\t\t<\/div>\n\t\t\t\t<\/a>\n\t\t\t<\/div>\n\t\t\t<\/div>\n\t\t<\/div>\n\t<\/div>\n<h3>Karetka reanimacyjna na bazie Mercedesa Sprintera<\/h3>\n\n\t<div class=\"row gallery\">\n\t\t<div class=\"col-sm-12 gallery_filter\">\n\t\t\t<div class=\"form-group\">\n\t\t\t\t\n\t\t\t<\/div>\t\n\t\t<\/div>\n\t\t<div class=\"col-sm-12\">\n\t\t\t<div class=\"row grid\">\t\n\t\t\t\t\n\t\t\t<div class=\"grid-item col-md-3 col-sm-4 col-xs-6 \">\n\t\t\t\t<a href=\"https:\/\/citius-s.com\/wp-content\/uploads\/2021\/01\/reanimobili_5.jpg\" data-original=\"https:\/\/citius-s.com\/wp-content\/uploads\/2021\/01\/reanimobili_5-768x576.jpg\" style=\"background-image: url(https:\/\/citius-s.com\/wp-content\/themes\/citius\/lib\/img\/no-photo.png);\" class=\"fancybox\" data-fancybox=\"gallery\">\n\t\t\t\t<div class=\"caption\">\n\t\t\t\t\t<div class=\"bg\"><\/div>\n\t\t\t\t\t<h3>\u0423\u0432\u0435\u043b\u0438\u0447\u0438\u0442\u044c<\/h3>\n\t\t\t\t\t<p><span class=\"glyphicon glyphicon-eye-open\"><\/span><\/p>\t\t\t\t\t\n\t\t\t\t<\/div>\n\t\t\t\t<\/a>\n\t\t\t<\/div>\n\t\t\t<div class=\"grid-item col-md-3 col-sm-4 col-xs-6 \">\n\t\t\t\t<a href=\"https:\/\/citius-s.com\/wp-content\/uploads\/2021\/01\/reanimobili_6.jpg\" data-original=\"https:\/\/citius-s.com\/wp-content\/uploads\/2021\/01\/reanimobili_6-768x572.jpg\" style=\"background-image: url(https:\/\/citius-s.com\/wp-content\/themes\/citius\/lib\/img\/no-photo.png);\" class=\"fancybox\" data-fancybox=\"gallery\">\n\t\t\t\t<div class=\"caption\">\n\t\t\t\t\t<div class=\"bg\"><\/div>\n\t\t\t\t\t<h3>\u0423\u0432\u0435\u043b\u0438\u0447\u0438\u0442\u044c<\/h3>\n\t\t\t\t\t<p><span class=\"glyphicon glyphicon-eye-open\"><\/span><\/p>\t\t\t\t\t\n\t\t\t\t<\/div>\n\t\t\t\t<\/a>\n\t\t\t<\/div>\n\t\t\t<div class=\"grid-item col-md-3 col-sm-4 col-xs-6 \">\n\t\t\t\t<a href=\"https:\/\/citius-s.com\/wp-content\/uploads\/2021\/01\/reanimobili_7.jpg\" data-original=\"https:\/\/citius-s.com\/wp-content\/uploads\/2021\/01\/reanimobili_7-768x567.jpg\" style=\"background-image: url(https:\/\/citius-s.com\/wp-content\/themes\/citius\/lib\/img\/no-photo.png);\" class=\"fancybox\" data-fancybox=\"gallery\">\n\t\t\t\t<div class=\"caption\">\n\t\t\t\t\t<div class=\"bg\"><\/div>\n\t\t\t\t\t<h3>\u0423\u0432\u0435\u043b\u0438\u0447\u0438\u0442\u044c<\/h3>\n\t\t\t\t\t<p><span class=\"glyphicon glyphicon-eye-open\"><\/span><\/p>\t\t\t\t\t\n\t\t\t\t<\/div>\n\t\t\t\t<\/a>\n\t\t\t<\/div>\n\t\t\t<div class=\"grid-item col-md-3 col-sm-4 col-xs-6 \">\n\t\t\t\t<a href=\"https:\/\/citius-s.com\/wp-content\/uploads\/2021\/01\/reanimobili_8.jpg\" data-original=\"https:\/\/citius-s.com\/wp-content\/uploads\/2021\/01\/reanimobili_8-768x506.jpg\" style=\"background-image: url(https:\/\/citius-s.com\/wp-content\/themes\/citius\/lib\/img\/no-photo.png);\" class=\"fancybox\" data-fancybox=\"gallery\">\n\t\t\t\t<div class=\"caption\">\n\t\t\t\t\t<div class=\"bg\"><\/div>\n\t\t\t\t\t<h3>\u0423\u0432\u0435\u043b\u0438\u0447\u0438\u0442\u044c<\/h3>\n\t\t\t\t\t<p><span class=\"glyphicon glyphicon-eye-open\"><\/span><\/p>\t\t\t\t\t\n\t\t\t\t<\/div>\n\t\t\t\t<\/a>\n\t\t\t<\/div>\n\t\t\t<\/div>\n\t\t<\/div>\n\t<\/div>\n<h3>Markowa karetka reanimacyjna wykonana na zam\u00f3wienie do prywatnej kliniki<\/h3>\n\n\t<div class=\"row gallery\">\n\t\t<div class=\"col-sm-12 gallery_filter\">\n\t\t\t<div class=\"form-group\">\n\t\t\t\t\n\t\t\t<\/div>\t\n\t\t<\/div>\n\t\t<div class=\"col-sm-12\">\n\t\t\t<div class=\"row grid\">\t\n\t\t\t\t\n\t\t\t<div class=\"grid-item col-md-3 col-sm-4 col-xs-6 \">\n\t\t\t\t<a href=\"https:\/\/citius-s.com\/wp-content\/uploads\/2021\/01\/reanimobili_9.jpg\" data-original=\"https:\/\/citius-s.com\/wp-content\/uploads\/2021\/01\/reanimobili_9-768x578.jpg\" style=\"background-image: url(https:\/\/citius-s.com\/wp-content\/themes\/citius\/lib\/img\/no-photo.png);\" class=\"fancybox\" data-fancybox=\"gallery\">\n\t\t\t\t<div class=\"caption\">\n\t\t\t\t\t<div class=\"bg\"><\/div>\n\t\t\t\t\t<h3>\u0423\u0432\u0435\u043b\u0438\u0447\u0438\u0442\u044c<\/h3>\n\t\t\t\t\t<p><span class=\"glyphicon glyphicon-eye-open\"><\/span><\/p>\t\t\t\t\t\n\t\t\t\t<\/div>\n\t\t\t\t<\/a>\n\t\t\t<\/div>\n\t\t\t<div class=\"grid-item col-md-3 col-sm-4 col-xs-6 \">\n\t\t\t\t<a href=\"https:\/\/citius-s.com\/wp-content\/uploads\/2021\/01\/reanimobili_10.jpg\" data-original=\"https:\/\/citius-s.com\/wp-content\/uploads\/2021\/01\/reanimobili_10-768x576.jpg\" style=\"background-image: url(https:\/\/citius-s.com\/wp-content\/themes\/citius\/lib\/img\/no-photo.png);\" class=\"fancybox\" data-fancybox=\"gallery\">\n\t\t\t\t<div class=\"caption\">\n\t\t\t\t\t<div class=\"bg\"><\/div>\n\t\t\t\t\t<h3>\u0423\u0432\u0435\u043b\u0438\u0447\u0438\u0442\u044c<\/h3>\n\t\t\t\t\t<p><span class=\"glyphicon glyphicon-eye-open\"><\/span><\/p>\t\t\t\t\t\n\t\t\t\t<\/div>\n\t\t\t\t<\/a>\n\t\t\t<\/div>\n\t\t\t<div class=\"grid-item col-md-3 col-sm-4 col-xs-6 \">\n\t\t\t\t<a href=\"https:\/\/citius-s.com\/wp-content\/uploads\/2021\/01\/reanimobili_11.jpg\" data-original=\"https:\/\/citius-s.com\/wp-content\/uploads\/2021\/01\/reanimobili_11-768x569.jpg\" style=\"background-image: url(https:\/\/citius-s.com\/wp-content\/themes\/citius\/lib\/img\/no-photo.png);\" class=\"fancybox\" data-fancybox=\"gallery\">\n\t\t\t\t<div class=\"caption\">\n\t\t\t\t\t<div class=\"bg\"><\/div>\n\t\t\t\t\t<h3>\u0423\u0432\u0435\u043b\u0438\u0447\u0438\u0442\u044c<\/h3>\n\t\t\t\t\t<p><span class=\"glyphicon glyphicon-eye-open\"><\/span><\/p>\t\t\t\t\t\n\t\t\t\t<\/div>\n\t\t\t\t<\/a>\n\t\t\t<\/div>\n\t\t\t<div class=\"grid-item col-md-3 col-sm-4 col-xs-6 \">\n\t\t\t\t<a href=\"https:\/\/citius-s.com\/wp-content\/uploads\/2021\/01\/reanimobili_12.jpg\" data-original=\"https:\/\/citius-s.com\/wp-content\/uploads\/2021\/01\/reanimobili_12-768x569.jpg\" style=\"background-image: url(https:\/\/citius-s.com\/wp-content\/themes\/citius\/lib\/img\/no-photo.png);\" class=\"fancybox\" data-fancybox=\"gallery\">\n\t\t\t\t<div class=\"caption\">\n\t\t\t\t\t<div class=\"bg\"><\/div>\n\t\t\t\t\t<h3>\u0423\u0432\u0435\u043b\u0438\u0447\u0438\u0442\u044c<\/h3>\n\t\t\t\t\t<p><span class=\"glyphicon glyphicon-eye-open\"><\/span><\/p>\t\t\t\t\t\n\t\t\t\t<\/div>\n\t\t\t\t<\/a>\n\t\t\t<\/div>\n\t\t\t<\/div>\n\t\t<\/div>\n\t<\/div>\n<h3 style=\"text-align: center;\">By\u0107 mo\u017ce zainteresuj\u0105 Ci\u0119 r\u00f3wnie\u017c:<\/h3>\n<h3><\/h3>\n<h3 style=\"text-align: center;\"><a href=\"https:\/\/citius-s.com\/uk\/catalog\/medicine-cars\/\">KARETKI POGOTOWIA<\/a><\/h3>\n<p><!--more--><\/p>\n<h3 style=\"text-align: center;\"><a href=\"https:\/\/citius-s.com\/uk\/catalog\/\">KATALOG WSZYSTKICH PRODUKT\u00d3W<\/a><\/h3>\n","protected":false},"excerpt":{"rendered":"<p>Kup nowy samoch\u00f3d policyjny w Ukrainie z fabryki w najlepszej cenie. Stryjska fabryka samochod\u00f3w specjalistycznych produkuje i sprzedaje: samochody patrolowe, wi\u0119\u017aniarki policyjne, laboratoria kryminalistyczne, pojazdy do przewozu ps\u00f3w itp. Na bazie Renault, Volkswagen, Mercedes. Z gwarancj\u0105 \u2013 24 mies. Wysokiej jako\u015bci samochody w przyst\u0119pnej cenie.<\/p>\n","protected":false},"author":2,"featured_media":2820,"parent":2564,"menu_order":0,"comment_status":"closed","ping_status":"closed","template":"","meta":{"_acf_changed":false,"footnotes":""},"translation":{"provider":"WPGlobus","version":"2.12.2","language":"pl","enabled_languages":["uk","ru","en","de","pl"],"languages":{"uk":{"title":true,"content":true,"excerpt":true},"ru":{"title":true,"content":true,"excerpt":true},"en":{"title":true,"content":true,"excerpt":true},"de":{"title":true,"content":true,"excerpt":true},"pl":{"title":true,"content":true,"excerpt":true}}},"acf":[],"_links":{"self":[{"href":"https:\/\/citius-s.com\/pl\/wp-json\/wp\/v2\/pages\/2809"}],"collection":[{"href":"https:\/\/citius-s.com\/pl\/wp-json\/wp\/v2\/pages"}],"about":[{"href":"https:\/\/citius-s.com\/pl\/wp-json\/wp\/v2\/types\/page"}],"author":[{"embeddable":true,"href":"https:\/\/citius-s.com\/pl\/wp-json\/wp\/v2\/users\/2"}],"replies":[{"embeddable":true,"href":"https:\/\/citius-s.com\/pl\/wp-json\/wp\/v2\/comments?post=2809"}],"version-history":[{"count":46,"href":"https:\/\/citius-s.com\/pl\/wp-json\/wp\/v2\/pages\/2809\/revisions"}],"predecessor-version":[{"id":3553,"href":"https:\/\/citius-s.com\/pl\/wp-json\/wp\/v2\/pages\/2809\/revisions\/3553"}],"up":[{"embeddable":true,"href":"https:\/\/citius-s.com\/pl\/wp-json\/wp\/v2\/pages\/2564"}],"wp:featuredmedia":[{"embeddable":true,"href":"https:\/\/citius-s.com\/pl\/wp-json\/wp\/v2\/media\/2820"}],"wp:attachment":[{"href":"https:\/\/citius-s.com\/pl\/wp-json\/wp\/v2\/media?parent=2809"}],"curies":[{"name":"wp","href":"https:\/\/api.w.org\/{rel}","templated":true}]}}