{"id":2564,"date":"2021-01-16T22:26:20","date_gmt":"2021-01-16T19:26:20","guid":{"rendered":"https:\/\/citius-s.com\/?page_id=2564"},"modified":"2024-02-13T00:03:46","modified_gmt":"2024-02-12T21:03:46","slug":"catalog","status":"publish","type":"page","link":"https:\/\/citius-s.com\/pl\/catalog\/","title":{"rendered":"KATALOG"},"content":{"rendered":"\n<div class=\"row additionally \">\n\t\t<div class=\"col-sm-4\">\n\t\t\t<div class=\"item\">\n\t\t\t\t<a href=\"https:\/\/citius-s.com\/pl\/catalog\/armored-cars\/\" class=\"thumbnail\">\n\t\t\t\t\t<img decoding=\"async\" src=\"https:\/\/citius-s.com\/wp-content\/uploads\/2019\/11\/menu-3-300x300.png\">\n\t\t\t\t\t<div class=\"icon\">\n\t\t\t\t\t\t<span class=\"glyphicon glyphicon-ok-circle\"><\/span>\n\t\t\t\t\t<\/div>\n\t\t\t\t\t<div class=\"caption\">\n\t\t\t\t\t\t<div class=\"rem\">Karetki pogotowia i reanimacyjne \u2014 produkcja w Ukrainie w fabryce samochod\u00f3w Citius. Kupi\u0107 nowy ambulans z gwarancj\u0105. Na bazie Renault, Peugeot, Mercedes, Volkswagen itp.<\/div>\n\n\t\t\t\t\t\t<div class=\"btn btn-dark btn-lg\" title=\"OTW\u00d3RZ SAMOCHODY OPANCERZONE\">OTW\u00d3RZ<\/div>\n\t\t\t\t\t\t<div class=\"triangle\"><span class=\"glyphicon glyphicon-resize-full\"><\/span><\/div>\n\t\t\t\t\t<\/div>\t\t\t\t\t\t\t\n\t\t\t\t<\/a>\n\t\t\t\t<a href=\"https:\/\/citius-s.com\/pl\/catalog\/armored-cars\/\" title=\"OTW\u00d3RZ SAMOCHODY OPANCERZONE\" class=\"thumbnail-link\">SAMOCHODY OPANCERZONE<\/a>\n\t\t\t<\/div>\n\t\t<\/div>\n\t\t<div class=\"col-sm-4\">\n\t\t\t<div class=\"item\">\n\t\t\t\t<a href=\"https:\/\/citius-s.com\/pl\/catalog\/medicine-cars\/\" class=\"thumbnail\">\n\t\t\t\t\t<img decoding=\"async\" src=\"https:\/\/citius-s.com\/wp-content\/uploads\/2019\/11\/menu-0-300x300.png\">\n\t\t\t\t\t<div class=\"icon\">\n\t\t\t\t\t\t<span class=\"glyphicon glyphicon-ok-circle\"><\/span>\n\t\t\t\t\t<\/div>\n\t\t\t\t\t<div class=\"caption\">\n\t\t\t\t\t\t<div class=\"rem\">Opancerzone samochody osobowe VIP i jeepy w Ukrainie. Kupi\u0107 z fabryki pojazd\u00f3w opancerzonych Citius S. Klasy ochrony od PZSA-3 do B7. Kupi\u0107 opancerzony mercedes, opancerzona Toyota Land Cruiser 200, opancerzony Lexus 570, opancerzona Toyota Camry, minibusy opancerzone.<\/div>\n\n\t\t\t\t\t\t<div class=\"btn btn-dark btn-lg\" title=\"OTW\u00d3RZ KARETKI POGOTOWIA\">OTW\u00d3RZ<\/div>\n\t\t\t\t\t\t<div class=\"triangle\"><span class=\"glyphicon glyphicon-resize-full\"><\/span><\/div>\n\t\t\t\t\t<\/div>\t\t\t\t\t\t\t\n\t\t\t\t<\/a>\n\t\t\t\t<a href=\"https:\/\/citius-s.com\/pl\/catalog\/medicine-cars\/\" title=\"OTW\u00d3RZ KARETKI POGOTOWIA\" class=\"thumbnail-link\">KARETKI POGOTOWIA<\/a>\n\t\t\t<\/div>\n\t\t<\/div>\n\t\t<div class=\"col-sm-4\">\n\t\t\t<div class=\"item\">\n\t\t\t\t<a href=\"https:\/\/citius-s.com\/pl\/catalog\/vip-cars\/\" class=\"thumbnail\">\n\t\t\t\t\t<img decoding=\"async\" src=\"https:\/\/citius-s.com\/wp-content\/uploads\/2019\/11\/menu-2-300x300.png\">\n\t\t\t\t\t<div class=\"icon\">\n\t\t\t\t\t\t<span class=\"glyphicon glyphicon-ok-circle\"><\/span>\n\t\t\t\t\t<\/div>\n\t\t\t\t\t<div class=\"caption\">\n\t\t\t\t\t\t<div class=\"rem\">Kaufen ein Fahrzeug f\u00fcr den Transport von Rollstuhlfahrern in der Ukraine von Stryj Werk der spe-ziellen Fahrzeuge Citius S<\/div>\n\n\t\t\t\t\t\t<div class=\"btn btn-dark btn-lg\" title=\"OTW\u00d3RZ SAMOCHODY PANCERNE VIP\">OTW\u00d3RZ<\/div>\n\t\t\t\t\t\t<div class=\"triangle\"><span class=\"glyphicon glyphicon-resize-full\"><\/span><\/div>\n\t\t\t\t\t<\/div>\t\t\t\t\t\t\t\n\t\t\t\t<\/a>\n\t\t\t\t<a href=\"https:\/\/citius-s.com\/pl\/catalog\/vip-cars\/\" title=\"OTW\u00d3RZ SAMOCHODY PANCERNE VIP\" class=\"thumbnail-link\">SAMOCHODY PANCERNE VIP<\/a>\n\t\t\t<\/div>\n\t\t<\/div>\n\t\t<div class=\"col-sm-4\">\n\t\t\t<div class=\"item\">\n\t\t\t\t<a href=\"https:\/\/citius-s.com\/pl\/catalog\/inland\/\" class=\"thumbnail\">\n\t\t\t\t\t<img decoding=\"async\" src=\"https:\/\/citius-s.com\/wp-content\/uploads\/2021\/01\/menu-5-300x300.png\">\n\t\t\t\t\t<div class=\"icon\">\n\t\t\t\t\t\t<span class=\"glyphicon glyphicon-ok-circle\"><\/span>\n\t\t\t\t\t<\/div>\n\t\t\t\t\t<div class=\"caption\">\n\t\t\t\t\t\t<div class=\"rem\">Produkcja laboratori\u00f3w mobilnych. Kup mobilne laboratorium w Ukrainie bezpo\u015brednio z fabryki Citius S<\/div>\n\n\t\t\t\t\t\t<div class=\"btn btn-dark btn-lg\" title=\"OTW\u00d3RZ AUTO DO PRZEWOZU OS\u00d3B NIEPE\u0141NOSPRAWNYCH\">OTW\u00d3RZ<\/div>\n\t\t\t\t\t\t<div class=\"triangle\"><span class=\"glyphicon glyphicon-resize-full\"><\/span><\/div>\n\t\t\t\t\t<\/div>\t\t\t\t\t\t\t\n\t\t\t\t<\/a>\n\t\t\t\t<a href=\"https:\/\/citius-s.com\/pl\/catalog\/inland\/\" title=\"OTW\u00d3RZ AUTO DO PRZEWOZU OS\u00d3B NIEPE\u0141NOSPRAWNYCH\" class=\"thumbnail-link\">AUTO DO PRZEWOZU OS\u00d3B NIEPE\u0141NOSPRAWNYCH<\/a>\n\t\t\t<\/div>\n\t\t<\/div>\n\t\t<div class=\"col-sm-4\">\n\t\t\t<div class=\"item\">\n\t\t\t\t<a href=\"https:\/\/citius-s.com\/pl\/catalog\/laboratories\/\" class=\"thumbnail\">\n\t\t\t\t\t<img decoding=\"async\" src=\"https:\/\/citius-s.com\/wp-content\/uploads\/2021\/01\/laboratorii_320-300x300.png\">\n\t\t\t\t\t<div class=\"icon\">\n\t\t\t\t\t\t<span class=\"glyphicon glyphicon-ok-circle\"><\/span>\n\t\t\t\t\t<\/div>\n\t\t\t\t\t<div class=\"caption\">\n\t\t\t\t\t\t<div class=\"rem\">Certyfikowana przebudowa samochod\u00f3w osobowych, mikrobus\u00f3w, samochod\u00f3w dostawczych i ci\u0119\u017carowych w Ukrainie na zam\u00f3wienie<\/div>\n\n\t\t\t\t\t\t<div class=\"btn btn-dark btn-lg\" title=\"OTW\u00d3RZ MOBILNE LABORATORIA\">OTW\u00d3RZ<\/div>\n\t\t\t\t\t\t<div class=\"triangle\"><span class=\"glyphicon glyphicon-resize-full\"><\/span><\/div>\n\t\t\t\t\t<\/div>\t\t\t\t\t\t\t\n\t\t\t\t<\/a>\n\t\t\t\t<a href=\"https:\/\/citius-s.com\/pl\/catalog\/laboratories\/\" title=\"OTW\u00d3RZ MOBILNE LABORATORIA\" class=\"thumbnail-link\">MOBILNE LABORATORIA<\/a>\n\t\t\t<\/div>\n\t\t<\/div>\n\t\t<div class=\"col-sm-4\">\n\t\t\t<div class=\"item\">\n\t\t\t\t<a href=\"https:\/\/citius-s.com\/pl\/catalog\/individual\/\" class=\"thumbnail\">\n\t\t\t\t\t<img decoding=\"async\" src=\"https:\/\/citius-s.com\/wp-content\/uploads\/2023\/07\/iconka_pereoborudovanie-300x300.png\">\n\t\t\t\t\t<div class=\"icon\">\n\t\t\t\t\t\t<span class=\"glyphicon glyphicon-ok-circle\"><\/span>\n\t\t\t\t\t<\/div>\n\t\t\t\t\t<div class=\"caption\">\n\t\t\t\t\t\t<div class=\"rem\">Pojazd komercyjny \u2014 kupi\u0107 w Ukrainie z fabryki \u201eCitius S\u201d. Sprzeda\u017c nowych aut z gwarancj\u0105. Przebudowa u\u017cywanych samochod\u00f3w dostawczych. Stryjska fabryka samochod\u00f3w specjalnych<\/div>\n\n\t\t\t\t\t\t<div class=\"btn btn-dark btn-lg\" title=\"OTW\u00d3RZ PRZEBUDOWA SAMOCHOD\u00d3W\">OTW\u00d3RZ<\/div>\n\t\t\t\t\t\t<div class=\"triangle\"><span class=\"glyphicon glyphicon-resize-full\"><\/span><\/div>\n\t\t\t\t\t<\/div>\t\t\t\t\t\t\t\n\t\t\t\t<\/a>\n\t\t\t\t<a href=\"https:\/\/citius-s.com\/pl\/catalog\/individual\/\" title=\"OTW\u00d3RZ PRZEBUDOWA SAMOCHOD\u00d3W\" class=\"thumbnail-link\">PRZEBUDOWA SAMOCHOD\u00d3W<\/a>\n\t\t\t<\/div>\n\t\t<\/div>\n\t\t<div class=\"col-sm-4\">\n\t\t\t<div class=\"item\">\n\t\t\t\t<a href=\"https:\/\/citius-s.com\/pl\/catalog\/kommercheskie-avtomobili\/\" class=\"thumbnail\">\n\t\t\t\t\t<img decoding=\"async\" src=\"https:\/\/citius-s.com\/wp-content\/uploads\/2021\/01\/menu-6-300x300.png\">\n\t\t\t\t\t<div class=\"icon\">\n\t\t\t\t\t\t<span class=\"glyphicon glyphicon-ok-circle\"><\/span>\n\t\t\t\t\t<\/div>\n\t\t\t\t\t<div class=\"caption\">\n\t\t\t\t\t\t<div class=\"rem\">Produkcja, sprzeda\u017c, naprawa pancernych \u2014 kuloodpornych szyb samochodowych \u2013 zak\u0142ad \u201eCitius S\u201d Sp. z o.o. Sprzeda\u017c w Ukrainie, eksport. Produkcja certyfikowana, 2 lata gwarancji.<\/div>\n\n\t\t\t\t\t\t<div class=\"btn btn-dark btn-lg\" title=\"OTW\u00d3RZ POJAZD KOMERCYJNY\">OTW\u00d3RZ<\/div>\n\t\t\t\t\t\t<div class=\"triangle\"><span class=\"glyphicon glyphicon-resize-full\"><\/span><\/div>\n\t\t\t\t\t<\/div>\t\t\t\t\t\t\t\n\t\t\t\t<\/a>\n\t\t\t\t<a href=\"https:\/\/citius-s.com\/pl\/catalog\/kommercheskie-avtomobili\/\" title=\"OTW\u00d3RZ POJAZD KOMERCYJNY\" class=\"thumbnail-link\">POJAZD KOMERCYJNY<\/a>\n\t\t\t<\/div>\n\t\t<\/div>\n\t\t<div class=\"col-sm-4\">\n\t\t\t<div class=\"item\">\n\t\t\t\t<a href=\"https:\/\/citius-s.com\/pl\/catalog\/bronirovannoe-steklo\/\" class=\"thumbnail\">\n\t\t\t\t\t<img decoding=\"async\" src=\"https:\/\/citius-s.com\/wp-content\/uploads\/2021\/01\/menu_bronesteclo-1-300x300.png\">\n\t\t\t\t\t<div class=\"icon\">\n\t\t\t\t\t\t<span class=\"glyphicon glyphicon-ok-circle\"><\/span>\n\t\t\t\t\t<\/div>\n\t\t\t\t\t<div class=\"caption\">\n\t\t\t\t\t\t<div class=\"rem\">Produkcja i sprzeda\u017c karetek reanimacyjnych w Ukrainie. Kupi\u0107 karetk\u0119 reanimacyjn\u0105 (karetka typu C) z fabryki bez po\u015brednik\u00f3w. Stryjska fabryka samochod\u00f3w specjalistycznych Citius S<\/div>\n\n\t\t\t\t\t\t<div class=\"btn btn-dark btn-lg\" title=\"OTW\u00d3RZ SZK\u0141O PANCERNE DLA SAMOCHOD\u00d3W W UKRAINIE\">OTW\u00d3RZ<\/div>\n\t\t\t\t\t\t<div class=\"triangle\"><span class=\"glyphicon glyphicon-resize-full\"><\/span><\/div>\n\t\t\t\t\t<\/div>\t\t\t\t\t\t\t\n\t\t\t\t<\/a>\n\t\t\t\t<a href=\"https:\/\/citius-s.com\/pl\/catalog\/bronirovannoe-steklo\/\" title=\"OTW\u00d3RZ SZK\u0141O PANCERNE DLA SAMOCHOD\u00d3W W UKRAINIE\" class=\"thumbnail-link\">SZK\u0141O PANCERNE DLA SAMOCHOD\u00d3W W UKRAINIE<\/a>\n\t\t\t<\/div>\n\t\t<\/div>\n\t\t<div class=\"col-sm-4\">\n\t\t\t<div class=\"item\">\n\t\t\t\t<a href=\"https:\/\/citius-s.com\/pl\/catalog\/reanimobili\/\" class=\"thumbnail\">\n\t\t\t\t\t<img decoding=\"async\" src=\"https:\/\/citius-s.com\/wp-content\/uploads\/2021\/01\/reanimobil_320x320-300x300.png\">\n\t\t\t\t\t<div class=\"icon\">\n\t\t\t\t\t\t<span class=\"glyphicon glyphicon-ok-circle\"><\/span>\n\t\t\t\t\t<\/div>\n\t\t\t\t\t<div class=\"caption\">\n\t\t\t\t\t\t<div class=\"rem\">Kup nowy samoch\u00f3d policyjny w Ukrainie z fabryki w najlepszej cenie. Stryjska fabryka samochod\u00f3w specjalistycznych produkuje i sprzedaje: samochody patrolowe, wi\u0119\u017aniarki policyjne, laboratoria kryminalistyczne, pojazdy do przewozu ps\u00f3w itp. Na bazie Renault, Volkswagen, Mercedes. Z gwarancj\u0105 \u2013 24 mies. Wysokiej jako\u015bci samochody w przyst\u0119pnej cenie.<\/div>\n\n\t\t\t\t\t\t<div class=\"btn btn-dark btn-lg\" title=\"OTW\u00d3RZ KARETKI REANIMACYJNE\">OTW\u00d3RZ<\/div>\n\t\t\t\t\t\t<div class=\"triangle\"><span class=\"glyphicon glyphicon-resize-full\"><\/span><\/div>\n\t\t\t\t\t<\/div>\t\t\t\t\t\t\t\n\t\t\t\t<\/a>\n\t\t\t\t<a href=\"https:\/\/citius-s.com\/pl\/catalog\/reanimobili\/\" title=\"OTW\u00d3RZ KARETKI REANIMACYJNE\" class=\"thumbnail-link\">KARETKI REANIMACYJNE<\/a>\n\t\t\t<\/div>\n\t\t<\/div>\n\t\t<div class=\"col-sm-4\">\n\t\t\t<div class=\"item\">\n\t\t\t\t<a href=\"https:\/\/citius-s.com\/pl\/catalog\/policzejskie-mashiny\/\" class=\"thumbnail\">\n\t\t\t\t\t<img decoding=\"async\" src=\"https:\/\/citius-s.com\/wp-content\/uploads\/2021\/08\/police_320-300x300.jpg\">\n\t\t\t\t\t<div class=\"icon\">\n\t\t\t\t\t\t<span class=\"glyphicon glyphicon-ok-circle\"><\/span>\n\t\t\t\t\t<\/div>\n\t\t\t\t\t<div class=\"caption\">\n\t\t\t\t\t\t<div class=\"rem\">Kup nowy radiow\u00f3z na Ukrainie z fabryki w najlepszej cenie. Zak\u0142ad pojazd\u00f3w specjalnych w Stryju produkuje i sprzedaje: radiowozy, radiowozy, laboratoria kryminalistyczne, samochody dla ps\u00f3w itp. Bazuje na Renault, Volkswagenie, Mercedesie. Z gwarancj\u0105 &#8211; 24 miesi\u0105ce. Wysokiej jako\u015bci samochody w przyst\u0119pnej cenie.<\/div>\n\n\t\t\t\t\t\t<div class=\"btn btn-dark btn-lg\" title=\"OTW\u00d3RZ SAMOCHODY POLICYJNE\">OTW\u00d3RZ<\/div>\n\t\t\t\t\t\t<div class=\"triangle\"><span class=\"glyphicon glyphicon-resize-full\"><\/span><\/div>\n\t\t\t\t\t<\/div>\t\t\t\t\t\t\t\n\t\t\t\t<\/a>\n\t\t\t\t<a href=\"https:\/\/citius-s.com\/pl\/catalog\/policzejskie-mashiny\/\" title=\"OTW\u00d3RZ SAMOCHODY POLICYJNE\" class=\"thumbnail-link\">SAMOCHODY POLICYJNE<\/a>\n\t\t\t<\/div>\n\t\t<\/div><\/div>\n","protected":false},"excerpt":{"rendered":"<p>\u041a\u0430\u0442\u0430\u043b\u043e\u0433 \u0441\u043f\u0435\u0446\u0442\u0440\u0430\u043d\u0441\u043f\u043e\u0440\u0442\u0443 &#8211; \u043f\u0440\u043e\u0434\u0443\u043a\u0446\u0456\u044f \u041c\u0435\u043b\u0456\u0442\u043e\u043f\u043e\u043b\u044c\u0441\u044c\u043a\u043e\u0433\u043e \u0437\u0430\u0432\u043e\u0434\u0443 \u0441\u043f\u0435\u0446\u0456\u0430\u043b\u044c\u043d\u0438\u0445 \u0430\u0432\u0442\u043e\u043c\u043e\u0431\u0456\u043b\u0456\u0432 \u0426\u0456\u0442\u0456\u0443\u0441 \u0421<\/p>\n","protected":false},"author":1,"featured_media":0,"parent":0,"menu_order":0,"comment_status":"closed","ping_status":"closed","template":"","meta":{"_acf_changed":false,"footnotes":""},"translation":{"provider":"WPGlobus","version":"2.12.2","language":"pl","enabled_languages":["uk","ru","en","de","pl"],"languages":{"uk":{"title":true,"content":true,"excerpt":true},"ru":{"title":true,"content":false,"excerpt":true},"en":{"title":true,"content":false,"excerpt":true},"de":{"title":true,"content":true,"excerpt":false},"pl":{"title":true,"content":true,"excerpt":false}}},"acf":[],"_links":{"self":[{"href":"https:\/\/citius-s.com\/pl\/wp-json\/wp\/v2\/pages\/2564"}],"collection":[{"href":"https:\/\/citius-s.com\/pl\/wp-json\/wp\/v2\/pages"}],"about":[{"href":"https:\/\/citius-s.com\/pl\/wp-json\/wp\/v2\/types\/page"}],"author":[{"embeddable":true,"href":"https:\/\/citius-s.com\/pl\/wp-json\/wp\/v2\/users\/1"}],"replies":[{"embeddable":true,"href":"https:\/\/citius-s.com\/pl\/wp-json\/wp\/v2\/comments?post=2564"}],"version-history":[{"count":11,"href":"https:\/\/citius-s.com\/pl\/wp-json\/wp\/v2\/pages\/2564\/revisions"}],"predecessor-version":[{"id":3416,"href":"https:\/\/citius-s.com\/pl\/wp-json\/wp\/v2\/pages\/2564\/revisions\/3416"}],"wp:attachment":[{"href":"https:\/\/citius-s.com\/pl\/wp-json\/wp\/v2\/media?parent=2564"}],"curies":[{"name":"wp","href":"https:\/\/api.w.org\/{rel}","templated":true}]}}