{"id":2345,"date":"2021-01-11T16:47:16","date_gmt":"2021-01-11T13:47:16","guid":{"rendered":"https:\/\/citius-s.com\/?page_id=2345"},"modified":"2024-02-21T00:07:45","modified_gmt":"2024-02-20T21:07:45","slug":"bronirovannoe-steklo","status":"publish","type":"page","link":"https:\/\/citius-s.com\/pl\/catalog\/bronirovannoe-steklo\/","title":{"rendered":"SZK\u0141O PANCERNE DLA SAMOCHOD\u00d3W W UKRAINIE"},"content":{"rendered":"<h2 style=\"text-align: center;\"><span style=\"color: #000000;\"><img loading=\"lazy\" decoding=\"async\" class=\"alignnone size-full wp-image-2513\" src=\"https:\/\/citius-s.com\/wp-content\/uploads\/2021\/01\/bronesteklo_ris1_720.jpg\" alt=\"\" width=\"720\" height=\"360\" srcset=\"https:\/\/citius-s.com\/wp-content\/uploads\/2021\/01\/bronesteklo_ris1_720.jpg 720w, https:\/\/citius-s.com\/wp-content\/uploads\/2021\/01\/bronesteklo_ris1_720-300x150.jpg 300w, https:\/\/citius-s.com\/wp-content\/uploads\/2021\/01\/bronesteklo_ris1_720-24x12.jpg 24w, https:\/\/citius-s.com\/wp-content\/uploads\/2021\/01\/bronesteklo_ris1_720-36x18.jpg 36w, https:\/\/citius-s.com\/wp-content\/uploads\/2021\/01\/bronesteklo_ris1_720-48x24.jpg 48w\" sizes=\"(max-width: 720px) 100vw, 720px\" \/><\/span><\/h2>\n<h2 style=\"text-align: center;\"><\/h2>\n<h2 style=\"text-align: left;\"><span style=\"color: #000000;\">Produkcja szyb pancernych do samochod\u00f3w \u2014 fabryka <\/span> <strong><span style=\"color: #ffcc00;\">\u201eCitius S\u201d<\/span><\/strong><\/h2>\n<ul>\n<li style=\"text-align: left;\"><strong>Dla pojazd\u00f3w opancerzonych VIP<\/strong><\/li>\n<li style=\"text-align: left;\"><strong>Dla samochod\u00f3w do przewozu got\u00f3wki<\/strong><\/li>\n<li><strong>Na ka\u017cdy samoch\u00f3d na zam\u00f3wienie<\/strong><\/li>\n<li style=\"text-align: left;\"><strong>Szk\u0142o kuloodporne do bank\u00f3w i kas<\/strong><\/li>\n<\/ul>\n<p><strong>Certyfikowana produkcja kuloodpornych szyb samochodowych. Do\u015bwiadczenie zawodowe \u2014 30 lat.\u00a0<\/strong><\/p>\n<p>Dzia\u0142amy na terenie ca\u0142ej <strong>Ukrainy, eksport.<\/strong><\/p>\n<h3 style=\"text-align: center;\"><a href=\"https:\/\/citius-s.com\/contacts\/\">KUPI\u0106 SZK\u0141O PANCERNE<\/a><\/h3>\n<p><strong>Szybka realizacja zam\u00f3wie\u0144. <\/strong>Czas realizacji zam\u00f3wienia wynosi <strong>od 3 do 7 dni<\/strong>. Przy zam\u00f3wieniu szk\u0142a bez dostawy do nas samochodu \u2014 7-10 dni.<\/p>\n<p>Wszystkie rodzaje produkt\u00f3w obj\u0119te s\u0105 <strong>24-miesi\u0119czn\u0105 gwarancj\u0105.<\/strong><\/p>\n<p style=\"text-align: center;\"><strong>Wykonujemy opancerzenie:<\/strong><\/p>\n<ul>\n<li><strong>Jeepy<\/strong> -Mercedes Benz Gel\u00e4ndewagen; Toyota Land Cruiser 200; Lexus LX 570; Mercedes Benz GLS; Mercedes-Benz G 500; Mercedes-Benz G W463; Range Rover; Volkswagen Amarok; Chevrolet Tahoe \/ Suburban<\/li>\n<li><strong>Autosegment F<\/strong> &#8211; Mercedes-Benz S W221-222; AUDI A8; BMW 760; Skoda Superb<\/li>\n<li><strong>Mikrobusy<\/strong> &#8211; Mercedes Benz Vito \/ Viano; Volkswagen Multivan \/ Transporter; Chevrolet Express<\/li>\n<li><strong>Samochody ci\u0119\u017carowe<\/strong> o wysokiej \u0142adowno\u015bci<\/li>\n<li>Dowolny<strong> pojazd specjalny<\/strong> zdolny unie\u015b\u0107 ci\u0119\u017car pancerza<\/li>\n<\/ul>\n<h3 style=\"text-align: center;\">Przyk\u0142ady naszych prac:<\/h3>\n<h3>Szyby pancerne do samochod\u00f3w osobowych VIP<\/h3>\n<p><img loading=\"lazy\" decoding=\"async\" class=\"aligncenter wp-image-2463 size-full\" src=\"https:\/\/citius-s.com\/wp-content\/uploads\/2021\/01\/bronesteclo_lexus.png\" alt=\"\" width=\"720\" height=\"360\" srcset=\"https:\/\/citius-s.com\/wp-content\/uploads\/2021\/01\/bronesteclo_lexus.png 720w, https:\/\/citius-s.com\/wp-content\/uploads\/2021\/01\/bronesteclo_lexus-300x150.png 300w, https:\/\/citius-s.com\/wp-content\/uploads\/2021\/01\/bronesteclo_lexus-24x12.png 24w, https:\/\/citius-s.com\/wp-content\/uploads\/2021\/01\/bronesteclo_lexus-36x18.png 36w, https:\/\/citius-s.com\/wp-content\/uploads\/2021\/01\/bronesteclo_lexus-48x24.png 48w\" sizes=\"(max-width: 720px) 100vw, 720px\" \/><\/p>\n<h3>Szyby pancerne do samochod\u00f3w do przewozu got\u00f3wki<\/h3>\n<p><img loading=\"lazy\" decoding=\"async\" class=\"size-full wp-image-2469 aligncenter\" src=\"https:\/\/citius-s.com\/wp-content\/uploads\/2021\/01\/bronesteclo_inkassator.png\" alt=\"\" width=\"720\" height=\"240\" srcset=\"https:\/\/citius-s.com\/wp-content\/uploads\/2021\/01\/bronesteclo_inkassator.png 720w, https:\/\/citius-s.com\/wp-content\/uploads\/2021\/01\/bronesteclo_inkassator-300x100.png 300w, https:\/\/citius-s.com\/wp-content\/uploads\/2021\/01\/bronesteclo_inkassator-24x8.png 24w, https:\/\/citius-s.com\/wp-content\/uploads\/2021\/01\/bronesteclo_inkassator-36x12.png 36w, https:\/\/citius-s.com\/wp-content\/uploads\/2021\/01\/bronesteclo_inkassator-48x16.png 48w\" sizes=\"(max-width: 720px) 100vw, 720px\" \/><\/p>\n<h3 style=\"text-align: left;\">Szk\u0142o kuloodporne do bank\u00f3w i kas<\/h3>\n<p><img loading=\"lazy\" decoding=\"async\" class=\"size-full wp-image-2467 aligncenter\" src=\"https:\/\/citius-s.com\/wp-content\/uploads\/2021\/01\/bronesteclo_bank.png\" alt=\"\" width=\"720\" height=\"240\" srcset=\"https:\/\/citius-s.com\/wp-content\/uploads\/2021\/01\/bronesteclo_bank.png 720w, https:\/\/citius-s.com\/wp-content\/uploads\/2021\/01\/bronesteclo_bank-300x100.png 300w, https:\/\/citius-s.com\/wp-content\/uploads\/2021\/01\/bronesteclo_bank-24x8.png 24w, https:\/\/citius-s.com\/wp-content\/uploads\/2021\/01\/bronesteclo_bank-36x12.png 36w, https:\/\/citius-s.com\/wp-content\/uploads\/2021\/01\/bronesteclo_bank-48x16.png 48w\" sizes=\"(max-width: 720px) 100vw, 720px\" \/><\/p>\n<h3 style=\"text-align: center;\">Nasze atuty:<\/h3>\n<ul>\n<li><strong>jako\u015b\u0107<\/strong> &#8211; nasze szk\u0142o pancerne nie powoduje zniekszta\u0142ce\u0144 optycznych i nie paruje zim\u0105<\/li>\n<li><strong>szybko\u015b\u0107<\/strong> &#8211; realizacja zam\u00f3wie\u0144 od 3 dni<\/li>\n<li><strong>gwarancja<\/strong> &#8211; 24 miesi\u0105ce<\/li>\n<li><strong>serwis<\/strong>\u00a0&#8211; zapewniamy monta\u017c, wymian\u0119 i napraw\u0119 szk\u0142a pancernego<\/li>\n<li><strong>mniejsza waga<\/strong> szk\u0142a pancernego przy tych samych parametrach ochronnych (co oznacza wi\u0119ksz\u0105 pr\u0119dko\u015b\u0107 pojazdu i mniejsze zu\u017cycie)<\/li>\n<\/ul>\n<p><strong>Koszt szk\u0142a pancernego<\/strong> zale\u017cy od modelu samochodu, powierzchni i poziomu kuloodporno\u015bci.<\/p>\n<h3 style=\"text-align: center;\"><a href=\"https:\/\/citius-s.com\/contacts\/\">ZAPYTAJ O CEN\u0118 SZK\u0141A PANCERNEGO<\/a><\/h3>\n<h3 style=\"text-align: center;\"><strong>Nasza polityka cenowa to po\u0142\u0105czenie jako\u015bci i akceptowalnej warto\u015bci<\/strong><\/h3>\n<h2><strong>Jak kupi\u0107 szk\u0142o pancerne do samochodu?<\/strong><\/h2>\n<p>Mo\u017cesz kupi\u0107 kuloodporne szk\u0142o do dowolnego modelu samochodu w cenie fabrycznej, kontaktuj\u0105c si\u0119 z naszymi mened\u017cerami.<\/p>\n<h3 style=\"text-align: center;\"><em>Bezpo\u015bredni numer telefonu menad\u017cera kierunku<\/em> <a style=\"font-size: 16px;\" href=\"tel:+380664189919\">+380 66 418 99 19<\/a><\/h3>\n<p>Produkcja i siedziba znajduj\u0105 si\u0119 w<strong> Stryju \u2014 obw\u00f3d lwowski.\u00a0<\/strong><br \/>\n<strong>Dzia\u0142amy na terenie ca\u0142ej Ukrainy. <\/strong> Istnieje mo\u017cliwo\u015b\u0107 wysy\u0142ki kurierem, naprawy, monta\u017cu i wymiany szk\u0142a pancernego przez mobiln\u0105 ekip\u0119 na miejscu u klienta.<\/p>\n<h3 style=\"text-align: left;\"><strong><span style=\"color: #000000;\">Produkcja szk\u0142a kuloodpornego w fabryce \u201eCitius S&#8221;<\/span><\/strong><\/h3>\n<p>Przezroczysty pancerz jest najtrudniejszym elementem opancerzonego pojazdu. Samochodowe szyby pancerne ca\u0142kowicie powtarzaj\u0105 kszta\u0142t standardowych szyb, a wygl\u0105d samochodu pozostaje niezmieniony. Istnieje wiele r\u00f3\u017cnic mi\u0119dzy szk\u0142em pancernym a zwyk\u0142ym.<\/p>\n<p>Po pierwsze, grubo\u015b\u0107 szk\u0142a. W przypadku szk\u0142a pancernego zale\u017cy to od klasy ochrony \u2013 z jakiej broni szk\u0142o powinno zatrzymywa\u0107 kule? Grubo\u015b\u0107 szk\u0142a wp\u0142ywa na wag\u0119. Im grubsze, tym ci\u0119\u017csze. A dodatkowa waga wp\u0142ywa na w\u0142a\u015bciwo\u015bci jezdne samochodu.<\/p>\n<p>Po drugie, przezroczysto\u015b\u0107 optyczna. Szk\u0142o pancerne sk\u0142ada si\u0119 z kilku warstw zakrzywionego szk\u0142a i specjalnych folii umieszczonych zar\u00f3wno pomi\u0119dzy warstwami szk\u0142a, jak i na nim. Grube szk\u0142o zim\u0105 wymaga dodatkowego ogrzewania, w przeciwnym razie nie b\u0119dzie mo\u017cna korzysta\u0107 z samochodu w ch\u0142odne dni. Dodatkowe systemy ogrzewania szk\u0142a r\u00f3wnie\u017c wp\u0142ywaj\u0105 na jego przezroczysto\u015b\u0107.<\/p>\n<h3><strong>Zalety naszego szk\u0142a pancernego<\/strong><\/h3>\n<p>W ci\u0105gu 30 lat udanej pracy osi\u0105gn\u0119li\u015bmy <strong>maksymaln\u0105 przezroczysto\u015b\u0107 optyczn\u0105<\/strong> i <strong>minimaln\u0105 wag\u0119<\/strong> szk\u0142a (co zmniejsza obci\u0105\u017cenie podwozia i nadwozia samochodu). Wykonujemy r\u00f3wnie\u017c szk\u0142o we wszystkich istniej\u0105cych klasach ochronno\u015bci od PZSA 3 do PZSA7 (ochrona przed wszystkimi rodzajami broni strzeleckiej, w tym karabinami snajperskimi).<\/p>\n<p>Nasi specjali\u015bci stworzyli unikaln\u0105, opatentowan\u0105 <strong>technologi\u0119 ogrzewania szk\u0142a<\/strong> pancernego bez widocznych element\u00f3w, kt\u00f3ra pozwala zachowa\u0107 maksymaln\u0105 przezroczysto\u015b\u0107 bez tworzenia dodatkowych zak\u0142\u00f3ce\u0144 optycznych lub zniekszta\u0142ce\u0144.<\/p>\n<p>Nasze szyby s\u0105 \u015brednio<strong> l\u017cejsze ni\u017c te same szyby naszych konkurent\u00f3w<\/strong>, przy tych samych w\u0142a\u015bciwo\u015bciach ochronnych. Osi\u0105ga si\u0119 to dzi\u0119ki dodatkowym technologiom i materia\u0142om stosowanym wy\u0142\u0105cznie przez nasz\u0105 firm\u0119. Im l\u017cejsze szk\u0142o pancerne, tym mniejsze obci\u0105\u017cenie podwozia i nadwozia samochodu oraz wi\u0119ksza jego pr\u0119dko\u015b\u0107.<\/p>\n<p>Mo\u017cesz by\u0107 pewien<strong> jako\u015bci naszych produkt\u00f3w!<\/strong> Szk\u0142o pancerne powinno zatrzyma\u0107 trzy kule na powierzchni 10\u00a0\u00d7\u00a010 cm z odpowiedniej klasy broni. Nasza firma regularnie przeprowadza <strong>badania balistyczne<\/strong> produkowanego szk\u0142a.<\/p>\n<p>Mog\u0105 Ci\u0119 r\u00f3wnie\u017c zainteresowa\u0107 <strong>pojazdy opancerzone<\/strong> wyprodukowane przez nasz\u0105 fabryk\u0119.<\/p>\n<h3 style=\"text-align: center;\"><a href=\"https:\/\/citius-s.com\/vip-cars\/\">OPANCERZENIE SAMOCHOD\u00d3W VIP<\/a><\/h3>\n<h3 style=\"text-align: center;\"><a href=\"https:\/\/citius-s.com\/armored-cars\/\">POJAZDY OPANCERZONE DO TRANSPORTU GOT\u00d3WKI<\/a><\/h3>\n<h3 style=\"text-align: center;\"><a href=\"https:\/\/citius-s.com\/katalog\/\">KATALOG WSZYSTKICH PRODUKT\u00d3W\u00a0<\/a><\/h3>\n<h3 style=\"text-align: center;\"><\/h3>\n<p><script type=\"application\/ld+json\"><br \/>\n    {<br \/>\n      \"@context\": \"https:\/\/schema.org\",<br \/>\n      \"@type\": \"FAQPage\",<br \/>\n      \"mainEntity\": [{<br \/>\n        \"@type\": \"Question\",<br \/>\n        \"name\": \"\u0421\u043a\u043e\u043b\u044c\u043a\u043e \u0432\u0435\u0441\u0438\u0442 \u0431\u0440\u043e\u043d\u0435\u0441\u0442\u0435\u043a\u043b\u043e?\",<br \/>\n        \"acceptedAnswer\": {<br \/>\n          \"@type\": \"Answer\",<br \/>\n          \"text\": \"\u0411\u0440\u043e\u043d\u0435\u0441\u0442\u0435\u043a\u043b\u043e \u0438\u0437\u0433\u043e\u0442\u0430\u0432\u043b\u0438\u0432\u0430\u0435\u0442\u0441\u044f \u0438\u0437 \u043d\u0435\u0441\u043a\u043e\u043b\u044c\u043a\u0438\u0445 \u0441\u043b\u043e\u0435\u0432 \u0437\u0430\u043a\u0430\u043b\u0435\u043d\u043d\u043e\u0433\u043e \u0441\u0442\u0435\u043a\u043b\u0430, \u0441\u043a\u0440\u0435\u043f\u043b\u0435\u043d\u043d\u044b\u0445 \u043f\u043e\u043b\u0438\u043c\u0435\u0440\u043d\u044b\u043c\u0438 \u043f\u043b\u0435\u043d\u043a\u0430\u043c\u0438. \u0411\u0440\u043e\u043d\u0438\u0440\u043e\u0432\u0430\u043d\u043d\u043e\u0435 \u0441\u0442\u0435\u043a\u043b\u043e \u0442\u043e\u043b\u0449\u0435 \u0438 \u0442\u044f\u0436\u0435\u043b\u0435\u0435 \u0441\u0442\u0430\u043d\u0434\u0430\u0440\u0442\u043d\u043e\u0433\u043e \u0430\u0432\u0442\u043e\u0441\u0442\u0435\u043a\u043b\u0430. \u0412\u0435\u0441 \u0437\u0430\u0432\u0438\u0441\u0438\u0442 \u043e\u0442 \u043f\u043b\u043e\u0449\u0430\u0434\u0438 \u0438 \u0441\u0442\u0435\u043f\u0435\u043d\u0438 \u043f\u0443\u043b\u0435\u0441\u0442\u043e\u0439\u043a\u043e\u0441\u0442\u0438. \u0427\u0435\u043c \u0432\u044b\u0448\u0435 \u0441\u0442\u0435\u043f\u0435\u043d\u044c \u0437\u0430\u0449\u0438\u0442\u044b, \u0442\u0435\u043c \u0442\u044f\u0436\u0435\u043b\u0435\u0435 \u0431\u0440\u043e\u043d\u0435\u0441\u0442\u0435\u043a\u043b\u043e. \u041a \u043f\u0440\u0438\u043c\u0435\u0440\u0443, 1 \u043c.\u043a\u0432. \u043f\u0443\u043b\u0435\u043d\u0435\u043f\u0440\u043e\u0431\u0438\u0432\u0430\u0435\u043c\u043e\u0433\u043e \u0441\u0442\u0435\u043a\u043b\u0430 \u0434\u043b\u044f \u0437\u0430\u0449\u0438\u0442\u044b \u043e\u0442 \u043f\u0443\u043b\u0438 \u043f\u0438\u0441\u0442\u043e\u043b\u0435\u0442\u0430 \u041c\u0430\u043a\u0430\u0440\u043e\u0432\u0430 \u0432\u0435\u0441\u0438\u0442 31.4 \u043a\u0433. \u0414\u043b\u044f \u0437\u0430\u0449\u0438\u0442\u044b \u043e\u0442 \u0432\u0438\u043d\u0442\u043e\u0432\u043a\u0438 \u0421\u0412\u0414 - 130 \u043a\u0433.<\/p>\n<p>\u0423\u0437\u043d\u0430\u0442\u044c \u0432\u0435\u0441 \u0431\u0440\u043e\u043d\u0435\u0441\u0442\u0435\u043a\u043e\u043b \u0434\u043b\u044f \u0412\u0430\u0448\u0435\u0433\u043e \u0430\u0432\u0442\u043e\u043c\u043e\u0431\u0438\u043b\u044f \u0412\u044b \u043c\u043e\u0436\u0435\u0442\u0435 \u0443 \u043d\u0430\u0448\u0438\u0445 \u043c\u0435\u043d\u0435\u0434\u0436\u0435\u0440\u043e\u0432. <a href=https:\/\/citius-s.com\/contacts\/> \u041d\u0430\u0436\u043c\u0438\u0442\u0435 \u0437\u0434\u0435\u0441\u044c <\/a> \u0434\u043b\u044f \u043f\u0435\u0440\u0435\u0445\u043e\u0434\u0430 \u043a \u0444\u043e\u0440\u043c\u0435 \u0437\u0430\u043f\u0440\u043e\u0441\u0430.<\/p>\n<p>\"<br \/>\n        }<br \/>\n      }, {<br \/>\n        \"@type\": \"Question\",<br \/>\n        \"name\": \"\u041a\u0430\u043a\u043e\u0432 \u0441\u0440\u043e\u043a \u0441\u043b\u0443\u0436\u0431\u044b \u0431\u0440\u043e\u043d\u0438\u0440\u043e\u0432\u0430\u043d\u043d\u044b\u0445 \u0441\u0442\u0435\u043a\u043e\u043b?\",<br \/>\n        \"acceptedAnswer\": {<br \/>\n          \"@type\": \"Answer\",<br \/>\n          \"text\": \"\u0421\u0440\u043e\u043a \u0441\u043b\u0443\u0436\u0431\u044b \u0430\u0432\u0442\u043e\u043c\u043e\u0431\u0438\u043b\u044c\u043d\u044b\u0445 \u0431\u0440\u043e\u043d\u0435\u0441\u0442\u0435\u043a\u043e\u043b \u0437\u0430\u0432\u0438\u0441\u0438\u0442 \u043e\u0442 \u0438\u043d\u0442\u0435\u043d\u0441\u0438\u0432\u043d\u043e\u0441\u0442\u0438 \u044d\u043a\u0441\u043f\u043b\u0443\u0430\u0442\u0430\u0446\u0438\u0438. \u041a\u0430\u043a \u043f\u0440\u0430\u0432\u0438\u043b\u043e, \u043f\u043e\u0441\u043b\u0435 5-6 \u043b\u0435\u0442 \u0436\u0435\u0441\u0442\u043a\u043e\u0439 \u044d\u043a\u0441\u043f\u043b\u0443\u0430\u0442\u0430\u0446\u0438\u0438 \u0432 \u0441\u0442\u0440\u0443\u043a\u0442\u0443\u0440\u0435 \u0431\u0440\u043e\u043d\u0438\u0440\u043e\u0432\u0430\u043d\u043d\u0440\u0433\u043e \u0441\u0442\u0435\u043a\u043b\u0430 \u043d\u0430\u0447\u0438\u043d\u0430\u044e\u0442\u0441\u044f \u0440\u0430\u0441\u0441\u043b\u0430\u0438\u0432\u0430\u043d\u0438\u0435 \u0438 \u043a\u043b\u0430\u0441\u0441 \u0437\u0430\u0449\u0438\u0442\u044b \u0431\u0440\u043e\u043d\u0435\u0441\u0442\u0435\u043a\u043e\u043b \u0441\u043d\u0438\u0436\u0430\u0435\u0442\u0441\u044f. \u041f\u043e \u0442\u0440\u0435\u0431\u043e\u0432\u0430\u043d\u0438\u044f\u043c \u0434\u043b\u044f \u0438\u043d\u043a\u0430\u0441\u0441\u0430\u0442\u043e\u0440\u0441\u043a\u0438\u0445 \u0430\u0432\u0442\u043e\u043c\u043e\u0431\u0438\u043b\u0435\u0439 \u0431\u0440\u043e\u043d\u0435\u0441\u0442\u0435\u043a\u043b\u043e \u043f\u043e\u0434\u043b\u0435\u0436\u0438\u0442 \u0437\u0430\u043c\u0435\u043d\u0435 \u0440\u0430\u0437 \u0432 4 \u0433\u043e\u0434\u0430.\"<br \/>\n        }<br \/>\n      }, {<br \/>\n        \"@type\": \"Question\",<br \/>\n        \"name\": \"\u0421\u043a\u043e\u043b\u044c\u043a\u043e \u0432\u0440\u0435\u043c\u0435\u043d\u0438 \u043f\u043e\u0442\u0440\u0435\u0431\u0443\u0435\u0442\u0441\u044f \u0434\u043b\u044f \u0438\u0437\u0433\u043e\u0442\u043e\u0432\u043b\u0435\u043d\u0438\u044f \u0431\u0440\u043e\u043d\u0435\u0441\u0442\u0435\u043a\u043b\u0430 \u043d\u0430 \u0437\u0430\u043a\u0430\u0437?\",<br \/>\n        \"acceptedAnswer\": {<br \/>\n          \"@type\": \"Answer\",<br \/>\n          \"text\": \"\u0421\u0440\u043e\u043a \u0438\u0437\u0433\u043e\u0442\u043e\u0432\u043b\u0435\u043d\u0438\u044f \u0431\u0440\u043e\u043d\u0435\u0441\u0442\u0435\u043a\u043e\u043b \u043f\u043e\u0434 \u0437\u0430\u043a\u0430\u0437  \u2014  \u043e\u0442 3 \u0434\u043e 7 \u0434\u043d\u0435\u0439. \u041f\u0440\u0438 \u0437\u0430\u043a\u0430\u0437\u0435 \u0441\u0442\u0435\u043a\u043b\u0430 \u0431\u0435\u0437 \u043f\u043e\u0441\u0442\u0430\u0432\u043a\u0438 \u043d\u0430\u043c \u0430\u0432\u0442\u043e\u043c\u043e\u0431\u0438\u043b\u044f \u2014  7-10 \u0434\u043d\u0435\u0439.  <\/p>\n<p><a href=https:\/\/example.com\/orders\/>\u041d\u0430\u0436\u043c\u0438\u0442\u0435 \u0437\u0434\u0435\u0441\u044c<\/a> \u0434\u043b\u044f \u043f\u0435\u0440\u0435\u0445\u043e\u0434\u0430 \u043a \u0444\u043e\u0440\u043c\u0435 \u0437\u0430\u043a\u0430\u0437\u0430.<\/p>\n<p>\"<br \/>\n        }<br \/>\n      }, {<br \/>\n        \"@type\": \"Question\",<br \/>\n        \"name\": \"\u041a\u0430\u043a \u0431\u0443\u0434\u0435\u0442 \u043f\u0440\u043e\u0438\u0441\u0445\u043e\u0434\u0438\u0442\u044c \u0433\u0430\u0440\u043d\u0442\u0438\u0439\u043d\u044b\u0439 \u0440\u0435\u043c\u043e\u043d\u0442 \u0431\u0440\u043e\u043d\u0435\u0441\u0442\u0435\u043a\u043e\u043b?\",<br \/>\n        \"acceptedAnswer\": {<br \/>\n          \"@type\": \"Answer\",<br \/>\n          \"text\": \"\u0413\u0430\u0440\u0430\u043d\u0442\u0438\u044f \u043d\u0430 \u043f\u0443\u043b\u0435\u043d\u0435\u043f\u0440\u043e\u0431\u0438\u0432\u0430\u0435\u043c\u043e\u0435 \u0441\u0442\u0435\u043a\u043b\u043e \u0441\u043e\u0441\u0442\u0430\u0432\u043b\u044f\u0435\u0442 2 \u0433\u043e\u0434\u0430 \u0431\u0435\u0437 \u043e\u0433\u0440\u0430\u043d\u0438\u0447\u0435\u043d\u0438\u044f \u043f\u0440\u043e\u0431\u0435\u0433\u0430 \u0430\u0432\u0442\u043e\u043c\u043e\u0431\u0438\u043b\u044f. \u0412 \u0442\u0435\u0447\u0435\u043d\u0438\u0435 \u044d\u0442\u043e\u0433\u043e \u0441\u0440\u043e\u043a\u0430 \u043f\u0440\u0438 \u0432\u043e\u0437\u043d\u0438\u043a\u043d\u043e\u0432\u0435\u043d\u0438\u0438 \u0442\u0440\u0435\u0449\u0438\u043d, \u043e\u0442\u0441\u043b\u0430\u0438\u0432\u0430\u043d\u0438\u0439 \u0438\u043b\u0438 \u0434\u0440\u0443\u0433\u0438\u0445 \u0433\u0430\u0440\u0430\u043d\u0442\u0438\u0439\u043d\u044b\u0445 \u0441\u043b\u0443\u0447\u0430\u0435\u0432, \u043c\u044b \u0438\u0437\u0433\u043e\u0442\u043e\u0432\u0438\u043c \u043d\u043e\u0432\u043e\u0435 \u0441\u0442\u0435\u043a\u043b\u043e \u0438 \u0431\u0435\u0441\u043f\u043b\u0430\u0442\u043d\u043e \u0437\u0430\u043c\u0435\u043d\u0438\u043c \u0431\u0440\u0430\u043a\u043e\u0432\u0430\u043d\u043d\u043e\u0435. \u0423\u0441\u0442\u0430\u043d\u043e\u0432\u043a\u0443 \u043f\u0440\u043e\u0438\u0437\u0432\u043e\u0434\u0438\u0442 \u0432\u044b\u0435\u0437\u0434\u043d\u0430\u044f \u0431\u0440\u0438\u0433\u0430\u0434\u0430 \u043d\u0430 \u043c\u0435\u0441\u0442\u0435 \u0443 \u043a\u043b\u0438\u0435\u043d\u0442\u0430.\"<br \/>\n        }<br \/>\n      }, {<br \/>\n        \"@type\": \"Question\",<br \/>\n        \"name\": \"\u041a\u0443\u0434\u0430 \u043e\u0431\u0440\u0430\u0449\u0430\u0442\u044c\u0441\u044f \u0432 \u0441\u043b\u0443\u0447\u0430\u0435 \u0432\u043e\u0437\u043d\u0438\u043a\u043d\u043e\u0432\u0435\u043d\u0438\u044f \u0433\u0430\u0440\u0430\u043d\u0442\u0438\u0439\u043d\u043e\u0433\u043e \u0441\u043b\u0443\u0447\u0430\u044f?\",<br \/>\n        \"acceptedAnswer\": {<br \/>\n          \"@type\": \"Answer\",<br \/>\n          \"text\":\"\u0412\u0441\u0435 \u043e\u0431\u0440\u0430\u0449\u0435\u043d\u0438\u044f \u043f\u043e \u0433\u0430\u0440\u0430\u043d\u0442\u0438\u0438 \u043f\u0440\u0438\u043d\u0438\u043c\u0430\u0435\u0442 \u043d\u0435\u043f\u043e\u0441\u0440\u0435\u0434\u0441\u0442\u0432\u0435\u043d\u043d\u043e \u0437\u0430\u0432\u043e\u0434 - \u0438\u0437\u0433\u043e\u0442\u043e\u0432\u0438\u0442\u0435\u043b\u044c: <\/p>\n<ul>\n<li>\u0423\u043a\u0440\u0430\u0438\u043d\u0430<\/li>\n<li>\u041c\u0435\u043b\u0438\u0442\u043e\u043f\u043e\u043b\u044c<\/li>\n<li>\u0443\u043b. \u0412\u043e\u0441\u044c\u043c\u043e\u0433\u043e \u041c\u0430\u0440\u0442\u0430 37\u0430 \u0433. \u041c\u0435\u043b\u0438\u0442\u043e\u043f\u043e\u043b\u044c, \u0423\u043a\u0440\u0430\u0438\u043d\u0430, 72319<\/li>\n<li>officecitius@gmail.com<\/li>\n<\/ul>\n<p>\"}<br \/>\n        }]<br \/>\n    }<br \/>\n    <\/script><\/p>\n","protected":false},"excerpt":{"rendered":"<p>Produkcja i sprzeda\u017c karetek reanimacyjnych w Ukrainie. Kupi\u0107 karetk\u0119 reanimacyjn\u0105 (karetka typu C) z fabryki bez po\u015brednik\u00f3w. Stryjska fabryka samochod\u00f3w specjalistycznych Citius S<\/p>\n","protected":false},"author":2,"featured_media":2520,"parent":2564,"menu_order":0,"comment_status":"closed","ping_status":"closed","template":"","meta":{"_acf_changed":false,"footnotes":""},"translation":{"provider":"WPGlobus","version":"2.12.2","language":"pl","enabled_languages":["uk","ru","en","de","pl"],"languages":{"uk":{"title":true,"content":true,"excerpt":true},"ru":{"title":true,"content":true,"excerpt":true},"en":{"title":true,"content":true,"excerpt":true},"de":{"title":true,"content":true,"excerpt":true},"pl":{"title":true,"content":true,"excerpt":true}}},"acf":[],"_links":{"self":[{"href":"https:\/\/citius-s.com\/pl\/wp-json\/wp\/v2\/pages\/2345"}],"collection":[{"href":"https:\/\/citius-s.com\/pl\/wp-json\/wp\/v2\/pages"}],"about":[{"href":"https:\/\/citius-s.com\/pl\/wp-json\/wp\/v2\/types\/page"}],"author":[{"embeddable":true,"href":"https:\/\/citius-s.com\/pl\/wp-json\/wp\/v2\/users\/2"}],"replies":[{"embeddable":true,"href":"https:\/\/citius-s.com\/pl\/wp-json\/wp\/v2\/comments?post=2345"}],"version-history":[{"count":194,"href":"https:\/\/citius-s.com\/pl\/wp-json\/wp\/v2\/pages\/2345\/revisions"}],"predecessor-version":[{"id":3558,"href":"https:\/\/citius-s.com\/pl\/wp-json\/wp\/v2\/pages\/2345\/revisions\/3558"}],"up":[{"embeddable":true,"href":"https:\/\/citius-s.com\/pl\/wp-json\/wp\/v2\/pages\/2564"}],"wp:featuredmedia":[{"embeddable":true,"href":"https:\/\/citius-s.com\/pl\/wp-json\/wp\/v2\/media\/2520"}],"wp:attachment":[{"href":"https:\/\/citius-s.com\/pl\/wp-json\/wp\/v2\/media?parent=2345"}],"curies":[{"name":"wp","href":"https:\/\/api.w.org\/{rel}","templated":true}]}}