{"id":234,"date":"2019-11-17T15:49:31","date_gmt":"2019-11-17T12:49:31","guid":{"rendered":"https:\/\/citius-s.com\/?page_id=234"},"modified":"2024-02-24T02:14:22","modified_gmt":"2024-02-23T23:14:22","slug":"inland","status":"publish","type":"page","link":"https:\/\/citius-s.com\/pl\/catalog\/inland\/","title":{"rendered":"AUTO DO PRZEWOZU OS\u00d3B NIEPE\u0141NOSPRAWNYCH"},"content":{"rendered":"<h2><img loading=\"lazy\" decoding=\"async\" class=\"alignnone size-full wp-image-2676 aligncenter\" src=\"https:\/\/citius-s.com\/wp-content\/uploads\/2021\/01\/disable_720x360.png\" alt=\"\" width=\"720\" height=\"360\" srcset=\"https:\/\/citius-s.com\/wp-content\/uploads\/2021\/01\/disable_720x360.png 720w, https:\/\/citius-s.com\/wp-content\/uploads\/2021\/01\/disable_720x360-300x150.png 300w, https:\/\/citius-s.com\/wp-content\/uploads\/2021\/01\/disable_720x360-24x12.png 24w, https:\/\/citius-s.com\/wp-content\/uploads\/2021\/01\/disable_720x360-36x18.png 36w, https:\/\/citius-s.com\/wp-content\/uploads\/2021\/01\/disable_720x360-48x24.png 48w\" sizes=\"(max-width: 720px) 100vw, 720px\" \/><\/h2>\n<h2 style=\"text-align: center;\">Produkcja i sprzeda\u017c w Ukrainie \u2014 fabryka <span style=\"color: #ffcc00;\"> \u201eCitius S\u201d<\/span><\/h2>\n<h3 style=\"text-align: center;\">na <strong>bazie Renault, Mercedesa, Volkswagena itp<\/strong><\/h3>\n<div style=\"text-align: center;\"><iframe loading=\"lazy\" src=\"https:\/\/www.youtube.com\/embed\/UvN13E5Uajw\" width=\"560\" height=\"315\" frameborder=\"0\" allowfullscreen=\"allowfullscreen\"><\/iframe><\/div>\n<div>\n<strong>Fabryka \u201eCitius S\u201d jest oficjalnym partnerem<\/strong> w zakresie przebudowy pojazd\u00f3w komercyjnych marki <strong>Renault, Volkswagen, Mercedes<\/strong> z zachowaniem gwarancji producenta.<\/p>\n<p>Pokazany na filmie samoch\u00f3d z wind\u0105 dla os\u00f3b niepe\u0142nosprawnych zosta\u0142 przerobiony z ca\u0142kowicie metalowego samochodu dostawczego Renault Master L3H2, wyprodukowanego w 2020 roku, zgodnie ze wszystkimi wymaganiami stawianymi pojazdom specjalnym do przewozu os\u00f3b niepe\u0142nosprawnych w Ukrainie.<\/p>\n<p>Samoch\u00f3d mo\u017ce przewozi\u0107 <strong>dwie osoby na w\u00f3zkach inwalidzkich i pi\u0119\u0107 os\u00f3b towarzysz\u0105cych<\/strong> (opr\u00f3cz siedzenia kierowcy).<\/p>\n<p>Samoch\u00f3d posiada zamontowane szyby, izolacj\u0119 termiczn\u0105 i akustyczn\u0105 wn\u0119trza, a \u015bciany i sufity wykonane z trwa\u0142ego, \u0142atwego w czyszczeniu tworzywa sztucznego.<\/p>\n<p>Samoch\u00f3d <strong>wyposa\u017cony w tylny podno\u015bnik hydrauliczny \u2014 wind\u0119 produkcji Dhollandia (Belgia)<\/strong>, specjalne mocowania do w\u00f3zk\u00f3w inwalidzkich, por\u0119cze, klimatyzacj\u0119 wn\u0119trza, ogrzewanie postojowe, w\u0142az ewakuacyjny, stopie\u0144 boczny oraz dodatkowe automatyczne o\u015bwietlenie nad tylnymi i przesuwanymi drzwiami.<\/p>\n<p>Specjalne pojazdy do transportu os\u00f3b niepe\u0142nosprawnych z fabryki pojazd\u00f3w specjalnych \u201eCitius S\u201d w Melitopolu wyr\u00f3\u017cniaj\u0105 si\u0119 jako\u015bci\u0105 i przyst\u0119pn\u0105 cen\u0105.<\/p>\n<p><strong>Gwarancja<\/strong> na przerobiony pojazd wynosi <strong>24 miesi\u0105ce<\/strong>.<\/p>\n<p>Samoch\u00f3d w Ukrainie mo\u017cna kupi\u0107 bezpo\u015brednio w Stryjskim zak\u0142adzie pojazd\u00f3w specjalnych \u201eCitius S\u201d lub u dealera samochodowego.<\/p>\n<p>Je\u015bli posiadasz sw\u00f3j w\u0142asny samoch\u00f3d podstawowy, okres przebudowy wynosi 14 dni.\n<\/p><\/div>\n<div style=\"text-align: center;\"><iframe loading=\"lazy\" src=\"https:\/\/www.youtube.com\/embed\/2xBeRwEQTxI\" width=\"560\" height=\"315\" frameborder=\"0\" allowfullscreen=\"allowfullscreen\"><\/iframe><\/div>\n<p>W zale\u017cno\u015bci od \u017cycze\u0144 i bud\u017cetu Klienta istnieje mo\u017cliwo\u015b\u0107 zamontowania r\u00f3\u017cnych urz\u0105dze\u0144 zapewniaj\u0105cych dost\u0119p do samochodu osobom poruszaj\u0105cym si\u0119 na w\u00f3zkach inwalidzkich:<\/p>\n<ul>\n<li><em>wysuwana metalowa rampa<\/em><\/li>\n<li><em>podno\u015bnik mechaniczny \u2014 telpher<\/em><\/li>\n<li><em>w pe\u0142ni automatyczna winda 2-kolumnowa (montowana wewn\u0105trz kabiny za tylnymi drzwiami minibusu lub samochodu typu van<\/em><\/li>\n<\/ul>\n<h3 style=\"text-align: center;\"><strong>Przyk\u0142adowe prace przy adaptacji samochodu do przewozu os\u00f3b niepe\u0142nosprawnych:<\/strong><\/h3>\n<p>Wyko\u0144czenie \u015bcian i sufitu wn\u0119trza \u2014 welur samochodowy antystatyczny<br \/>\nIzolacja cieplna i akustyczna korpusu wewn\u0119trznego (\u015bciany, sufit, pod\u0142oga)<br \/>\nProdukcja wyk\u0142adzin pod\u0142ogowych (podk\u0142ad wyr\u00f3wnuj\u0105cy sztywny + linoleum)<br \/>\nPor\u0119cze<br \/>\nMiejsce pasa\u017cera dla os\u00f3b towarzysz\u0105cych<br \/>\nPas bezpiecze\u0144stwa: 2-punktowy bezw\u0142adno\u015bciowy<br \/>\nDodatkowe wyposa\u017cenie wn\u0119trza<br \/>\nAutomatyczna winda pasa\u017cerska DH-PH2 (ty\u0142)<br \/>\nElementy mocuj\u0105ce do w\u00f3zk\u00f3w (w zestawie: 4 paski (2 z napinaczami i 2 bez napinaczy) oraz 4 elementy mocuj\u0105ce) mocowane do pod\u0142o\u017ca w miejscu monta\u017cu w\u00f3zka<br \/>\nRozszerzenie klimatyzacji wewn\u0119trznej<br \/>\nMonta\u017c dodatkowego autonomicznego ogrzewania wn\u0119trza (praca bez uruchomionego silnika): Nagrzewnica AIRTRONIC D5 &#8211; 12 v\/24v<br \/>\nMonta\u017c mechanicznego luku ewakuacyjnego<br \/>\nGa\u015bnice<br \/>\nApteczki i Zestawy Pierwszej Pomocy<br \/>\nZewn\u0119trzne lusterka wsteczne<br \/>\nLusterko wewn\u0119trzne do kontroli wn\u0119trza<br \/>\nStopie\u0144 boczny<br \/>\nDodatkowe \u015bwiat\u0142o s\u0142u\u017c\u0105ce do za\u0142adunku\/roz\u0142adunku nad tylnymi drzwiami na ko\u0144cu kabiny i nad drzwiami przesuwnymi<br \/>\nO\u015bwietlenie wn\u0119trza \u2014 wbudowana lampa LED<br \/>\nSporz\u0105dzenie dokument\u00f3w w Departamencie Transportu Samochodowego Standard<\/p>\n\n\t<div class=\"row gallery\">\n\t\t<div class=\"col-sm-12 gallery_filter\">\n\t\t\t<div class=\"form-group\">\n\t\t\t\t\n\t\t\t<\/div>\t\n\t\t<\/div>\n\t\t<div class=\"col-sm-12\">\n\t\t\t<div class=\"row grid\">\t\n\t\t\t\t\n\t\t\t<div class=\"grid-item col-md-3 col-sm-4 col-xs-6 \">\n\t\t\t\t<a href=\"https:\/\/citius-s.com\/wp-content\/uploads\/2020\/01\/special_disable1_ramp_van-4.jpg\" data-original=\"https:\/\/citius-s.com\/wp-content\/uploads\/2020\/01\/special_disable1_ramp_van-4.jpg\" style=\"background-image: url(https:\/\/citius-s.com\/wp-content\/themes\/citius\/lib\/img\/no-photo.png);\" class=\"fancybox\" data-fancybox=\"gallery\">\n\t\t\t\t<div class=\"caption\">\n\t\t\t\t\t<div class=\"bg\"><\/div>\n\t\t\t\t\t<h3>\u0423\u0432\u0435\u043b\u0438\u0447\u0438\u0442\u044c<\/h3>\n\t\t\t\t\t<p><span class=\"glyphicon glyphicon-eye-open\"><\/span><\/p>\t\t\t\t\t\n\t\t\t\t<\/div>\n\t\t\t\t<\/a>\n\t\t\t<\/div>\n\t\t\t<div class=\"grid-item col-md-3 col-sm-4 col-xs-6 \">\n\t\t\t\t<a href=\"https:\/\/citius-s.com\/wp-content\/uploads\/2020\/01\/special_disable1_ramp_van-2.jpg\" data-original=\"https:\/\/citius-s.com\/wp-content\/uploads\/2020\/01\/special_disable1_ramp_van-2.jpg\" style=\"background-image: url(https:\/\/citius-s.com\/wp-content\/themes\/citius\/lib\/img\/no-photo.png);\" class=\"fancybox\" data-fancybox=\"gallery\">\n\t\t\t\t<div class=\"caption\">\n\t\t\t\t\t<div class=\"bg\"><\/div>\n\t\t\t\t\t<h3>\u0423\u0432\u0435\u043b\u0438\u0447\u0438\u0442\u044c<\/h3>\n\t\t\t\t\t<p><span class=\"glyphicon glyphicon-eye-open\"><\/span><\/p>\t\t\t\t\t\n\t\t\t\t<\/div>\n\t\t\t\t<\/a>\n\t\t\t<\/div>\n\t\t\t<div class=\"grid-item col-md-3 col-sm-4 col-xs-6 \">\n\t\t\t\t<a href=\"https:\/\/citius-s.com\/wp-content\/uploads\/2020\/01\/special_disable1_ramp_van-1.jpg\" data-original=\"https:\/\/citius-s.com\/wp-content\/uploads\/2020\/01\/special_disable1_ramp_van-1.jpg\" style=\"background-image: url(https:\/\/citius-s.com\/wp-content\/themes\/citius\/lib\/img\/no-photo.png);\" class=\"fancybox\" data-fancybox=\"gallery\">\n\t\t\t\t<div class=\"caption\">\n\t\t\t\t\t<div class=\"bg\"><\/div>\n\t\t\t\t\t<h3>\u0423\u0432\u0435\u043b\u0438\u0447\u0438\u0442\u044c<\/h3>\n\t\t\t\t\t<p><span class=\"glyphicon glyphicon-eye-open\"><\/span><\/p>\t\t\t\t\t\n\t\t\t\t<\/div>\n\t\t\t\t<\/a>\n\t\t\t<\/div>\n\t\t\t<div class=\"grid-item col-md-3 col-sm-4 col-xs-6 \">\n\t\t\t\t<a href=\"https:\/\/citius-s.com\/wp-content\/uploads\/2020\/01\/special_disable1_ramp_van-3.jpg\" data-original=\"https:\/\/citius-s.com\/wp-content\/uploads\/2020\/01\/special_disable1_ramp_van-3.jpg\" style=\"background-image: url(https:\/\/citius-s.com\/wp-content\/themes\/citius\/lib\/img\/no-photo.png);\" class=\"fancybox\" data-fancybox=\"gallery\">\n\t\t\t\t<div class=\"caption\">\n\t\t\t\t\t<div class=\"bg\"><\/div>\n\t\t\t\t\t<h3>\u0423\u0432\u0435\u043b\u0438\u0447\u0438\u0442\u044c<\/h3>\n\t\t\t\t\t<p><span class=\"glyphicon glyphicon-eye-open\"><\/span><\/p>\t\t\t\t\t\n\t\t\t\t<\/div>\n\t\t\t\t<\/a>\n\t\t\t<\/div>\n\t\t\t<div class=\"grid-item col-md-3 col-sm-4 col-xs-6 \">\n\t\t\t\t<a href=\"https:\/\/citius-s.com\/wp-content\/uploads\/2020\/01\/special_disable1_ramp_bus-3.jpg\" data-original=\"https:\/\/citius-s.com\/wp-content\/uploads\/2020\/01\/special_disable1_ramp_bus-3-768x576.jpg\" style=\"background-image: url(https:\/\/citius-s.com\/wp-content\/themes\/citius\/lib\/img\/no-photo.png);\" class=\"fancybox\" data-fancybox=\"gallery\">\n\t\t\t\t<div class=\"caption\">\n\t\t\t\t\t<div class=\"bg\"><\/div>\n\t\t\t\t\t<h3>\u0423\u0432\u0435\u043b\u0438\u0447\u0438\u0442\u044c<\/h3>\n\t\t\t\t\t<p><span class=\"glyphicon glyphicon-eye-open\"><\/span><\/p>\t\t\t\t\t\n\t\t\t\t<\/div>\n\t\t\t\t<\/a>\n\t\t\t<\/div>\n\t\t\t<div class=\"grid-item col-md-3 col-sm-4 col-xs-6 \">\n\t\t\t\t<a href=\"https:\/\/citius-s.com\/wp-content\/uploads\/2020\/01\/special_disable1_ramp_bus-4.jpg\" data-original=\"https:\/\/citius-s.com\/wp-content\/uploads\/2020\/01\/special_disable1_ramp_bus-4.jpg\" style=\"background-image: url(https:\/\/citius-s.com\/wp-content\/themes\/citius\/lib\/img\/no-photo.png);\" class=\"fancybox\" data-fancybox=\"gallery\">\n\t\t\t\t<div class=\"caption\">\n\t\t\t\t\t<div class=\"bg\"><\/div>\n\t\t\t\t\t<h3>\u0423\u0432\u0435\u043b\u0438\u0447\u0438\u0442\u044c<\/h3>\n\t\t\t\t\t<p><span class=\"glyphicon glyphicon-eye-open\"><\/span><\/p>\t\t\t\t\t\n\t\t\t\t<\/div>\n\t\t\t\t<\/a>\n\t\t\t<\/div>\n\t\t\t<div class=\"grid-item col-md-3 col-sm-4 col-xs-6 \">\n\t\t\t\t<a href=\"https:\/\/citius-s.com\/wp-content\/uploads\/2020\/01\/special_disable1_ramp_bus-2.jpg\" data-original=\"https:\/\/citius-s.com\/wp-content\/uploads\/2020\/01\/special_disable1_ramp_bus-2-768x576.jpg\" style=\"background-image: url(https:\/\/citius-s.com\/wp-content\/themes\/citius\/lib\/img\/no-photo.png);\" class=\"fancybox\" data-fancybox=\"gallery\">\n\t\t\t\t<div class=\"caption\">\n\t\t\t\t\t<div class=\"bg\"><\/div>\n\t\t\t\t\t<h3>\u0423\u0432\u0435\u043b\u0438\u0447\u0438\u0442\u044c<\/h3>\n\t\t\t\t\t<p><span class=\"glyphicon glyphicon-eye-open\"><\/span><\/p>\t\t\t\t\t\n\t\t\t\t<\/div>\n\t\t\t\t<\/a>\n\t\t\t<\/div>\n\t\t\t<div class=\"grid-item col-md-3 col-sm-4 col-xs-6 \">\n\t\t\t\t<a href=\"https:\/\/citius-s.com\/wp-content\/uploads\/2020\/01\/special_disable1_ramp_bus-5.jpg\" data-original=\"https:\/\/citius-s.com\/wp-content\/uploads\/2020\/01\/special_disable1_ramp_bus-5-768x576.jpg\" style=\"background-image: url(https:\/\/citius-s.com\/wp-content\/themes\/citius\/lib\/img\/no-photo.png);\" class=\"fancybox\" data-fancybox=\"gallery\">\n\t\t\t\t<div class=\"caption\">\n\t\t\t\t\t<div class=\"bg\"><\/div>\n\t\t\t\t\t<h3>\u0423\u0432\u0435\u043b\u0438\u0447\u0438\u0442\u044c<\/h3>\n\t\t\t\t\t<p><span class=\"glyphicon glyphicon-eye-open\"><\/span><\/p>\t\t\t\t\t\n\t\t\t\t<\/div>\n\t\t\t\t<\/a>\n\t\t\t<\/div>\n\t\t\t<div class=\"grid-item col-md-3 col-sm-4 col-xs-6 \">\n\t\t\t\t<a href=\"https:\/\/citius-s.com\/wp-content\/uploads\/2020\/01\/special_disable1_ramp_bus-7.jpg\" data-original=\"https:\/\/citius-s.com\/wp-content\/uploads\/2020\/01\/special_disable1_ramp_bus-7.jpg\" style=\"background-image: url(https:\/\/citius-s.com\/wp-content\/themes\/citius\/lib\/img\/no-photo.png);\" class=\"fancybox\" data-fancybox=\"gallery\">\n\t\t\t\t<div class=\"caption\">\n\t\t\t\t\t<div class=\"bg\"><\/div>\n\t\t\t\t\t<h3>\u0423\u0432\u0435\u043b\u0438\u0447\u0438\u0442\u044c<\/h3>\n\t\t\t\t\t<p><span class=\"glyphicon glyphicon-eye-open\"><\/span><\/p>\t\t\t\t\t\n\t\t\t\t<\/div>\n\t\t\t\t<\/a>\n\t\t\t<\/div>\n\t\t\t<div class=\"grid-item col-md-3 col-sm-4 col-xs-6 \">\n\t\t\t\t<a href=\"https:\/\/citius-s.com\/wp-content\/uploads\/2020\/01\/special_disable1_ramp_bus-6.jpg\" data-original=\"https:\/\/citius-s.com\/wp-content\/uploads\/2020\/01\/special_disable1_ramp_bus-6-768x576.jpg\" style=\"background-image: url(https:\/\/citius-s.com\/wp-content\/themes\/citius\/lib\/img\/no-photo.png);\" class=\"fancybox\" data-fancybox=\"gallery\">\n\t\t\t\t<div class=\"caption\">\n\t\t\t\t\t<div class=\"bg\"><\/div>\n\t\t\t\t\t<h3>\u0423\u0432\u0435\u043b\u0438\u0447\u0438\u0442\u044c<\/h3>\n\t\t\t\t\t<p><span class=\"glyphicon glyphicon-eye-open\"><\/span><\/p>\t\t\t\t\t\n\t\t\t\t<\/div>\n\t\t\t\t<\/a>\n\t\t\t<\/div>\n\t\t\t<div class=\"grid-item col-md-3 col-sm-4 col-xs-6 \">\n\t\t\t\t<a href=\"https:\/\/citius-s.com\/wp-content\/uploads\/2020\/01\/special_disable1_ramp_bus-8.jpg\" data-original=\"https:\/\/citius-s.com\/wp-content\/uploads\/2020\/01\/special_disable1_ramp_bus-8.jpg\" style=\"background-image: url(https:\/\/citius-s.com\/wp-content\/themes\/citius\/lib\/img\/no-photo.png);\" class=\"fancybox\" data-fancybox=\"gallery\">\n\t\t\t\t<div class=\"caption\">\n\t\t\t\t\t<div class=\"bg\"><\/div>\n\t\t\t\t\t<h3>\u0423\u0432\u0435\u043b\u0438\u0447\u0438\u0442\u044c<\/h3>\n\t\t\t\t\t<p><span class=\"glyphicon glyphicon-eye-open\"><\/span><\/p>\t\t\t\t\t\n\t\t\t\t<\/div>\n\t\t\t\t<\/a>\n\t\t\t<\/div>\n\t\t\t<div class=\"grid-item col-md-3 col-sm-4 col-xs-6 \">\n\t\t\t\t<a href=\"https:\/\/citius-s.com\/wp-content\/uploads\/2020\/01\/special_disable1_ramp_bus-1.jpg\" data-original=\"https:\/\/citius-s.com\/wp-content\/uploads\/2020\/01\/special_disable1_ramp_bus-1-768x576.jpg\" style=\"background-image: url(https:\/\/citius-s.com\/wp-content\/themes\/citius\/lib\/img\/no-photo.png);\" class=\"fancybox\" data-fancybox=\"gallery\">\n\t\t\t\t<div class=\"caption\">\n\t\t\t\t\t<div class=\"bg\"><\/div>\n\t\t\t\t\t<h3>\u0423\u0432\u0435\u043b\u0438\u0447\u0438\u0442\u044c<\/h3>\n\t\t\t\t\t<p><span class=\"glyphicon glyphicon-eye-open\"><\/span><\/p>\t\t\t\t\t\n\t\t\t\t<\/div>\n\t\t\t\t<\/a>\n\t\t\t<\/div>\n\t\t\t<div class=\"grid-item col-md-3 col-sm-4 col-xs-6 \">\n\t\t\t\t<a href=\"https:\/\/citius-s.com\/wp-content\/uploads\/2019\/11\/special_disable1-1-e1579863178627.jpg\" data-original=\"https:\/\/citius-s.com\/wp-content\/uploads\/2019\/11\/special_disable1-1-e1579863178627.jpg\" style=\"background-image: url(https:\/\/citius-s.com\/wp-content\/themes\/citius\/lib\/img\/no-photo.png);\" class=\"fancybox\" data-fancybox=\"gallery\">\n\t\t\t\t<div class=\"caption\">\n\t\t\t\t\t<div class=\"bg\"><\/div>\n\t\t\t\t\t<h3>\u0423\u0432\u0435\u043b\u0438\u0447\u0438\u0442\u044c<\/h3>\n\t\t\t\t\t<p><span class=\"glyphicon glyphicon-eye-open\"><\/span><\/p>\t\t\t\t\t\n\t\t\t\t<\/div>\n\t\t\t\t<\/a>\n\t\t\t<\/div>\n\t\t\t<div class=\"grid-item col-md-3 col-sm-4 col-xs-6 \">\n\t\t\t\t<a href=\"https:\/\/citius-s.com\/wp-content\/uploads\/2019\/11\/special_disable1-8.jpg\" data-original=\"https:\/\/citius-s.com\/wp-content\/uploads\/2019\/11\/special_disable1-8.jpg\" style=\"background-image: url(https:\/\/citius-s.com\/wp-content\/themes\/citius\/lib\/img\/no-photo.png);\" class=\"fancybox\" data-fancybox=\"gallery\">\n\t\t\t\t<div class=\"caption\">\n\t\t\t\t\t<div class=\"bg\"><\/div>\n\t\t\t\t\t<h3>\u0423\u0432\u0435\u043b\u0438\u0447\u0438\u0442\u044c<\/h3>\n\t\t\t\t\t<p><span class=\"glyphicon glyphicon-eye-open\"><\/span><\/p>\t\t\t\t\t\n\t\t\t\t<\/div>\n\t\t\t\t<\/a>\n\t\t\t<\/div>\n\t\t\t<div class=\"grid-item col-md-3 col-sm-4 col-xs-6 \">\n\t\t\t\t<a href=\"https:\/\/citius-s.com\/wp-content\/uploads\/2020\/01\/special_disable10.png\" data-original=\"https:\/\/citius-s.com\/wp-content\/uploads\/2020\/01\/special_disable10.png\" style=\"background-image: url(https:\/\/citius-s.com\/wp-content\/themes\/citius\/lib\/img\/no-photo.png);\" class=\"fancybox\" data-fancybox=\"gallery\">\n\t\t\t\t<div class=\"caption\">\n\t\t\t\t\t<div class=\"bg\"><\/div>\n\t\t\t\t\t<h3>\u0423\u0432\u0435\u043b\u0438\u0447\u0438\u0442\u044c<\/h3>\n\t\t\t\t\t<p><span class=\"glyphicon glyphicon-eye-open\"><\/span><\/p>\t\t\t\t\t\n\t\t\t\t<\/div>\n\t\t\t\t<\/a>\n\t\t\t<\/div>\n\t\t\t<div class=\"grid-item col-md-3 col-sm-4 col-xs-6 \">\n\t\t\t\t<a href=\"https:\/\/citius-s.com\/wp-content\/uploads\/2020\/01\/special_disable11.png\" data-original=\"https:\/\/citius-s.com\/wp-content\/uploads\/2020\/01\/special_disable11.png\" style=\"background-image: url(https:\/\/citius-s.com\/wp-content\/themes\/citius\/lib\/img\/no-photo.png);\" class=\"fancybox\" data-fancybox=\"gallery\">\n\t\t\t\t<div class=\"caption\">\n\t\t\t\t\t<div class=\"bg\"><\/div>\n\t\t\t\t\t<h3>\u0423\u0432\u0435\u043b\u0438\u0447\u0438\u0442\u044c<\/h3>\n\t\t\t\t\t<p><span class=\"glyphicon glyphicon-eye-open\"><\/span><\/p>\t\t\t\t\t\n\t\t\t\t<\/div>\n\t\t\t\t<\/a>\n\t\t\t<\/div>\n\t\t\t<\/div>\n\t\t<\/div>\n\t<\/div>\n","protected":false},"excerpt":{"rendered":"<p>Produkcja laboratori\u00f3w mobilnych. Kup mobilne laboratorium w Ukrainie bezpo\u015brednio z fabryki Citius S<\/p>\n","protected":false},"author":3,"featured_media":2227,"parent":2564,"menu_order":0,"comment_status":"closed","ping_status":"closed","template":"","meta":{"_acf_changed":false,"footnotes":""},"translation":{"provider":"WPGlobus","version":"2.12.2","language":"pl","enabled_languages":["uk","ru","en","de","pl"],"languages":{"uk":{"title":true,"content":true,"excerpt":true},"ru":{"title":true,"content":true,"excerpt":true},"en":{"title":true,"content":true,"excerpt":true},"de":{"title":true,"content":true,"excerpt":true},"pl":{"title":true,"content":true,"excerpt":true}}},"acf":[],"_links":{"self":[{"href":"https:\/\/citius-s.com\/pl\/wp-json\/wp\/v2\/pages\/234"}],"collection":[{"href":"https:\/\/citius-s.com\/pl\/wp-json\/wp\/v2\/pages"}],"about":[{"href":"https:\/\/citius-s.com\/pl\/wp-json\/wp\/v2\/types\/page"}],"author":[{"embeddable":true,"href":"https:\/\/citius-s.com\/pl\/wp-json\/wp\/v2\/users\/3"}],"replies":[{"embeddable":true,"href":"https:\/\/citius-s.com\/pl\/wp-json\/wp\/v2\/comments?post=234"}],"version-history":[{"count":102,"href":"https:\/\/citius-s.com\/pl\/wp-json\/wp\/v2\/pages\/234\/revisions"}],"predecessor-version":[{"id":3701,"href":"https:\/\/citius-s.com\/pl\/wp-json\/wp\/v2\/pages\/234\/revisions\/3701"}],"up":[{"embeddable":true,"href":"https:\/\/citius-s.com\/pl\/wp-json\/wp\/v2\/pages\/2564"}],"wp:featuredmedia":[{"embeddable":true,"href":"https:\/\/citius-s.com\/pl\/wp-json\/wp\/v2\/media\/2227"}],"wp:attachment":[{"href":"https:\/\/citius-s.com\/pl\/wp-json\/wp\/v2\/media?parent=234"}],"curies":[{"name":"wp","href":"https:\/\/api.w.org\/{rel}","templated":true}]}}