{"id":2248,"date":"2021-01-09T15:52:46","date_gmt":"2021-01-09T12:52:46","guid":{"rendered":"https:\/\/citius-s.com\/?page_id=2248"},"modified":"2024-02-21T01:43:58","modified_gmt":"2024-02-20T22:43:58","slug":"kommercheskie-avtomobili","status":"publish","type":"page","link":"https:\/\/citius-s.com\/pl\/catalog\/kommercheskie-avtomobili\/","title":{"rendered":"POJAZD KOMERCYJNY"},"content":{"rendered":"<h3 style=\"text-align: left;\"><a href=\"https:\/\/citius-s.com\/izotermicheskie-furgony\/\">Ci\u0119\u017car\u00f3wka ch\u0142odnia<\/a><\/h3>\n<p><a href=\"https:\/\/citius-s.com\/izotermicheskie-furgony\/\"><img loading=\"lazy\" decoding=\"async\" class=\"aligncenter wp-image-3079 size-full\" src=\"https:\/\/citius-s.com\/wp-content\/uploads\/2021\/06\/kommercheskie-holodilniki-vwt6-11.jpg\" alt=\"\" width=\"720\" height=\"360\" srcset=\"https:\/\/citius-s.com\/wp-content\/uploads\/2021\/06\/kommercheskie-holodilniki-vwt6-11.jpg 720w, https:\/\/citius-s.com\/wp-content\/uploads\/2021\/06\/kommercheskie-holodilniki-vwt6-11-300x150.jpg 300w, https:\/\/citius-s.com\/wp-content\/uploads\/2021\/06\/kommercheskie-holodilniki-vwt6-11-24x12.jpg 24w, https:\/\/citius-s.com\/wp-content\/uploads\/2021\/06\/kommercheskie-holodilniki-vwt6-11-36x18.jpg 36w, https:\/\/citius-s.com\/wp-content\/uploads\/2021\/06\/kommercheskie-holodilniki-vwt6-11-48x24.jpg 48w\" sizes=\"(max-width: 720px) 100vw, 720px\" \/><\/a><\/p>\n<ul>\n<li>\n<h4>minibusy pasa\u017cerskie \u2014 do 8 miejsc<\/h4>\n<\/li>\n<li>\n<h4>samochody ci\u0119\u017carowe i osobowe<\/h4>\n<\/li>\n<li>\n<h4>samochody dostawcze przemys\u0142owe<\/h4>\n<\/li>\n<li>\n<h4>samochody dostawcze piekarnicze<\/h4>\n<\/li>\n<li>\n<h4>ci\u0119\u017car\u00f3wki do przewozu mleka<\/h4>\n<\/li>\n<li>\n<h4>mobilna kawiarnia<\/h4>\n<\/li>\n<li>\n<h4>food truck<\/h4>\n<\/li>\n<li>\n<h4>mobilna wulkanizacja<\/h4>\n<\/li>\n<\/ul>\n<h2 style=\"text-align: center;\">Pojazd komercyjny \u2014 produkcja na bazie samochod\u00f3w dostawczych nowych i u\u017cywanych<\/h2>\n<p><strong>tryjska fabryka pojazd\u00f3w specjalnych Citius S<\/strong> oferuje kompleksowe us\u0142ugi w  <strong>zakresie sprzeda\u017cy, profesjonalnej konwersji i modernizacji pojazd\u00f3w u\u017cytkowych.<\/strong><\/p>\n<p><strong>Zak\u0142ad\u00a0<\/strong> &#8220;<strong>Citius S&#8221;<\/strong> jest certyfikowanym producentem pojazd\u00f3w, produkuj\u0105cym samochody specjalistyczne od 1991 roku.<br \/>\nU nas  <strong> kupisz nowy samoch\u00f3d z gwarancj\u0105 na 24 miesi\u0105ce\/100 tys. km <\/strong> km przebiegu i zleci\u0107 jego przer\u00f3bk\u0119.<\/p>\n<p>Lub, je\u015bli posiadasz ju\u017c u\u017cywany samoch\u00f3d, przekszta\u0142\u0107 go na potrzeby swojej firmy.<\/p>\n<p><strong>Czas pracy wynosi od 10 dni<\/strong> (w zale\u017cno\u015bci od rodzaju pracy i dost\u0119pno\u015bci samochodu podstawowego).<\/p>\n<p>Cena uzale\u017cniona jest od wybranej konfiguracji i zakresu prac.<\/p>\n<h3 style=\"text-align: center;\"><a href=\"https:\/\/citius-s.com\/contacts\/\">ZAPYTAJ O CEN\u0118 SAMOCHODU<\/a><\/h3>\n<h3 style=\"text-align: center;\"><strong>\u041dNasza polityka cenowa \u2014 \u201enajwy\u017csza jako\u015b\u0107 i rozs\u0105dna cena\u201d.<\/strong><\/h3>\n<h3 style=\"text-align: center;\"><em>Bezpo\u015bredni numer telefonu menad\u017cera kierunku<\/em>\u00a0<a style=\"font-size: 16px;\" href=\"tel:+380664189919\">+380 66 418 99 19<\/a><\/h3>\n<h3 style=\"text-align: center;\"><a href=\"https:\/\/citius-s.com\/catalog\/\">\u00a0\u00a0KATALOG WSZYSTKICH PRODUKT\u00d3W\u00a0\u00a0<\/a><\/h3>\n<p><strong><em>Zgodnie z zadaniami Twojej firmy mo\u017cemy wykona\u0107:<\/em><\/strong><\/p>\n<ul>\n<li>wysokiej jako\u015bci przekszta\u0142cenie ca\u0142kowicie metalowego samochodu dostawczego na minibus<\/li>\n<li>przeszklenia salon\u00f3w<\/li>\n<li>zamontowa\u0107 siedzenia (od prostych po kompaktowe, z\u0142o\u017cone lub wr\u0119cz przeciwnie, o podwy\u017cszonym komforcie)<\/li>\n<li>plastikow\u0105 przegrod\u0119 przedzia\u0142u \u0142adunkowo-pasa\u017cerskiego<\/li>\n<li>instalacj\u0119 klimatyzator\u00f3w i agregat\u00f3w ch\u0142odniczych<\/li>\n<li>instalacj\u0119 grzejnik\u00f3w autonomicznych<\/li>\n<li>instalacj\u0119 dodatkowego wyposa\u017cenia (rega\u0142y, ok\u0142adziny przestrzeni \u0142adunkowej, mocowania, sprz\u0119t handlowy itp.)<\/li>\n<li>przer\u00f3bki cz\u0119\u015bci karoserii, wn\u0119trza, kabiny<\/li>\n<li>instalacj\u0119 osprz\u0119tu i akcesori\u00f3w<\/li>\n<li>izolacj\u0119 ciepln\u0105, akustyczn\u0105 i wibracyjn\u0105 nadwozia<\/li>\n<li>produkcj\u0119 dodatkowych podn\u00f3\u017ck\u00f3w, zderzak\u00f3w, konstrukcji mocy<\/li>\n<li>branding i prace projektowe zewn\u0119trzne (specjalna kolorystyka, urz\u0105dzenia \u015bwietlne i d\u017awi\u0119kowe)<\/li>\n<\/ul>\n<p>Przebudowa przeprowadzana jest przy maksymalnym uwzgl\u0119dnieniu \u017cycze\u0144 klienta, zgodnie z wymogami bezpiecze\u0144stwa i obowi\u0105zuj\u0105cymi przepisami.<\/p>\n<p>Produkcja i siedziba znajduj\u0105 si\u0119 w <strong>\u043cmie\u015bcie Stryj, Obw\u00f3d lwowski.\u00a0\u00a0<\/strong><\/p>\n<p><strong>Gwarancja na wszystkie prace fabryczne \u2014 24 miesi\u0105ce\/100 tys. km <\/strong> przebiegu Gwarancja na nowe pojazdy u\u017cytkowe marek Volkswagen, Mercedes, Renault obs\u0142ugiwana jest przez centrum serwisowe tych marek.<\/p>\n<h3 style=\"text-align: center;\"><a href=\"https:\/\/citius-s.com\/contacts\/\">KONTAKT<\/a><\/h3>\n","protected":false},"excerpt":{"rendered":"<p>Produkcja, sprzeda\u017c, naprawa pancernych \u2014 kuloodpornych szyb samochodowych \u2013 zak\u0142ad \u201eCitius S\u201d Sp. z o.o. Sprzeda\u017c w Ukrainie, eksport. Produkcja certyfikowana, 2 lata gwarancji.<\/p>\n","protected":false},"author":2,"featured_media":2235,"parent":2564,"menu_order":0,"comment_status":"closed","ping_status":"closed","template":"","meta":{"_acf_changed":false,"footnotes":""},"translation":{"provider":"WPGlobus","version":"2.12.2","language":"pl","enabled_languages":["uk","ru","en","de","pl"],"languages":{"uk":{"title":true,"content":true,"excerpt":true},"ru":{"title":true,"content":false,"excerpt":true},"en":{"title":true,"content":false,"excerpt":true},"de":{"title":true,"content":true,"excerpt":true},"pl":{"title":true,"content":true,"excerpt":true}}},"acf":[],"_links":{"self":[{"href":"https:\/\/citius-s.com\/pl\/wp-json\/wp\/v2\/pages\/2248"}],"collection":[{"href":"https:\/\/citius-s.com\/pl\/wp-json\/wp\/v2\/pages"}],"about":[{"href":"https:\/\/citius-s.com\/pl\/wp-json\/wp\/v2\/types\/page"}],"author":[{"embeddable":true,"href":"https:\/\/citius-s.com\/pl\/wp-json\/wp\/v2\/users\/2"}],"replies":[{"embeddable":true,"href":"https:\/\/citius-s.com\/pl\/wp-json\/wp\/v2\/comments?post=2248"}],"version-history":[{"count":73,"href":"https:\/\/citius-s.com\/pl\/wp-json\/wp\/v2\/pages\/2248\/revisions"}],"predecessor-version":[{"id":3572,"href":"https:\/\/citius-s.com\/pl\/wp-json\/wp\/v2\/pages\/2248\/revisions\/3572"}],"up":[{"embeddable":true,"href":"https:\/\/citius-s.com\/pl\/wp-json\/wp\/v2\/pages\/2564"}],"wp:featuredmedia":[{"embeddable":true,"href":"https:\/\/citius-s.com\/pl\/wp-json\/wp\/v2\/media\/2235"}],"wp:attachment":[{"href":"https:\/\/citius-s.com\/pl\/wp-json\/wp\/v2\/media?parent=2248"}],"curies":[{"name":"wp","href":"https:\/\/api.w.org\/{rel}","templated":true}]}}