{"id":18,"date":"2019-11-13T23:31:39","date_gmt":"2019-11-13T20:31:39","guid":{"rendered":"https:\/\/citius-s.com\/?page_id=18"},"modified":"2025-08-13T09:36:20","modified_gmt":"2025-08-13T06:36:20","slug":"about","status":"publish","type":"page","link":"https:\/\/citius-s.com\/pl\/about\/","title":{"rendered":"O FABRYCE Citius S"},"content":{"rendered":"<h2 style=\"text-align: center;\"><strong>Citius \u2014 samochody specjalne!<\/strong><\/h2>\n<p>Opowiedzie\u0107 o naszej firmie w kilku s\u0142owach?<\/p>\n<p>\u0141atwo! Citius S Sp. z o.o. to firma, przedsi\u0119biorstwo oferuj\u0105ce na rynku swoje produkty \u2014 samochody specjalne.<\/p>\n<p>Poza tym Citius to 30 lat \u017cycia swojego tw\u00f3rcy, Oleksii Serov, ulubiona praca 70 os\u00f3b na rynku pracy i tysi\u0105ce zbudowanych unikalnych maszyn.<\/p>\n<p>W 1991 roku, kiedy wszystko dopiero si\u0119 zaczyna\u0142o, istnia\u0142 jedynie pomys\u0142, marzenie o biznesie w europejskim stylu u siebie i bezgraniczny, ma\u0142o wspierany entuzjazm za\u0142o\u017cycieli.<\/p>\n<p>Dzi\u015b mamy w\u0142asne terytorium, unikalny sprz\u0119t, transport, wszelkie pozwolenia i zesp\u00f3\u0142 fachowc\u00f3w, kt\u00f3rzy wiedz\u0105 jak i lubi\u0105 pracowa\u0107.<\/p>\n<p>Droga od pomys\u0142u do faktycznie dzia\u0142aj\u0105cej fabryki samochod\u00f3w by\u0142a ciernista, ale \u201ew czasie burzy tylko r\u0119ce rosn\u0105 w si\u0142\u0119\u201d i \u2026 zesp\u00f3\u0142 zostanie sprawdzony.<\/p>\n<p>Od prawie 30 lat zamieniamy zwyk\u0142e samochody w wyj\u0105tkowe \u2014 samochody opancerzone, karetki pogotowia, autobusy, tworz\u0105c samochody luksusowe lub czysto praktyczne.<\/p>\n<p>Zarabiamy produkuj\u0105c wysokiej jako\u015bci i ciekawe samochody. To zawsze nie jest \u0142atwe, ale nigdy nie wycofujemy si\u0119 z zamierzonego celu. Mo\u017ce nie zmienimy \u015bwiata jak Google, ale zmienimy Tw\u00f3j samoch\u00f3d w spos\u00f3b, kt\u00f3ry sprawi Ci rado\u015b\u0107!<\/p>\n<div style=\"text-align: center;\"><iframe loading=\"lazy\" src=\"https:\/\/www.youtube.com\/embed\/videoseries?list=PLwYjXxajGIbzPEzcmI0syu9fWf7OUDTlb\" width=\"560\" height=\"315\" frameborder=\"0\" allowfullscreen=\"allowfullscreen\"><\/iframe><\/div>\n<p style=\"text-align: center;\"><strong>Nasze atuty:<\/strong><\/p>\n<ul>\n<li><strong>Gwarancja.<\/strong> \u201eCitius S\u201d Sp. z o.o. \u2014 centrum multivendorowy.  <strong>Jeste\u015bmy oficjalnie autoryzowani przez Volkswagen, Mercedes, Renault. <\/strong>Posiadamy wszelkie uprawnienia do opancerzenia i przebudowy samochod\u00f3w tych marek z zachowaniem gwarancji producenta. W przypadku innych marek wsp\u00f3\u0142pracujemy z centrami serwisowymi tych marek, dzi\u0119ki czemu nasze problemy serwisowe s\u0105 rozwi\u0105zywane szybciej ni\u017c przeci\u0119tne.<\/li>\n<li><strong> Do\u015bwiadczenie.<\/strong> Nasze wieloletnie, pe\u0142ne sukces\u00f3w do\u015bwiadczenie pozwala nam wybra\u0107 dla Ciebie optymalne rozwi\u0105zania specjalnie dla Twoich zada\u0144 i pom\u00f3c w rozwi\u0105zaniu niekt\u00f3rych problem\u00f3w, kt\u00f3re pojawi\u0142y si\u0119 w Twoim samochodzie.<\/li>\n<li><strong>Polityka cenowa.<\/strong> Dbamy o to, aby nasze ceny by\u0142y zawsze konkurencyjne i przyst\u0119pne. Je\u015bli nagle znajdziesz ni\u017csz\u0105 cen\u0119, nie wahaj si\u0119 wyja\u015bni\u0107, z czego si\u0119 ona sk\u0142ada. Cz\u0119sto ten sam problem mo\u017cna rozwi\u0105za\u0107 na kilka sposob\u00f3w, kt\u00f3re wi\u0105\u017c\u0105 si\u0119 z r\u00f3\u017cnymi kosztami, ale nie zapominaj o r\u00f3\u017cnicy w jako\u015bci i trwa\u0142o\u015bci wynik\u00f3w. Robimy to naprawd\u0119 dobrze i praca kosztuje tyle, ile faktycznie kosztuje \u2014 nie taniej.<\/li>\n<li><strong>Serwis pogwarancyjny i naprawa..<\/strong> <strong>Gwarancja<\/strongna przerobiony pojazd wynosi\u00a0<strong>24 miesi\u0105ce. <\/strong>Masz problem po wyga\u015bni\u0119ciu gwarancji? Skontaktuj si\u0119 z naszymi menad\u017cerami. Pomo\u017cemy!<strong>\u00a0<\/strong><\/li>\n<\/ul>\n\n\t<div class=\"row gallery\">\n\t\t<div class=\"col-sm-12 gallery_filter\">\n\t\t\t<div class=\"form-group\">\n\t\t\t\t\n\t\t\t<\/div>\t\n\t\t<\/div>\n\t\t<div class=\"col-sm-12\">\n\t\t\t<div class=\"row grid\">\t\n\t\t\t\t\n\t\t\t<div class=\"grid-item col-md-3 col-sm-4 col-xs-6 \">\n\t\t\t\t<a href=\"https:\/\/citius-s.com\/wp-content\/uploads\/2019\/11\/about_company-22.jpg\" data-original=\"https:\/\/citius-s.com\/wp-content\/uploads\/2019\/11\/about_company-22-768x512.jpg\" style=\"background-image: url(https:\/\/citius-s.com\/wp-content\/themes\/citius\/lib\/img\/no-photo.png);\" class=\"fancybox\" data-fancybox=\"gallery\">\n\t\t\t\t<div class=\"caption\">\n\t\t\t\t\t<div class=\"bg\"><\/div>\n\t\t\t\t\t<h3>\u0423\u0432\u0435\u043b\u0438\u0447\u0438\u0442\u044c<\/h3>\n\t\t\t\t\t<p><span class=\"glyphicon glyphicon-eye-open\"><\/span><\/p>\t\t\t\t\t\n\t\t\t\t<\/div>\n\t\t\t\t<\/a>\n\t\t\t<\/div>\n\t\t\t<div class=\"grid-item col-md-3 col-sm-4 col-xs-6 \">\n\t\t\t\t<a href=\"https:\/\/citius-s.com\/wp-content\/uploads\/2019\/11\/about_company-3.jpg\" data-original=\"https:\/\/citius-s.com\/wp-content\/uploads\/2019\/11\/about_company-3-768x503.jpg\" style=\"background-image: url(https:\/\/citius-s.com\/wp-content\/themes\/citius\/lib\/img\/no-photo.png);\" class=\"fancybox\" data-fancybox=\"gallery\">\n\t\t\t\t<div class=\"caption\">\n\t\t\t\t\t<div class=\"bg\"><\/div>\n\t\t\t\t\t<h3>\u0423\u0432\u0435\u043b\u0438\u0447\u0438\u0442\u044c<\/h3>\n\t\t\t\t\t<p><span class=\"glyphicon glyphicon-eye-open\"><\/span><\/p>\t\t\t\t\t\n\t\t\t\t<\/div>\n\t\t\t\t<\/a>\n\t\t\t<\/div>\n\t\t\t<div class=\"grid-item col-md-3 col-sm-4 col-xs-6 \">\n\t\t\t\t<a href=\"https:\/\/citius-s.com\/wp-content\/uploads\/2019\/11\/about_company-10.jpg\" data-original=\"https:\/\/citius-s.com\/wp-content\/uploads\/2019\/11\/about_company-10-768x476.jpg\" style=\"background-image: url(https:\/\/citius-s.com\/wp-content\/themes\/citius\/lib\/img\/no-photo.png);\" class=\"fancybox\" data-fancybox=\"gallery\">\n\t\t\t\t<div class=\"caption\">\n\t\t\t\t\t<div class=\"bg\"><\/div>\n\t\t\t\t\t<h3>\u0423\u0432\u0435\u043b\u0438\u0447\u0438\u0442\u044c<\/h3>\n\t\t\t\t\t<p><span class=\"glyphicon glyphicon-eye-open\"><\/span><\/p>\t\t\t\t\t\n\t\t\t\t<\/div>\n\t\t\t\t<\/a>\n\t\t\t<\/div>\n\t\t\t<div class=\"grid-item col-md-3 col-sm-4 col-xs-6 \">\n\t\t\t\t<a href=\"https:\/\/citius-s.com\/wp-content\/uploads\/2020\/11\/about_company-2.jpg\" data-original=\"https:\/\/citius-s.com\/wp-content\/uploads\/2020\/11\/about_company-2-768x432.jpg\" style=\"background-image: url(https:\/\/citius-s.com\/wp-content\/themes\/citius\/lib\/img\/no-photo.png);\" class=\"fancybox\" data-fancybox=\"gallery\">\n\t\t\t\t<div class=\"caption\">\n\t\t\t\t\t<div class=\"bg\"><\/div>\n\t\t\t\t\t<h3>\u0423\u0432\u0435\u043b\u0438\u0447\u0438\u0442\u044c<\/h3>\n\t\t\t\t\t<p><span class=\"glyphicon glyphicon-eye-open\"><\/span><\/p>\t\t\t\t\t\n\t\t\t\t<\/div>\n\t\t\t\t<\/a>\n\t\t\t<\/div>\n\t\t\t<div class=\"grid-item col-md-3 col-sm-4 col-xs-6 \">\n\t\t\t\t<a href=\"https:\/\/citius-s.com\/wp-content\/uploads\/2019\/11\/about_company-11.jpg\" data-original=\"https:\/\/citius-s.com\/wp-content\/uploads\/2019\/11\/about_company-11-768x503.jpg\" style=\"background-image: url(https:\/\/citius-s.com\/wp-content\/themes\/citius\/lib\/img\/no-photo.png);\" class=\"fancybox\" data-fancybox=\"gallery\">\n\t\t\t\t<div class=\"caption\">\n\t\t\t\t\t<div class=\"bg\"><\/div>\n\t\t\t\t\t<h3>\u0423\u0432\u0435\u043b\u0438\u0447\u0438\u0442\u044c<\/h3>\n\t\t\t\t\t<p><span class=\"glyphicon glyphicon-eye-open\"><\/span><\/p>\t\t\t\t\t\n\t\t\t\t<\/div>\n\t\t\t\t<\/a>\n\t\t\t<\/div>\n\t\t\t<div class=\"grid-item col-md-3 col-sm-4 col-xs-6 \">\n\t\t\t\t<a href=\"https:\/\/citius-s.com\/wp-content\/uploads\/2019\/11\/about_company-7.jpg\" data-original=\"https:\/\/citius-s.com\/wp-content\/uploads\/2019\/11\/about_company-7-768x512.jpg\" style=\"background-image: url(https:\/\/citius-s.com\/wp-content\/themes\/citius\/lib\/img\/no-photo.png);\" class=\"fancybox\" data-fancybox=\"gallery\">\n\t\t\t\t<div class=\"caption\">\n\t\t\t\t\t<div class=\"bg\"><\/div>\n\t\t\t\t\t<h3>\u0423\u0432\u0435\u043b\u0438\u0447\u0438\u0442\u044c<\/h3>\n\t\t\t\t\t<p><span class=\"glyphicon glyphicon-eye-open\"><\/span><\/p>\t\t\t\t\t\n\t\t\t\t<\/div>\n\t\t\t\t<\/a>\n\t\t\t<\/div>\n\t\t\t<div class=\"grid-item col-md-3 col-sm-4 col-xs-6 \">\n\t\t\t\t<a href=\"https:\/\/citius-s.com\/wp-content\/uploads\/2019\/11\/about_company-28.jpg\" data-original=\"https:\/\/citius-s.com\/wp-content\/uploads\/2019\/11\/about_company-28.jpg\" style=\"background-image: url(https:\/\/citius-s.com\/wp-content\/themes\/citius\/lib\/img\/no-photo.png);\" class=\"fancybox\" data-fancybox=\"gallery\">\n\t\t\t\t<div class=\"caption\">\n\t\t\t\t\t<div class=\"bg\"><\/div>\n\t\t\t\t\t<h3>\u0423\u0432\u0435\u043b\u0438\u0447\u0438\u0442\u044c<\/h3>\n\t\t\t\t\t<p><span class=\"glyphicon glyphicon-eye-open\"><\/span><\/p>\t\t\t\t\t\n\t\t\t\t<\/div>\n\t\t\t\t<\/a>\n\t\t\t<\/div>\n\t\t\t<div class=\"grid-item col-md-3 col-sm-4 col-xs-6 \">\n\t\t\t\t<a href=\"https:\/\/citius-s.com\/wp-content\/uploads\/2019\/11\/about_company-6.jpg\" data-original=\"https:\/\/citius-s.com\/wp-content\/uploads\/2019\/11\/about_company-6-768x512.jpg\" style=\"background-image: url(https:\/\/citius-s.com\/wp-content\/themes\/citius\/lib\/img\/no-photo.png);\" class=\"fancybox\" data-fancybox=\"gallery\">\n\t\t\t\t<div class=\"caption\">\n\t\t\t\t\t<div class=\"bg\"><\/div>\n\t\t\t\t\t<h3>\u0423\u0432\u0435\u043b\u0438\u0447\u0438\u0442\u044c<\/h3>\n\t\t\t\t\t<p><span class=\"glyphicon glyphicon-eye-open\"><\/span><\/p>\t\t\t\t\t\n\t\t\t\t<\/div>\n\t\t\t\t<\/a>\n\t\t\t<\/div>\n\t\t\t<div class=\"grid-item col-md-3 col-sm-4 col-xs-6 \">\n\t\t\t\t<a href=\"https:\/\/citius-s.com\/wp-content\/uploads\/2019\/11\/about_company-12.jpg\" data-original=\"https:\/\/citius-s.com\/wp-content\/uploads\/2019\/11\/about_company-12-768x575.jpg\" style=\"background-image: url(https:\/\/citius-s.com\/wp-content\/themes\/citius\/lib\/img\/no-photo.png);\" class=\"fancybox\" data-fancybox=\"gallery\">\n\t\t\t\t<div class=\"caption\">\n\t\t\t\t\t<div class=\"bg\"><\/div>\n\t\t\t\t\t<h3>\u0423\u0432\u0435\u043b\u0438\u0447\u0438\u0442\u044c<\/h3>\n\t\t\t\t\t<p><span class=\"glyphicon glyphicon-eye-open\"><\/span><\/p>\t\t\t\t\t\n\t\t\t\t<\/div>\n\t\t\t\t<\/a>\n\t\t\t<\/div>\n\t\t\t<div class=\"grid-item col-md-3 col-sm-4 col-xs-6 \">\n\t\t\t\t<a href=\"https:\/\/citius-s.com\/wp-content\/uploads\/2019\/11\/about_company-14.jpg\" data-original=\"https:\/\/citius-s.com\/wp-content\/uploads\/2019\/11\/about_company-14-768x512.jpg\" style=\"background-image: url(https:\/\/citius-s.com\/wp-content\/themes\/citius\/lib\/img\/no-photo.png);\" class=\"fancybox\" data-fancybox=\"gallery\">\n\t\t\t\t<div class=\"caption\">\n\t\t\t\t\t<div class=\"bg\"><\/div>\n\t\t\t\t\t<h3>\u0423\u0432\u0435\u043b\u0438\u0447\u0438\u0442\u044c<\/h3>\n\t\t\t\t\t<p><span class=\"glyphicon glyphicon-eye-open\"><\/span><\/p>\t\t\t\t\t\n\t\t\t\t<\/div>\n\t\t\t\t<\/a>\n\t\t\t<\/div>\n\t\t\t<div class=\"grid-item col-md-3 col-sm-4 col-xs-6 \">\n\t\t\t\t<a href=\"https:\/\/citius-s.com\/wp-content\/uploads\/2019\/11\/about_company-13.jpg\" data-original=\"https:\/\/citius-s.com\/wp-content\/uploads\/2019\/11\/about_company-13.jpg\" style=\"background-image: url(https:\/\/citius-s.com\/wp-content\/themes\/citius\/lib\/img\/no-photo.png);\" class=\"fancybox\" data-fancybox=\"gallery\">\n\t\t\t\t<div class=\"caption\">\n\t\t\t\t\t<div class=\"bg\"><\/div>\n\t\t\t\t\t<h3>\u0423\u0432\u0435\u043b\u0438\u0447\u0438\u0442\u044c<\/h3>\n\t\t\t\t\t<p><span class=\"glyphicon glyphicon-eye-open\"><\/span><\/p>\t\t\t\t\t\n\t\t\t\t<\/div>\n\t\t\t\t<\/a>\n\t\t\t<\/div>\n\t\t\t<div class=\"grid-item col-md-3 col-sm-4 col-xs-6 \">\n\t\t\t\t<a href=\"https:\/\/citius-s.com\/wp-content\/uploads\/2019\/11\/about_company-4.jpg\" data-original=\"https:\/\/citius-s.com\/wp-content\/uploads\/2019\/11\/about_company-4-768x576.jpg\" style=\"background-image: url(https:\/\/citius-s.com\/wp-content\/themes\/citius\/lib\/img\/no-photo.png);\" class=\"fancybox\" data-fancybox=\"gallery\">\n\t\t\t\t<div class=\"caption\">\n\t\t\t\t\t<div class=\"bg\"><\/div>\n\t\t\t\t\t<h3>\u0423\u0432\u0435\u043b\u0438\u0447\u0438\u0442\u044c<\/h3>\n\t\t\t\t\t<p><span class=\"glyphicon glyphicon-eye-open\"><\/span><\/p>\t\t\t\t\t\n\t\t\t\t<\/div>\n\t\t\t\t<\/a>\n\t\t\t<\/div>\n\t\t\t<div class=\"grid-item col-md-3 col-sm-4 col-xs-6 \">\n\t\t\t\t<a href=\"https:\/\/citius-s.com\/wp-content\/uploads\/2019\/11\/about_company-5.jpg\" data-original=\"https:\/\/citius-s.com\/wp-content\/uploads\/2019\/11\/about_company-5.jpg\" style=\"background-image: url(https:\/\/citius-s.com\/wp-content\/themes\/citius\/lib\/img\/no-photo.png);\" class=\"fancybox\" data-fancybox=\"gallery\">\n\t\t\t\t<div class=\"caption\">\n\t\t\t\t\t<div class=\"bg\"><\/div>\n\t\t\t\t\t<h3>\u0423\u0432\u0435\u043b\u0438\u0447\u0438\u0442\u044c<\/h3>\n\t\t\t\t\t<p><span class=\"glyphicon glyphicon-eye-open\"><\/span><\/p>\t\t\t\t\t\n\t\t\t\t<\/div>\n\t\t\t\t<\/a>\n\t\t\t<\/div>\n\t\t\t<div class=\"grid-item col-md-3 col-sm-4 col-xs-6 \">\n\t\t\t\t<a href=\"https:\/\/citius-s.com\/wp-content\/uploads\/2019\/11\/about_company-18-rotated.jpg\" data-original=\"https:\/\/citius-s.com\/wp-content\/uploads\/2019\/11\/about_company-18-rotated.jpg\" style=\"background-image: url(https:\/\/citius-s.com\/wp-content\/themes\/citius\/lib\/img\/no-photo.png);\" class=\"fancybox\" data-fancybox=\"gallery\">\n\t\t\t\t<div class=\"caption\">\n\t\t\t\t\t<div class=\"bg\"><\/div>\n\t\t\t\t\t<h3>\u0423\u0432\u0435\u043b\u0438\u0447\u0438\u0442\u044c<\/h3>\n\t\t\t\t\t<p><span class=\"glyphicon glyphicon-eye-open\"><\/span><\/p>\t\t\t\t\t\n\t\t\t\t<\/div>\n\t\t\t\t<\/a>\n\t\t\t<\/div>\n\t\t\t<div class=\"grid-item col-md-3 col-sm-4 col-xs-6 \">\n\t\t\t\t<a href=\"https:\/\/citius-s.com\/wp-content\/uploads\/2019\/11\/about_company-16.jpg\" data-original=\"https:\/\/citius-s.com\/wp-content\/uploads\/2019\/11\/about_company-16.jpg\" style=\"background-image: url(https:\/\/citius-s.com\/wp-content\/themes\/citius\/lib\/img\/no-photo.png);\" class=\"fancybox\" data-fancybox=\"gallery\">\n\t\t\t\t<div class=\"caption\">\n\t\t\t\t\t<div class=\"bg\"><\/div>\n\t\t\t\t\t<h3>\u0423\u0432\u0435\u043b\u0438\u0447\u0438\u0442\u044c<\/h3>\n\t\t\t\t\t<p><span class=\"glyphicon glyphicon-eye-open\"><\/span><\/p>\t\t\t\t\t\n\t\t\t\t<\/div>\n\t\t\t\t<\/a>\n\t\t\t<\/div>\n\t\t\t<div class=\"grid-item col-md-3 col-sm-4 col-xs-6 \">\n\t\t\t\t<a href=\"https:\/\/citius-s.com\/wp-content\/uploads\/2019\/11\/about_company-15.jpg\" data-original=\"https:\/\/citius-s.com\/wp-content\/uploads\/2019\/11\/about_company-15-768x512.jpg\" style=\"background-image: url(https:\/\/citius-s.com\/wp-content\/themes\/citius\/lib\/img\/no-photo.png);\" class=\"fancybox\" data-fancybox=\"gallery\">\n\t\t\t\t<div class=\"caption\">\n\t\t\t\t\t<div class=\"bg\"><\/div>\n\t\t\t\t\t<h3>\u0423\u0432\u0435\u043b\u0438\u0447\u0438\u0442\u044c<\/h3>\n\t\t\t\t\t<p><span class=\"glyphicon glyphicon-eye-open\"><\/span><\/p>\t\t\t\t\t\n\t\t\t\t<\/div>\n\t\t\t\t<\/a>\n\t\t\t<\/div>\n\t\t\t<div class=\"grid-item col-md-3 col-sm-4 col-xs-6 \">\n\t\t\t\t<a href=\"https:\/\/citius-s.com\/wp-content\/uploads\/2019\/11\/about_3.jpg\" data-original=\"https:\/\/citius-s.com\/wp-content\/uploads\/2019\/11\/about_3-768x512.jpg\" style=\"background-image: url(https:\/\/citius-s.com\/wp-content\/themes\/citius\/lib\/img\/no-photo.png);\" class=\"fancybox\" data-fancybox=\"gallery\">\n\t\t\t\t<div class=\"caption\">\n\t\t\t\t\t<div class=\"bg\"><\/div>\n\t\t\t\t\t<h3>\u0423\u0432\u0435\u043b\u0438\u0447\u0438\u0442\u044c<\/h3>\n\t\t\t\t\t<p><span class=\"glyphicon glyphicon-eye-open\"><\/span><\/p>\t\t\t\t\t\n\t\t\t\t<\/div>\n\t\t\t\t<\/a>\n\t\t\t<\/div>\n\t\t\t<div class=\"grid-item col-md-3 col-sm-4 col-xs-6 \">\n\t\t\t\t<a href=\"https:\/\/citius-s.com\/wp-content\/uploads\/2019\/11\/about_company-26.jpg\" data-original=\"https:\/\/citius-s.com\/wp-content\/uploads\/2019\/11\/about_company-26-768x512.jpg\" style=\"background-image: url(https:\/\/citius-s.com\/wp-content\/themes\/citius\/lib\/img\/no-photo.png);\" class=\"fancybox\" data-fancybox=\"gallery\">\n\t\t\t\t<div class=\"caption\">\n\t\t\t\t\t<div class=\"bg\"><\/div>\n\t\t\t\t\t<h3>\u0423\u0432\u0435\u043b\u0438\u0447\u0438\u0442\u044c<\/h3>\n\t\t\t\t\t<p><span class=\"glyphicon glyphicon-eye-open\"><\/span><\/p>\t\t\t\t\t\n\t\t\t\t<\/div>\n\t\t\t\t<\/a>\n\t\t\t<\/div>\n\t\t\t<div class=\"grid-item col-md-3 col-sm-4 col-xs-6 \">\n\t\t\t\t<a href=\"https:\/\/citius-s.com\/wp-content\/uploads\/2019\/11\/about_company-25.jpg\" data-original=\"https:\/\/citius-s.com\/wp-content\/uploads\/2019\/11\/about_company-25.jpg\" style=\"background-image: url(https:\/\/citius-s.com\/wp-content\/themes\/citius\/lib\/img\/no-photo.png);\" class=\"fancybox\" data-fancybox=\"gallery\">\n\t\t\t\t<div class=\"caption\">\n\t\t\t\t\t<div class=\"bg\"><\/div>\n\t\t\t\t\t<h3>\u0423\u0432\u0435\u043b\u0438\u0447\u0438\u0442\u044c<\/h3>\n\t\t\t\t\t<p><span class=\"glyphicon glyphicon-eye-open\"><\/span><\/p>\t\t\t\t\t\n\t\t\t\t<\/div>\n\t\t\t\t<\/a>\n\t\t\t<\/div>\n\t\t\t<div class=\"grid-item col-md-3 col-sm-4 col-xs-6 \">\n\t\t\t\t<a href=\"https:\/\/citius-s.com\/wp-content\/uploads\/2019\/11\/about_company-21.jpg\" data-original=\"https:\/\/citius-s.com\/wp-content\/uploads\/2019\/11\/about_company-21-768x457.jpg\" style=\"background-image: url(https:\/\/citius-s.com\/wp-content\/themes\/citius\/lib\/img\/no-photo.png);\" class=\"fancybox\" data-fancybox=\"gallery\">\n\t\t\t\t<div class=\"caption\">\n\t\t\t\t\t<div class=\"bg\"><\/div>\n\t\t\t\t\t<h3>\u0423\u0432\u0435\u043b\u0438\u0447\u0438\u0442\u044c<\/h3>\n\t\t\t\t\t<p><span class=\"glyphicon glyphicon-eye-open\"><\/span><\/p>\t\t\t\t\t\n\t\t\t\t<\/div>\n\t\t\t\t<\/a>\n\t\t\t<\/div>\n\t\t\t<div class=\"grid-item col-md-3 col-sm-4 col-xs-6 \">\n\t\t\t\t<a href=\"https:\/\/citius-s.com\/wp-content\/uploads\/2019\/11\/about_company-19.jpg\" data-original=\"https:\/\/citius-s.com\/wp-content\/uploads\/2019\/11\/about_company-19-768x474.jpg\" style=\"background-image: url(https:\/\/citius-s.com\/wp-content\/themes\/citius\/lib\/img\/no-photo.png);\" class=\"fancybox\" data-fancybox=\"gallery\">\n\t\t\t\t<div class=\"caption\">\n\t\t\t\t\t<div class=\"bg\"><\/div>\n\t\t\t\t\t<h3>\u0423\u0432\u0435\u043b\u0438\u0447\u0438\u0442\u044c<\/h3>\n\t\t\t\t\t<p><span class=\"glyphicon glyphicon-eye-open\"><\/span><\/p>\t\t\t\t\t\n\t\t\t\t<\/div>\n\t\t\t\t<\/a>\n\t\t\t<\/div>\n\t\t\t<div class=\"grid-item col-md-3 col-sm-4 col-xs-6 \">\n\t\t\t\t<a href=\"https:\/\/citius-s.com\/wp-content\/uploads\/2019\/11\/about_company-1.jpg\" data-original=\"https:\/\/citius-s.com\/wp-content\/uploads\/2019\/11\/about_company-1.jpg\" style=\"background-image: url(https:\/\/citius-s.com\/wp-content\/themes\/citius\/lib\/img\/no-photo.png);\" class=\"fancybox\" data-fancybox=\"gallery\">\n\t\t\t\t<div class=\"caption\">\n\t\t\t\t\t<div class=\"bg\"><\/div>\n\t\t\t\t\t<h3>\u0423\u0432\u0435\u043b\u0438\u0447\u0438\u0442\u044c<\/h3>\n\t\t\t\t\t<p><span class=\"glyphicon glyphicon-eye-open\"><\/span><\/p>\t\t\t\t\t\n\t\t\t\t<\/div>\n\t\t\t\t<\/a>\n\t\t\t<\/div>\n\t\t\t<div class=\"grid-item col-md-3 col-sm-4 col-xs-6 \">\n\t\t\t\t<a href=\"https:\/\/citius-s.com\/wp-content\/uploads\/2019\/11\/about_company-17.jpg\" data-original=\"https:\/\/citius-s.com\/wp-content\/uploads\/2019\/11\/about_company-17-768x562.jpg\" style=\"background-image: url(https:\/\/citius-s.com\/wp-content\/themes\/citius\/lib\/img\/no-photo.png);\" class=\"fancybox\" data-fancybox=\"gallery\">\n\t\t\t\t<div class=\"caption\">\n\t\t\t\t\t<div class=\"bg\"><\/div>\n\t\t\t\t\t<h3>\u0423\u0432\u0435\u043b\u0438\u0447\u0438\u0442\u044c<\/h3>\n\t\t\t\t\t<p><span class=\"glyphicon glyphicon-eye-open\"><\/span><\/p>\t\t\t\t\t\n\t\t\t\t<\/div>\n\t\t\t\t<\/a>\n\t\t\t<\/div>\n\t\t\t<div class=\"grid-item col-md-3 col-sm-4 col-xs-6 \">\n\t\t\t\t<a href=\"https:\/\/citius-s.com\/wp-content\/uploads\/2019\/11\/about_company-23.jpg\" data-original=\"https:\/\/citius-s.com\/wp-content\/uploads\/2019\/11\/about_company-23-768x508.jpg\" style=\"background-image: url(https:\/\/citius-s.com\/wp-content\/themes\/citius\/lib\/img\/no-photo.png);\" class=\"fancybox\" data-fancybox=\"gallery\">\n\t\t\t\t<div class=\"caption\">\n\t\t\t\t\t<div class=\"bg\"><\/div>\n\t\t\t\t\t<h3>\u0423\u0432\u0435\u043b\u0438\u0447\u0438\u0442\u044c<\/h3>\n\t\t\t\t\t<p><span class=\"glyphicon glyphicon-eye-open\"><\/span><\/p>\t\t\t\t\t\n\t\t\t\t<\/div>\n\t\t\t\t<\/a>\n\t\t\t<\/div>\n\t\t\t<div class=\"grid-item col-md-3 col-sm-4 col-xs-6 \">\n\t\t\t\t<a href=\"https:\/\/citius-s.com\/wp-content\/uploads\/2019\/11\/about_company-27.jpg\" data-original=\"https:\/\/citius-s.com\/wp-content\/uploads\/2019\/11\/about_company-27-768x512.jpg\" style=\"background-image: url(https:\/\/citius-s.com\/wp-content\/themes\/citius\/lib\/img\/no-photo.png);\" class=\"fancybox\" data-fancybox=\"gallery\">\n\t\t\t\t<div class=\"caption\">\n\t\t\t\t\t<div class=\"bg\"><\/div>\n\t\t\t\t\t<h3>\u0423\u0432\u0435\u043b\u0438\u0447\u0438\u0442\u044c<\/h3>\n\t\t\t\t\t<p><span class=\"glyphicon glyphicon-eye-open\"><\/span><\/p>\t\t\t\t\t\n\t\t\t\t<\/div>\n\t\t\t\t<\/a>\n\t\t\t<\/div>\n\t\t\t<\/div>\n\t\t<\/div>\n\t<\/div>\n","protected":false},"excerpt":{"rendered":"<p>Citius &#8211; \u0417\u0430\u0432\u043e\u0434 \u0441\u043f\u0435\u0446\u0456\u0430\u043b\u044c\u043d\u0438\u0445 \u0430\u0432\u0442\u043e \u0432 \u041c\u0435\u043b\u0456\u0442\u043e\u043f\u043e\u043b\u0456. \u0412\u0438\u0440\u043e\u0431\u043d\u0438\u0446\u0442\u043e\u0432\u043e, \u043f\u0440\u043e\u0434\u0430\u0436, \u043f\u0435\u0440\u0435\u043e\u0431\u043b\u0430\u0434\u043d\u0430\u043d\u043d\u044f \u0441\u043f\u0446\u043c\u0430\u0448\u0438\u043d \u043d\u0430 \u0448\u0430\u0441\u0441\u0456 \u0424\u043e\u043b\u044c\u043a\u0441\u0432\u0430\u0433\u0435\u043d, \u041c\u0435\u0440\u0441\u0435\u0434\u0435\u0441, \u0420\u0435\u043d\u043e \u0442\u0430 \u0456\u043d. \u043c\u0430\u0440\u043e\u043a \u0432 \u0423\u043a\u0440\u0430\u0457\u043d\u0456. \u0412\u0438\u0440\u043e\u0431\u043d\u0438\u0446\u0442\u0432\u043e \u0441\u0430\u043d\u0456\u0442\u0430\u0440\u043d\u0438\u0445 \u0430\u0432\u0442\u043e, \u0440\u0435\u0430\u043d\u0456\u043c\u043e\u0431\u0456\u043b\u0435\u0439, \u0431\u0440\u043e\u043d\u044e\u0432\u0430\u043d\u043d\u044f \u0430\u0432\u0442\u043e\u043c\u043e\u0431\u0456\u043b\u0456\u0432, \u043f\u0435\u0440\u0435\u043e\u0431\u043b\u0430\u0434\u043d\u0430\u043d\u043d\u044f \u043c\u0456\u043a\u0440\u043e\u0430\u0432\u0442\u043e\u0431\u0443\u0441\u0456\u0432 \u0442\u0430 \u0433\u0440\u0443\u0437\u043e\u0432\u0438\u0445 \u0430\u0432\u0442\u043e \u043d\u0430 \u0437\u0430\u043c\u043e\u0432\u043b\u0435\u043d\u043d\u044f<\/p>\n","protected":false},"author":3,"featured_media":0,"parent":0,"menu_order":0,"comment_status":"closed","ping_status":"closed","template":"","meta":{"_acf_changed":false,"footnotes":""},"translation":{"provider":"WPGlobus","version":"2.12.2","language":"pl","enabled_languages":["uk","ru","en","de","pl"],"languages":{"uk":{"title":true,"content":true,"excerpt":true},"ru":{"title":true,"content":true,"excerpt":true},"en":{"title":true,"content":true,"excerpt":true},"de":{"title":true,"content":true,"excerpt":false},"pl":{"title":true,"content":true,"excerpt":false}}},"acf":[],"_links":{"self":[{"href":"https:\/\/citius-s.com\/pl\/wp-json\/wp\/v2\/pages\/18"}],"collection":[{"href":"https:\/\/citius-s.com\/pl\/wp-json\/wp\/v2\/pages"}],"about":[{"href":"https:\/\/citius-s.com\/pl\/wp-json\/wp\/v2\/types\/page"}],"author":[{"embeddable":true,"href":"https:\/\/citius-s.com\/pl\/wp-json\/wp\/v2\/users\/3"}],"replies":[{"embeddable":true,"href":"https:\/\/citius-s.com\/pl\/wp-json\/wp\/v2\/comments?post=18"}],"version-history":[{"count":93,"href":"https:\/\/citius-s.com\/pl\/wp-json\/wp\/v2\/pages\/18\/revisions"}],"predecessor-version":[{"id":3791,"href":"https:\/\/citius-s.com\/pl\/wp-json\/wp\/v2\/pages\/18\/revisions\/3791"}],"wp:attachment":[{"href":"https:\/\/citius-s.com\/pl\/wp-json\/wp\/v2\/media?parent=18"}],"curies":[{"name":"wp","href":"https:\/\/api.w.org\/{rel}","templated":true}]}}