{"id":1483,"date":"2020-02-20T15:32:31","date_gmt":"2020-02-20T12:32:31","guid":{"rendered":"https:\/\/citius-s.com\/?page_id=1483"},"modified":"2024-02-13T02:16:08","modified_gmt":"2024-02-12T23:16:08","slug":"otzyvy-nashih-klientov","status":"publish","type":"page","link":"https:\/\/citius-s.com\/pl\/about\/otzyvy-nashih-klientov\/","title":{"rendered":"OPINIE O SAMOCHODACH FABRYKI CITIUS S"},"content":{"rendered":"<h2 style=\"text-align: left;\">Opinie o samochodach opancerzonych:<\/h2>\n<h3 style=\"text-align: left;\"><strong>Raiffeisen Bank Aval<\/strong><\/h3>\n<p>Przegl\u0105d samochod\u00f3w pancernych wyprodukowanych przez firm\u0119 \u201eCitius\u201d Sp. z o.o.<\/p>\n<p>W wyniku eksploatacji pojazd\u00f3w opancerzonych produkcji \u201eCitius\u201d Sp. z o.o. w odr\u00f3\u017cnieniu od pojazd\u00f3w innych przedsi\u0119biorstw opancerzaj\u0105cych pojazdy do transportu got\u00f3wki, doszli\u015bmy do wniosku, \u017ce samochody zosta\u0142y wykonane z lepsz\u0105 jako\u015bci\u0105 i przemy\u015blno\u015bci\u0105.<br \/>\nPojazdy opancerzone w \u201eCitius\u201d Sp. z o.o. mog\u0105 by\u0107 eksploatowane w spos\u00f3b ci\u0105g\u0142y bez dodatkowej interwencji s\u0142u\u017cb bankowych w celu ich konserwacji i cz\u0119stych napraw.<br \/>\nW przypadku zg\u0142osze\u0144 gwarancyjnych i pogwarancyjnych do \u201eCitius\u201d Sp. z o.o. reakcja by\u0142a natychmiastowa, a wszelkie problemy zosta\u0142y rozwi\u0105zane sprawnie i w terminie nie d\u0142u\u017cszym ni\u017c siedem dni.<\/p>\n<div id=\"attachment_1493\" style=\"width: 380px\" class=\"wp-caption alignnone\"><a class=\"fancybox\" href=\"https:\/\/citius-s.com\/wp-content\/uploads\/2020\/02\/feedback-_armoured_aval.jpg\"><img loading=\"lazy\" decoding=\"async\" aria-describedby=\"caption-attachment-1493\" class=\"fancybox wp-image-1493\" src=\"https:\/\/citius-s.com\/wp-content\/uploads\/2020\/02\/feedback-_armoured_aval-217x300.jpg\" alt=\"\u043e\u0442\u0437\u044b\u0432 \u0426\u0438\u0442\u0438\u0443\u0441\" width=\"370\" height=\"511\" srcset=\"https:\/\/citius-s.com\/wp-content\/uploads\/2020\/02\/feedback-_armoured_aval-217x300.jpg 217w, https:\/\/citius-s.com\/wp-content\/uploads\/2020\/02\/feedback-_armoured_aval-17x24.jpg 17w, https:\/\/citius-s.com\/wp-content\/uploads\/2020\/02\/feedback-_armoured_aval-26x36.jpg 26w, https:\/\/citius-s.com\/wp-content\/uploads\/2020\/02\/feedback-_armoured_aval-35x48.jpg 35w, https:\/\/citius-s.com\/wp-content\/uploads\/2020\/02\/feedback-_armoured_aval.jpg 742w\" sizes=\"(max-width: 370px) 100vw, 370px\" \/><\/a><p id=\"caption-attachment-1493\" class=\"wp-caption-text\"><strong>Opinia na temat opancerzonego pojazdu do transportu got\u00f3wki fabryki samochod\u00f3w Citius S<\/strong><\/p><\/div>\n<h3><\/h3>\n<h3 style=\"text-align: left;\"><strong>ERDE BANK S.A.<\/strong><\/h3>\n<p>\u201eCitius\u201d Sp. z o.o. dokona\u0142a opancerzenia partii samochod\u00f3w Renault Master dla naszego banku.<br \/>\nWarto od razu zauwa\u017cy\u0107:<\/p>\n<ul>\n<li>Jako\u015b\u0107 monta\u017cu, zastosowanie przy wykonaniu opancerzenia samochod\u00f3w \u201enietanich\u201d materia\u0142\u00f3w, co korzystnie wyr\u00f3\u017cnia \u201eCitius\u201d na tle innych firm.<\/li>\n<li>Dodatkowe drzwi pancerne s\u0105 du\u017ce (wy\u017csze) i \u0142atwe w obs\u0142udze.<\/li>\n<li>Bardzo spodoba\u0142y mi si\u0119 \u201eoryginalne\u201d zamki zasuwkowe zamontowane w drzwiach dodatkowych. Naprawd\u0119 odci\u0105\u017caj\u0105 i zabezpieczaj\u0105 drzwi.<\/li>\n<li>Szk\u0142o pancerne z ogrzewaniem elektrycznym, produkowane przez firm\u0119 \u201eCitius\u201d, charakteryzuje si\u0119 dobr\u0105 optyk\u0105, spe\u0142nia ukrai\u0144skie normy bezpiecze\u0144stwa, a wygl\u0105d szk\u0142a nie odbiega od fabrycznego.<\/li>\n<li>Samochody wyposa\u017cone s\u0105 w ekskluzywne systemy SCD (system sterowania zamkami zasuwowymi) oraz system domofonowy typu \u201ekierowca-ulica\u201d, kt\u00f3re nie maj\u0105 analogii.<\/li>\n<li>Pojazdy opancerzone \u201eCitius\u201d posiadaj\u0105 wzmocnione stojaki, zawiasy drzwiowe oraz szerokie i niezawodne ograniczniki otwarcia drzwi.<\/li>\n<li>Kapsu\u0142a kuloodporna ca\u0142kowicie wyklucza obszary penetracji, zapewniaj\u0105c konwojentom odpowiedni poziom ochrony.<\/li>\n<li>Szerokie i wygodne siedzenia z automatycznymi pasami bezpiecze\u0144stwa w pe\u0142ni spe\u0142niaj\u0105 swoje funkcje komfortu.<\/li>\n<\/ul>\n<p>Podsumowuj\u0105c powy\u017csze, ERDE BANK S.A. zdecydowa\u0142o si\u0119 zarezerwowa\u0107 w przysz\u0142o\u015bci swoje samochody w \u201eCitius\u201d Sp. z o.o. Wyra\u017camy wdzi\u0119czno\u015b\u0107 pracownikom i kierownictwu przedsi\u0119biorstwa za wykonan\u0105 prac\u0119.<\/p>\n<div id=\"attachment_1502\" style=\"width: 380px\" class=\"wp-caption alignnone\"><a class=\"fancybox\" href=\"https:\/\/citius-s.com\/wp-content\/uploads\/2020\/02\/feedback-_armoured_rd-bank.jpg\"><img loading=\"lazy\" decoding=\"async\" aria-describedby=\"caption-attachment-1502\" class=\"wp-image-1502\" src=\"https:\/\/citius-s.com\/wp-content\/uploads\/2020\/02\/feedback-_armoured_rd-bank-212x300.jpg\" alt=\"\u043e\u0442\u0437\u044b\u0432 \u0426\u0438\u0442\u0438\u0443\u0441\" width=\"370\" height=\"523\" srcset=\"https:\/\/citius-s.com\/wp-content\/uploads\/2020\/02\/feedback-_armoured_rd-bank-212x300.jpg 212w, https:\/\/citius-s.com\/wp-content\/uploads\/2020\/02\/feedback-_armoured_rd-bank-725x1024.jpg 725w, https:\/\/citius-s.com\/wp-content\/uploads\/2020\/02\/feedback-_armoured_rd-bank-768x1085.jpg 768w, https:\/\/citius-s.com\/wp-content\/uploads\/2020\/02\/feedback-_armoured_rd-bank-1087x1536.jpg 1087w, https:\/\/citius-s.com\/wp-content\/uploads\/2020\/02\/feedback-_armoured_rd-bank-17x24.jpg 17w, https:\/\/citius-s.com\/wp-content\/uploads\/2020\/02\/feedback-_armoured_rd-bank-25x36.jpg 25w, https:\/\/citius-s.com\/wp-content\/uploads\/2020\/02\/feedback-_armoured_rd-bank-34x48.jpg 34w, https:\/\/citius-s.com\/wp-content\/uploads\/2020\/02\/feedback-_armoured_rd-bank.jpg 1108w\" sizes=\"(max-width: 370px) 100vw, 370px\" \/><\/a><p id=\"caption-attachment-1502\" class=\"wp-caption-text\"><strong>Informacje zwrotne na temat opancerzonego pojazdu kolekcjonerskiego fabryki samochod\u00f3w \u201eCitius S\u201d <\/strong><\/p><\/div>\n<h3><\/h3>\n<h3><strong>PROMINVESTBANK S.A.<\/strong><\/h3>\n<p>W ostatnich latach PROMINVESTBANK S.A. doposa\u017ca i wykonuj\u0119 opancerzenie swoje samochody do odbioru bankowego, korzystaj\u0105c z us\u0142ug \u201eCitius\u201d Sp. z o.o.<br \/>\nW tym czasie sp\u00f3\u0142ka \u201eCitius\u201d Sp. z o.o. przeprowadzi\u0142a modernizacj\u0119 i opancerzenie r\u00f3\u017cnych partii samochod\u00f3w Volkswagen T5 i Volkswagen Amarok. Wszystkie prace wykonujemy jako\u015bciowo, szybko, zgodnie z obowi\u0105zuj\u0105cymi normami i z uwzgl\u0119dnieniem wszystkich naszych \u017cycze\u0144.<br \/>\nBior\u0105c pod uwag\u0119 wieloletnie do\u015bwiadczenie we wsp\u00f3\u0142pracy, uwa\u017camy \u201eCitius\u201d Sp. z o.o. za godnego przedstawiciela na rynku przebudowy i opancerzenia samochod\u00f3w w Ukrainie, charakteryzuj\u0105cego si\u0119 optymalnym stosunkiem doskona\u0142ej jako\u015bci do akceptowalnych koszt\u00f3w.<br \/>\nWszystkim pracownikom \u201eCitius\u201d Sp. z o.o. pragniemy \u017cyczy\u0107 sukces\u00f3w i dalszej pomy\u015blno\u015bci. Dzi\u0119kujemy za wsp\u00f3\u0142prac\u0119 i wysok\u0105 jako\u015b\u0107 pracy.<\/p>\n<div id=\"attachment_1507\" style=\"width: 380px\" class=\"wp-caption alignnone\"><a class=\"fancybox\" href=\"https:\/\/citius-s.com\/wp-content\/uploads\/2020\/02\/feedback-_armoured_pib.jpg\"><img loading=\"lazy\" decoding=\"async\" aria-describedby=\"caption-attachment-1507\" class=\"wp-image-1507\" src=\"https:\/\/citius-s.com\/wp-content\/uploads\/2020\/02\/feedback-_armoured_pib-212x300.jpg\" alt=\"\u041e\u0442\u0437\u044b\u0432 Citius S\" width=\"370\" height=\"523\" srcset=\"https:\/\/citius-s.com\/wp-content\/uploads\/2020\/02\/feedback-_armoured_pib-212x300.jpg 212w, https:\/\/citius-s.com\/wp-content\/uploads\/2020\/02\/feedback-_armoured_pib-17x24.jpg 17w, https:\/\/citius-s.com\/wp-content\/uploads\/2020\/02\/feedback-_armoured_pib-25x36.jpg 25w, https:\/\/citius-s.com\/wp-content\/uploads\/2020\/02\/feedback-_armoured_pib-34x48.jpg 34w, https:\/\/citius-s.com\/wp-content\/uploads\/2020\/02\/feedback-_armoured_pib.jpg 724w\" sizes=\"(max-width: 370px) 100vw, 370px\" \/><\/a><p id=\"caption-attachment-1507\" class=\"wp-caption-text\"><strong>Opinia na temat opancerzonego pojazdu fabryki samochod\u00f3w Citius S<\/strong><\/p><\/div>\n<h3><\/h3>\n<h3 style=\"text-align: center;\"><a href=\"https:\/\/citius-s.com\/catalog\/armored-cars\/\" rel=\"noopener noreferrer\">SAMOCHODY OPANCERZONE<\/a><\/h3>\n<h2 style=\"text-align: left;\">Opinie o karetkach pogotowia i reanimacyjnych:<\/h2>\n<h3><strong>\u041c\u0435\u0434\u0438\u0447\u043d\u0430 \u043a\u043e\u043c\u043f\u0430\u043d\u0456\u044f \u0406<\/strong><strong>Firma medyczna INTO-SANA<\/strong><\/h3>\n<p>W ci\u0105gu ostatnich siedmiu lat Firma medyczna INTO-SANA Sp. z o.o., korzystaj\u0105c z us\u0142ug \u201eCitius\u201d Sp. z o.o., przebudowa\u0142a swoje pojazdy na ambulanse.<br \/>\nDla naszej firmy \u201eCitius\u201d Sp. z o.o. przerobi\u0142a kilka partii samochod\u00f3w marki Ford Transit i Mercedes Sprinter na karetki pogotowia. Wszystkie prace s\u0105 wykonywane przez fabryk\u0119 z wysok\u0105 jako\u015bci\u0105, szybko, wed\u0142ug aktualnych standard\u00f3w, z uwzgl\u0119dnieniem naszych \u017cycze\u0144. \u201eCitius\u201d Sp. z o.o. jest godnym przedstawicielem na rynku produkcji pojazd\u00f3w dla zespo\u0142\u00f3w pogotowia ratunkowego. \u017byczymy \u201eCitius\u201d Sp. z o.o. nowych zam\u00f3wie\u0144, sukces\u00f3w w pracy, poszerzania swoich mo\u017cliwo\u015bci tw\u00f3rczych i wzrostu dobrobytu materialnego pracownik\u00f3w.<\/p>\n<div id=\"attachment_1520\" style=\"width: 380px\" class=\"wp-caption alignnone\"><a class=\"fancybox\" href=\"https:\/\/citius-s.com\/wp-content\/uploads\/2020\/02\/feedback-_ambulance_intosana.jpg\"><img loading=\"lazy\" decoding=\"async\" aria-describedby=\"caption-attachment-1520\" class=\"wp-image-1520\" src=\"https:\/\/citius-s.com\/wp-content\/uploads\/2020\/02\/feedback-_ambulance_intosana-217x300.jpg\" alt=\"\u041e\u0442\u0437\u0456\u0432\u044b \u0426\u0438\u0442\u0438\u0443\u0441\" width=\"370\" height=\"512\" srcset=\"https:\/\/citius-s.com\/wp-content\/uploads\/2020\/02\/feedback-_ambulance_intosana-217x300.jpg 217w, https:\/\/citius-s.com\/wp-content\/uploads\/2020\/02\/feedback-_ambulance_intosana-17x24.jpg 17w, https:\/\/citius-s.com\/wp-content\/uploads\/2020\/02\/feedback-_ambulance_intosana-26x36.jpg 26w, https:\/\/citius-s.com\/wp-content\/uploads\/2020\/02\/feedback-_ambulance_intosana-35x48.jpg 35w, https:\/\/citius-s.com\/wp-content\/uploads\/2020\/02\/feedback-_ambulance_intosana.jpg 740w\" sizes=\"(max-width: 370px) 100vw, 370px\" \/><\/a><p id=\"caption-attachment-1520\" class=\"wp-caption-text\"><strong>Opinia o karetkach pogotowia z fabryki samochod\u00f3w Citius S<\/strong><\/p><\/div>\n<h3><\/h3>\n<h3><strong>Klinika Genesis<\/strong><\/h3>\n<p>W 2010 roku nasza firma zakupi\u0142a dwa karetki pogotowia \u201eReanimacja\u201d MB Sprinter.<br \/>\nPrzebudowy pojazd\u00f3w na karetk\u0119 reanimacyjn\u0105 dokona\u0142a \u201eCitius\u201d Sp. z o.o.<br \/>\nSpecjali\u015bci firmy wykonali wysokiej jako\u015bci i terminowo prace adaptacyjne, zamontowali meble medyczne, sprz\u0119t medyczny, zgodnie z normami obowi\u0105zuj\u0105cego DSTU, a tak\u017ce wystr\u00f3j wewn\u0119trzny i zewn\u0119trzny wysokiej jako\u015bci i terminowo, bior\u0105c pod uwag\u0119 styl i orientacj\u0119 naszej firmy.<br \/>\n\u201eCitius\u201d Sp. z o.o. wspiera swoje zobowi\u0105zania gwarancyjne, co pozwala nam sprawnie i szybko wyeliminowa\u0107 wszelkie mo\u017cliwe usterki. Wraz z rozbudow\u0105 naszej floty samochod\u00f3w mamy nadziej\u0119 na dalsz\u0105 wsp\u00f3\u0142prac\u0119.<\/p>\n<div id=\"attachment_1519\" style=\"width: 380px\" class=\"wp-caption alignnone\"><a class=\"fancybox\" href=\"https:\/\/citius-s.com\/wp-content\/uploads\/2020\/02\/feedback-_ambulance_genesis.jpg\"><img loading=\"lazy\" decoding=\"async\" aria-describedby=\"caption-attachment-1519\" class=\"wp-image-1519\" src=\"https:\/\/citius-s.com\/wp-content\/uploads\/2020\/02\/feedback-_ambulance_genesis-236x300.jpg\" alt=\"\u041e\u0442\u0437\u044b\u0432 \u0430\u0432\u0442\u043e\u0437\u0430\u0432\u043e\u0434 Citius\" width=\"370\" height=\"470\" srcset=\"https:\/\/citius-s.com\/wp-content\/uploads\/2020\/02\/feedback-_ambulance_genesis-236x300.jpg 236w, https:\/\/citius-s.com\/wp-content\/uploads\/2020\/02\/feedback-_ambulance_genesis-19x24.jpg 19w, https:\/\/citius-s.com\/wp-content\/uploads\/2020\/02\/feedback-_ambulance_genesis-28x36.jpg 28w, https:\/\/citius-s.com\/wp-content\/uploads\/2020\/02\/feedback-_ambulance_genesis-38x48.jpg 38w, https:\/\/citius-s.com\/wp-content\/uploads\/2020\/02\/feedback-_ambulance_genesis.jpg 768w\" sizes=\"(max-width: 370px) 100vw, 370px\" \/><\/a><p id=\"caption-attachment-1519\" class=\"wp-caption-text\"><strong>Opinia na temat karetki reanimacyjnej fabryki samochod\u00f3w Citius S<\/strong><\/p><\/div>\n<h3><\/h3>\n<h3><strong>Przedsi\u0119biorstwo komunalne \u201eStacja Pogotowia Ratunkowego\u201d<\/strong><\/h3>\n<p>W 2010 roku my, Przedsi\u0119biorstwo komunalne \u201eStacja Pogotowia Ratunkowego\u201d (Krasnodon), po raz pierwszy kupili\u015bmy ambulans na bazie Renault Master od \u201eCitius\u201d Sp. z o.o.<br \/>\nByli\u015bmy mile zaskoczeni wysok\u0105 jako\u015bci\u0105 wykonanych prac i dostarczonego sprz\u0119tu.<br \/>\nPraca na tym samochodzie jest bardzo wygodna i komfortowa dla naszych lekarzy, poniewa\u017c jest on wyposa\u017cony w nowoczesny sprz\u0119t medyczny, a salon medyczny i specjalne meble medyczne wykonane s\u0105 bardzo dobrze i przemy\u015blanie, co pozwala na wykorzystanie ich w naszych warunkach terenowych. W dniu dzisiejszym nasza instytucja rozwa\u017ca mo\u017cliwo\u015b\u0107 zakupu nast\u0119puj\u0105cych samochod\u00f3w w przedsi\u0119biorstwie \u201eCitius\u201d.<\/p>\n<div id=\"attachment_1521\" style=\"width: 380px\" class=\"wp-caption aligncenter\"><a class=\"fancybox\" href=\"https:\/\/citius-s.com\/wp-content\/uploads\/2020\/02\/feedback-_ambulance_krasnodon.jpg\"><img loading=\"lazy\" decoding=\"async\" aria-describedby=\"caption-attachment-1521\" class=\"wp-image-1521\" src=\"https:\/\/citius-s.com\/wp-content\/uploads\/2020\/02\/feedback-_ambulance_krasnodon-231x300.jpg\" alt=\"\u041e\u0442\u0437\u044b\u0432\u044b \u0426\u0438\u0442\u0438\u0443\u0441\" width=\"370\" height=\"480\" srcset=\"https:\/\/citius-s.com\/wp-content\/uploads\/2020\/02\/feedback-_ambulance_krasnodon-231x300.jpg 231w, https:\/\/citius-s.com\/wp-content\/uploads\/2020\/02\/feedback-_ambulance_krasnodon-18x24.jpg 18w, https:\/\/citius-s.com\/wp-content\/uploads\/2020\/02\/feedback-_ambulance_krasnodon-28x36.jpg 28w, https:\/\/citius-s.com\/wp-content\/uploads\/2020\/02\/feedback-_ambulance_krasnodon-37x48.jpg 37w, https:\/\/citius-s.com\/wp-content\/uploads\/2020\/02\/feedback-_ambulance_krasnodon.jpg 768w\" sizes=\"(max-width: 370px) 100vw, 370px\" \/><\/a><p id=\"caption-attachment-1521\" class=\"wp-caption-text\"><strong>Opinia na temat karetki pogotowia fabryki samochod\u00f3w Citius S<\/strong><\/p><\/div>\n","protected":false},"excerpt":{"rendered":"<p>\u0412\u0456\u0434\u0433\u0443\u043a\u0438 \u043d\u0430 \u043f\u0440\u043e\u0434\u0443\u043a\u0446\u0456\u044e \u041c\u0435\u043b\u0456\u0442\u043e\u043f\u043e\u043b\u044c\u0441\u044c\u043a\u043e\u0433\u043e \u0437\u0430\u0432\u043e\u0434\u0443 \u0441\u043f\u0435\u0446\u0456\u0430\u043b\u0456\u0437\u043e\u0432\u0430\u043d\u0438\u0445 \u0430\u0432\u0442\u043e\u043c\u043e\u0431\u0456\u043b\u0456\u0432 &#8220;\u0426\u0406\u0422\u0406\u0423\u0421 \u0421&#8221; &#8211; \u0430\u0432\u0442\u043e\u043c\u043e\u0431\u0456\u043b\u0456 \u0441\u043f\u0435\u0446\u043f\u0440\u0438\u0437\u043d\u0430\u0447\u0435\u043d\u043d\u044f, \u0441\u043f\u0435\u0446\u0442\u0440\u0430\u043d\u0441\u043f\u043e\u0440\u0442, \u0431\u0440\u043e\u043d\u044c\u043e\u0432\u0430\u043d\u0456 \u0430\u0432\u0442\u043e\u043c\u043e\u0431\u0456\u043b\u0456, \u043c\u0430\u0448\u0438\u043d\u0438 \u0448\u0432\u0438\u0434\u043a\u043e\u0457 \u0434\u043e\u043f\u043e\u043c\u043e\u0433\u0438, \u0440\u0435\u0430\u043d\u0456\u043c\u043e\u0431\u0456\u043b\u0456, \u0441\u043e\u0446\u0456\u0430\u043b\u044c\u043d\u0456 \u0430\u0432\u0442\u043e\u043c\u043e\u0431\u0456\u043b\u0456<\/p>\n","protected":false},"author":2,"featured_media":0,"parent":18,"menu_order":0,"comment_status":"closed","ping_status":"closed","template":"","meta":{"_acf_changed":false,"footnotes":""},"translation":{"provider":"WPGlobus","version":"2.12.2","language":"pl","enabled_languages":["uk","ru","en","de","pl"],"languages":{"uk":{"title":true,"content":true,"excerpt":true},"ru":{"title":true,"content":true,"excerpt":true},"en":{"title":true,"content":false,"excerpt":true},"de":{"title":true,"content":true,"excerpt":false},"pl":{"title":true,"content":true,"excerpt":false}}},"acf":[],"_links":{"self":[{"href":"https:\/\/citius-s.com\/pl\/wp-json\/wp\/v2\/pages\/1483"}],"collection":[{"href":"https:\/\/citius-s.com\/pl\/wp-json\/wp\/v2\/pages"}],"about":[{"href":"https:\/\/citius-s.com\/pl\/wp-json\/wp\/v2\/types\/page"}],"author":[{"embeddable":true,"href":"https:\/\/citius-s.com\/pl\/wp-json\/wp\/v2\/users\/2"}],"replies":[{"embeddable":true,"href":"https:\/\/citius-s.com\/pl\/wp-json\/wp\/v2\/comments?post=1483"}],"version-history":[{"count":68,"href":"https:\/\/citius-s.com\/pl\/wp-json\/wp\/v2\/pages\/1483\/revisions"}],"predecessor-version":[{"id":3482,"href":"https:\/\/citius-s.com\/pl\/wp-json\/wp\/v2\/pages\/1483\/revisions\/3482"}],"up":[{"embeddable":true,"href":"https:\/\/citius-s.com\/pl\/wp-json\/wp\/v2\/pages\/18"}],"wp:attachment":[{"href":"https:\/\/citius-s.com\/pl\/wp-json\/wp\/v2\/media?parent=1483"}],"curies":[{"name":"wp","href":"https:\/\/api.w.org\/{rel}","templated":true}]}}