{"id":1458,"date":"2020-02-20T13:16:34","date_gmt":"2020-02-20T10:16:34","guid":{"rendered":"https:\/\/citius-s.com\/?page_id=1458"},"modified":"2024-02-25T00:09:41","modified_gmt":"2024-02-24T21:09:41","slug":"politika-konfidenczialnosti-dlya-facebook-com","status":"publish","type":"page","link":"https:\/\/citius-s.com\/pl\/politika-konfidenczialnosti-dlya-facebook-com\/","title":{"rendered":"CITIUS \u2014 POLITYKA PRYWATNO\u015aCI"},"content":{"rendered":"<h1><\/h1>\n<h3>Postanowienia og\u00f3lne<\/h3>\n<ol>\n<li>Niniejsza Polityka okre\u015bla tryb przetwarzania i ochrony przez Sp\u00f3\u0142k\u0119 z ograniczon\u0105 odpowiedzialno\u015bci\u0105 \u201eCitius S\u201d (dalej \u2013 Sp\u00f3\u0142ka) informacji o osobach fizycznych (zwanych dalej \u2013 U\u017cytkownikami), kt\u00f3re Sp\u00f3\u0142ka mo\u017ce otrzyma\u0107 podczas wype\u0142niania przez U\u017cytkownika formularza rejestracyjnego w serwisie internetowym lub na www.facebook.com i stronie sieci Instagram, a tak\u017ce tryb i zgod\u0119 U\u017cytkownika na otrzymywanie informacji reklamowych po wype\u0142nieniu przez U\u017cytkownika formularza rejestracyjnego w serwisie www.facebook.com i stronie sieci Instagram.<\/li>\n<li>Celem niniejszej Polityki jest zapewnienie w\u0142a\u015bciwej ochrony informacji o U\u017cytkownikach, w tym ich danych osobowych, przed nieuprawnionym dost\u0119pem i ujawnieniem, zgodno\u015b\u0107 z przepisami prawa dotycz\u0105cymi reklamy, w tym, gdy U\u017cytkownik otrzymuje informacje reklamowe.<\/li>\n<li>Relacje zwi\u0105zane z gromadzeniem, przechowywaniem, dystrybucj\u0105 i ochron\u0105 informacji dostarczonych przez U\u017cytkownika reguluj\u0105 niniejsza Polityka, inne dokumenty lokalne \u201eCitius\u201d Sp. z o.o. oraz obowi\u0105zuj\u0105ce ustawodawstwo Ukrainy.<\/li>\n<li>Dane osobowe dopuszczone do przetwarzania w ramach Polityki Prywatno\u015bci podawane s\u0105 przez U\u017cytkownika poprzez wype\u0142nienie formularza rejestracyjnego na stronie internetowej www.facebook.com, stronie Instagram i obejmuj\u0105 nast\u0119puj\u0105ce informacje: \u2014 nazwisko, imi\u0119, imi\u0119 ojca U\u017cytkownika \u2014 numer telefonu kontaktowego U\u017cytkownika \u2014 adres e-mail; Wype\u0142niaj\u0105c formularz rejestracyjny, U\u017cytkownik wyra\u017ca pe\u0142n\u0105 zgod\u0119 na warunki niniejszej Polityki. Klikaj\u0105c \u201eWy\u015blij\u201d U\u017cytkownik wyra\u017ca zgod\u0119 na przetwarzanie i przekazywanie Towarzystwu swoich danych osobowych, pozostawionych przy wype\u0142nianiu formularza rejestracyjnego, na stronie internetowej www.facebook.com, stronie sieci Instagram w celu otrzymywania informacje reklamowe. Podobnie U\u017cytkownik wyra\u017ca zgod\u0119 na otrzymywanie informacji reklamowych od Sp\u00f3\u0142ki za po\u015brednictwem wszelkich kana\u0142\u00f3w komunikacji udost\u0119pnionych przez U\u017cytkownika podczas wype\u0142niania formularza rejestracyjnego na stronie internetowej www.facebook.com i stronie Instagram<\/li>\n<\/ol>\n<h3>Cel gromadzenia, przetwarzania i przechowywania informacji podanych przez U\u017cytkownik\u00f3w<\/h3>\n<ol>\n<li>Przetwarzanie danych osobowych U\u017cytkownika odbywa si\u0119 zgodnie z ustawodawstwem Ukrainy. Sp\u00f3\u0142ka przetwarza dane osobowe U\u017cytkownika w celach: przekazywania U\u017cytkownikowi informacji o us\u0142ugach \u015bwiadczonych przez Sp\u00f3\u0142k\u0119, ofertach specjalnych oraz innych informacji w imieniu Sp\u00f3\u0142ki; prowadzenie bada\u0144 marketingowych i innych.<\/li>\n<\/ol>\n<h3>Warunki przetwarzania danych osobowych podanych przez U\u017cytkownika<\/h3>\n<ol>\n<li>Przetwarzanie danych osobowych U\u017cytkownika odbywa si\u0119 przez okres niezb\u0119dny do cel\u00f3w okre\u015blonych w Polityce, w dowolny spos\u00f3b zgodny z prawem, w tym w systemach informatycznych z wykorzystaniem narz\u0119dzi automatyzacji lub bez u\u017cycia takich narz\u0119dzi.<\/li>\n<li>Sp\u00f3\u0142ka podejmuje niezb\u0119dne \u015brodki organizacyjne i techniczne w celu ochrony danych osobowych U\u017cytkownika przed nielegalnym lub przypadkowym dost\u0119pem, zniszczeniem, zmianami, blokowaniem, kopiowaniem, rozpowszechnianiem, a tak\u017ce przed innymi nielegalnymi dzia\u0142aniami os\u00f3b trzecich.<\/li>\n<li>Dane osobowe U\u017cytkownika mog\u0105 by\u0107 przekazywane uprawnionym organom w\u0142adz pa\u0144stwowych Ukrainy wy\u0142\u0105cznie na podstawach i w spos\u00f3b okre\u015blony przez ustawodawstwo Ukrainy.<\/li>\n<li>U\u017cytkownik, wype\u0142niaj\u0105c formularz rejestracyjny potwierdza, \u017ce: podaje o sobie rzetelne informacje, pozosta\u0142ych informacji U\u017cytkownik udziela wed\u0142ug w\u0142asnego uznania, zapozna\u0142 si\u0119 z Polityk\u0105 i wyra\u017ca na ni\u0105 zgod\u0119. Zapoznanie si\u0119 z warunkami Polityki i zaznaczenie pola pod linkiem do niniejszej Polityki oznacza pisemn\u0105 zgod\u0119 U\u017cytkownika na gromadzenie, przechowywanie i przetwarzanie podanych przez U\u017cytkownika danych osobowych.<\/li>\n<li>Sp\u00f3\u0142ka nie weryfikuje wiarygodno\u015bci otrzymanych (zebranych) informacji o U\u017cytkownikach, za wyj\u0105tkiem sytuacji, gdy taka weryfikacja jest konieczna w celu wywi\u0105zania si\u0119 z obowi\u0105zk\u00f3w wobec U\u017cytkownika.<\/li>\n<\/ol>\n<h3>Zmiana Polityki Prywatno\u015bci. Obowi\u0105zuj\u0105ce ustawodawstwo<\/h3>\n<ol>\n<li>\u201eCitius\u201d Sp. z o.o. ma prawo dokona\u0107 zmian w Polityce Prywatno\u015bci. Przy dokonywaniu zmian w aktualnej wersji wskazywana jest data ostatniej aktualizacji. Nowa wersja Polityki wchodzi w \u017cycie z chwil\u0105 jej opublikowania, chyba \u017ce nowa wersja Polityki stanowi inaczej.<\/li>\n<li>Niniejsza Polityka oraz relacje pomi\u0119dzy U\u017cytkownikiem a Firm\u0105 powsta\u0142e w zwi\u0105zku ze stosowaniem Polityki Prywatno\u015bci podlegaj\u0105 ustawodawstwu Ukrainy.<\/li>\n<li>Przed zwr\u00f3ceniem si\u0119 do s\u0105du z roszczeniem dotycz\u0105cym spor\u00f3w powsta\u0142ych w relacji pomi\u0119dzy U\u017cytkownikiem a Sp\u00f3\u0142k\u0105, nale\u017cy bezwzgl\u0119dnie zastosowa\u0107 si\u0119 do procedury rozpatrywania roszcze\u0144 w celu rozstrzygania spor\u00f3w.<\/li>\n<\/ol>\n<p>google-site-verification: google5fc37f9cab9232ff.html<\/p>\n","protected":false},"excerpt":{"rendered":"<p>\u041e\u0444\u0456\u0446\u0456\u0439\u043d\u0438\u0439 \u0441\u0430\u0439\u0442 \u0437\u0430\u0432\u043e\u0434\u0443 \u0441\u043f\u0435\u0446\u0430\u0432\u0442\u043e\u043c\u043e\u0431\u0456\u043b\u0456\u0432 Citius S | \u0441\u0442\u043e\u0440\u0456\u043d\u043a\u0430 \u043f\u043e\u043b\u0456\u0442\u0438\u043a\u0438 \u043a\u043e\u043d\u0444\u0456\u0434\u0435\u043d\u0446\u0456\u0439\u043d\u043e\u0441\u0442\u0456<\/p>\n","protected":false},"author":3,"featured_media":0,"parent":0,"menu_order":0,"comment_status":"closed","ping_status":"closed","template":"","meta":{"_acf_changed":false,"footnotes":""},"translation":{"provider":"WPGlobus","version":"2.12.2","language":"pl","enabled_languages":["uk","ru","en","de","pl"],"languages":{"uk":{"title":true,"content":true,"excerpt":true},"ru":{"title":true,"content":false,"excerpt":true},"en":{"title":true,"content":false,"excerpt":true},"de":{"title":true,"content":true,"excerpt":false},"pl":{"title":true,"content":true,"excerpt":false}}},"acf":[],"_links":{"self":[{"href":"https:\/\/citius-s.com\/pl\/wp-json\/wp\/v2\/pages\/1458"}],"collection":[{"href":"https:\/\/citius-s.com\/pl\/wp-json\/wp\/v2\/pages"}],"about":[{"href":"https:\/\/citius-s.com\/pl\/wp-json\/wp\/v2\/types\/page"}],"author":[{"embeddable":true,"href":"https:\/\/citius-s.com\/pl\/wp-json\/wp\/v2\/users\/3"}],"replies":[{"embeddable":true,"href":"https:\/\/citius-s.com\/pl\/wp-json\/wp\/v2\/comments?post=1458"}],"version-history":[{"count":18,"href":"https:\/\/citius-s.com\/pl\/wp-json\/wp\/v2\/pages\/1458\/revisions"}],"predecessor-version":[{"id":3705,"href":"https:\/\/citius-s.com\/pl\/wp-json\/wp\/v2\/pages\/1458\/revisions\/3705"}],"wp:attachment":[{"href":"https:\/\/citius-s.com\/pl\/wp-json\/wp\/v2\/media?parent=1458"}],"curies":[{"name":"wp","href":"https:\/\/api.w.org\/{rel}","templated":true}]}}