{"id":127,"date":"2019-11-15T04:50:05","date_gmt":"2019-11-15T01:50:05","guid":{"rendered":"https:\/\/citius-s.com\/?page_id=127"},"modified":"2024-02-22T00:33:04","modified_gmt":"2024-02-21T21:33:04","slug":"partners-bank","status":"publish","type":"page","link":"https:\/\/citius-s.com\/pl\/partners-bank\/","title":{"rendered":"CITIUS S \u2014 NASI KLIENCI"},"content":{"rendered":"<h4 style=\"text-align: center;\"><strong>Jeste\u015bmy wdzi\u0119czni naszym klientom za zaufanie i wsp\u00f3\u0142prac\u0119.<\/strong><\/h4>\n<h4 style=\"text-align: center;\"><strong>Jeste\u015bmy dumni, \u017ce nasze samochody dzie\u0144 po dniu pomagaj\u0105 im budowa\u0107 biznes i rozwi\u0105zywa\u0107 specjalne wyzwania.<\/strong><\/h4>\n<h4 style=\"text-align: center;\"><strong>Zawsze ch\u0119tnie s\u0142uchamy starych klient\u00f3w i czekamy na telefony od nowych.<\/strong><\/h4>\n<p style=\"text-align: center;\"><strong>G\u0142\u00f3wni zamawiaj\u0105cy pojazd\u00f3w opancerzonych \u201eCitius S\u201d Sp. z o.o.:<\/strong><\/p>\n<p><strong>banki Ukrainy:<\/strong> Narodowy Bank Ukrainy, Oschadbank, Ukrsotsbank, Privatbank, Raiffeisen Bank Aval, Pravexbank, Bank Finans\u00f3w i Kredyt\u00f3w, Prominvestbank, MTB Bank, VTB Bank, Express Bank, Real Bank, Poltava Bank, Marfin Bank, Unison Bank, Aktabank, Khreshchatyk Bank, CityCommerce Bank, Imexbank itp.;<\/p>\n<p><strong>organizacje Ukrainy:<\/strong><br \/>\n\u201eAtlant-M Dneprovskaya nabrze\u017ce\u201d, \u201eVidi Unicommmers\u201d, Kij\u00f3w, \u201eGrand Auto\u201d, Dniepropietrowsk, \u201eParitet\u201d, Kij\u00f3w, \u201eRivo-Motors\u201d, Donieck, \u201ePorsche Ukraina\u201d, Kij\u00f3w, Atlant, Chark\u00f3w itp.;<\/p>\n<p><strong>organizacje zagraniczne:<\/strong><br \/>\nCzechy (Pulsar Expo s.r.o., Praga), Rumunia (Ministerstwo Finans\u00f3w), \u0141otwa (Citadelebank, Ryga), Litwa (Parex bank, UAB Moller), Azerbejd\u017can (Impex bank, Nationalbank, Azerdemiryolbank), \u201eMeschd Bank\u201d), Izrael (Ministerstwo Spraw Zagranicznych Izraela), Gruzja (\u201eBank TBC\u201d), Niemcy (\u201eEuracom\u201d, \u201eCeKo\u201d), Uzbekistan (\u201eSilkroad Auto\u201d), Armenia (\u201eArmeconombank\u201d), Mo\u0142dawia (\u201eMedia Security\u201d ), Ambasada Stan\u00f3w Zjednoczonych Ameryki.<\/p>\n<p style=\"text-align: center;\"><strong>G\u0142\u00f3wni zamawiaj\u0105cy pojazd\u00f3w medycznych \u201eCitius S\u201d Sp. z o.o.:<\/strong><\/p>\n<p>firma medyczna Into-Sana, centrum diagnostyczno-lecznicze Genesis, Klinika multidyscyplinarna \u015aw. Katarzyny, sie\u0107 medyczna Dobrobut, centrum medyczne Eurolab.<\/p>\n<p style=\"text-align: center;\"><strong>G\u0142\u00f3wni zamawiaj\u0105cy specjalistycznych laboratori\u00f3w, produkowanych przez \u201eCitius S\u201d Sp. z o.o.:<\/strong><\/p>\n<p>Krajowa sie\u0107 stacji benzynowych WOG, sie\u0107 stacji benzynowych AMIC.<\/p>\n","protected":false},"excerpt":{"rendered":"<p>\u0421\u0442\u043e\u0440\u0456\u043d\u043a\u0430 \u043f\u0440\u043e \u043a\u043b\u0456\u0454\u043d\u0442\u0456\u0432 \u0443\u043a\u0440\u0430\u0457\u043d\u0441\u044c\u043a\u043e\u0433\u043e \u0432\u0438\u0440\u043e\u0431\u043d\u0438\u043a\u0430 \u0430\u0432\u0442\u043e\u043c\u043e\u0431\u0456\u043b\u0456\u0432 \u0441\u043f\u0435\u0446\u0456\u0430\u043b\u044c\u043d\u043e\u0433\u043e \u043f\u0440\u0438\u0437\u043d\u0430\u0447\u0435\u043d\u043d\u044f &#8211; \u0437\u0430\u0432\u043e\u0434\u0443 \u0426\u0456\u0442\u0456\u0443\u0441 (\u0431\u0440\u043e\u043d\u044c\u043e\u0432\u0430\u043d\u0456 \u0430\u0432\u0442\u043e\u043c\u043e\u0431\u0456\u043b\u0456, \u043c\u0430\u0448\u0438\u043d\u0438 \u0448\u0432\u0438\u0434\u043a\u043e\u0457 \u0434\u043e\u043f\u043e\u043c\u043e\u0433\u0438, \u043c\u0430\u0448\u0438\u043d\u0438 \u0434\u043b\u044f \u0456\u043d\u0432\u0430\u043b\u0456\u0434\u0456\u0432) &#8211; \u0431\u0430\u043d\u043a\u0438, \u043c\u0435\u0434\u0438\u0447\u043d\u0456 \u043a\u043b\u0456\u043d\u0456\u043a\u0456, \u0456\u043d\u043e\u0437\u0435\u043c\u043d\u0456 \u0442\u0430 \u043c\u0456\u0436\u043d\u0430\u0440\u043e\u0434\u043d\u0456 \u043e\u0440\u0433\u0430\u043d\u0456\u0437\u0430\u0446\u0456\u0457<\/p>\n","protected":false},"author":3,"featured_media":0,"parent":0,"menu_order":0,"comment_status":"closed","ping_status":"closed","template":"","meta":{"_acf_changed":false,"footnotes":""},"translation":{"provider":"WPGlobus","version":"2.12.2","language":"pl","enabled_languages":["uk","ru","en","de","pl"],"languages":{"uk":{"title":true,"content":true,"excerpt":true},"ru":{"title":true,"content":true,"excerpt":true},"en":{"title":true,"content":true,"excerpt":true},"de":{"title":true,"content":true,"excerpt":false},"pl":{"title":true,"content":true,"excerpt":false}}},"acf":[],"_links":{"self":[{"href":"https:\/\/citius-s.com\/pl\/wp-json\/wp\/v2\/pages\/127"}],"collection":[{"href":"https:\/\/citius-s.com\/pl\/wp-json\/wp\/v2\/pages"}],"about":[{"href":"https:\/\/citius-s.com\/pl\/wp-json\/wp\/v2\/types\/page"}],"author":[{"embeddable":true,"href":"https:\/\/citius-s.com\/pl\/wp-json\/wp\/v2\/users\/3"}],"replies":[{"embeddable":true,"href":"https:\/\/citius-s.com\/pl\/wp-json\/wp\/v2\/comments?post=127"}],"version-history":[{"count":77,"href":"https:\/\/citius-s.com\/pl\/wp-json\/wp\/v2\/pages\/127\/revisions"}],"predecessor-version":[{"id":3635,"href":"https:\/\/citius-s.com\/pl\/wp-json\/wp\/v2\/pages\/127\/revisions\/3635"}],"wp:attachment":[{"href":"https:\/\/citius-s.com\/pl\/wp-json\/wp\/v2\/media?parent=127"}],"curies":[{"name":"wp","href":"https:\/\/api.w.org\/{rel}","templated":true}]}}