{"id":3109,"date":"2021-08-03T16:52:35","date_gmt":"2021-08-03T13:52:35","guid":{"rendered":"https:\/\/citius-s.com\/?page_id=3109"},"modified":"2024-02-21T02:08:53","modified_gmt":"2024-02-20T23:08:53","slug":"policzejskie-mashiny","status":"publish","type":"page","link":"https:\/\/citius-s.com\/de\/catalog\/policzejskie-mashiny\/","title":{"rendered":"POLIZEIFAHRZEUGE"},"content":{"rendered":"<h2><img loading=\"lazy\" decoding=\"async\" class=\"aligncenter wp-image-3121 size-full\" src=\"https:\/\/citius-s.com\/wp-content\/uploads\/2021\/08\/police_720.jpg\" alt=\"\" width=\"720\" height=\"360\" srcset=\"https:\/\/citius-s.com\/wp-content\/uploads\/2021\/08\/police_720.jpg 720w, https:\/\/citius-s.com\/wp-content\/uploads\/2021\/08\/police_720-300x150.jpg 300w, https:\/\/citius-s.com\/wp-content\/uploads\/2021\/08\/police_720-24x12.jpg 24w, https:\/\/citius-s.com\/wp-content\/uploads\/2021\/08\/police_720-36x18.jpg 36w, https:\/\/citius-s.com\/wp-content\/uploads\/2021\/08\/police_720-48x24.jpg 48w\" sizes=\"(max-width: 720px) 100vw, 720px\" \/><\/h2>\n<h2 style=\"text-align: center;\">Herstellung und Verkauf in der Ukraine \u2014 Werk <em><span style=\"color: #ff9900;\">\u201eCitius S\u201d<\/span><\/em><\/h2>\n<h2 style=\"text-align: center;\">\u00a0auf der Grundlage von <strong> Renault, Mercedes, Volkswagen, usw.<\/strong><\/h2>\n<div style=\"text-align: center;\"><iframe loading=\"lazy\" title=\"YouTube video player\" src=\"https:\/\/www.youtube.com\/embed\/P_iUxkUzZKY\" width=\"560\" height=\"315\" frameborder=\"0\" allowfullscreen=\"allowfullscreen\"><\/iframe><\/div>\n<div>\n<h3><\/h3>\n<p><strong>Das Werk Citius S ist der offizielle Partner<\/strong>f\u00fcr die Umr\u00fcstung von  <strong>Renault, Volkswagen und Mercedes<\/strong> Nutzfahrzeugen in der Ukraine mit der Herstellergarantie.<\/p>\n<p>Wir produzieren Polizeifahrzeuge der folgenden Kategorien:<\/p>\n<ul>\n<li><strong>Streifenwagen<\/strong><\/li>\n<li><strong>Kriminalistische Laboratorien<\/strong><\/li>\n<li><strong>Fahrzeuge f\u00fcr kynologische Dienste<\/strong><\/li>\n<li><strong>Wohnwagen<\/strong><\/li>\n<li><strong>Gepanzerte Polizeifahrzeuge<\/strong><\/li>\n<li><strong>Verdeckte \u00dcberwachungsfahrzeuge<\/strong><\/li>\n<li><strong>Alle Spezialfahrzeuge auf individuelle Bestellung<\/strong><\/li>\n<\/ul>\n<p>Die Fahrzeuge sind in <strong> und werden aus neuen Ganzmetalltransportern nach allen <\/strong>  Anforderungen f\u00fcr Polizeispezialfahrzeuge in der Ukraine umgebaut.<\/p>\n<h3 style=\"text-align: center;\"><a href=\"https:\/\/citius-s.com\/contacts\/\">EINEN PREIS F\u00dcR EIN POLIZEIFAHRZEUG ANFRAGEN<\/a><\/h3>\n<h3 style=\"text-align: center;\"><strong>Unsere Preispolitik ist eine Kombination aus h\u00f6chster Qualit\u00e4t und g\u00fcnstigem Preis<\/strong><\/h3>\n<h2><strong>Wie kann ich einen Polizei- oder Streifenfahrzeugen kaufen?<\/strong><\/h2>\n<p>Die Fahrzeuge werden auf Bestellung gefertigt. <strong> Die Produktionszeit betr\u00e4gt ab 14 Tage.<\/strong>   ZDas Werk f\u00fchrt sowohl Direktverk\u00e4ufe als auch Lieferungen an das H\u00e4ndlernetz durch.<\/p>\n<h3><em>Direkte Telefonnummer des Gesch\u00e4ftsbereichsleiters<\/em>\u00a0<a href=\"tel:+380664189919\">+380 66 418 99 19<\/a><\/h3>\n<p>Die Produktion und das B\u00fcro befinden sich in<strong> Stryj, Region Lwiw. <\/strong><\/p>\n<p><strong>Wir arbeiten in der gesamten Ukraine und f\u00fcr den Export.<\/strong><\/p>\n<p><strong>Die Garantie <\/strong>f\u00fcr umger\u00fcstete Fahrzeuge betr\u00e4gt<strong> 24 Monate.<\/strong><\/p>\n\n\t<div class=\"row gallery\">\n\t\t<div class=\"col-sm-12 gallery_filter\">\n\t\t\t<div class=\"form-group\">\n\t\t\t\t\n\t\t\t<\/div>\t\n\t\t<\/div>\n\t\t<div class=\"col-sm-12\">\n\t\t\t<div class=\"row grid\">\t\n\t\t\t\t\n\t\t\t<div class=\"grid-item col-md-3 col-sm-4 col-xs-6 \">\n\t\t\t\t<a href=\"https:\/\/citius-s.com\/wp-content\/uploads\/2021\/08\/police-3.jpg\" data-original=\"https:\/\/citius-s.com\/wp-content\/uploads\/2021\/08\/police-3-768x432.jpg\" style=\"background-image: url(https:\/\/citius-s.com\/wp-content\/themes\/citius\/lib\/img\/no-photo.png);\" class=\"fancybox\" data-fancybox=\"gallery\">\n\t\t\t\t<div class=\"caption\">\n\t\t\t\t\t<div class=\"bg\"><\/div>\n\t\t\t\t\t<h3>\u0423\u0432\u0435\u043b\u0438\u0447\u0438\u0442\u044c<\/h3>\n\t\t\t\t\t<p><span class=\"glyphicon glyphicon-eye-open\"><\/span><\/p>\t\t\t\t\t\n\t\t\t\t<\/div>\n\t\t\t\t<\/a>\n\t\t\t<\/div>\n\t\t\t<div class=\"grid-item col-md-3 col-sm-4 col-xs-6 \">\n\t\t\t\t<a href=\"https:\/\/citius-s.com\/wp-content\/uploads\/2021\/08\/police-4.jpg\" data-original=\"https:\/\/citius-s.com\/wp-content\/uploads\/2021\/08\/police-4-768x432.jpg\" style=\"background-image: url(https:\/\/citius-s.com\/wp-content\/themes\/citius\/lib\/img\/no-photo.png);\" class=\"fancybox\" data-fancybox=\"gallery\">\n\t\t\t\t<div class=\"caption\">\n\t\t\t\t\t<div class=\"bg\"><\/div>\n\t\t\t\t\t<h3>\u0423\u0432\u0435\u043b\u0438\u0447\u0438\u0442\u044c<\/h3>\n\t\t\t\t\t<p><span class=\"glyphicon glyphicon-eye-open\"><\/span><\/p>\t\t\t\t\t\n\t\t\t\t<\/div>\n\t\t\t\t<\/a>\n\t\t\t<\/div>\n\t\t\t<div class=\"grid-item col-md-3 col-sm-4 col-xs-6 \">\n\t\t\t\t<a href=\"https:\/\/citius-s.com\/wp-content\/uploads\/2021\/08\/police-6.jpg\" data-original=\"https:\/\/citius-s.com\/wp-content\/uploads\/2021\/08\/police-6-768x432.jpg\" style=\"background-image: url(https:\/\/citius-s.com\/wp-content\/themes\/citius\/lib\/img\/no-photo.png);\" class=\"fancybox\" data-fancybox=\"gallery\">\n\t\t\t\t<div class=\"caption\">\n\t\t\t\t\t<div class=\"bg\"><\/div>\n\t\t\t\t\t<h3>\u0423\u0432\u0435\u043b\u0438\u0447\u0438\u0442\u044c<\/h3>\n\t\t\t\t\t<p><span class=\"glyphicon glyphicon-eye-open\"><\/span><\/p>\t\t\t\t\t\n\t\t\t\t<\/div>\n\t\t\t\t<\/a>\n\t\t\t<\/div>\n\t\t\t<div class=\"grid-item col-md-3 col-sm-4 col-xs-6 \">\n\t\t\t\t<a href=\"https:\/\/citius-s.com\/wp-content\/uploads\/2021\/08\/police-1.jpg\" data-original=\"https:\/\/citius-s.com\/wp-content\/uploads\/2021\/08\/police-1-768x432.jpg\" style=\"background-image: url(https:\/\/citius-s.com\/wp-content\/themes\/citius\/lib\/img\/no-photo.png);\" class=\"fancybox\" data-fancybox=\"gallery\">\n\t\t\t\t<div class=\"caption\">\n\t\t\t\t\t<div class=\"bg\"><\/div>\n\t\t\t\t\t<h3>\u0423\u0432\u0435\u043b\u0438\u0447\u0438\u0442\u044c<\/h3>\n\t\t\t\t\t<p><span class=\"glyphicon glyphicon-eye-open\"><\/span><\/p>\t\t\t\t\t\n\t\t\t\t<\/div>\n\t\t\t\t<\/a>\n\t\t\t<\/div>\n\t\t\t<div class=\"grid-item col-md-3 col-sm-4 col-xs-6 \">\n\t\t\t\t<a href=\"https:\/\/citius-s.com\/wp-content\/uploads\/2021\/08\/police-11.jpg\" data-original=\"https:\/\/citius-s.com\/wp-content\/uploads\/2021\/08\/police-11-768x432.jpg\" style=\"background-image: url(https:\/\/citius-s.com\/wp-content\/themes\/citius\/lib\/img\/no-photo.png);\" class=\"fancybox\" data-fancybox=\"gallery\">\n\t\t\t\t<div class=\"caption\">\n\t\t\t\t\t<div class=\"bg\"><\/div>\n\t\t\t\t\t<h3>\u0423\u0432\u0435\u043b\u0438\u0447\u0438\u0442\u044c<\/h3>\n\t\t\t\t\t<p><span class=\"glyphicon glyphicon-eye-open\"><\/span><\/p>\t\t\t\t\t\n\t\t\t\t<\/div>\n\t\t\t\t<\/a>\n\t\t\t<\/div>\n\t\t\t<div class=\"grid-item col-md-3 col-sm-4 col-xs-6 \">\n\t\t\t\t<a href=\"https:\/\/citius-s.com\/wp-content\/uploads\/2021\/08\/police-5.jpg\" data-original=\"https:\/\/citius-s.com\/wp-content\/uploads\/2021\/08\/police-5-768x432.jpg\" style=\"background-image: url(https:\/\/citius-s.com\/wp-content\/themes\/citius\/lib\/img\/no-photo.png);\" class=\"fancybox\" data-fancybox=\"gallery\">\n\t\t\t\t<div class=\"caption\">\n\t\t\t\t\t<div class=\"bg\"><\/div>\n\t\t\t\t\t<h3>\u0423\u0432\u0435\u043b\u0438\u0447\u0438\u0442\u044c<\/h3>\n\t\t\t\t\t<p><span class=\"glyphicon glyphicon-eye-open\"><\/span><\/p>\t\t\t\t\t\n\t\t\t\t<\/div>\n\t\t\t\t<\/a>\n\t\t\t<\/div>\n\t\t\t<div class=\"grid-item col-md-3 col-sm-4 col-xs-6 \">\n\t\t\t\t<a href=\"https:\/\/citius-s.com\/wp-content\/uploads\/2021\/08\/police-8.jpg\" data-original=\"https:\/\/citius-s.com\/wp-content\/uploads\/2021\/08\/police-8-768x432.jpg\" style=\"background-image: url(https:\/\/citius-s.com\/wp-content\/themes\/citius\/lib\/img\/no-photo.png);\" class=\"fancybox\" data-fancybox=\"gallery\">\n\t\t\t\t<div class=\"caption\">\n\t\t\t\t\t<div class=\"bg\"><\/div>\n\t\t\t\t\t<h3>\u0423\u0432\u0435\u043b\u0438\u0447\u0438\u0442\u044c<\/h3>\n\t\t\t\t\t<p><span class=\"glyphicon glyphicon-eye-open\"><\/span><\/p>\t\t\t\t\t\n\t\t\t\t<\/div>\n\t\t\t\t<\/a>\n\t\t\t<\/div>\n\t\t\t<div class=\"grid-item col-md-3 col-sm-4 col-xs-6 \">\n\t\t\t\t<a href=\"https:\/\/citius-s.com\/wp-content\/uploads\/2021\/08\/police-9.jpg\" data-original=\"https:\/\/citius-s.com\/wp-content\/uploads\/2021\/08\/police-9-768x432.jpg\" style=\"background-image: url(https:\/\/citius-s.com\/wp-content\/themes\/citius\/lib\/img\/no-photo.png);\" class=\"fancybox\" data-fancybox=\"gallery\">\n\t\t\t\t<div class=\"caption\">\n\t\t\t\t\t<div class=\"bg\"><\/div>\n\t\t\t\t\t<h3>\u0423\u0432\u0435\u043b\u0438\u0447\u0438\u0442\u044c<\/h3>\n\t\t\t\t\t<p><span class=\"glyphicon glyphicon-eye-open\"><\/span><\/p>\t\t\t\t\t\n\t\t\t\t<\/div>\n\t\t\t\t<\/a>\n\t\t\t<\/div>\n\t\t\t<\/div>\n\t\t<\/div>\n\t<\/div>\n<p>Vielleicht interessieren Sie sich auch f\u00fcr andere Fahrzeuge, die in unserem Werk hergestellt werden: <\/strong><\/p>\n<h3 style=\"text-align: center;\"><a href=\"https:\/\/citius-s.com\/armored-cars\/\">GEPANZERTE EINZUGSFAHRZEUGE<\/a><\/h3>\n<h3 style=\"text-align: center;\"><a href=\"https:\/\/citius-s.com\/catalog\/medicine-cars\/\">KRANKENWAGEN<\/a><\/h3>\n<\/div>\n","protected":false},"excerpt":{"rendered":"<p>Kaufen Sie ein neues Polizeiauto in der Ukraine ab Werk zum besten Preis. Das Spezialfahrzeugwerk Stryi produziert und vertreibt: Streifenwagen, Polizeiautos, forensische Labore, Hundeautos usw. Basierend auf Renault, Volkswagen, Mercedes. Mit Garantie &#8211; 24 Monate. Qualit\u00e4tsautos zu einem erschwinglichen Preis.<\/p>\n","protected":false},"author":2,"featured_media":3120,"parent":2564,"menu_order":0,"comment_status":"closed","ping_status":"closed","template":"","meta":{"_acf_changed":false,"footnotes":""},"translation":{"provider":"WPGlobus","version":"2.12.2","language":"de","enabled_languages":["uk","ru","en","de","pl"],"languages":{"uk":{"title":true,"content":true,"excerpt":true},"ru":{"title":true,"content":false,"excerpt":false},"en":{"title":false,"content":false,"excerpt":false},"de":{"title":true,"content":true,"excerpt":true},"pl":{"title":true,"content":true,"excerpt":true}}},"acf":[],"_links":{"self":[{"href":"https:\/\/citius-s.com\/de\/wp-json\/wp\/v2\/pages\/3109"}],"collection":[{"href":"https:\/\/citius-s.com\/de\/wp-json\/wp\/v2\/pages"}],"about":[{"href":"https:\/\/citius-s.com\/de\/wp-json\/wp\/v2\/types\/page"}],"author":[{"embeddable":true,"href":"https:\/\/citius-s.com\/de\/wp-json\/wp\/v2\/users\/2"}],"replies":[{"embeddable":true,"href":"https:\/\/citius-s.com\/de\/wp-json\/wp\/v2\/comments?post=3109"}],"version-history":[{"count":28,"href":"https:\/\/citius-s.com\/de\/wp-json\/wp\/v2\/pages\/3109\/revisions"}],"predecessor-version":[{"id":3574,"href":"https:\/\/citius-s.com\/de\/wp-json\/wp\/v2\/pages\/3109\/revisions\/3574"}],"up":[{"embeddable":true,"href":"https:\/\/citius-s.com\/de\/wp-json\/wp\/v2\/pages\/2564"}],"wp:featuredmedia":[{"embeddable":true,"href":"https:\/\/citius-s.com\/de\/wp-json\/wp\/v2\/media\/3120"}],"wp:attachment":[{"href":"https:\/\/citius-s.com\/de\/wp-json\/wp\/v2\/media?parent=3109"}],"curies":[{"name":"wp","href":"https:\/\/api.w.org\/{rel}","templated":true}]}}