{"id":2809,"date":"2021-01-21T14:48:09","date_gmt":"2021-01-21T11:48:09","guid":{"rendered":"https:\/\/citius-s.com\/?page_id=2809"},"modified":"2024-02-20T18:35:32","modified_gmt":"2024-02-20T15:35:32","slug":"reanimobili","status":"publish","type":"page","link":"https:\/\/citius-s.com\/de\/catalog\/reanimobili\/","title":{"rendered":"INTENSIVTRANSPORTWAGEN"},"content":{"rendered":"<p><img loading=\"lazy\" decoding=\"async\" class=\"alignnone size-full wp-image-2553 aligncenter\" src=\"https:\/\/citius-s.com\/wp-content\/uploads\/2021\/01\/med_reno_c_720.png\" alt=\"\" width=\"720\" height=\"360\" srcset=\"https:\/\/citius-s.com\/wp-content\/uploads\/2021\/01\/med_reno_c_720.png 720w, https:\/\/citius-s.com\/wp-content\/uploads\/2021\/01\/med_reno_c_720-300x150.png 300w, https:\/\/citius-s.com\/wp-content\/uploads\/2021\/01\/med_reno_c_720-24x12.png 24w, https:\/\/citius-s.com\/wp-content\/uploads\/2021\/01\/med_reno_c_720-36x18.png 36w, https:\/\/citius-s.com\/wp-content\/uploads\/2021\/01\/med_reno_c_720-48x24.png 48w\" sizes=\"(max-width: 720px) 100vw, 720px\" \/><\/p>\n<h2>Herstellung und Verkauf in der Ukraine \u2014 Werk <span style=\"color: #ffcc00;\">&#8220;Citius S&#8221; <\/span><\/h2>\n<p>Die Fahrzeuge <strong>sind zertifiziert<\/strong> und entsprechen der <strong> DSTU 7032 : 2009. Erfahrung <\/strong>in der Produktion von Spezialtransporten<strong> &#8211; 30 Jahre.\u00a0<\/strong><\/p>\n<p>Wir arbeiten  <strong>in der ganzen Ukraine, exportieren. <\/strong><\/p>\n<p>Unsere Produkte zeichnen sich durch hohe <strong> Zuverl\u00e4ssigkeit, Sicherheit, erh\u00f6hten Komfort<\/strong> f\u00fcr das medizinische Team und die Patienten aus. Sowie einen <strong>akzeptablen Preis<\/strong>.<\/p>\n<h2 style=\"text-align: center;\"><a href=\"https:\/\/citius-s.com\/uk\/contacts\/\">INTENSIVTRANSPORTWAGEN KAUFEN<\/a><\/h2>\n<p><strong>Schnelle Auftragsabwicklung. <\/strong>Fertigungszeit bis zur Bestellung &#8211; ab 20 Tagen. <\/strong><\/p>\n<p><strong>Produktgarantie <\/strong>\u00a0&#8211; <strong>24 Monate.<\/strong><\/p>\n<p>Die Fahrzeuge sind mit medizinischen Ger\u00e4ten f\u00fcr die Reanimationsma\u00dfnahmen direkt im Fahrzeug ausgestattet.<\/p>\n<div style=\"text-align: center;\"><iframe loading=\"lazy\" src=\"https:\/\/www.youtube.com\/embed\/thMRPXZ2nOI\" width=\"560\" height=\"315\" frameborder=\"0\" allowfullscreen=\"allowfullscreen\"><\/iframe><\/div>\n<h3>Basisfahrgestelle zur Auswahl:<\/h3>\n<ul>\n<li>Renault Master<\/li>\n<li>Mercedes Sprinter<\/li>\n<li>Volkswagen Crafter<\/li>\n<li>Ford Transit<\/li>\n<li>Peugeot Boxer<\/li>\n<li>Citroen Jumper<\/li>\n<li>Iveco 4&#215;2 oder 4&#215;4 mit Allradantrieb<\/li>\n<\/ul>\n<div style=\"text-align: center;\"><iframe loading=\"lazy\" src=\"https:\/\/www.youtube.com\/embed\/grZwOMS2sY8\" width=\"560\" height=\"315\" frameborder=\"0\" allowfullscreen=\"allowfullscreen\"><\/iframe><\/div>\n<div>\n<h3>Kompletter Satz medizinischer Ausr\u00fcstung:<\/h3>\n<ul>\n<li>f\u00fcnf Arten von Tragen (Rollstuhltrage, tragbare Trage mit Kopffixierung, pneumatische Trage, Stuhltrage, rahmenlose Trage)<\/li>\n<li>Elektrokardiograph<\/li>\n<li>tragbares Beatmungsger\u00e4t<\/li>\n<li>medizinisches Absaugger\u00e4t<\/li>\n<li>Spritzenpumpe<\/li>\n<li>Halskrause<\/li>\n<li>Satz Gliederschienen<\/li>\n<li>Pulsoximeter<\/li>\n<li>Blutzuckermessger\u00e4t<\/li>\n<li>Defibrillator<\/li>\n<li>Patientenmonitor \u0412M1600<\/li>\n<li>Sauerstoffflaschen<\/li>\n<\/ul>\n<p>Die Umr\u00fcstung erfolgt in <strong>Stryj auf der Grundlage der Stryj Spezialfahrzeug-Werk  &#8220;Citius S&#8221;<\/strong>, wo das Basisfahrzeug zus\u00e4tzlich ausgestattet wird mit:<\/p>\n<ul>\n<li>220 Volt autonomes Stromversorgungssystem<\/li>\n<li>Klimaanlage und Kabinenheizung<\/li>\n<li>Signalisierungsbalken, Sirene, Lautsprecheranlage<\/li>\n<li>Innenverglasung &#8211; get\u00f6ntes Triplex<\/li>\n<li>\u043fKunststoffmobiliar zur Unterbringung der medizinischen Ausr\u00fcstung<\/li>\n<li>Sitze f\u00fcr das medizinische Team und die Begleitpersonen<\/li>\n<li>zus\u00e4tzliche Schall- und W\u00e4rmed\u00e4mmung<\/li>\n<li>Au\u00dfenverglasung nach DSTU 7032:2009<\/li>\n<\/ul>\n<h3 style=\"text-align: center;\"><a href=\"https:\/\/citius-s.com\/about\/otzyvy-nashih-klientov\/\">R\u00dcCKMELDUNGEN<\/a><\/h3>\n<h3>Unsere Vorteile:<\/h3>\n<ul>\n<li><strong>Qualit\u00e4t<\/strong>\u00a0\u2014 Fahrgestelle der weltweit f\u00fchrenden Marken mit einer Garantie. Importierte medizinische Ausr\u00fcstung. Hochwertige Renovierung von Salons auf Euro-Niveau<\/li>\n<li><strong>Schnelligkeit <\/strong>&#8211; Auftragsabwicklung ab 20 Tagen<\/li>\n<li><strong>Garantie <\/strong>\u00a0\u2014 24 Monate<\/li>\n<li><strong>Service<\/strong> &#8211; offizielle Garantie von Renault, Volkswagen, Mercedes. Arbeitet reisende Brigade von Citius S in der ganzen Ukraine.<\/li>\n<\/ul>\n<\/div>\n<p><strong>Der Preis der Intensivtransportwagen <\/strong> &#8211; je nach der Marke des Basisfahrzeugs und das Niveau der Ausr\u00fcstung mit medizinischer Ausr\u00fcstung.<\/p>\n<h2 style=\"text-align: center;\"><a href=\"https:\/\/citius-s.com\/uk\/contacts\/\">ANGEBOT F\u00dcR EINEN INTENSIVTRANSPORTWAGEN ANFORDERN<\/a><\/h2>\n<h3 style=\"text-align: center;\"><em><strong>Unsere Preispolitik ist eine Kombination aus Qualit\u00e4t und angemessenen Kosten<\/strong><\/em><\/h3>\n<h3><\/h3>\n<h3><strong>Wie k\u00f6nnen Sie den Intensivtransportwagen kaufen?<\/strong><\/h3>\n<p>Um ohne Zwischenh\u00e4ndler zum Fabrikpreis zu kaufen, kontaktieren Sie bitte unsere Manager.<\/p>\n<h3><em>\u00a0Direkte Telefonnummer des Empfehlungsleiters<\/em>\u00a0<a href=\"tel:+380664189919\">+380 66 418 99 19<\/a><\/h3>\n<p>Herstellung und Gesch\u00e4ftsstelle befinden sich in<strong> Stryj &#8211; Region Lwiw.<\/strong><\/p>\n<h3 style=\"text-align: center;\">Beispiele f\u00fcr unsere Arbeit:<\/h3>\n<h3>Standard Intensivtransportwagen auf Basis des Renault Master<\/h3>\n\n\t<div class=\"row gallery\">\n\t\t<div class=\"col-sm-12 gallery_filter\">\n\t\t\t<div class=\"form-group\">\n\t\t\t\t\n\t\t\t<\/div>\t\n\t\t<\/div>\n\t\t<div class=\"col-sm-12\">\n\t\t\t<div class=\"row grid\">\t\n\t\t\t\t\n\t\t\t<div class=\"grid-item col-md-3 col-sm-4 col-xs-6 \">\n\t\t\t\t<a href=\"https:\/\/citius-s.com\/wp-content\/uploads\/2021\/01\/reanimobili_reno_1.jpg\" data-original=\"https:\/\/citius-s.com\/wp-content\/uploads\/2021\/01\/reanimobili_reno_1-768x576.jpg\" style=\"background-image: url(https:\/\/citius-s.com\/wp-content\/themes\/citius\/lib\/img\/no-photo.png);\" class=\"fancybox\" data-fancybox=\"gallery\">\n\t\t\t\t<div class=\"caption\">\n\t\t\t\t\t<div class=\"bg\"><\/div>\n\t\t\t\t\t<h3>\u0423\u0432\u0435\u043b\u0438\u0447\u0438\u0442\u044c<\/h3>\n\t\t\t\t\t<p><span class=\"glyphicon glyphicon-eye-open\"><\/span><\/p>\t\t\t\t\t\n\t\t\t\t<\/div>\n\t\t\t\t<\/a>\n\t\t\t<\/div>\n\t\t\t<div class=\"grid-item col-md-3 col-sm-4 col-xs-6 \">\n\t\t\t\t<a href=\"https:\/\/citius-s.com\/wp-content\/uploads\/2021\/01\/reanimobili_reno_3.jpg\" data-original=\"https:\/\/citius-s.com\/wp-content\/uploads\/2021\/01\/reanimobili_reno_3-768x576.jpg\" style=\"background-image: url(https:\/\/citius-s.com\/wp-content\/themes\/citius\/lib\/img\/no-photo.png);\" class=\"fancybox\" data-fancybox=\"gallery\">\n\t\t\t\t<div class=\"caption\">\n\t\t\t\t\t<div class=\"bg\"><\/div>\n\t\t\t\t\t<h3>\u0423\u0432\u0435\u043b\u0438\u0447\u0438\u0442\u044c<\/h3>\n\t\t\t\t\t<p><span class=\"glyphicon glyphicon-eye-open\"><\/span><\/p>\t\t\t\t\t\n\t\t\t\t<\/div>\n\t\t\t\t<\/a>\n\t\t\t<\/div>\n\t\t\t<div class=\"grid-item col-md-3 col-sm-4 col-xs-6 \">\n\t\t\t\t<a href=\"https:\/\/citius-s.com\/wp-content\/uploads\/2021\/01\/reanimobili_reno_2.jpg\" data-original=\"https:\/\/citius-s.com\/wp-content\/uploads\/2021\/01\/reanimobili_reno_2-768x576.jpg\" style=\"background-image: url(https:\/\/citius-s.com\/wp-content\/themes\/citius\/lib\/img\/no-photo.png);\" class=\"fancybox\" data-fancybox=\"gallery\">\n\t\t\t\t<div class=\"caption\">\n\t\t\t\t\t<div class=\"bg\"><\/div>\n\t\t\t\t\t<h3>\u0423\u0432\u0435\u043b\u0438\u0447\u0438\u0442\u044c<\/h3>\n\t\t\t\t\t<p><span class=\"glyphicon glyphicon-eye-open\"><\/span><\/p>\t\t\t\t\t\n\t\t\t\t<\/div>\n\t\t\t\t<\/a>\n\t\t\t<\/div>\n\t\t\t<div class=\"grid-item col-md-3 col-sm-4 col-xs-6 \">\n\t\t\t\t<a href=\"https:\/\/citius-s.com\/wp-content\/uploads\/2021\/01\/reanimobili_reno_4.jpg\" data-original=\"https:\/\/citius-s.com\/wp-content\/uploads\/2021\/01\/reanimobili_reno_4-768x576.jpg\" style=\"background-image: url(https:\/\/citius-s.com\/wp-content\/themes\/citius\/lib\/img\/no-photo.png);\" class=\"fancybox\" data-fancybox=\"gallery\">\n\t\t\t\t<div class=\"caption\">\n\t\t\t\t\t<div class=\"bg\"><\/div>\n\t\t\t\t\t<h3>\u0423\u0432\u0435\u043b\u0438\u0447\u0438\u0442\u044c<\/h3>\n\t\t\t\t\t<p><span class=\"glyphicon glyphicon-eye-open\"><\/span><\/p>\t\t\t\t\t\n\t\t\t\t<\/div>\n\t\t\t\t<\/a>\n\t\t\t<\/div>\n\t\t\t<\/div>\n\t\t<\/div>\n\t<\/div>\n<h3>Intensivtransportwagen auf Basis des Mercedes Sprinters<\/h3>\n\n\t<div class=\"row gallery\">\n\t\t<div class=\"col-sm-12 gallery_filter\">\n\t\t\t<div class=\"form-group\">\n\t\t\t\t\n\t\t\t<\/div>\t\n\t\t<\/div>\n\t\t<div class=\"col-sm-12\">\n\t\t\t<div class=\"row grid\">\t\n\t\t\t\t\n\t\t\t<div class=\"grid-item col-md-3 col-sm-4 col-xs-6 \">\n\t\t\t\t<a href=\"https:\/\/citius-s.com\/wp-content\/uploads\/2021\/01\/reanimobili_5.jpg\" data-original=\"https:\/\/citius-s.com\/wp-content\/uploads\/2021\/01\/reanimobili_5-768x576.jpg\" style=\"background-image: url(https:\/\/citius-s.com\/wp-content\/themes\/citius\/lib\/img\/no-photo.png);\" class=\"fancybox\" data-fancybox=\"gallery\">\n\t\t\t\t<div class=\"caption\">\n\t\t\t\t\t<div class=\"bg\"><\/div>\n\t\t\t\t\t<h3>\u0423\u0432\u0435\u043b\u0438\u0447\u0438\u0442\u044c<\/h3>\n\t\t\t\t\t<p><span class=\"glyphicon glyphicon-eye-open\"><\/span><\/p>\t\t\t\t\t\n\t\t\t\t<\/div>\n\t\t\t\t<\/a>\n\t\t\t<\/div>\n\t\t\t<div class=\"grid-item col-md-3 col-sm-4 col-xs-6 \">\n\t\t\t\t<a href=\"https:\/\/citius-s.com\/wp-content\/uploads\/2021\/01\/reanimobili_6.jpg\" data-original=\"https:\/\/citius-s.com\/wp-content\/uploads\/2021\/01\/reanimobili_6-768x572.jpg\" style=\"background-image: url(https:\/\/citius-s.com\/wp-content\/themes\/citius\/lib\/img\/no-photo.png);\" class=\"fancybox\" data-fancybox=\"gallery\">\n\t\t\t\t<div class=\"caption\">\n\t\t\t\t\t<div class=\"bg\"><\/div>\n\t\t\t\t\t<h3>\u0423\u0432\u0435\u043b\u0438\u0447\u0438\u0442\u044c<\/h3>\n\t\t\t\t\t<p><span class=\"glyphicon glyphicon-eye-open\"><\/span><\/p>\t\t\t\t\t\n\t\t\t\t<\/div>\n\t\t\t\t<\/a>\n\t\t\t<\/div>\n\t\t\t<div class=\"grid-item col-md-3 col-sm-4 col-xs-6 \">\n\t\t\t\t<a href=\"https:\/\/citius-s.com\/wp-content\/uploads\/2021\/01\/reanimobili_7.jpg\" data-original=\"https:\/\/citius-s.com\/wp-content\/uploads\/2021\/01\/reanimobili_7-768x567.jpg\" style=\"background-image: url(https:\/\/citius-s.com\/wp-content\/themes\/citius\/lib\/img\/no-photo.png);\" class=\"fancybox\" data-fancybox=\"gallery\">\n\t\t\t\t<div class=\"caption\">\n\t\t\t\t\t<div class=\"bg\"><\/div>\n\t\t\t\t\t<h3>\u0423\u0432\u0435\u043b\u0438\u0447\u0438\u0442\u044c<\/h3>\n\t\t\t\t\t<p><span class=\"glyphicon glyphicon-eye-open\"><\/span><\/p>\t\t\t\t\t\n\t\t\t\t<\/div>\n\t\t\t\t<\/a>\n\t\t\t<\/div>\n\t\t\t<div class=\"grid-item col-md-3 col-sm-4 col-xs-6 \">\n\t\t\t\t<a href=\"https:\/\/citius-s.com\/wp-content\/uploads\/2021\/01\/reanimobili_8.jpg\" data-original=\"https:\/\/citius-s.com\/wp-content\/uploads\/2021\/01\/reanimobili_8-768x506.jpg\" style=\"background-image: url(https:\/\/citius-s.com\/wp-content\/themes\/citius\/lib\/img\/no-photo.png);\" class=\"fancybox\" data-fancybox=\"gallery\">\n\t\t\t\t<div class=\"caption\">\n\t\t\t\t\t<div class=\"bg\"><\/div>\n\t\t\t\t\t<h3>\u0423\u0432\u0435\u043b\u0438\u0447\u0438\u0442\u044c<\/h3>\n\t\t\t\t\t<p><span class=\"glyphicon glyphicon-eye-open\"><\/span><\/p>\t\t\t\t\t\n\t\t\t\t<\/div>\n\t\t\t\t<\/a>\n\t\t\t<\/div>\n\t\t\t<\/div>\n\t\t<\/div>\n\t<\/div>\n<h3>Branded Intensivtransportwagen ma\u00dfgeschneidert f\u00fcr eine Privatklinik<\/h3>\n\n\t<div class=\"row gallery\">\n\t\t<div class=\"col-sm-12 gallery_filter\">\n\t\t\t<div class=\"form-group\">\n\t\t\t\t\n\t\t\t<\/div>\t\n\t\t<\/div>\n\t\t<div class=\"col-sm-12\">\n\t\t\t<div class=\"row grid\">\t\n\t\t\t\t\n\t\t\t<div class=\"grid-item col-md-3 col-sm-4 col-xs-6 \">\n\t\t\t\t<a href=\"https:\/\/citius-s.com\/wp-content\/uploads\/2021\/01\/reanimobili_9.jpg\" data-original=\"https:\/\/citius-s.com\/wp-content\/uploads\/2021\/01\/reanimobili_9-768x578.jpg\" style=\"background-image: url(https:\/\/citius-s.com\/wp-content\/themes\/citius\/lib\/img\/no-photo.png);\" class=\"fancybox\" data-fancybox=\"gallery\">\n\t\t\t\t<div class=\"caption\">\n\t\t\t\t\t<div class=\"bg\"><\/div>\n\t\t\t\t\t<h3>\u0423\u0432\u0435\u043b\u0438\u0447\u0438\u0442\u044c<\/h3>\n\t\t\t\t\t<p><span class=\"glyphicon glyphicon-eye-open\"><\/span><\/p>\t\t\t\t\t\n\t\t\t\t<\/div>\n\t\t\t\t<\/a>\n\t\t\t<\/div>\n\t\t\t<div class=\"grid-item col-md-3 col-sm-4 col-xs-6 \">\n\t\t\t\t<a href=\"https:\/\/citius-s.com\/wp-content\/uploads\/2021\/01\/reanimobili_10.jpg\" data-original=\"https:\/\/citius-s.com\/wp-content\/uploads\/2021\/01\/reanimobili_10-768x576.jpg\" style=\"background-image: url(https:\/\/citius-s.com\/wp-content\/themes\/citius\/lib\/img\/no-photo.png);\" class=\"fancybox\" data-fancybox=\"gallery\">\n\t\t\t\t<div class=\"caption\">\n\t\t\t\t\t<div class=\"bg\"><\/div>\n\t\t\t\t\t<h3>\u0423\u0432\u0435\u043b\u0438\u0447\u0438\u0442\u044c<\/h3>\n\t\t\t\t\t<p><span class=\"glyphicon glyphicon-eye-open\"><\/span><\/p>\t\t\t\t\t\n\t\t\t\t<\/div>\n\t\t\t\t<\/a>\n\t\t\t<\/div>\n\t\t\t<div class=\"grid-item col-md-3 col-sm-4 col-xs-6 \">\n\t\t\t\t<a href=\"https:\/\/citius-s.com\/wp-content\/uploads\/2021\/01\/reanimobili_11.jpg\" data-original=\"https:\/\/citius-s.com\/wp-content\/uploads\/2021\/01\/reanimobili_11-768x569.jpg\" style=\"background-image: url(https:\/\/citius-s.com\/wp-content\/themes\/citius\/lib\/img\/no-photo.png);\" class=\"fancybox\" data-fancybox=\"gallery\">\n\t\t\t\t<div class=\"caption\">\n\t\t\t\t\t<div class=\"bg\"><\/div>\n\t\t\t\t\t<h3>\u0423\u0432\u0435\u043b\u0438\u0447\u0438\u0442\u044c<\/h3>\n\t\t\t\t\t<p><span class=\"glyphicon glyphicon-eye-open\"><\/span><\/p>\t\t\t\t\t\n\t\t\t\t<\/div>\n\t\t\t\t<\/a>\n\t\t\t<\/div>\n\t\t\t<div class=\"grid-item col-md-3 col-sm-4 col-xs-6 \">\n\t\t\t\t<a href=\"https:\/\/citius-s.com\/wp-content\/uploads\/2021\/01\/reanimobili_12.jpg\" data-original=\"https:\/\/citius-s.com\/wp-content\/uploads\/2021\/01\/reanimobili_12-768x569.jpg\" style=\"background-image: url(https:\/\/citius-s.com\/wp-content\/themes\/citius\/lib\/img\/no-photo.png);\" class=\"fancybox\" data-fancybox=\"gallery\">\n\t\t\t\t<div class=\"caption\">\n\t\t\t\t\t<div class=\"bg\"><\/div>\n\t\t\t\t\t<h3>\u0423\u0432\u0435\u043b\u0438\u0447\u0438\u0442\u044c<\/h3>\n\t\t\t\t\t<p><span class=\"glyphicon glyphicon-eye-open\"><\/span><\/p>\t\t\t\t\t\n\t\t\t\t<\/div>\n\t\t\t\t<\/a>\n\t\t\t<\/div>\n\t\t\t<\/div>\n\t\t<\/div>\n\t<\/div>\n<h3 style=\"text-align: center;\">Das k\u00f6nnte Sie auch interessieren:<\/h3>\n<h3><\/h3>\n<h3 style=\"text-align: center;\"><a href=\"https:\/\/citius-s.com\/uk\/catalog\/medicine-cars\/\">AMBULANZFAHRZEUGEN<\/a><\/h3>\n<p><!--more--><\/p>\n<h3 style=\"text-align: center;\"><a href=\"https:\/\/citius-s.com\/uk\/catalog\/\">KATALOGE ALLER PRODUKTE<\/a><\/h3>\n","protected":false},"excerpt":{"rendered":"<p>Kaufen Sie ein neues Polizeifahrzeug in der Ukraine von der Fabrik zum besten Preis. Das Stryj Werk f\u00fcr spezielle Fahrzeuge herstellt und verkauft Streifenwagen, Gefangenentransportern, foren-sische Laboratorien, Hundetrainingsfahrzeuge, usw. Auf der Basis von Renault, Volkswagen, Mer-cedes. Mit einer 24-monatigen Garantie. Qualit\u00e4tsautos zu einem erschwinglichen Preis.<\/p>\n","protected":false},"author":2,"featured_media":2820,"parent":2564,"menu_order":0,"comment_status":"closed","ping_status":"closed","template":"","meta":{"_acf_changed":false,"footnotes":""},"translation":{"provider":"WPGlobus","version":"2.12.2","language":"de","enabled_languages":["uk","ru","en","de","pl"],"languages":{"uk":{"title":true,"content":true,"excerpt":true},"ru":{"title":true,"content":true,"excerpt":true},"en":{"title":true,"content":true,"excerpt":true},"de":{"title":true,"content":true,"excerpt":true},"pl":{"title":true,"content":true,"excerpt":true}}},"acf":[],"_links":{"self":[{"href":"https:\/\/citius-s.com\/de\/wp-json\/wp\/v2\/pages\/2809"}],"collection":[{"href":"https:\/\/citius-s.com\/de\/wp-json\/wp\/v2\/pages"}],"about":[{"href":"https:\/\/citius-s.com\/de\/wp-json\/wp\/v2\/types\/page"}],"author":[{"embeddable":true,"href":"https:\/\/citius-s.com\/de\/wp-json\/wp\/v2\/users\/2"}],"replies":[{"embeddable":true,"href":"https:\/\/citius-s.com\/de\/wp-json\/wp\/v2\/comments?post=2809"}],"version-history":[{"count":46,"href":"https:\/\/citius-s.com\/de\/wp-json\/wp\/v2\/pages\/2809\/revisions"}],"predecessor-version":[{"id":3553,"href":"https:\/\/citius-s.com\/de\/wp-json\/wp\/v2\/pages\/2809\/revisions\/3553"}],"up":[{"embeddable":true,"href":"https:\/\/citius-s.com\/de\/wp-json\/wp\/v2\/pages\/2564"}],"wp:featuredmedia":[{"embeddable":true,"href":"https:\/\/citius-s.com\/de\/wp-json\/wp\/v2\/media\/2820"}],"wp:attachment":[{"href":"https:\/\/citius-s.com\/de\/wp-json\/wp\/v2\/media?parent=2809"}],"curies":[{"name":"wp","href":"https:\/\/api.w.org\/{rel}","templated":true}]}}