{"id":2345,"date":"2021-01-11T16:47:16","date_gmt":"2021-01-11T13:47:16","guid":{"rendered":"https:\/\/citius-s.com\/?page_id=2345"},"modified":"2024-02-21T00:07:45","modified_gmt":"2024-02-20T21:07:45","slug":"bronirovannoe-steklo","status":"publish","type":"page","link":"https:\/\/citius-s.com\/de\/catalog\/bronirovannoe-steklo\/","title":{"rendered":"GEPANZERTES AUTOSCHEIBEN"},"content":{"rendered":"<h2 style=\"text-align: center;\"><span style=\"color: #000000;\"><img loading=\"lazy\" decoding=\"async\" class=\"alignnone size-full wp-image-2513\" src=\"https:\/\/citius-s.com\/wp-content\/uploads\/2021\/01\/bronesteklo_ris1_720.jpg\" alt=\"\" width=\"720\" height=\"360\" srcset=\"https:\/\/citius-s.com\/wp-content\/uploads\/2021\/01\/bronesteklo_ris1_720.jpg 720w, https:\/\/citius-s.com\/wp-content\/uploads\/2021\/01\/bronesteklo_ris1_720-300x150.jpg 300w, https:\/\/citius-s.com\/wp-content\/uploads\/2021\/01\/bronesteklo_ris1_720-24x12.jpg 24w, https:\/\/citius-s.com\/wp-content\/uploads\/2021\/01\/bronesteklo_ris1_720-36x18.jpg 36w, https:\/\/citius-s.com\/wp-content\/uploads\/2021\/01\/bronesteklo_ris1_720-48x24.jpg 48w\" sizes=\"(max-width: 720px) 100vw, 720px\" \/><\/span><\/h2>\n<h2 style=\"text-align: center;\"><\/h2>\n<h2 style=\"text-align: left;\"><span style=\"color: #000000;\">Herstellung von Panzerglas f\u00fcr Fahrzeuge \u2014 Werk<\/span><span style=\"color: #ffcc00;\"><span style=\"color: #000000;\"><\/span> <strong>&#8220;Citius S&#8221;<\/strong>\u00a0<\/span><\/h2>\n<ul>\n<li style=\"text-align: left;\"><strong>F\u00fcr gepanzerte VIP-Fahrzeuge<\/strong><\/li>\n<li style=\"text-align: left;\"><strong>F\u00fcr Einzugsfahrzeuge<\/strong><\/li>\n<li><strong>F\u00fcr jedes kundenspezifische Fahrzeug<\/strong><\/li>\n<li style=\"text-align: left;\"><strong>Kugelsicheres Glas f\u00fcr Banken und Kassen<\/strong><\/li>\n<\/ul>\n<p><strong>Zertifizierte Herstellung von kugelsicherem Fahrzeugglas. Erfahrung &#8211; 30 Jahre.<\/strong><\/p>\n<p>Wir arbeiten in der gesamten <strong>Ukraine, Export.<\/strong><\/p>\n<h3 style=\"text-align: center;\"><a href=\"https:\/\/citius-s.com\/contacts\/\">PANZERGLAS KAUFEN<\/a><\/h3>\n<p><strong>Schnelle Auftragsabwicklung.<\/strong>Herstellungszeit f\u00fcr kundenspezifisches Glas &#8211;  <strong>von 3 bis 7 Tage.<\/strong>. Bei der Bestellung von Glas ohne Lieferung des Fahrzeugs an uns &#8211; 7-10 Tage.<\/p>\n<p>F\u00fcr alle Arten von Produkten, die wir bieten eine <strong>Garantie von 24 Monaten.<\/strong><\/p>\n<p style=\"text-align: center;\"><strong>Wir panzern:<\/strong><\/p>\n<ul>\n<li><strong>Jeeps<\/strong> &#8211; Mercedes Benz Gel\u00e4ndewagen; Toyota Land Cruiser 200; Lexus LX 570; Mercedes Benz GLS; Mercedes-Benz G 500; Mercedes-Benz G W463; Range Rover; Volkswagen Amarok; Chevrolet Tahoe \/ Suburban<\/li>\n<li><strong>Luxussedanen <\/strong> &#8211; Mercedes-Benz S W221-222; AUDI A8; BMW 760; Skoda Superb<\/li>\n<li><strong>Kleinbusse<\/strong> &#8211; Mercedes Benz Vito \/ Viano; Volkswagen Multivan \/ Transporter; Chevrolet Express<\/li>\n<li><strong>Gro\u00dftonnage-LKWs<\/strong><\/li>\n<li>Alle<strong> speziellen Fahrzeuge<\/strong> die das Gewicht einer Panzerung tragen k\u00f6nnen<\/li>\n<\/ul>\n<h3 style=\"text-align: center;\">Beispiele f\u00fcr unsere Arbeit:<\/h3>\n<h3>Panzerglas f\u00fcr VIP-Fahrzeuge<\/h3>\n<p><img loading=\"lazy\" decoding=\"async\" class=\"aligncenter wp-image-2463 size-full\" src=\"https:\/\/citius-s.com\/wp-content\/uploads\/2021\/01\/bronesteclo_lexus.png\" alt=\"\" width=\"720\" height=\"360\" srcset=\"https:\/\/citius-s.com\/wp-content\/uploads\/2021\/01\/bronesteclo_lexus.png 720w, https:\/\/citius-s.com\/wp-content\/uploads\/2021\/01\/bronesteclo_lexus-300x150.png 300w, https:\/\/citius-s.com\/wp-content\/uploads\/2021\/01\/bronesteclo_lexus-24x12.png 24w, https:\/\/citius-s.com\/wp-content\/uploads\/2021\/01\/bronesteclo_lexus-36x18.png 36w, https:\/\/citius-s.com\/wp-content\/uploads\/2021\/01\/bronesteclo_lexus-48x24.png 48w\" sizes=\"(max-width: 720px) 100vw, 720px\" \/><\/p>\n<h3>Panzerglas f\u00fcr Einzugsfahrzeuge<\/h3>\n<p><img loading=\"lazy\" decoding=\"async\" class=\"size-full wp-image-2469 aligncenter\" src=\"https:\/\/citius-s.com\/wp-content\/uploads\/2021\/01\/bronesteclo_inkassator.png\" alt=\"\" width=\"720\" height=\"240\" srcset=\"https:\/\/citius-s.com\/wp-content\/uploads\/2021\/01\/bronesteclo_inkassator.png 720w, https:\/\/citius-s.com\/wp-content\/uploads\/2021\/01\/bronesteclo_inkassator-300x100.png 300w, https:\/\/citius-s.com\/wp-content\/uploads\/2021\/01\/bronesteclo_inkassator-24x8.png 24w, https:\/\/citius-s.com\/wp-content\/uploads\/2021\/01\/bronesteclo_inkassator-36x12.png 36w, https:\/\/citius-s.com\/wp-content\/uploads\/2021\/01\/bronesteclo_inkassator-48x16.png 48w\" sizes=\"(max-width: 720px) 100vw, 720px\" \/><\/p>\n<h3 style=\"text-align: left;\">Kugelsicheres Glas f\u00fcr Banken und Kassen<\/h3>\n<p><img loading=\"lazy\" decoding=\"async\" class=\"size-full wp-image-2467 aligncenter\" src=\"https:\/\/citius-s.com\/wp-content\/uploads\/2021\/01\/bronesteclo_bank.png\" alt=\"\" width=\"720\" height=\"240\" srcset=\"https:\/\/citius-s.com\/wp-content\/uploads\/2021\/01\/bronesteclo_bank.png 720w, https:\/\/citius-s.com\/wp-content\/uploads\/2021\/01\/bronesteclo_bank-300x100.png 300w, https:\/\/citius-s.com\/wp-content\/uploads\/2021\/01\/bronesteclo_bank-24x8.png 24w, https:\/\/citius-s.com\/wp-content\/uploads\/2021\/01\/bronesteclo_bank-36x12.png 36w, https:\/\/citius-s.com\/wp-content\/uploads\/2021\/01\/bronesteclo_bank-48x16.png 48w\" sizes=\"(max-width: 720px) 100vw, 720px\" \/><\/p>\n<h3 style=\"text-align: center;\">Unsere Vorteile:<\/h3>\n<ul>\n<li><strong>Qualit\u00e4t<\/strong> &#8211; unser Panzerglas verursacht keine optischen Verzerrungen, beschl\u00e4gt nicht im Winter<\/li>\n<li><strong>Geschwindigkeit <\/strong>&#8211; Auftragsabwicklung ab 3 Tagen<\/li>\n<li><strong>24-monatige Garantie\u00a0<\/strong><\/li>\n<li><strong>Service<\/strong>\u00a0-wir bieten Einbau, Austausch und Reparatur von Panzerglas<\/li>\n<li><strong>geringeres Gewicht<\/strong> des Panzerglases bei gleichen Schutzparametern (d. h. h\u00f6here Fahrzeuggeschwindigkeit und geringerer Verschlei\u00df)<\/li>\n<\/ul>\n<p><strong>Die Kosten f\u00fcr Panzerglas<\/strong> &#8211; je nach Fahrzeugmodell, Fl\u00e4che und Durchschusshemmung.<\/p>\n<h3 style=\"text-align: center;\"><a href=\"https:\/\/citius-s.com\/contacts\/\">ANGEBOT F\u00dcR PANZERGLAS ANFORDERN<\/a><\/h3>\n<h3 style=\"text-align: center;\"><strong>Unsere Preispolitik ist eine Kombination aus Qualit\u00e4t und angemessenen Kosten<\/strong><\/h3>\n<h2><strong>Wie kaufen Sie Panzerglas f\u00fcr ein Fahrzeug?<\/strong><\/h2>\n<p>Sie k\u00f6nnen Panzerglas f\u00fcr jedes Automodell zum Fabrikpreis kaufen, indem Sie sich an unsere Manager wenden.<\/p>\n<h3 style=\"text-align: center;\"><em>Direkte Telefonnummer des Empfehlungsleiters<\/em> <a style=\"font-size: 16px;\" href=\"tel:+380664189919\">+380 66 418 99 19<\/a><\/h3>\n<p>Herstellung und Gesch\u00e4ftsstelle befinden sich in<strong> Stryj &#8211; Region Lwiw.\u00a0<\/strong><br \/>\n<strong>Wir arbeiten in der gesamten Ukraine.\u00a0<\/strong> M\u00f6glicher Versand per Lieferservice, Reparatur, Einbau und Austausch von Panzerglas durch ein Au\u00dfendienstteam vor Ort beim Kunden.<\/p>\n<h3 style=\"text-align: left;\"><strong><span style=\"color: #000000;\">Herstellung von kugelsicherem Glas im Werk &#8220;Citius S&#8221;<\/span><\/strong><\/h3>\n<p>Die transparente Panzerung ist das komplexeste Element eines gepanzerten Fahrzeugs.<\/p>\n<p>Bei Panzerglas f\u00fcr Fahrzeuge wird die Form der Standardverglasung vollst\u00e4ndig \u00fcbernommen, und das Aussehen des Fahrzeugs bleibt unver\u00e4ndert. Es gibt viele Unterschiede zwischen Panzerglas und normalem Glas.<br \/>\nZum einen ist es die Dicke des Glases. Bei Panzerglas h\u00e4ngt sie von der Schutzklasse ab &#8211; Kugeln aus welcher Waffe sollen das Glas halten. Die Dicke des Glases wirkt sich auf das Gewicht aus. Je dicker es ist, desto schwerer ist es. Und das zus\u00e4tzliche Gewicht wirkt sich auf die Leistung des Fahrzeugs aus.<\/p>\n<p>Zweitens: optische Transparenz. Panzerglas besteht aus mehreren Schichten gebogenen Glases und speziellen Folien, die sowohl zwischen als auch auf den Glasschichten angebracht sind. Dickes Glas erfordert im Winter eine zus\u00e4tzliche Heizung, sonst kann das Auto bei kaltem Wetter nicht benutzt werden. Zus\u00e4tzliche Heizsysteme beeintr\u00e4chtigen auch die Transparenz des Glases.<\/p>\n<h3><strong>Vorteile unseres Panzerglases<\/strong><\/h3>\n<p>In 30 Jahren erfolgreicher Arbeit haben wir eine <strong>maximale optische Transparenz<\/strong> und <strong>ein minimales Gewicht<\/strong> des Glases erreicht (was die Belastung des Fahrgestells und der Karosserie reduziert). Wir stellen auch Glas aller bestehenden Schutzklassen von \u041f\u0417\u0421\u0410 3 bis \u041f\u0417\u0421\u0410 7 her (Schutz gegen alle Arten von Kleinwaffen, einschlie\u00dflich Scharfsch\u00fctzengewehren).<\/p>\n<p>Unsere Spezialisten haben eine einzigartige, patentierte <strong>Technologie zur Erw\u00e4rmung von Panzerglas<\/strong> ohne sichtbare Elemente entwickelt, die es uns erm\u00f6glicht, eine maximale Transparenz ohne zus\u00e4tzliche optische St\u00f6rungen oder Verzerrungen zu erreichen.<\/p>\n<p>Unser Glas ist im Durchschnitt<strong>leichter als das gleiche Glas unserer Konkurrenten<\/strong>,\u00a0 bei gleichen Schutzeigenschaften. Dies wird durch zus\u00e4tzliche Technologien und Materialien erreicht, die ausschlie\u00dflich von unserem Gesellschaft verwendet werden. Je leichter das Gewicht des Panzerglases ist, desto geringer ist die Belastung f\u00fcr das Fahrwerk und die Karosserie des Fahrzeugs und dar\u00fcber hinaus seine Geschwindigkeit.<\/p>\n<p>Auf die Qualit\u00e4t unserer <strong> Produkte k\u00f6nnen Sie sich verlassen!<\/strong> Das Panzerglas muss drei Kugeln auf einer Fl\u00e4che von 10 x 10 cm aus einer Waffe der entsprechenden Klasse standhalten. Und unsere Gesellschaft f\u00fchrt regelm\u00e4\u00dfig <strong>ballistische Untersuchungen<\/strong> des produzierten Glases durch.<\/p>\n<p>Vielleicht interessieren<strong> Sie sich auch f\u00fcr gepanzerte Fahrzeuge,<\/strong> die von unserer Fabrik hergestellt werden.<\/p>\n<h3 style=\"text-align: center;\"><a href=\"https:\/\/citius-s.com\/vip-cars\/\">PANZERUNG DER VIP FAHRZEUGE<\/a><\/h3>\n<h3 style=\"text-align: center;\"><a href=\"https:\/\/citius-s.com\/armored-cars\/\">GEPANZERTE EINZUGSFAHRZEUGE <\/a><\/h3>\n<h3 style=\"text-align: center;\"><a href=\"https:\/\/citius-s.com\/katalog\/\">KATALOG MIT ALLEN PRODUKTEN\u00a0\u00a0<\/a><\/h3>\n<h3 style=\"text-align: center;\"><\/h3>\n<p><script type=\"application\/ld+json\"><br \/>\n    {<br \/>\n      \"@context\": \"https:\/\/schema.org\",<br \/>\n      \"@type\": \"FAQPage\",<br \/>\n      \"mainEntity\": [{<br \/>\n        \"@type\": \"Question\",<br \/>\n        \"name\": \"\u0421\u043a\u043e\u043b\u044c\u043a\u043e \u0432\u0435\u0441\u0438\u0442 \u0431\u0440\u043e\u043d\u0435\u0441\u0442\u0435\u043a\u043b\u043e?\",<br \/>\n        \"acceptedAnswer\": {<br \/>\n          \"@type\": \"Answer\",<br \/>\n          \"text\": \"\u0411\u0440\u043e\u043d\u0435\u0441\u0442\u0435\u043a\u043b\u043e \u0438\u0437\u0433\u043e\u0442\u0430\u0432\u043b\u0438\u0432\u0430\u0435\u0442\u0441\u044f \u0438\u0437 \u043d\u0435\u0441\u043a\u043e\u043b\u044c\u043a\u0438\u0445 \u0441\u043b\u043e\u0435\u0432 \u0437\u0430\u043a\u0430\u043b\u0435\u043d\u043d\u043e\u0433\u043e \u0441\u0442\u0435\u043a\u043b\u0430, \u0441\u043a\u0440\u0435\u043f\u043b\u0435\u043d\u043d\u044b\u0445 \u043f\u043e\u043b\u0438\u043c\u0435\u0440\u043d\u044b\u043c\u0438 \u043f\u043b\u0435\u043d\u043a\u0430\u043c\u0438. \u0411\u0440\u043e\u043d\u0438\u0440\u043e\u0432\u0430\u043d\u043d\u043e\u0435 \u0441\u0442\u0435\u043a\u043b\u043e \u0442\u043e\u043b\u0449\u0435 \u0438 \u0442\u044f\u0436\u0435\u043b\u0435\u0435 \u0441\u0442\u0430\u043d\u0434\u0430\u0440\u0442\u043d\u043e\u0433\u043e \u0430\u0432\u0442\u043e\u0441\u0442\u0435\u043a\u043b\u0430. \u0412\u0435\u0441 \u0437\u0430\u0432\u0438\u0441\u0438\u0442 \u043e\u0442 \u043f\u043b\u043e\u0449\u0430\u0434\u0438 \u0438 \u0441\u0442\u0435\u043f\u0435\u043d\u0438 \u043f\u0443\u043b\u0435\u0441\u0442\u043e\u0439\u043a\u043e\u0441\u0442\u0438. \u0427\u0435\u043c \u0432\u044b\u0448\u0435 \u0441\u0442\u0435\u043f\u0435\u043d\u044c \u0437\u0430\u0449\u0438\u0442\u044b, \u0442\u0435\u043c \u0442\u044f\u0436\u0435\u043b\u0435\u0435 \u0431\u0440\u043e\u043d\u0435\u0441\u0442\u0435\u043a\u043b\u043e. \u041a \u043f\u0440\u0438\u043c\u0435\u0440\u0443, 1 \u043c.\u043a\u0432. \u043f\u0443\u043b\u0435\u043d\u0435\u043f\u0440\u043e\u0431\u0438\u0432\u0430\u0435\u043c\u043e\u0433\u043e \u0441\u0442\u0435\u043a\u043b\u0430 \u0434\u043b\u044f \u0437\u0430\u0449\u0438\u0442\u044b \u043e\u0442 \u043f\u0443\u043b\u0438 \u043f\u0438\u0441\u0442\u043e\u043b\u0435\u0442\u0430 \u041c\u0430\u043a\u0430\u0440\u043e\u0432\u0430 \u0432\u0435\u0441\u0438\u0442 31.4 \u043a\u0433. \u0414\u043b\u044f \u0437\u0430\u0449\u0438\u0442\u044b \u043e\u0442 \u0432\u0438\u043d\u0442\u043e\u0432\u043a\u0438 \u0421\u0412\u0414 - 130 \u043a\u0433.<\/p>\n<p>\u0423\u0437\u043d\u0430\u0442\u044c \u0432\u0435\u0441 \u0431\u0440\u043e\u043d\u0435\u0441\u0442\u0435\u043a\u043e\u043b \u0434\u043b\u044f \u0412\u0430\u0448\u0435\u0433\u043e \u0430\u0432\u0442\u043e\u043c\u043e\u0431\u0438\u043b\u044f \u0412\u044b \u043c\u043e\u0436\u0435\u0442\u0435 \u0443 \u043d\u0430\u0448\u0438\u0445 \u043c\u0435\u043d\u0435\u0434\u0436\u0435\u0440\u043e\u0432. <a href=https:\/\/citius-s.com\/contacts\/> \u041d\u0430\u0436\u043c\u0438\u0442\u0435 \u0437\u0434\u0435\u0441\u044c <\/a> \u0434\u043b\u044f \u043f\u0435\u0440\u0435\u0445\u043e\u0434\u0430 \u043a \u0444\u043e\u0440\u043c\u0435 \u0437\u0430\u043f\u0440\u043e\u0441\u0430.<\/p>\n<p>\"<br \/>\n        }<br \/>\n      }, {<br \/>\n        \"@type\": \"Question\",<br \/>\n        \"name\": \"\u041a\u0430\u043a\u043e\u0432 \u0441\u0440\u043e\u043a \u0441\u043b\u0443\u0436\u0431\u044b \u0431\u0440\u043e\u043d\u0438\u0440\u043e\u0432\u0430\u043d\u043d\u044b\u0445 \u0441\u0442\u0435\u043a\u043e\u043b?\",<br \/>\n        \"acceptedAnswer\": {<br \/>\n          \"@type\": \"Answer\",<br \/>\n          \"text\": \"\u0421\u0440\u043e\u043a \u0441\u043b\u0443\u0436\u0431\u044b \u0430\u0432\u0442\u043e\u043c\u043e\u0431\u0438\u043b\u044c\u043d\u044b\u0445 \u0431\u0440\u043e\u043d\u0435\u0441\u0442\u0435\u043a\u043e\u043b \u0437\u0430\u0432\u0438\u0441\u0438\u0442 \u043e\u0442 \u0438\u043d\u0442\u0435\u043d\u0441\u0438\u0432\u043d\u043e\u0441\u0442\u0438 \u044d\u043a\u0441\u043f\u043b\u0443\u0430\u0442\u0430\u0446\u0438\u0438. \u041a\u0430\u043a \u043f\u0440\u0430\u0432\u0438\u043b\u043e, \u043f\u043e\u0441\u043b\u0435 5-6 \u043b\u0435\u0442 \u0436\u0435\u0441\u0442\u043a\u043e\u0439 \u044d\u043a\u0441\u043f\u043b\u0443\u0430\u0442\u0430\u0446\u0438\u0438 \u0432 \u0441\u0442\u0440\u0443\u043a\u0442\u0443\u0440\u0435 \u0431\u0440\u043e\u043d\u0438\u0440\u043e\u0432\u0430\u043d\u043d\u0440\u0433\u043e \u0441\u0442\u0435\u043a\u043b\u0430 \u043d\u0430\u0447\u0438\u043d\u0430\u044e\u0442\u0441\u044f \u0440\u0430\u0441\u0441\u043b\u0430\u0438\u0432\u0430\u043d\u0438\u0435 \u0438 \u043a\u043b\u0430\u0441\u0441 \u0437\u0430\u0449\u0438\u0442\u044b \u0431\u0440\u043e\u043d\u0435\u0441\u0442\u0435\u043a\u043e\u043b \u0441\u043d\u0438\u0436\u0430\u0435\u0442\u0441\u044f. \u041f\u043e \u0442\u0440\u0435\u0431\u043e\u0432\u0430\u043d\u0438\u044f\u043c \u0434\u043b\u044f \u0438\u043d\u043a\u0430\u0441\u0441\u0430\u0442\u043e\u0440\u0441\u043a\u0438\u0445 \u0430\u0432\u0442\u043e\u043c\u043e\u0431\u0438\u043b\u0435\u0439 \u0431\u0440\u043e\u043d\u0435\u0441\u0442\u0435\u043a\u043b\u043e \u043f\u043e\u0434\u043b\u0435\u0436\u0438\u0442 \u0437\u0430\u043c\u0435\u043d\u0435 \u0440\u0430\u0437 \u0432 4 \u0433\u043e\u0434\u0430.\"<br \/>\n        }<br \/>\n      }, {<br \/>\n        \"@type\": \"Question\",<br \/>\n        \"name\": \"\u0421\u043a\u043e\u043b\u044c\u043a\u043e \u0432\u0440\u0435\u043c\u0435\u043d\u0438 \u043f\u043e\u0442\u0440\u0435\u0431\u0443\u0435\u0442\u0441\u044f \u0434\u043b\u044f \u0438\u0437\u0433\u043e\u0442\u043e\u0432\u043b\u0435\u043d\u0438\u044f \u0431\u0440\u043e\u043d\u0435\u0441\u0442\u0435\u043a\u043b\u0430 \u043d\u0430 \u0437\u0430\u043a\u0430\u0437?\",<br \/>\n        \"acceptedAnswer\": {<br \/>\n          \"@type\": \"Answer\",<br \/>\n          \"text\": \"\u0421\u0440\u043e\u043a \u0438\u0437\u0433\u043e\u0442\u043e\u0432\u043b\u0435\u043d\u0438\u044f \u0431\u0440\u043e\u043d\u0435\u0441\u0442\u0435\u043a\u043e\u043b \u043f\u043e\u0434 \u0437\u0430\u043a\u0430\u0437  \u2014  \u043e\u0442 3 \u0434\u043e 7 \u0434\u043d\u0435\u0439. \u041f\u0440\u0438 \u0437\u0430\u043a\u0430\u0437\u0435 \u0441\u0442\u0435\u043a\u043b\u0430 \u0431\u0435\u0437 \u043f\u043e\u0441\u0442\u0430\u0432\u043a\u0438 \u043d\u0430\u043c \u0430\u0432\u0442\u043e\u043c\u043e\u0431\u0438\u043b\u044f \u2014  7-10 \u0434\u043d\u0435\u0439.  <\/p>\n<p><a href=https:\/\/example.com\/orders\/>\u041d\u0430\u0436\u043c\u0438\u0442\u0435 \u0437\u0434\u0435\u0441\u044c<\/a> \u0434\u043b\u044f \u043f\u0435\u0440\u0435\u0445\u043e\u0434\u0430 \u043a \u0444\u043e\u0440\u043c\u0435 \u0437\u0430\u043a\u0430\u0437\u0430.<\/p>\n<p>\"<br \/>\n        }<br \/>\n      }, {<br \/>\n        \"@type\": \"Question\",<br \/>\n        \"name\": \"\u041a\u0430\u043a \u0431\u0443\u0434\u0435\u0442 \u043f\u0440\u043e\u0438\u0441\u0445\u043e\u0434\u0438\u0442\u044c \u0433\u0430\u0440\u043d\u0442\u0438\u0439\u043d\u044b\u0439 \u0440\u0435\u043c\u043e\u043d\u0442 \u0431\u0440\u043e\u043d\u0435\u0441\u0442\u0435\u043a\u043e\u043b?\",<br \/>\n        \"acceptedAnswer\": {<br \/>\n          \"@type\": \"Answer\",<br \/>\n          \"text\": \"\u0413\u0430\u0440\u0430\u043d\u0442\u0438\u044f \u043d\u0430 \u043f\u0443\u043b\u0435\u043d\u0435\u043f\u0440\u043e\u0431\u0438\u0432\u0430\u0435\u043c\u043e\u0435 \u0441\u0442\u0435\u043a\u043b\u043e \u0441\u043e\u0441\u0442\u0430\u0432\u043b\u044f\u0435\u0442 2 \u0433\u043e\u0434\u0430 \u0431\u0435\u0437 \u043e\u0433\u0440\u0430\u043d\u0438\u0447\u0435\u043d\u0438\u044f \u043f\u0440\u043e\u0431\u0435\u0433\u0430 \u0430\u0432\u0442\u043e\u043c\u043e\u0431\u0438\u043b\u044f. \u0412 \u0442\u0435\u0447\u0435\u043d\u0438\u0435 \u044d\u0442\u043e\u0433\u043e \u0441\u0440\u043e\u043a\u0430 \u043f\u0440\u0438 \u0432\u043e\u0437\u043d\u0438\u043a\u043d\u043e\u0432\u0435\u043d\u0438\u0438 \u0442\u0440\u0435\u0449\u0438\u043d, \u043e\u0442\u0441\u043b\u0430\u0438\u0432\u0430\u043d\u0438\u0439 \u0438\u043b\u0438 \u0434\u0440\u0443\u0433\u0438\u0445 \u0433\u0430\u0440\u0430\u043d\u0442\u0438\u0439\u043d\u044b\u0445 \u0441\u043b\u0443\u0447\u0430\u0435\u0432, \u043c\u044b \u0438\u0437\u0433\u043e\u0442\u043e\u0432\u0438\u043c \u043d\u043e\u0432\u043e\u0435 \u0441\u0442\u0435\u043a\u043b\u043e \u0438 \u0431\u0435\u0441\u043f\u043b\u0430\u0442\u043d\u043e \u0437\u0430\u043c\u0435\u043d\u0438\u043c \u0431\u0440\u0430\u043a\u043e\u0432\u0430\u043d\u043d\u043e\u0435. \u0423\u0441\u0442\u0430\u043d\u043e\u0432\u043a\u0443 \u043f\u0440\u043e\u0438\u0437\u0432\u043e\u0434\u0438\u0442 \u0432\u044b\u0435\u0437\u0434\u043d\u0430\u044f \u0431\u0440\u0438\u0433\u0430\u0434\u0430 \u043d\u0430 \u043c\u0435\u0441\u0442\u0435 \u0443 \u043a\u043b\u0438\u0435\u043d\u0442\u0430.\"<br \/>\n        }<br \/>\n      }, {<br \/>\n        \"@type\": \"Question\",<br \/>\n        \"name\": \"\u041a\u0443\u0434\u0430 \u043e\u0431\u0440\u0430\u0449\u0430\u0442\u044c\u0441\u044f \u0432 \u0441\u043b\u0443\u0447\u0430\u0435 \u0432\u043e\u0437\u043d\u0438\u043a\u043d\u043e\u0432\u0435\u043d\u0438\u044f \u0433\u0430\u0440\u0430\u043d\u0442\u0438\u0439\u043d\u043e\u0433\u043e \u0441\u043b\u0443\u0447\u0430\u044f?\",<br \/>\n        \"acceptedAnswer\": {<br \/>\n          \"@type\": \"Answer\",<br \/>\n          \"text\":\"\u0412\u0441\u0435 \u043e\u0431\u0440\u0430\u0449\u0435\u043d\u0438\u044f \u043f\u043e \u0433\u0430\u0440\u0430\u043d\u0442\u0438\u0438 \u043f\u0440\u0438\u043d\u0438\u043c\u0430\u0435\u0442 \u043d\u0435\u043f\u043e\u0441\u0440\u0435\u0434\u0441\u0442\u0432\u0435\u043d\u043d\u043e \u0437\u0430\u0432\u043e\u0434 - \u0438\u0437\u0433\u043e\u0442\u043e\u0432\u0438\u0442\u0435\u043b\u044c: <\/p>\n<ul>\n<li>\u0423\u043a\u0440\u0430\u0438\u043d\u0430<\/li>\n<li>\u041c\u0435\u043b\u0438\u0442\u043e\u043f\u043e\u043b\u044c<\/li>\n<li>\u0443\u043b. \u0412\u043e\u0441\u044c\u043c\u043e\u0433\u043e \u041c\u0430\u0440\u0442\u0430 37\u0430 \u0433. \u041c\u0435\u043b\u0438\u0442\u043e\u043f\u043e\u043b\u044c, \u0423\u043a\u0440\u0430\u0438\u043d\u0430, 72319<\/li>\n<li>officecitius@gmail.com<\/li>\n<\/ul>\n<p>\"}<br \/>\n        }]<br \/>\n    }<br \/>\n    <\/script><\/p>\n","protected":false},"excerpt":{"rendered":"<p>Herstellung und Verkauf von Wiederbelebungswagen in der Ukraine. Kaufen Sie Wiederbele-bungswagen (Ambulanzfahrzeugen Klasse C) von der Fabrik ohne Vermittler. Stryj Werk von spe-ziellen Fahrzeugen Citius S<\/p>\n","protected":false},"author":2,"featured_media":2520,"parent":2564,"menu_order":0,"comment_status":"closed","ping_status":"closed","template":"","meta":{"_acf_changed":false,"footnotes":""},"translation":{"provider":"WPGlobus","version":"2.12.2","language":"de","enabled_languages":["uk","ru","en","de","pl"],"languages":{"uk":{"title":true,"content":true,"excerpt":true},"ru":{"title":true,"content":true,"excerpt":true},"en":{"title":true,"content":true,"excerpt":true},"de":{"title":true,"content":true,"excerpt":true},"pl":{"title":true,"content":true,"excerpt":true}}},"acf":[],"_links":{"self":[{"href":"https:\/\/citius-s.com\/de\/wp-json\/wp\/v2\/pages\/2345"}],"collection":[{"href":"https:\/\/citius-s.com\/de\/wp-json\/wp\/v2\/pages"}],"about":[{"href":"https:\/\/citius-s.com\/de\/wp-json\/wp\/v2\/types\/page"}],"author":[{"embeddable":true,"href":"https:\/\/citius-s.com\/de\/wp-json\/wp\/v2\/users\/2"}],"replies":[{"embeddable":true,"href":"https:\/\/citius-s.com\/de\/wp-json\/wp\/v2\/comments?post=2345"}],"version-history":[{"count":194,"href":"https:\/\/citius-s.com\/de\/wp-json\/wp\/v2\/pages\/2345\/revisions"}],"predecessor-version":[{"id":3558,"href":"https:\/\/citius-s.com\/de\/wp-json\/wp\/v2\/pages\/2345\/revisions\/3558"}],"up":[{"embeddable":true,"href":"https:\/\/citius-s.com\/de\/wp-json\/wp\/v2\/pages\/2564"}],"wp:featuredmedia":[{"embeddable":true,"href":"https:\/\/citius-s.com\/de\/wp-json\/wp\/v2\/media\/2520"}],"wp:attachment":[{"href":"https:\/\/citius-s.com\/de\/wp-json\/wp\/v2\/media?parent=2345"}],"curies":[{"name":"wp","href":"https:\/\/api.w.org\/{rel}","templated":true}]}}