{"id":234,"date":"2019-11-17T15:49:31","date_gmt":"2019-11-17T12:49:31","guid":{"rendered":"https:\/\/citius-s.com\/?page_id=234"},"modified":"2024-02-24T02:14:22","modified_gmt":"2024-02-23T23:14:22","slug":"inland","status":"publish","type":"page","link":"https:\/\/citius-s.com\/de\/catalog\/inland\/","title":{"rendered":"AUTO F\u00dcR BEHINDERTENBEF\u00d6RDERUNG"},"content":{"rendered":"<h2><img loading=\"lazy\" decoding=\"async\" class=\"alignnone size-full wp-image-2676 aligncenter\" src=\"https:\/\/citius-s.com\/wp-content\/uploads\/2021\/01\/disable_720x360.png\" alt=\"\" width=\"720\" height=\"360\" srcset=\"https:\/\/citius-s.com\/wp-content\/uploads\/2021\/01\/disable_720x360.png 720w, https:\/\/citius-s.com\/wp-content\/uploads\/2021\/01\/disable_720x360-300x150.png 300w, https:\/\/citius-s.com\/wp-content\/uploads\/2021\/01\/disable_720x360-24x12.png 24w, https:\/\/citius-s.com\/wp-content\/uploads\/2021\/01\/disable_720x360-36x18.png 36w, https:\/\/citius-s.com\/wp-content\/uploads\/2021\/01\/disable_720x360-48x24.png 48w\" sizes=\"(max-width: 720px) 100vw, 720px\" \/><\/h2>\n<h2 style=\"text-align: center;\">Herstellung und Verkauf in der Ukraine \u2014 Werk <span style=\"color: #ffcc00;\">&#8220;Citius S&#8221;<\/span><\/h2>\n<h3 style=\"text-align: center;\">auf der Grundlage von  <strong>Renault, Mercedes, Volkswagen und anderen.<\/strong><\/h3>\n<div style=\"text-align: center;\"><iframe loading=\"lazy\" src=\"https:\/\/www.youtube.com\/embed\/UvN13E5Uajw\" width=\"560\" height=\"315\" frameborder=\"0\" allowfullscreen=\"allowfullscreen\"><\/iframe><\/div>\n<div><\/div>\n<h3 style=\"text-align: center;\"><\/h3>\n<div><\/div>\n<div><strong>Das Werk Citius S ist ein offizieller Partner<\/strong> f\u00fcr den Umbau von Nutzfahrzeugen der Marken <strong>Renault, Volkswagen, Mercedes mit Herstellergarantie.<\/strong><\/div>\n<div>\n<div><\/div>\n<div>\n<p>Das im Video gezeigte Fahrzeug mit einem Aufzug f\u00fcr Behinderte wird aus einem Renault Master L3H2 Ganzmetalltransporter, hergestellt im Jahr 2020, in \u00dcbereinstimmung mit allen Anforderungen f\u00fcr Spezialfahrzeuge f\u00fcr den Transport von Menschen mit Behinderungen in der Ukraine umgebaut.<\/p>\n<p>Das Fahrzeug bietet Platz f\u00fcr <strong>zwei Personen im Rollstuhl und f\u00fcnf Begleitpersonen <\/strong> (zus\u00e4tzlich zum Fahrersitz).<\/p>\n<p>Das Fahrzeug ist mit Fenstern, W\u00e4rme- und Ger\u00e4uschisolierung des Innenraums, Wand- und Deckenverkleidungen aus haltbarem, leicht zu reinigendem Kunststoff ausgestattet.<\/p>\n<p>Das Fahrzeug <strong>ist mit einer hydraulischen Hebeb\u00fchne hinten, hergestellt von Dhollandia (Belgien)<\/strong>, speziellen Halterungen f\u00fcr Rollst\u00fchle, Handl\u00e4ufen, einer Klimaanlage f\u00fcr die Kabine, einer autonomen Heizung, einer Ausstiegsluke, einer seitlichen Trittstufe und einer zus\u00e4tzlichen automatischen Beleuchtung \u00fcber dem Heck und den Schiebet\u00fcren ausgestattet.<\/p>\n<p>Spezialfahrzeuge f\u00fcr den Transport von Behinderten aus dem Werk Melitopol der Spezialfahrzeuge &#8220;Citius S&#8221; zeichnen sich durch Qualit\u00e4t und erschwingliche Kosten aus.<\/p>\n<p><strong>Die Garantie<\/strong> \u043d\u0430 \u043f\u0435\u0440\u0435\u043e\u0431\u043b\u0430\u0434\u043d\u0430\u043d\u0438\u0439 \u0430\u0432\u0442\u043e\u043c\u043e\u0431\u0456\u043b\u044c \u0441\u0442\u0430\u043d\u043e\u0432\u0438\u0442\u044c <strong>24 Monate.<\/strong><\/p>\n<p>Sie k\u00f6nnen ein Auto in der Ukraine sowohl direkt von Stryj Werk f\u00fcr Spezialfahrzeuge &#8220;Citius S&#8221; als auch in einem Autohaus kaufen.<\/p>\n<p>Wenn Sie Ihr eigenes Basisfahrzeug haben, betr\u00e4gt die Umbauzeit ab 14 Tagen.<\/p>\n<\/div>\n<div style=\"text-align: center;\"><iframe loading=\"lazy\" src=\"https:\/\/www.youtube.com\/embed\/2xBeRwEQTxI\" width=\"560\" height=\"315\" frameborder=\"0\" allowfullscreen=\"allowfullscreen\"><\/iframe><\/div>\n<h4><\/h4>\n<p>Je nach Kundenwunsch und Budget ist es m\u00f6glich, verschiedene rollstuhlgerechte Vorrichtungen im Auto zu installieren:<\/p>\n<ul>\n<li><em>einziehbare Metallrampe<\/em><\/li>\n<li><em>mechanischer Lift<\/em><\/li>\n<li><em>vollautomatische 2-S\u00e4ulen-Hebeb\u00fchne (im Salon hinter den Heckt\u00fcren des Kleinbusses oder Transporters montiert)<\/em><\/li>\n<\/ul>\n<h3 style=\"text-align: center;\"><strong>Beispiel f\u00fcr den Umbau eines Fahrzeugs f\u00fcr den Transport von Behinderten:<\/strong><\/h3>\n<p>Innenwand- und Deckenverkleidung &#8211; antistatisches Velours f\u00fcr Autos<br \/>\nW\u00e4rme- und Schalld\u00e4mmung des Kabinenk\u00f6rpers (W\u00e4nde, Decke, Boden)<br \/>\nHerstellung von Bodenbel\u00e4gen (harter Ausgleichsboden + Linoleum)<br \/>\nHaltegriffe<br \/>\nBeifahrersitz f\u00fcr Begleitpersonen<br \/>\nSicherheitsgurt: 2-Punkt-Tr\u00e4gheitsgurt<br \/>\nZus\u00e4tzliche Ausstattung der Kabine<br \/>\nDH-PH2 automatischer Personenlift (hinterer Teil)<br \/>\nRollstuhlverankerungen (umfasst: 4 Gurte (2 mit Spannern und 2 ohne Spanner) und 4 Befestigungselemente), die am Boden an der Stelle befestigt werden, an der der Rollstuhl installiert wird.<br \/>\nErweiterung der Fahrgastraum-Klimaanlage<br \/>\nEinbau einer zus\u00e4tzlichen autonomen Kabinenheizung (Betrieb ohne laufenden Motor): AIRTRONIC D5 Heizung &#8211; 12 v\/24v<br \/>\nEinbau einer mechanischen Notluke<br \/>\nFeuerl\u00f6scher<br \/>\nErste-Hilfe-K\u00e4sten<br \/>\nAu\u00dfenspiegel f\u00fcr die Heckinspektion<br \/>\nInnenspiegel f\u00fcr die Inneninspektion<br \/>\nSeitliche Trittstufe<br \/>\nZus\u00e4tzliches Licht zum Be-\/Entladen \u00fcber der Heckklappe am Ende der Kabine und \u00fcber der Schiebet\u00fcr<br \/>\nInnenbeleuchtung &#8211; integrierte Tageslicht-LED-Leuchte<br \/>\nBeleganfertigung in der \u0423\u0410\u0422\u042d<br \/>\n\n\t<div class=\"row gallery\">\n\t\t<div class=\"col-sm-12 gallery_filter\">\n\t\t\t<div class=\"form-group\">\n\t\t\t\t\n\t\t\t<\/div>\t\n\t\t<\/div>\n\t\t<div class=\"col-sm-12\">\n\t\t\t<div class=\"row grid\">\t\n\t\t\t\t\n\t\t\t<div class=\"grid-item col-md-3 col-sm-4 col-xs-6 \">\n\t\t\t\t<a href=\"https:\/\/citius-s.com\/wp-content\/uploads\/2020\/01\/special_disable1_ramp_van-4.jpg\" data-original=\"https:\/\/citius-s.com\/wp-content\/uploads\/2020\/01\/special_disable1_ramp_van-4.jpg\" style=\"background-image: url(https:\/\/citius-s.com\/wp-content\/themes\/citius\/lib\/img\/no-photo.png);\" class=\"fancybox\" data-fancybox=\"gallery\">\n\t\t\t\t<div class=\"caption\">\n\t\t\t\t\t<div class=\"bg\"><\/div>\n\t\t\t\t\t<h3>\u0423\u0432\u0435\u043b\u0438\u0447\u0438\u0442\u044c<\/h3>\n\t\t\t\t\t<p><span class=\"glyphicon glyphicon-eye-open\"><\/span><\/p>\t\t\t\t\t\n\t\t\t\t<\/div>\n\t\t\t\t<\/a>\n\t\t\t<\/div>\n\t\t\t<div class=\"grid-item col-md-3 col-sm-4 col-xs-6 \">\n\t\t\t\t<a href=\"https:\/\/citius-s.com\/wp-content\/uploads\/2020\/01\/special_disable1_ramp_van-2.jpg\" data-original=\"https:\/\/citius-s.com\/wp-content\/uploads\/2020\/01\/special_disable1_ramp_van-2.jpg\" style=\"background-image: url(https:\/\/citius-s.com\/wp-content\/themes\/citius\/lib\/img\/no-photo.png);\" class=\"fancybox\" data-fancybox=\"gallery\">\n\t\t\t\t<div class=\"caption\">\n\t\t\t\t\t<div class=\"bg\"><\/div>\n\t\t\t\t\t<h3>\u0423\u0432\u0435\u043b\u0438\u0447\u0438\u0442\u044c<\/h3>\n\t\t\t\t\t<p><span class=\"glyphicon glyphicon-eye-open\"><\/span><\/p>\t\t\t\t\t\n\t\t\t\t<\/div>\n\t\t\t\t<\/a>\n\t\t\t<\/div>\n\t\t\t<div class=\"grid-item col-md-3 col-sm-4 col-xs-6 \">\n\t\t\t\t<a href=\"https:\/\/citius-s.com\/wp-content\/uploads\/2020\/01\/special_disable1_ramp_van-1.jpg\" data-original=\"https:\/\/citius-s.com\/wp-content\/uploads\/2020\/01\/special_disable1_ramp_van-1.jpg\" style=\"background-image: url(https:\/\/citius-s.com\/wp-content\/themes\/citius\/lib\/img\/no-photo.png);\" class=\"fancybox\" data-fancybox=\"gallery\">\n\t\t\t\t<div class=\"caption\">\n\t\t\t\t\t<div class=\"bg\"><\/div>\n\t\t\t\t\t<h3>\u0423\u0432\u0435\u043b\u0438\u0447\u0438\u0442\u044c<\/h3>\n\t\t\t\t\t<p><span class=\"glyphicon glyphicon-eye-open\"><\/span><\/p>\t\t\t\t\t\n\t\t\t\t<\/div>\n\t\t\t\t<\/a>\n\t\t\t<\/div>\n\t\t\t<div class=\"grid-item col-md-3 col-sm-4 col-xs-6 \">\n\t\t\t\t<a href=\"https:\/\/citius-s.com\/wp-content\/uploads\/2020\/01\/special_disable1_ramp_van-3.jpg\" data-original=\"https:\/\/citius-s.com\/wp-content\/uploads\/2020\/01\/special_disable1_ramp_van-3.jpg\" style=\"background-image: url(https:\/\/citius-s.com\/wp-content\/themes\/citius\/lib\/img\/no-photo.png);\" class=\"fancybox\" data-fancybox=\"gallery\">\n\t\t\t\t<div class=\"caption\">\n\t\t\t\t\t<div class=\"bg\"><\/div>\n\t\t\t\t\t<h3>\u0423\u0432\u0435\u043b\u0438\u0447\u0438\u0442\u044c<\/h3>\n\t\t\t\t\t<p><span class=\"glyphicon glyphicon-eye-open\"><\/span><\/p>\t\t\t\t\t\n\t\t\t\t<\/div>\n\t\t\t\t<\/a>\n\t\t\t<\/div>\n\t\t\t<div class=\"grid-item col-md-3 col-sm-4 col-xs-6 \">\n\t\t\t\t<a href=\"https:\/\/citius-s.com\/wp-content\/uploads\/2020\/01\/special_disable1_ramp_bus-3.jpg\" data-original=\"https:\/\/citius-s.com\/wp-content\/uploads\/2020\/01\/special_disable1_ramp_bus-3-768x576.jpg\" style=\"background-image: url(https:\/\/citius-s.com\/wp-content\/themes\/citius\/lib\/img\/no-photo.png);\" class=\"fancybox\" data-fancybox=\"gallery\">\n\t\t\t\t<div class=\"caption\">\n\t\t\t\t\t<div class=\"bg\"><\/div>\n\t\t\t\t\t<h3>\u0423\u0432\u0435\u043b\u0438\u0447\u0438\u0442\u044c<\/h3>\n\t\t\t\t\t<p><span class=\"glyphicon glyphicon-eye-open\"><\/span><\/p>\t\t\t\t\t\n\t\t\t\t<\/div>\n\t\t\t\t<\/a>\n\t\t\t<\/div>\n\t\t\t<div class=\"grid-item col-md-3 col-sm-4 col-xs-6 \">\n\t\t\t\t<a href=\"https:\/\/citius-s.com\/wp-content\/uploads\/2020\/01\/special_disable1_ramp_bus-4.jpg\" data-original=\"https:\/\/citius-s.com\/wp-content\/uploads\/2020\/01\/special_disable1_ramp_bus-4.jpg\" style=\"background-image: url(https:\/\/citius-s.com\/wp-content\/themes\/citius\/lib\/img\/no-photo.png);\" class=\"fancybox\" data-fancybox=\"gallery\">\n\t\t\t\t<div class=\"caption\">\n\t\t\t\t\t<div class=\"bg\"><\/div>\n\t\t\t\t\t<h3>\u0423\u0432\u0435\u043b\u0438\u0447\u0438\u0442\u044c<\/h3>\n\t\t\t\t\t<p><span class=\"glyphicon glyphicon-eye-open\"><\/span><\/p>\t\t\t\t\t\n\t\t\t\t<\/div>\n\t\t\t\t<\/a>\n\t\t\t<\/div>\n\t\t\t<div class=\"grid-item col-md-3 col-sm-4 col-xs-6 \">\n\t\t\t\t<a href=\"https:\/\/citius-s.com\/wp-content\/uploads\/2020\/01\/special_disable1_ramp_bus-2.jpg\" data-original=\"https:\/\/citius-s.com\/wp-content\/uploads\/2020\/01\/special_disable1_ramp_bus-2-768x576.jpg\" style=\"background-image: url(https:\/\/citius-s.com\/wp-content\/themes\/citius\/lib\/img\/no-photo.png);\" class=\"fancybox\" data-fancybox=\"gallery\">\n\t\t\t\t<div class=\"caption\">\n\t\t\t\t\t<div class=\"bg\"><\/div>\n\t\t\t\t\t<h3>\u0423\u0432\u0435\u043b\u0438\u0447\u0438\u0442\u044c<\/h3>\n\t\t\t\t\t<p><span class=\"glyphicon glyphicon-eye-open\"><\/span><\/p>\t\t\t\t\t\n\t\t\t\t<\/div>\n\t\t\t\t<\/a>\n\t\t\t<\/div>\n\t\t\t<div class=\"grid-item col-md-3 col-sm-4 col-xs-6 \">\n\t\t\t\t<a href=\"https:\/\/citius-s.com\/wp-content\/uploads\/2020\/01\/special_disable1_ramp_bus-5.jpg\" data-original=\"https:\/\/citius-s.com\/wp-content\/uploads\/2020\/01\/special_disable1_ramp_bus-5-768x576.jpg\" style=\"background-image: url(https:\/\/citius-s.com\/wp-content\/themes\/citius\/lib\/img\/no-photo.png);\" class=\"fancybox\" data-fancybox=\"gallery\">\n\t\t\t\t<div class=\"caption\">\n\t\t\t\t\t<div class=\"bg\"><\/div>\n\t\t\t\t\t<h3>\u0423\u0432\u0435\u043b\u0438\u0447\u0438\u0442\u044c<\/h3>\n\t\t\t\t\t<p><span class=\"glyphicon glyphicon-eye-open\"><\/span><\/p>\t\t\t\t\t\n\t\t\t\t<\/div>\n\t\t\t\t<\/a>\n\t\t\t<\/div>\n\t\t\t<div class=\"grid-item col-md-3 col-sm-4 col-xs-6 \">\n\t\t\t\t<a href=\"https:\/\/citius-s.com\/wp-content\/uploads\/2020\/01\/special_disable1_ramp_bus-7.jpg\" data-original=\"https:\/\/citius-s.com\/wp-content\/uploads\/2020\/01\/special_disable1_ramp_bus-7.jpg\" style=\"background-image: url(https:\/\/citius-s.com\/wp-content\/themes\/citius\/lib\/img\/no-photo.png);\" class=\"fancybox\" data-fancybox=\"gallery\">\n\t\t\t\t<div class=\"caption\">\n\t\t\t\t\t<div class=\"bg\"><\/div>\n\t\t\t\t\t<h3>\u0423\u0432\u0435\u043b\u0438\u0447\u0438\u0442\u044c<\/h3>\n\t\t\t\t\t<p><span class=\"glyphicon glyphicon-eye-open\"><\/span><\/p>\t\t\t\t\t\n\t\t\t\t<\/div>\n\t\t\t\t<\/a>\n\t\t\t<\/div>\n\t\t\t<div class=\"grid-item col-md-3 col-sm-4 col-xs-6 \">\n\t\t\t\t<a href=\"https:\/\/citius-s.com\/wp-content\/uploads\/2020\/01\/special_disable1_ramp_bus-6.jpg\" data-original=\"https:\/\/citius-s.com\/wp-content\/uploads\/2020\/01\/special_disable1_ramp_bus-6-768x576.jpg\" style=\"background-image: url(https:\/\/citius-s.com\/wp-content\/themes\/citius\/lib\/img\/no-photo.png);\" class=\"fancybox\" data-fancybox=\"gallery\">\n\t\t\t\t<div class=\"caption\">\n\t\t\t\t\t<div class=\"bg\"><\/div>\n\t\t\t\t\t<h3>\u0423\u0432\u0435\u043b\u0438\u0447\u0438\u0442\u044c<\/h3>\n\t\t\t\t\t<p><span class=\"glyphicon glyphicon-eye-open\"><\/span><\/p>\t\t\t\t\t\n\t\t\t\t<\/div>\n\t\t\t\t<\/a>\n\t\t\t<\/div>\n\t\t\t<div class=\"grid-item col-md-3 col-sm-4 col-xs-6 \">\n\t\t\t\t<a href=\"https:\/\/citius-s.com\/wp-content\/uploads\/2020\/01\/special_disable1_ramp_bus-8.jpg\" data-original=\"https:\/\/citius-s.com\/wp-content\/uploads\/2020\/01\/special_disable1_ramp_bus-8.jpg\" style=\"background-image: url(https:\/\/citius-s.com\/wp-content\/themes\/citius\/lib\/img\/no-photo.png);\" class=\"fancybox\" data-fancybox=\"gallery\">\n\t\t\t\t<div class=\"caption\">\n\t\t\t\t\t<div class=\"bg\"><\/div>\n\t\t\t\t\t<h3>\u0423\u0432\u0435\u043b\u0438\u0447\u0438\u0442\u044c<\/h3>\n\t\t\t\t\t<p><span class=\"glyphicon glyphicon-eye-open\"><\/span><\/p>\t\t\t\t\t\n\t\t\t\t<\/div>\n\t\t\t\t<\/a>\n\t\t\t<\/div>\n\t\t\t<div class=\"grid-item col-md-3 col-sm-4 col-xs-6 \">\n\t\t\t\t<a href=\"https:\/\/citius-s.com\/wp-content\/uploads\/2020\/01\/special_disable1_ramp_bus-1.jpg\" data-original=\"https:\/\/citius-s.com\/wp-content\/uploads\/2020\/01\/special_disable1_ramp_bus-1-768x576.jpg\" style=\"background-image: url(https:\/\/citius-s.com\/wp-content\/themes\/citius\/lib\/img\/no-photo.png);\" class=\"fancybox\" data-fancybox=\"gallery\">\n\t\t\t\t<div class=\"caption\">\n\t\t\t\t\t<div class=\"bg\"><\/div>\n\t\t\t\t\t<h3>\u0423\u0432\u0435\u043b\u0438\u0447\u0438\u0442\u044c<\/h3>\n\t\t\t\t\t<p><span class=\"glyphicon glyphicon-eye-open\"><\/span><\/p>\t\t\t\t\t\n\t\t\t\t<\/div>\n\t\t\t\t<\/a>\n\t\t\t<\/div>\n\t\t\t<div class=\"grid-item col-md-3 col-sm-4 col-xs-6 \">\n\t\t\t\t<a href=\"https:\/\/citius-s.com\/wp-content\/uploads\/2019\/11\/special_disable1-1-e1579863178627.jpg\" data-original=\"https:\/\/citius-s.com\/wp-content\/uploads\/2019\/11\/special_disable1-1-e1579863178627.jpg\" style=\"background-image: url(https:\/\/citius-s.com\/wp-content\/themes\/citius\/lib\/img\/no-photo.png);\" class=\"fancybox\" data-fancybox=\"gallery\">\n\t\t\t\t<div class=\"caption\">\n\t\t\t\t\t<div class=\"bg\"><\/div>\n\t\t\t\t\t<h3>\u0423\u0432\u0435\u043b\u0438\u0447\u0438\u0442\u044c<\/h3>\n\t\t\t\t\t<p><span class=\"glyphicon glyphicon-eye-open\"><\/span><\/p>\t\t\t\t\t\n\t\t\t\t<\/div>\n\t\t\t\t<\/a>\n\t\t\t<\/div>\n\t\t\t<div class=\"grid-item col-md-3 col-sm-4 col-xs-6 \">\n\t\t\t\t<a href=\"https:\/\/citius-s.com\/wp-content\/uploads\/2019\/11\/special_disable1-8.jpg\" data-original=\"https:\/\/citius-s.com\/wp-content\/uploads\/2019\/11\/special_disable1-8.jpg\" style=\"background-image: url(https:\/\/citius-s.com\/wp-content\/themes\/citius\/lib\/img\/no-photo.png);\" class=\"fancybox\" data-fancybox=\"gallery\">\n\t\t\t\t<div class=\"caption\">\n\t\t\t\t\t<div class=\"bg\"><\/div>\n\t\t\t\t\t<h3>\u0423\u0432\u0435\u043b\u0438\u0447\u0438\u0442\u044c<\/h3>\n\t\t\t\t\t<p><span class=\"glyphicon glyphicon-eye-open\"><\/span><\/p>\t\t\t\t\t\n\t\t\t\t<\/div>\n\t\t\t\t<\/a>\n\t\t\t<\/div>\n\t\t\t<div class=\"grid-item col-md-3 col-sm-4 col-xs-6 \">\n\t\t\t\t<a href=\"https:\/\/citius-s.com\/wp-content\/uploads\/2020\/01\/special_disable10.png\" data-original=\"https:\/\/citius-s.com\/wp-content\/uploads\/2020\/01\/special_disable10.png\" style=\"background-image: url(https:\/\/citius-s.com\/wp-content\/themes\/citius\/lib\/img\/no-photo.png);\" class=\"fancybox\" data-fancybox=\"gallery\">\n\t\t\t\t<div class=\"caption\">\n\t\t\t\t\t<div class=\"bg\"><\/div>\n\t\t\t\t\t<h3>\u0423\u0432\u0435\u043b\u0438\u0447\u0438\u0442\u044c<\/h3>\n\t\t\t\t\t<p><span class=\"glyphicon glyphicon-eye-open\"><\/span><\/p>\t\t\t\t\t\n\t\t\t\t<\/div>\n\t\t\t\t<\/a>\n\t\t\t<\/div>\n\t\t\t<div class=\"grid-item col-md-3 col-sm-4 col-xs-6 \">\n\t\t\t\t<a href=\"https:\/\/citius-s.com\/wp-content\/uploads\/2020\/01\/special_disable11.png\" data-original=\"https:\/\/citius-s.com\/wp-content\/uploads\/2020\/01\/special_disable11.png\" style=\"background-image: url(https:\/\/citius-s.com\/wp-content\/themes\/citius\/lib\/img\/no-photo.png);\" class=\"fancybox\" data-fancybox=\"gallery\">\n\t\t\t\t<div class=\"caption\">\n\t\t\t\t\t<div class=\"bg\"><\/div>\n\t\t\t\t\t<h3>\u0423\u0432\u0435\u043b\u0438\u0447\u0438\u0442\u044c<\/h3>\n\t\t\t\t\t<p><span class=\"glyphicon glyphicon-eye-open\"><\/span><\/p>\t\t\t\t\t\n\t\t\t\t<\/div>\n\t\t\t\t<\/a>\n\t\t\t<\/div>\n\t\t\t<\/div>\n\t\t<\/div>\n\t<\/div><\/p>\n<\/div>\n","protected":false},"excerpt":{"rendered":"<p>Herstellung von tragbaren, mobilen Laboratorien. Kaufen mobile Laborie in der Ukraine direkt von dem Werk Citius S<\/p>\n","protected":false},"author":3,"featured_media":2227,"parent":2564,"menu_order":0,"comment_status":"closed","ping_status":"closed","template":"","meta":{"_acf_changed":false,"footnotes":""},"translation":{"provider":"WPGlobus","version":"2.12.2","language":"de","enabled_languages":["uk","ru","en","de","pl"],"languages":{"uk":{"title":true,"content":true,"excerpt":true},"ru":{"title":true,"content":true,"excerpt":true},"en":{"title":true,"content":true,"excerpt":true},"de":{"title":true,"content":true,"excerpt":true},"pl":{"title":true,"content":true,"excerpt":true}}},"acf":[],"_links":{"self":[{"href":"https:\/\/citius-s.com\/de\/wp-json\/wp\/v2\/pages\/234"}],"collection":[{"href":"https:\/\/citius-s.com\/de\/wp-json\/wp\/v2\/pages"}],"about":[{"href":"https:\/\/citius-s.com\/de\/wp-json\/wp\/v2\/types\/page"}],"author":[{"embeddable":true,"href":"https:\/\/citius-s.com\/de\/wp-json\/wp\/v2\/users\/3"}],"replies":[{"embeddable":true,"href":"https:\/\/citius-s.com\/de\/wp-json\/wp\/v2\/comments?post=234"}],"version-history":[{"count":102,"href":"https:\/\/citius-s.com\/de\/wp-json\/wp\/v2\/pages\/234\/revisions"}],"predecessor-version":[{"id":3701,"href":"https:\/\/citius-s.com\/de\/wp-json\/wp\/v2\/pages\/234\/revisions\/3701"}],"up":[{"embeddable":true,"href":"https:\/\/citius-s.com\/de\/wp-json\/wp\/v2\/pages\/2564"}],"wp:featuredmedia":[{"embeddable":true,"href":"https:\/\/citius-s.com\/de\/wp-json\/wp\/v2\/media\/2227"}],"wp:attachment":[{"href":"https:\/\/citius-s.com\/de\/wp-json\/wp\/v2\/media?parent=234"}],"curies":[{"name":"wp","href":"https:\/\/api.w.org\/{rel}","templated":true}]}}