{"id":2248,"date":"2021-01-09T15:52:46","date_gmt":"2021-01-09T12:52:46","guid":{"rendered":"https:\/\/citius-s.com\/?page_id=2248"},"modified":"2024-02-21T01:43:58","modified_gmt":"2024-02-20T22:43:58","slug":"kommercheskie-avtomobili","status":"publish","type":"page","link":"https:\/\/citius-s.com\/de\/catalog\/kommercheskie-avtomobili\/","title":{"rendered":"NUTZFAHRZEUG"},"content":{"rendered":"<h3 style=\"text-align: left;\"><a href=\"https:\/\/citius-s.com\/izotermicheskie-furgony\/\">K\u00fchlfahrzeugen<\/a><\/h3>\n<p><a href=\"https:\/\/citius-s.com\/izotermicheskie-furgony\/\"><img loading=\"lazy\" decoding=\"async\" class=\"aligncenter wp-image-3079 size-full\" src=\"https:\/\/citius-s.com\/wp-content\/uploads\/2021\/06\/kommercheskie-holodilniki-vwt6-11.jpg\" alt=\"\" width=\"720\" height=\"360\" srcset=\"https:\/\/citius-s.com\/wp-content\/uploads\/2021\/06\/kommercheskie-holodilniki-vwt6-11.jpg 720w, https:\/\/citius-s.com\/wp-content\/uploads\/2021\/06\/kommercheskie-holodilniki-vwt6-11-300x150.jpg 300w, https:\/\/citius-s.com\/wp-content\/uploads\/2021\/06\/kommercheskie-holodilniki-vwt6-11-24x12.jpg 24w, https:\/\/citius-s.com\/wp-content\/uploads\/2021\/06\/kommercheskie-holodilniki-vwt6-11-36x18.jpg 36w, https:\/\/citius-s.com\/wp-content\/uploads\/2021\/06\/kommercheskie-holodilniki-vwt6-11-48x24.jpg 48w\" sizes=\"(max-width: 720px) 100vw, 720px\" \/><\/a><\/p>\n<ul>\n<li>\n<h4>Kleinbusse f\u00fcr Personen &#8211; bis zu 8 Sitze<\/h4>\n<\/li>\n<li>\n<h4>Fracht- und Personenfahrzeuge<\/h4>\n<\/li>\n<li>\n<h4>gewerbliche Lieferwagen<\/h4>\n<\/li>\n<li>\n<h4>Brotlieferwagen<\/h4>\n<\/li>\n<li>\n<h4>Milchwagen<\/h4>\n<\/li>\n<li>\n<h4>mobiler kaffeeshop<\/h4>\n<\/li>\n<li>\n<h4>lebensmittelwagen<\/h4>\n<\/li>\n<li>\n<h4>Mobile Reifenmontage<\/h4>\n<\/li>\n<\/ul>\n<h2 style=\"text-align: center;\">Nutzfahrzeuge &#8211; Produktion auf Basis von neuen und gebrauchten Transportern<\/h2>\n<p><strong>Das Stryj Werk Citius S<\/strong> f\u00fcr Spezialfahrzeuge bietet umfassende <strong>Dienstleistungen f\u00fcr den Verkauf, den professionellen Umbau und die Umr\u00fcstung von Nutzfahrzeugen.<\/strong><\/p>\n<p><strong>Das Werk\u00a0<\/strong> <strong>&#8220;Citius S&#8221; <\/strong>ist ein zertifizierter Fahrzeughersteller und produziert seit 1991 Spezialfahrzeuge.<\/p>\n<p>Hier k\u00f6nnen Sie ein <strong>Neufahrzeug mit einer 24-monatigen\/100.000-Kilometer-Garantie kaufen<\/strong> und dessen Umr\u00fcstung bestellen.<\/p>\n<p>Oder wenn Sie bereits ein gebrauchtes Fahrzeug haben, k\u00f6nnen Sie ihn f\u00fcr die Bed\u00fcrfnisse Ihres Gesellschaft umbauen.<\/p>\n<p><strong>Die Dauer der Arbeitsausf\u00fchrung betr\u00e4gt ab 10 Tagen <\/strong> (abh\u00e4ngig von der Art der Arbeit und der Verf\u00fcgbarkeit des Basisfahrzeugs).<\/p>\n<p>Kosten &#8211; abh\u00e4ngig von der gew\u00e4hlten Konfiguration und dem Umfang der Arbeiten.<\/p>\n<h3 style=\"text-align: center;\"><a href=\"https:\/\/citius-s.com\/contacts\/\">\u0417ANFRAGE F\u00dcR EIN FAHRZEUG PREIS<\/a><\/h3>\n<h3 style=\"text-align: center;\"><strong>Unsere Preispolitik lautet \u00abh\u00f6chste Qualit\u00e4t zu einem angemessenen Preis\u00bb.<\/strong><\/h3>\n<h3 style=\"text-align: center;\"><em>Direkte Telefonnummer des Empfehlungsleiters<\/em>\u00a0<a style=\"font-size: 16px;\" href=\"tel:+380664189919\">+380 66 418 99 19<\/a><\/h3>\n<h3 style=\"text-align: center;\"><a href=\"https:\/\/citius-s.com\/catalog\/\">\u00a0\u00a0KATALOGE ALLER PRODUKTE\u00a0\u00a0<\/a><\/h3>\n<p><strong><em>In \u00dcbereinstimmung mit den Zielen Ihres Gesellschafts, k\u00f6nnen wir<\/em><\/strong><\/p>\n<ul>\n<li>den hochwertigen Umbau eines Ganzmetalltransporters in einen Kleinbus<\/li>\n<li>Innenverglasung<\/li>\n<li>Einbau von Sitzen (von einfach bis kompakt klappbar oder umgekehrt mit erh\u00f6htem Komfort)<\/li>\n<li>Herstellung einer Kunststofftrennwand f\u00fcr den Lade- und Fahrgastraum<\/li>\n<li>Einbau von Klimaanlagen und K\u00fchlaggregaten<\/li>\n<li>Einbau von autonomen Heizungen<\/li>\n<li>Einbau von Zusatzausr\u00fcstungen (Gep\u00e4cktr\u00e4ger, Laderaumauskleidung, Befestigungen, kommerzielle Ausr\u00fcstung usw.)<\/li>\n<li>Neuausr\u00fcstung des Aufbaus, des Innenraums und des Fahrerhauses<\/li>\n<li>Einbau von Anbauteilen und Zubeh\u00f6r<\/li>\n<li>W\u00e4rme-, Schall- und Schwingungsisolierung des Aufbaus<\/li>\n<li>Anfertigung von zus\u00e4tzlichen Fu\u00dfrasten, Sto\u00dfstangen, Leistungsstrukturen<\/li>\n<li>Branding und Au\u00dfendekoration (spezielle Farbgestaltung, Licht- und Tonanlagen)<\/li>\n<\/ul>\n<p>Die Neuausr\u00fcstung erfolgt unter maximaler Ber\u00fccksichtigung der Kundenw\u00fcnsche und unter Einhaltung der Sicherheitsanforderungen und der geltenden Rechtsvorschriften.<\/p>\n<p>Die Produktion und das B\u00fcro des Werks befinden sich in Stryj, Region Lwiw. \u00a0<\/strong><\/p>\n<p><strong>Die Garantie f\u00fcr alle Arten von Arbeiten, die im Werk durchgef\u00fchrt werden, betr\u00e4gt 24 Monate\/100 Tausend Kilometer. <\/strong> ie Garantie f\u00fcr neue Nutzfahrzeuge der Marken Volkswagen, Mercedes und Renault wird von den Servicezentren dieser Marken unterst\u00fctzt.<\/p>\n<h3 style=\"text-align: center;\"><a href=\"https:\/\/citius-s.com\/contacts\/\">KONTAKTE<\/a><\/h3>\n","protected":false},"excerpt":{"rendered":"<p>Herstellung, Verkauf, Reparatur von gepanzerten &#8211; kugelsicheren Scheiben auf Autos &#8211; Werk Citius S. Verkauf in der Ukraine, Export. Zertifizierte Produktion, Garantie 2 Jahre.<\/p>\n","protected":false},"author":2,"featured_media":2235,"parent":2564,"menu_order":0,"comment_status":"closed","ping_status":"closed","template":"","meta":{"_acf_changed":false,"footnotes":""},"translation":{"provider":"WPGlobus","version":"2.12.2","language":"de","enabled_languages":["uk","ru","en","de","pl"],"languages":{"uk":{"title":true,"content":true,"excerpt":true},"ru":{"title":true,"content":false,"excerpt":true},"en":{"title":true,"content":false,"excerpt":true},"de":{"title":true,"content":true,"excerpt":true},"pl":{"title":true,"content":true,"excerpt":true}}},"acf":[],"_links":{"self":[{"href":"https:\/\/citius-s.com\/de\/wp-json\/wp\/v2\/pages\/2248"}],"collection":[{"href":"https:\/\/citius-s.com\/de\/wp-json\/wp\/v2\/pages"}],"about":[{"href":"https:\/\/citius-s.com\/de\/wp-json\/wp\/v2\/types\/page"}],"author":[{"embeddable":true,"href":"https:\/\/citius-s.com\/de\/wp-json\/wp\/v2\/users\/2"}],"replies":[{"embeddable":true,"href":"https:\/\/citius-s.com\/de\/wp-json\/wp\/v2\/comments?post=2248"}],"version-history":[{"count":73,"href":"https:\/\/citius-s.com\/de\/wp-json\/wp\/v2\/pages\/2248\/revisions"}],"predecessor-version":[{"id":3572,"href":"https:\/\/citius-s.com\/de\/wp-json\/wp\/v2\/pages\/2248\/revisions\/3572"}],"up":[{"embeddable":true,"href":"https:\/\/citius-s.com\/de\/wp-json\/wp\/v2\/pages\/2564"}],"wp:featuredmedia":[{"embeddable":true,"href":"https:\/\/citius-s.com\/de\/wp-json\/wp\/v2\/media\/2235"}],"wp:attachment":[{"href":"https:\/\/citius-s.com\/de\/wp-json\/wp\/v2\/media?parent=2248"}],"curies":[{"name":"wp","href":"https:\/\/api.w.org\/{rel}","templated":true}]}}