{"id":18,"date":"2019-11-13T23:31:39","date_gmt":"2019-11-13T20:31:39","guid":{"rendered":"https:\/\/citius-s.com\/?page_id=18"},"modified":"2025-08-13T09:36:20","modified_gmt":"2025-08-13T06:36:20","slug":"about","status":"publish","type":"page","link":"https:\/\/citius-s.com\/de\/about\/","title":{"rendered":"\u00dcBER WERK CITIUS S"},"content":{"rendered":"<h2 style=\"text-align: center;\"><strong>Citius Citius &#8211; spezielle Fahrzeuge!<\/strong><\/h2>\n<p>In wenigen Worten \u00fcber unser Gesellschaft berichten?<\/p>\n<p>Ganz einfach! Die GmbH Citius  S ist ein Gesch\u00e4ft, ein Gesellschaft, das seine Produkte &#8211; Spezialfahrzeuge &#8211; auf dem Markt anbietet.<\/p>\n<p>Und auch Citius ist 30 Jahre des Lebens seines Sch\u00f6pfers &#8211; Alexey Serov, Lieblingsarbeit f\u00fcr 70 Menschen des Arbeitskollektivs und Tausende von gebauten einzigartigen Autos.<\/p>\n<p>Im Jahr 1991, als alles noch in den Kinderschuhen steckte, gab es nur eine Idee, einen Traum von einem Gesch\u00e4ft nach europ\u00e4ischem Vorbild in der Heimat und die grenzenlose, wenig unterst\u00fctzte Begeisterung der Gr\u00fcnder.<\/p>\n<p>Heute verf\u00fcgen wir \u00fcber ein eigenes Gel\u00e4nde, eine einzigartige Ausr\u00fcstung, Transportmittel, alle Genehmigungen und ein Team von Fachleuten, die arbeiten k\u00f6nnen und lieben.<\/p>\n<p>Der Weg von der Idee zur heutigen Autofabrik war dornig, aber &#8220;im Sturm werden nur die H\u00e4nde stark&#8221; und&#8230; das Team ist erprobt.<\/p>\n<p>Seit fast 30 Jahren verwandeln wir gew\u00f6hnliche Autos in besondere Fahrzeuge &#8211; gepanzerte Fahrzeuge, Krankenwagen, Busse, Luxusfahrzeuge oder rein praktische Fahrzeuge.<\/p>\n<p>Wir verdienen Geld, indem wir hochwertige und interessante Fahrzeuge herstellen. Das ist nie einfach, aber wir geben unser Ziel nie auf. Wir werden vielleicht nicht die Welt ver\u00e4ndern wie Google, aber wir werden Ihr Auto so ver\u00e4ndern, dass es Sie gl\u00fccklich macht!<\/p>\n<div style=\"text-align: center;\"><iframe loading=\"lazy\" src=\"https:\/\/www.youtube.com\/embed\/videoseries?list=PLwYjXxajGIbzPEzcmI0syu9fWf7OUDTlb\" width=\"560\" height=\"315\" frameborder=\"0\" allowfullscreen=\"allowfullscreen\"><\/iframe><\/div>\n<p style=\"text-align: center;\"><strong>Ansehen unter:<\/strong><\/p>\n<ul>\n<li><strong>Die Garantie.<\/strong> \u0422\u041e\u0412 &#8220;Citius S&#8221; GmbH &#8211; ist ein Multivendor-Zentrum.  <strong>Wir sind offiziell autorisiert von Volkswagen, Mercedes, Renault.<\/strong> Wir haben alle Rechte f\u00fcr Panzerung und Umgestaltung des Automobils dieser Marken mit der Herstellergarantie. F\u00fcr andere Marken haben wir Partnerbeziehungen mit Servicezentren dieser Marken, deshalb werden unsere Serviceprobleme schneller als der Durchschnitt gel\u00f6st.<\/li>\n<li><strong>Erfahrung.<\/strong> Unsere langj\u00e4hrige und erfolgreiche Erfahrung erm\u00f6glicht es uns, die besten L\u00f6sungen f\u00fcr Sie zu finden und Ihnen zu helfen, alle Probleme mit Ihrem Fahrzeug zu l\u00f6sen.<\/li>\n<li><strong>Preispolitik.<\/strong> Wir stellen sicher, dass unsere Preise immer wettbewerbsf\u00e4hig und erschwinglich sind. Wenn Sie pl\u00f6tzlich einen niedrigeren Preis gefunden haben, seien Sie nicht zu faul, um zu kl\u00e4ren, woraus er sich zusammensetzt. Oft kann ein und dieselbe Aufgabe auf mehrere Arten gel\u00f6st werden, die unterschiedliche Kosten haben, aber vergessen Sie nicht den Unterschied in der Qualit\u00e4t und Haltbarkeit der Ergebnisse. Wir machen wirklich hohe Qualit\u00e4t und sie kostet so viel wie sie wirklich kostet &#8211; nicht billiger.<\/li>\n<li><strong>Aftersales-Serviceleistungen und Reparatur. Die Garantie <\/strong> f\u00fcr ein umger\u00fcstetes Fahrzeug betr\u00e4gt <strong>24 Monate<\/strong>. Sie haben ein Problem nach Ablauf der Garantiezeit? Kontaktieren Sie unsere Manager. <strong>Wir werden Ihnen helfen!\u00a0<\/strong><\/li>\n<\/ul>\n\n\t<div class=\"row gallery\">\n\t\t<div class=\"col-sm-12 gallery_filter\">\n\t\t\t<div class=\"form-group\">\n\t\t\t\t\n\t\t\t<\/div>\t\n\t\t<\/div>\n\t\t<div class=\"col-sm-12\">\n\t\t\t<div class=\"row grid\">\t\n\t\t\t\t\n\t\t\t<div class=\"grid-item col-md-3 col-sm-4 col-xs-6 \">\n\t\t\t\t<a href=\"https:\/\/citius-s.com\/wp-content\/uploads\/2019\/11\/about_company-22.jpg\" data-original=\"https:\/\/citius-s.com\/wp-content\/uploads\/2019\/11\/about_company-22-768x512.jpg\" style=\"background-image: url(https:\/\/citius-s.com\/wp-content\/themes\/citius\/lib\/img\/no-photo.png);\" class=\"fancybox\" data-fancybox=\"gallery\">\n\t\t\t\t<div class=\"caption\">\n\t\t\t\t\t<div class=\"bg\"><\/div>\n\t\t\t\t\t<h3>\u0423\u0432\u0435\u043b\u0438\u0447\u0438\u0442\u044c<\/h3>\n\t\t\t\t\t<p><span class=\"glyphicon glyphicon-eye-open\"><\/span><\/p>\t\t\t\t\t\n\t\t\t\t<\/div>\n\t\t\t\t<\/a>\n\t\t\t<\/div>\n\t\t\t<div class=\"grid-item col-md-3 col-sm-4 col-xs-6 \">\n\t\t\t\t<a href=\"https:\/\/citius-s.com\/wp-content\/uploads\/2019\/11\/about_company-3.jpg\" data-original=\"https:\/\/citius-s.com\/wp-content\/uploads\/2019\/11\/about_company-3-768x503.jpg\" style=\"background-image: url(https:\/\/citius-s.com\/wp-content\/themes\/citius\/lib\/img\/no-photo.png);\" class=\"fancybox\" data-fancybox=\"gallery\">\n\t\t\t\t<div class=\"caption\">\n\t\t\t\t\t<div class=\"bg\"><\/div>\n\t\t\t\t\t<h3>\u0423\u0432\u0435\u043b\u0438\u0447\u0438\u0442\u044c<\/h3>\n\t\t\t\t\t<p><span class=\"glyphicon glyphicon-eye-open\"><\/span><\/p>\t\t\t\t\t\n\t\t\t\t<\/div>\n\t\t\t\t<\/a>\n\t\t\t<\/div>\n\t\t\t<div class=\"grid-item col-md-3 col-sm-4 col-xs-6 \">\n\t\t\t\t<a href=\"https:\/\/citius-s.com\/wp-content\/uploads\/2019\/11\/about_company-10.jpg\" data-original=\"https:\/\/citius-s.com\/wp-content\/uploads\/2019\/11\/about_company-10-768x476.jpg\" style=\"background-image: url(https:\/\/citius-s.com\/wp-content\/themes\/citius\/lib\/img\/no-photo.png);\" class=\"fancybox\" data-fancybox=\"gallery\">\n\t\t\t\t<div class=\"caption\">\n\t\t\t\t\t<div class=\"bg\"><\/div>\n\t\t\t\t\t<h3>\u0423\u0432\u0435\u043b\u0438\u0447\u0438\u0442\u044c<\/h3>\n\t\t\t\t\t<p><span class=\"glyphicon glyphicon-eye-open\"><\/span><\/p>\t\t\t\t\t\n\t\t\t\t<\/div>\n\t\t\t\t<\/a>\n\t\t\t<\/div>\n\t\t\t<div class=\"grid-item col-md-3 col-sm-4 col-xs-6 \">\n\t\t\t\t<a href=\"https:\/\/citius-s.com\/wp-content\/uploads\/2020\/11\/about_company-2.jpg\" data-original=\"https:\/\/citius-s.com\/wp-content\/uploads\/2020\/11\/about_company-2-768x432.jpg\" style=\"background-image: url(https:\/\/citius-s.com\/wp-content\/themes\/citius\/lib\/img\/no-photo.png);\" class=\"fancybox\" data-fancybox=\"gallery\">\n\t\t\t\t<div class=\"caption\">\n\t\t\t\t\t<div class=\"bg\"><\/div>\n\t\t\t\t\t<h3>\u0423\u0432\u0435\u043b\u0438\u0447\u0438\u0442\u044c<\/h3>\n\t\t\t\t\t<p><span class=\"glyphicon glyphicon-eye-open\"><\/span><\/p>\t\t\t\t\t\n\t\t\t\t<\/div>\n\t\t\t\t<\/a>\n\t\t\t<\/div>\n\t\t\t<div class=\"grid-item col-md-3 col-sm-4 col-xs-6 \">\n\t\t\t\t<a href=\"https:\/\/citius-s.com\/wp-content\/uploads\/2019\/11\/about_company-11.jpg\" data-original=\"https:\/\/citius-s.com\/wp-content\/uploads\/2019\/11\/about_company-11-768x503.jpg\" style=\"background-image: url(https:\/\/citius-s.com\/wp-content\/themes\/citius\/lib\/img\/no-photo.png);\" class=\"fancybox\" data-fancybox=\"gallery\">\n\t\t\t\t<div class=\"caption\">\n\t\t\t\t\t<div class=\"bg\"><\/div>\n\t\t\t\t\t<h3>\u0423\u0432\u0435\u043b\u0438\u0447\u0438\u0442\u044c<\/h3>\n\t\t\t\t\t<p><span class=\"glyphicon glyphicon-eye-open\"><\/span><\/p>\t\t\t\t\t\n\t\t\t\t<\/div>\n\t\t\t\t<\/a>\n\t\t\t<\/div>\n\t\t\t<div class=\"grid-item col-md-3 col-sm-4 col-xs-6 \">\n\t\t\t\t<a href=\"https:\/\/citius-s.com\/wp-content\/uploads\/2019\/11\/about_company-7.jpg\" data-original=\"https:\/\/citius-s.com\/wp-content\/uploads\/2019\/11\/about_company-7-768x512.jpg\" style=\"background-image: url(https:\/\/citius-s.com\/wp-content\/themes\/citius\/lib\/img\/no-photo.png);\" class=\"fancybox\" data-fancybox=\"gallery\">\n\t\t\t\t<div class=\"caption\">\n\t\t\t\t\t<div class=\"bg\"><\/div>\n\t\t\t\t\t<h3>\u0423\u0432\u0435\u043b\u0438\u0447\u0438\u0442\u044c<\/h3>\n\t\t\t\t\t<p><span class=\"glyphicon glyphicon-eye-open\"><\/span><\/p>\t\t\t\t\t\n\t\t\t\t<\/div>\n\t\t\t\t<\/a>\n\t\t\t<\/div>\n\t\t\t<div class=\"grid-item col-md-3 col-sm-4 col-xs-6 \">\n\t\t\t\t<a href=\"https:\/\/citius-s.com\/wp-content\/uploads\/2019\/11\/about_company-28.jpg\" data-original=\"https:\/\/citius-s.com\/wp-content\/uploads\/2019\/11\/about_company-28.jpg\" style=\"background-image: url(https:\/\/citius-s.com\/wp-content\/themes\/citius\/lib\/img\/no-photo.png);\" class=\"fancybox\" data-fancybox=\"gallery\">\n\t\t\t\t<div class=\"caption\">\n\t\t\t\t\t<div class=\"bg\"><\/div>\n\t\t\t\t\t<h3>\u0423\u0432\u0435\u043b\u0438\u0447\u0438\u0442\u044c<\/h3>\n\t\t\t\t\t<p><span class=\"glyphicon glyphicon-eye-open\"><\/span><\/p>\t\t\t\t\t\n\t\t\t\t<\/div>\n\t\t\t\t<\/a>\n\t\t\t<\/div>\n\t\t\t<div class=\"grid-item col-md-3 col-sm-4 col-xs-6 \">\n\t\t\t\t<a href=\"https:\/\/citius-s.com\/wp-content\/uploads\/2019\/11\/about_company-6.jpg\" data-original=\"https:\/\/citius-s.com\/wp-content\/uploads\/2019\/11\/about_company-6-768x512.jpg\" style=\"background-image: url(https:\/\/citius-s.com\/wp-content\/themes\/citius\/lib\/img\/no-photo.png);\" class=\"fancybox\" data-fancybox=\"gallery\">\n\t\t\t\t<div class=\"caption\">\n\t\t\t\t\t<div class=\"bg\"><\/div>\n\t\t\t\t\t<h3>\u0423\u0432\u0435\u043b\u0438\u0447\u0438\u0442\u044c<\/h3>\n\t\t\t\t\t<p><span class=\"glyphicon glyphicon-eye-open\"><\/span><\/p>\t\t\t\t\t\n\t\t\t\t<\/div>\n\t\t\t\t<\/a>\n\t\t\t<\/div>\n\t\t\t<div class=\"grid-item col-md-3 col-sm-4 col-xs-6 \">\n\t\t\t\t<a href=\"https:\/\/citius-s.com\/wp-content\/uploads\/2019\/11\/about_company-12.jpg\" data-original=\"https:\/\/citius-s.com\/wp-content\/uploads\/2019\/11\/about_company-12-768x575.jpg\" style=\"background-image: url(https:\/\/citius-s.com\/wp-content\/themes\/citius\/lib\/img\/no-photo.png);\" class=\"fancybox\" data-fancybox=\"gallery\">\n\t\t\t\t<div class=\"caption\">\n\t\t\t\t\t<div class=\"bg\"><\/div>\n\t\t\t\t\t<h3>\u0423\u0432\u0435\u043b\u0438\u0447\u0438\u0442\u044c<\/h3>\n\t\t\t\t\t<p><span class=\"glyphicon glyphicon-eye-open\"><\/span><\/p>\t\t\t\t\t\n\t\t\t\t<\/div>\n\t\t\t\t<\/a>\n\t\t\t<\/div>\n\t\t\t<div class=\"grid-item col-md-3 col-sm-4 col-xs-6 \">\n\t\t\t\t<a href=\"https:\/\/citius-s.com\/wp-content\/uploads\/2019\/11\/about_company-14.jpg\" data-original=\"https:\/\/citius-s.com\/wp-content\/uploads\/2019\/11\/about_company-14-768x512.jpg\" style=\"background-image: url(https:\/\/citius-s.com\/wp-content\/themes\/citius\/lib\/img\/no-photo.png);\" class=\"fancybox\" data-fancybox=\"gallery\">\n\t\t\t\t<div class=\"caption\">\n\t\t\t\t\t<div class=\"bg\"><\/div>\n\t\t\t\t\t<h3>\u0423\u0432\u0435\u043b\u0438\u0447\u0438\u0442\u044c<\/h3>\n\t\t\t\t\t<p><span class=\"glyphicon glyphicon-eye-open\"><\/span><\/p>\t\t\t\t\t\n\t\t\t\t<\/div>\n\t\t\t\t<\/a>\n\t\t\t<\/div>\n\t\t\t<div class=\"grid-item col-md-3 col-sm-4 col-xs-6 \">\n\t\t\t\t<a href=\"https:\/\/citius-s.com\/wp-content\/uploads\/2019\/11\/about_company-13.jpg\" data-original=\"https:\/\/citius-s.com\/wp-content\/uploads\/2019\/11\/about_company-13.jpg\" style=\"background-image: url(https:\/\/citius-s.com\/wp-content\/themes\/citius\/lib\/img\/no-photo.png);\" class=\"fancybox\" data-fancybox=\"gallery\">\n\t\t\t\t<div class=\"caption\">\n\t\t\t\t\t<div class=\"bg\"><\/div>\n\t\t\t\t\t<h3>\u0423\u0432\u0435\u043b\u0438\u0447\u0438\u0442\u044c<\/h3>\n\t\t\t\t\t<p><span class=\"glyphicon glyphicon-eye-open\"><\/span><\/p>\t\t\t\t\t\n\t\t\t\t<\/div>\n\t\t\t\t<\/a>\n\t\t\t<\/div>\n\t\t\t<div class=\"grid-item col-md-3 col-sm-4 col-xs-6 \">\n\t\t\t\t<a href=\"https:\/\/citius-s.com\/wp-content\/uploads\/2019\/11\/about_company-4.jpg\" data-original=\"https:\/\/citius-s.com\/wp-content\/uploads\/2019\/11\/about_company-4-768x576.jpg\" style=\"background-image: url(https:\/\/citius-s.com\/wp-content\/themes\/citius\/lib\/img\/no-photo.png);\" class=\"fancybox\" data-fancybox=\"gallery\">\n\t\t\t\t<div class=\"caption\">\n\t\t\t\t\t<div class=\"bg\"><\/div>\n\t\t\t\t\t<h3>\u0423\u0432\u0435\u043b\u0438\u0447\u0438\u0442\u044c<\/h3>\n\t\t\t\t\t<p><span class=\"glyphicon glyphicon-eye-open\"><\/span><\/p>\t\t\t\t\t\n\t\t\t\t<\/div>\n\t\t\t\t<\/a>\n\t\t\t<\/div>\n\t\t\t<div class=\"grid-item col-md-3 col-sm-4 col-xs-6 \">\n\t\t\t\t<a href=\"https:\/\/citius-s.com\/wp-content\/uploads\/2019\/11\/about_company-5.jpg\" data-original=\"https:\/\/citius-s.com\/wp-content\/uploads\/2019\/11\/about_company-5.jpg\" style=\"background-image: url(https:\/\/citius-s.com\/wp-content\/themes\/citius\/lib\/img\/no-photo.png);\" class=\"fancybox\" data-fancybox=\"gallery\">\n\t\t\t\t<div class=\"caption\">\n\t\t\t\t\t<div class=\"bg\"><\/div>\n\t\t\t\t\t<h3>\u0423\u0432\u0435\u043b\u0438\u0447\u0438\u0442\u044c<\/h3>\n\t\t\t\t\t<p><span class=\"glyphicon glyphicon-eye-open\"><\/span><\/p>\t\t\t\t\t\n\t\t\t\t<\/div>\n\t\t\t\t<\/a>\n\t\t\t<\/div>\n\t\t\t<div class=\"grid-item col-md-3 col-sm-4 col-xs-6 \">\n\t\t\t\t<a href=\"https:\/\/citius-s.com\/wp-content\/uploads\/2019\/11\/about_company-18-rotated.jpg\" data-original=\"https:\/\/citius-s.com\/wp-content\/uploads\/2019\/11\/about_company-18-rotated.jpg\" style=\"background-image: url(https:\/\/citius-s.com\/wp-content\/themes\/citius\/lib\/img\/no-photo.png);\" class=\"fancybox\" data-fancybox=\"gallery\">\n\t\t\t\t<div class=\"caption\">\n\t\t\t\t\t<div class=\"bg\"><\/div>\n\t\t\t\t\t<h3>\u0423\u0432\u0435\u043b\u0438\u0447\u0438\u0442\u044c<\/h3>\n\t\t\t\t\t<p><span class=\"glyphicon glyphicon-eye-open\"><\/span><\/p>\t\t\t\t\t\n\t\t\t\t<\/div>\n\t\t\t\t<\/a>\n\t\t\t<\/div>\n\t\t\t<div class=\"grid-item col-md-3 col-sm-4 col-xs-6 \">\n\t\t\t\t<a href=\"https:\/\/citius-s.com\/wp-content\/uploads\/2019\/11\/about_company-16.jpg\" data-original=\"https:\/\/citius-s.com\/wp-content\/uploads\/2019\/11\/about_company-16.jpg\" style=\"background-image: url(https:\/\/citius-s.com\/wp-content\/themes\/citius\/lib\/img\/no-photo.png);\" class=\"fancybox\" data-fancybox=\"gallery\">\n\t\t\t\t<div class=\"caption\">\n\t\t\t\t\t<div class=\"bg\"><\/div>\n\t\t\t\t\t<h3>\u0423\u0432\u0435\u043b\u0438\u0447\u0438\u0442\u044c<\/h3>\n\t\t\t\t\t<p><span class=\"glyphicon glyphicon-eye-open\"><\/span><\/p>\t\t\t\t\t\n\t\t\t\t<\/div>\n\t\t\t\t<\/a>\n\t\t\t<\/div>\n\t\t\t<div class=\"grid-item col-md-3 col-sm-4 col-xs-6 \">\n\t\t\t\t<a href=\"https:\/\/citius-s.com\/wp-content\/uploads\/2019\/11\/about_company-15.jpg\" data-original=\"https:\/\/citius-s.com\/wp-content\/uploads\/2019\/11\/about_company-15-768x512.jpg\" style=\"background-image: url(https:\/\/citius-s.com\/wp-content\/themes\/citius\/lib\/img\/no-photo.png);\" class=\"fancybox\" data-fancybox=\"gallery\">\n\t\t\t\t<div class=\"caption\">\n\t\t\t\t\t<div class=\"bg\"><\/div>\n\t\t\t\t\t<h3>\u0423\u0432\u0435\u043b\u0438\u0447\u0438\u0442\u044c<\/h3>\n\t\t\t\t\t<p><span class=\"glyphicon glyphicon-eye-open\"><\/span><\/p>\t\t\t\t\t\n\t\t\t\t<\/div>\n\t\t\t\t<\/a>\n\t\t\t<\/div>\n\t\t\t<div class=\"grid-item col-md-3 col-sm-4 col-xs-6 \">\n\t\t\t\t<a href=\"https:\/\/citius-s.com\/wp-content\/uploads\/2019\/11\/about_3.jpg\" data-original=\"https:\/\/citius-s.com\/wp-content\/uploads\/2019\/11\/about_3-768x512.jpg\" style=\"background-image: url(https:\/\/citius-s.com\/wp-content\/themes\/citius\/lib\/img\/no-photo.png);\" class=\"fancybox\" data-fancybox=\"gallery\">\n\t\t\t\t<div class=\"caption\">\n\t\t\t\t\t<div class=\"bg\"><\/div>\n\t\t\t\t\t<h3>\u0423\u0432\u0435\u043b\u0438\u0447\u0438\u0442\u044c<\/h3>\n\t\t\t\t\t<p><span class=\"glyphicon glyphicon-eye-open\"><\/span><\/p>\t\t\t\t\t\n\t\t\t\t<\/div>\n\t\t\t\t<\/a>\n\t\t\t<\/div>\n\t\t\t<div class=\"grid-item col-md-3 col-sm-4 col-xs-6 \">\n\t\t\t\t<a href=\"https:\/\/citius-s.com\/wp-content\/uploads\/2019\/11\/about_company-26.jpg\" data-original=\"https:\/\/citius-s.com\/wp-content\/uploads\/2019\/11\/about_company-26-768x512.jpg\" style=\"background-image: url(https:\/\/citius-s.com\/wp-content\/themes\/citius\/lib\/img\/no-photo.png);\" class=\"fancybox\" data-fancybox=\"gallery\">\n\t\t\t\t<div class=\"caption\">\n\t\t\t\t\t<div class=\"bg\"><\/div>\n\t\t\t\t\t<h3>\u0423\u0432\u0435\u043b\u0438\u0447\u0438\u0442\u044c<\/h3>\n\t\t\t\t\t<p><span class=\"glyphicon glyphicon-eye-open\"><\/span><\/p>\t\t\t\t\t\n\t\t\t\t<\/div>\n\t\t\t\t<\/a>\n\t\t\t<\/div>\n\t\t\t<div class=\"grid-item col-md-3 col-sm-4 col-xs-6 \">\n\t\t\t\t<a href=\"https:\/\/citius-s.com\/wp-content\/uploads\/2019\/11\/about_company-25.jpg\" data-original=\"https:\/\/citius-s.com\/wp-content\/uploads\/2019\/11\/about_company-25.jpg\" style=\"background-image: url(https:\/\/citius-s.com\/wp-content\/themes\/citius\/lib\/img\/no-photo.png);\" class=\"fancybox\" data-fancybox=\"gallery\">\n\t\t\t\t<div class=\"caption\">\n\t\t\t\t\t<div class=\"bg\"><\/div>\n\t\t\t\t\t<h3>\u0423\u0432\u0435\u043b\u0438\u0447\u0438\u0442\u044c<\/h3>\n\t\t\t\t\t<p><span class=\"glyphicon glyphicon-eye-open\"><\/span><\/p>\t\t\t\t\t\n\t\t\t\t<\/div>\n\t\t\t\t<\/a>\n\t\t\t<\/div>\n\t\t\t<div class=\"grid-item col-md-3 col-sm-4 col-xs-6 \">\n\t\t\t\t<a href=\"https:\/\/citius-s.com\/wp-content\/uploads\/2019\/11\/about_company-21.jpg\" data-original=\"https:\/\/citius-s.com\/wp-content\/uploads\/2019\/11\/about_company-21-768x457.jpg\" style=\"background-image: url(https:\/\/citius-s.com\/wp-content\/themes\/citius\/lib\/img\/no-photo.png);\" class=\"fancybox\" data-fancybox=\"gallery\">\n\t\t\t\t<div class=\"caption\">\n\t\t\t\t\t<div class=\"bg\"><\/div>\n\t\t\t\t\t<h3>\u0423\u0432\u0435\u043b\u0438\u0447\u0438\u0442\u044c<\/h3>\n\t\t\t\t\t<p><span class=\"glyphicon glyphicon-eye-open\"><\/span><\/p>\t\t\t\t\t\n\t\t\t\t<\/div>\n\t\t\t\t<\/a>\n\t\t\t<\/div>\n\t\t\t<div class=\"grid-item col-md-3 col-sm-4 col-xs-6 \">\n\t\t\t\t<a href=\"https:\/\/citius-s.com\/wp-content\/uploads\/2019\/11\/about_company-19.jpg\" data-original=\"https:\/\/citius-s.com\/wp-content\/uploads\/2019\/11\/about_company-19-768x474.jpg\" style=\"background-image: url(https:\/\/citius-s.com\/wp-content\/themes\/citius\/lib\/img\/no-photo.png);\" class=\"fancybox\" data-fancybox=\"gallery\">\n\t\t\t\t<div class=\"caption\">\n\t\t\t\t\t<div class=\"bg\"><\/div>\n\t\t\t\t\t<h3>\u0423\u0432\u0435\u043b\u0438\u0447\u0438\u0442\u044c<\/h3>\n\t\t\t\t\t<p><span class=\"glyphicon glyphicon-eye-open\"><\/span><\/p>\t\t\t\t\t\n\t\t\t\t<\/div>\n\t\t\t\t<\/a>\n\t\t\t<\/div>\n\t\t\t<div class=\"grid-item col-md-3 col-sm-4 col-xs-6 \">\n\t\t\t\t<a href=\"https:\/\/citius-s.com\/wp-content\/uploads\/2019\/11\/about_company-1.jpg\" data-original=\"https:\/\/citius-s.com\/wp-content\/uploads\/2019\/11\/about_company-1.jpg\" style=\"background-image: url(https:\/\/citius-s.com\/wp-content\/themes\/citius\/lib\/img\/no-photo.png);\" class=\"fancybox\" data-fancybox=\"gallery\">\n\t\t\t\t<div class=\"caption\">\n\t\t\t\t\t<div class=\"bg\"><\/div>\n\t\t\t\t\t<h3>\u0423\u0432\u0435\u043b\u0438\u0447\u0438\u0442\u044c<\/h3>\n\t\t\t\t\t<p><span class=\"glyphicon glyphicon-eye-open\"><\/span><\/p>\t\t\t\t\t\n\t\t\t\t<\/div>\n\t\t\t\t<\/a>\n\t\t\t<\/div>\n\t\t\t<div class=\"grid-item col-md-3 col-sm-4 col-xs-6 \">\n\t\t\t\t<a href=\"https:\/\/citius-s.com\/wp-content\/uploads\/2019\/11\/about_company-17.jpg\" data-original=\"https:\/\/citius-s.com\/wp-content\/uploads\/2019\/11\/about_company-17-768x562.jpg\" style=\"background-image: url(https:\/\/citius-s.com\/wp-content\/themes\/citius\/lib\/img\/no-photo.png);\" class=\"fancybox\" data-fancybox=\"gallery\">\n\t\t\t\t<div class=\"caption\">\n\t\t\t\t\t<div class=\"bg\"><\/div>\n\t\t\t\t\t<h3>\u0423\u0432\u0435\u043b\u0438\u0447\u0438\u0442\u044c<\/h3>\n\t\t\t\t\t<p><span class=\"glyphicon glyphicon-eye-open\"><\/span><\/p>\t\t\t\t\t\n\t\t\t\t<\/div>\n\t\t\t\t<\/a>\n\t\t\t<\/div>\n\t\t\t<div class=\"grid-item col-md-3 col-sm-4 col-xs-6 \">\n\t\t\t\t<a href=\"https:\/\/citius-s.com\/wp-content\/uploads\/2019\/11\/about_company-23.jpg\" data-original=\"https:\/\/citius-s.com\/wp-content\/uploads\/2019\/11\/about_company-23-768x508.jpg\" style=\"background-image: url(https:\/\/citius-s.com\/wp-content\/themes\/citius\/lib\/img\/no-photo.png);\" class=\"fancybox\" data-fancybox=\"gallery\">\n\t\t\t\t<div class=\"caption\">\n\t\t\t\t\t<div class=\"bg\"><\/div>\n\t\t\t\t\t<h3>\u0423\u0432\u0435\u043b\u0438\u0447\u0438\u0442\u044c<\/h3>\n\t\t\t\t\t<p><span class=\"glyphicon glyphicon-eye-open\"><\/span><\/p>\t\t\t\t\t\n\t\t\t\t<\/div>\n\t\t\t\t<\/a>\n\t\t\t<\/div>\n\t\t\t<div class=\"grid-item col-md-3 col-sm-4 col-xs-6 \">\n\t\t\t\t<a href=\"https:\/\/citius-s.com\/wp-content\/uploads\/2019\/11\/about_company-27.jpg\" data-original=\"https:\/\/citius-s.com\/wp-content\/uploads\/2019\/11\/about_company-27-768x512.jpg\" style=\"background-image: url(https:\/\/citius-s.com\/wp-content\/themes\/citius\/lib\/img\/no-photo.png);\" class=\"fancybox\" data-fancybox=\"gallery\">\n\t\t\t\t<div class=\"caption\">\n\t\t\t\t\t<div class=\"bg\"><\/div>\n\t\t\t\t\t<h3>\u0423\u0432\u0435\u043b\u0438\u0447\u0438\u0442\u044c<\/h3>\n\t\t\t\t\t<p><span class=\"glyphicon glyphicon-eye-open\"><\/span><\/p>\t\t\t\t\t\n\t\t\t\t<\/div>\n\t\t\t\t<\/a>\n\t\t\t<\/div>\n\t\t\t<\/div>\n\t\t<\/div>\n\t<\/div>\n","protected":false},"excerpt":{"rendered":"<p>Citius &#8211; \u0417\u0430\u0432\u043e\u0434 \u0441\u043f\u0435\u0446\u0456\u0430\u043b\u044c\u043d\u0438\u0445 \u0430\u0432\u0442\u043e \u0432 \u041c\u0435\u043b\u0456\u0442\u043e\u043f\u043e\u043b\u0456. \u0412\u0438\u0440\u043e\u0431\u043d\u0438\u0446\u0442\u043e\u0432\u043e, \u043f\u0440\u043e\u0434\u0430\u0436, \u043f\u0435\u0440\u0435\u043e\u0431\u043b\u0430\u0434\u043d\u0430\u043d\u043d\u044f \u0441\u043f\u0446\u043c\u0430\u0448\u0438\u043d \u043d\u0430 \u0448\u0430\u0441\u0441\u0456 \u0424\u043e\u043b\u044c\u043a\u0441\u0432\u0430\u0433\u0435\u043d, \u041c\u0435\u0440\u0441\u0435\u0434\u0435\u0441, \u0420\u0435\u043d\u043e \u0442\u0430 \u0456\u043d. \u043c\u0430\u0440\u043e\u043a \u0432 \u0423\u043a\u0440\u0430\u0457\u043d\u0456. \u0412\u0438\u0440\u043e\u0431\u043d\u0438\u0446\u0442\u0432\u043e \u0441\u0430\u043d\u0456\u0442\u0430\u0440\u043d\u0438\u0445 \u0430\u0432\u0442\u043e, \u0440\u0435\u0430\u043d\u0456\u043c\u043e\u0431\u0456\u043b\u0435\u0439, \u0431\u0440\u043e\u043d\u044e\u0432\u0430\u043d\u043d\u044f \u0430\u0432\u0442\u043e\u043c\u043e\u0431\u0456\u043b\u0456\u0432, \u043f\u0435\u0440\u0435\u043e\u0431\u043b\u0430\u0434\u043d\u0430\u043d\u043d\u044f \u043c\u0456\u043a\u0440\u043e\u0430\u0432\u0442\u043e\u0431\u0443\u0441\u0456\u0432 \u0442\u0430 \u0433\u0440\u0443\u0437\u043e\u0432\u0438\u0445 \u0430\u0432\u0442\u043e \u043d\u0430 \u0437\u0430\u043c\u043e\u0432\u043b\u0435\u043d\u043d\u044f<\/p>\n","protected":false},"author":3,"featured_media":0,"parent":0,"menu_order":0,"comment_status":"closed","ping_status":"closed","template":"","meta":{"_acf_changed":false,"footnotes":""},"translation":{"provider":"WPGlobus","version":"2.12.2","language":"de","enabled_languages":["uk","ru","en","de","pl"],"languages":{"uk":{"title":true,"content":true,"excerpt":true},"ru":{"title":true,"content":true,"excerpt":true},"en":{"title":true,"content":true,"excerpt":true},"de":{"title":true,"content":true,"excerpt":false},"pl":{"title":true,"content":true,"excerpt":false}}},"acf":[],"_links":{"self":[{"href":"https:\/\/citius-s.com\/de\/wp-json\/wp\/v2\/pages\/18"}],"collection":[{"href":"https:\/\/citius-s.com\/de\/wp-json\/wp\/v2\/pages"}],"about":[{"href":"https:\/\/citius-s.com\/de\/wp-json\/wp\/v2\/types\/page"}],"author":[{"embeddable":true,"href":"https:\/\/citius-s.com\/de\/wp-json\/wp\/v2\/users\/3"}],"replies":[{"embeddable":true,"href":"https:\/\/citius-s.com\/de\/wp-json\/wp\/v2\/comments?post=18"}],"version-history":[{"count":93,"href":"https:\/\/citius-s.com\/de\/wp-json\/wp\/v2\/pages\/18\/revisions"}],"predecessor-version":[{"id":3791,"href":"https:\/\/citius-s.com\/de\/wp-json\/wp\/v2\/pages\/18\/revisions\/3791"}],"wp:attachment":[{"href":"https:\/\/citius-s.com\/de\/wp-json\/wp\/v2\/media?parent=18"}],"curies":[{"name":"wp","href":"https:\/\/api.w.org\/{rel}","templated":true}]}}