{"id":1483,"date":"2020-02-20T15:32:31","date_gmt":"2020-02-20T12:32:31","guid":{"rendered":"https:\/\/citius-s.com\/?page_id=1483"},"modified":"2024-02-13T02:16:08","modified_gmt":"2024-02-12T23:16:08","slug":"otzyvy-nashih-klientov","status":"publish","type":"page","link":"https:\/\/citius-s.com\/de\/about\/otzyvy-nashih-klientov\/","title":{"rendered":"R\u00dcCKMELDUNGEN \u00dcBER DIE FAHRZEUGE DES WERK CITIUS S"},"content":{"rendered":"<h2 style=\"text-align: left;\">R\u00fcckmeldungen \u00fcber gepanzerte Fahrzeuge:<\/h2>\n<h3 style=\"text-align: left;\"><strong>Raiffeisen Bank Aval<\/strong><\/h3>\n<p>R\u00fcckmeldung \u00fcber gepanzerte Fahrzeuge der Citius GmbH<br \/>\nBei der Nutzung der gepanzerten Fahrzeuge von Citius GmbH sind wir zu dem Schluss gekommen, dass die Fahrzeuge von h\u00f6herer Qualit\u00e4t und durchdachterem Design sind, im Gegensatz zu den Fahrzeugen anderer Gesellschaft, die Sammelfahrzeuge buchen.<br \/>\nDie Fahrzeuge, die bei Citius GmbH panzern wurden, k\u00f6nnen im Dauerbetrieb eingesetzt werden, ohne dass die Dienste der Bank f\u00fcr die Wartung und h\u00e4ufige Reparaturen in Anspruch genommen werden m\u00fcssen.<br \/>\nIm Falle von Garantie- und Nachgarantieanspr\u00fcchen an Citius GmbH wurde sofort reagiert und alle Probleme wurden effizient und innerhalb von sieben Tagen gel\u00f6st<\/p>\n<div id=\"attachment_1493\" style=\"width: 380px\" class=\"wp-caption alignnone\"><a class=\"fancybox\" href=\"https:\/\/citius-s.com\/wp-content\/uploads\/2020\/02\/feedback-_armoured_aval.jpg\"><img loading=\"lazy\" decoding=\"async\" aria-describedby=\"caption-attachment-1493\" class=\"fancybox wp-image-1493\" src=\"https:\/\/citius-s.com\/wp-content\/uploads\/2020\/02\/feedback-_armoured_aval-217x300.jpg\" alt=\"\u043e\u0442\u0437\u044b\u0432 \u0426\u0438\u0442\u0438\u0443\u0441\" width=\"370\" height=\"511\" srcset=\"https:\/\/citius-s.com\/wp-content\/uploads\/2020\/02\/feedback-_armoured_aval-217x300.jpg 217w, https:\/\/citius-s.com\/wp-content\/uploads\/2020\/02\/feedback-_armoured_aval-17x24.jpg 17w, https:\/\/citius-s.com\/wp-content\/uploads\/2020\/02\/feedback-_armoured_aval-26x36.jpg 26w, https:\/\/citius-s.com\/wp-content\/uploads\/2020\/02\/feedback-_armoured_aval-35x48.jpg 35w, https:\/\/citius-s.com\/wp-content\/uploads\/2020\/02\/feedback-_armoured_aval.jpg 742w\" sizes=\"(max-width: 370px) 100vw, 370px\" \/><\/a><p id=\"caption-attachment-1493\" class=\"wp-caption-text\"><strong>R\u00fcckmeldung \u00fcber das gepanzerte Einzugsfahrzeuge des Autowerks Citius S <\/strong><\/p><\/div>\n<h3><\/h3>\n<h3 style=\"text-align: left;\"><strong>\u041eAG ERDE BANK<\/strong><\/h3>\n<p>Citius GmbH hat eine Charge von Renault Master Fahrzeugen f\u00fcr unsere Bank gebucht.<\/p>\n<p>Das ist gleich zu Beginn erw\u00e4hnenswert:<\/p>\n<ul>\n<li>Die Qualit\u00e4t der Montage, die Verwendung von &#8221; nicht-Budget &#8221; Materialien bei der Bu-chung von Fahrzeugen, die Citius von anderer Gesellschaft unterscheidet.<\/li>\n<li>Die zus\u00e4tzlichen gepanzerten T\u00fcren sind gro\u00df (h\u00f6her) und einfach zu bedienen.<\/li>\n<li>Die an den Zusatzt\u00fcren angebrachten &#8220;originellen&#8221; Querriegelschl\u00f6sser haben uns sehr gut gefallen. Sie entlasten und fixieren die T\u00fcren wirklich.<\/li>\n<li>Die von Citius hergestellten elektrisch beheizten Panzerfenster haben eine gute Optik und entsprechen den ukrainischen Sicherheitsstandards, w\u00e4hrend sich das Aussehen des Glases nicht von dem der Fabrik unterscheidet.<\/li>\n<li>Die Fahrzeuge sind mit exklusiven SCD-Systemen (Crossbar Lock Control System) und ei-ner Gegensprechanlage zwischen Fahrer und Stra\u00dfe ausgestattet, die ihresgleichen sucht.<\/li>\n<li>Die gepanzerten Citius-Fahrzeuge haben verst\u00e4rkte S\u00e4ulen, T\u00fcrscharniere, breite und zuver-l\u00e4ssige T\u00fcr\u00f6ffner.<\/li>\n<li>Die Panzerkapsel eliminiert vollst\u00e4ndig die Bereiche, in die sie eindringen kann, und bietet so ein angemessenes Schutzniveau f\u00fcr die Sammler.<\/li>\n<li>Breite und bequeme Sitze mit automatischen Sicherheitsgurten erf\u00fcllen alle Komfortanfor-derungen.<\/li>\n<\/ul>\n<p>Zusammenfassend hat die OAG &#8220;ERDE BANK&#8221; beschlossen, ihre Fahrzeuge in Zukunft bei &#8220;Citi-us&#8221; GmbH zu panzern. Wir danken den Mitarbeitern und dem Management des Gesellschaft f\u00fcr die geleistete Arbeit.<\/p>\n<div id=\"attachment_1502\" style=\"width: 380px\" class=\"wp-caption alignnone\"><a class=\"fancybox\" href=\"https:\/\/citius-s.com\/wp-content\/uploads\/2020\/02\/feedback-_armoured_rd-bank.jpg\"><img loading=\"lazy\" decoding=\"async\" aria-describedby=\"caption-attachment-1502\" class=\"wp-image-1502\" src=\"https:\/\/citius-s.com\/wp-content\/uploads\/2020\/02\/feedback-_armoured_rd-bank-212x300.jpg\" alt=\"\u043e\u0442\u0437\u044b\u0432 \u0426\u0438\u0442\u0438\u0443\u0441\" width=\"370\" height=\"523\" srcset=\"https:\/\/citius-s.com\/wp-content\/uploads\/2020\/02\/feedback-_armoured_rd-bank-212x300.jpg 212w, https:\/\/citius-s.com\/wp-content\/uploads\/2020\/02\/feedback-_armoured_rd-bank-725x1024.jpg 725w, https:\/\/citius-s.com\/wp-content\/uploads\/2020\/02\/feedback-_armoured_rd-bank-768x1085.jpg 768w, https:\/\/citius-s.com\/wp-content\/uploads\/2020\/02\/feedback-_armoured_rd-bank-1087x1536.jpg 1087w, https:\/\/citius-s.com\/wp-content\/uploads\/2020\/02\/feedback-_armoured_rd-bank-17x24.jpg 17w, https:\/\/citius-s.com\/wp-content\/uploads\/2020\/02\/feedback-_armoured_rd-bank-25x36.jpg 25w, https:\/\/citius-s.com\/wp-content\/uploads\/2020\/02\/feedback-_armoured_rd-bank-34x48.jpg 34w, https:\/\/citius-s.com\/wp-content\/uploads\/2020\/02\/feedback-_armoured_rd-bank.jpg 1108w\" sizes=\"(max-width: 370px) 100vw, 370px\" \/><\/a><p id=\"caption-attachment-1502\" class=\"wp-caption-text\"><strong>R\u00fcckmeldung \u00fcber das gepanzerte Einzugsfahrzeuge des Autowerks Citius S <\/strong><\/p><\/div>\n<h3><\/h3>\n<h3><strong>OAG PROMINVESTBANK<\/strong><\/h3>\n<p>Die OAG PROMINVESTBANK hat in den letzten Jahren ihre Fahrzeuge f\u00fcr den Abholservice der Bank mit Hilfe der GMBH Citius S umger\u00fcstet und panzert.<br \/>\nIn dieser Zeit hat die GMBH Citius S verschiedene Chargen von Volkswagen T5 und Volkswagen Amarok umger\u00fcstet und panzert. Alle Arbeiten werden effizient, schnell, nach aktuellen Standards und unter Ber\u00fccksichtigung aller unserer W\u00fcnsche durchgef\u00fchrt.<br \/>\nIn Anbetracht unserer langj\u00e4hrigen Zusammenarbeit halten wir die GMBH Citius S f\u00fcr einen w\u00fcr-digen Vertreter auf dem ukrainischen Autoumbau- und Buchungsmarkt, mit einem optimalen Ver-h\u00e4ltnis von hervorragender Qualit\u00e4t und g\u00fcnstigem Preis.<br \/>\nWir w\u00fcnschen allen Mitarbeitern der GMBH Citius S viel Erfolg und weiteres Wohlergehen. Vielen Dank f\u00fcr die Zusammenarbeit und die qualitativ hochwertige Arbeit.<\/p>\n<div id=\"attachment_1507\" style=\"width: 380px\" class=\"wp-caption alignnone\"><a class=\"fancybox\" href=\"https:\/\/citius-s.com\/wp-content\/uploads\/2020\/02\/feedback-_armoured_pib.jpg\"><img loading=\"lazy\" decoding=\"async\" aria-describedby=\"caption-attachment-1507\" class=\"wp-image-1507\" src=\"https:\/\/citius-s.com\/wp-content\/uploads\/2020\/02\/feedback-_armoured_pib-212x300.jpg\" alt=\"\u041e\u0442\u0437\u044b\u0432 Citius S\" width=\"370\" height=\"523\" srcset=\"https:\/\/citius-s.com\/wp-content\/uploads\/2020\/02\/feedback-_armoured_pib-212x300.jpg 212w, https:\/\/citius-s.com\/wp-content\/uploads\/2020\/02\/feedback-_armoured_pib-17x24.jpg 17w, https:\/\/citius-s.com\/wp-content\/uploads\/2020\/02\/feedback-_armoured_pib-25x36.jpg 25w, https:\/\/citius-s.com\/wp-content\/uploads\/2020\/02\/feedback-_armoured_pib-34x48.jpg 34w, https:\/\/citius-s.com\/wp-content\/uploads\/2020\/02\/feedback-_armoured_pib.jpg 724w\" sizes=\"(max-width: 370px) 100vw, 370px\" \/><\/a><p id=\"caption-attachment-1507\" class=\"wp-caption-text\"><strong>\u0412R\u00fcckmeldung \u00fcber die gepanzerten Fahrzeuge des Autowerks Citius S<\/strong><\/p><\/div>\n<h3><\/h3>\n<h3 style=\"text-align: center;\"><a href=\"https:\/\/citius-s.com\/catalog\/armored-cars\/\" rel=\"noopener noreferrer\">GEPANZERTE FAHRZEUGE<\/a><\/h3>\n<h2 style=\"text-align: left;\">R\u00fcckmeldungen \u00fcber die Ambulanzfahrzeugen und Intensivtransportwagen:<\/h2>\n<h3><strong>Medizinisches Gesellschaft INTO-SANA<\/strong><\/h3>\n<p>Seit sieben Jahren baut die GMBH Medizinisches Gesellschaft INTO-SANA ihre Fahrzeuge mit Hilfe der GMBH Citius zu Krankenwagen um.<br \/>\nDie GMBH Citius hat f\u00fcr unser Gesellschaft mehrere Chargen von Ford Transit und Mercedes Sprinter zu Krankenwagen umgebaut. Alle Arbeiten werden effizient, schnell, nach den geltenden Normen und unter Ber\u00fccksichtigung unserer W\u00fcnsche durchgef\u00fchrt. Die GMBH Citius ist ein w\u00fcr-diger Vertreter auf dem Markt der Krankenwagen. Ich w\u00fcnsche der Citius GMBH neue Auftr\u00e4ge, Erfolg in ihrer Arbeit, Erweiterung ihrer kreativen F\u00e4higkeiten und Steigerung des materiellen Wohlstands ihrer Mitarbeiter.<\/p>\n<div id=\"attachment_1520\" style=\"width: 380px\" class=\"wp-caption alignnone\"><a class=\"fancybox\" href=\"https:\/\/citius-s.com\/wp-content\/uploads\/2020\/02\/feedback-_ambulance_intosana.jpg\"><img loading=\"lazy\" decoding=\"async\" aria-describedby=\"caption-attachment-1520\" class=\"wp-image-1520\" src=\"https:\/\/citius-s.com\/wp-content\/uploads\/2020\/02\/feedback-_ambulance_intosana-217x300.jpg\" alt=\"\u041e\u0442\u0437\u0456\u0432\u044b \u0426\u0438\u0442\u0438\u0443\u0441\" width=\"370\" height=\"512\" srcset=\"https:\/\/citius-s.com\/wp-content\/uploads\/2020\/02\/feedback-_ambulance_intosana-217x300.jpg 217w, https:\/\/citius-s.com\/wp-content\/uploads\/2020\/02\/feedback-_ambulance_intosana-17x24.jpg 17w, https:\/\/citius-s.com\/wp-content\/uploads\/2020\/02\/feedback-_ambulance_intosana-26x36.jpg 26w, https:\/\/citius-s.com\/wp-content\/uploads\/2020\/02\/feedback-_ambulance_intosana-35x48.jpg 35w, https:\/\/citius-s.com\/wp-content\/uploads\/2020\/02\/feedback-_ambulance_intosana.jpg 740w\" sizes=\"(max-width: 370px) 100vw, 370px\" \/><\/a><p id=\"caption-attachment-1520\" class=\"wp-caption-text\">R\u00fcckmeldung \u00fcber die Krankenwagen des Autowerks Citius S<\/p><\/div>\n<h3><\/h3>\n<h3><strong>Genesis-Klinik<\/strong><\/h3>\n<p>Im Jahr 2010 kaufte unsere Gesellschaft zwei MB-Sprinter-Krankenwagen.<br \/>\nDie Fahrzeuge wurden von der GMBH Citius zu Wiederbelebungsfahrzeuge umgebaut.<br \/>\nDie Spezialisten des Gesellschafts f\u00fchrten die Umbauarbeiten fristgerecht durch, installierten medi-zinisches Mobiliar, medizinische Ger\u00e4te gem\u00e4\u00df der aktuellen DSTU sowie die Innen- und Au\u00dfen-dekoration unter Ber\u00fccksichtigung des Stils und der Ausrichtung unseres Gesellschafts.<br \/>\nDie Citius GMBH kommt ihren Garantieverpflichtungen nach, was es uns erm\u00f6glicht, alle m\u00f6gli-chen St\u00f6rungen schnell und effizient zu beheben. Wir freuen uns auf die weitere Zusammenarbeit bei der Erweiterung unseres Fuhrparks.<br \/>\n<div id=\"attachment_1519\" style=\"width: 380px\" class=\"wp-caption alignnone\"><a class=\"fancybox\" href=\"https:\/\/citius-s.com\/wp-content\/uploads\/2020\/02\/feedback-_ambulance_genesis.jpg\"><img loading=\"lazy\" decoding=\"async\" aria-describedby=\"caption-attachment-1519\" class=\"wp-image-1519\" src=\"https:\/\/citius-s.com\/wp-content\/uploads\/2020\/02\/feedback-_ambulance_genesis-236x300.jpg\" alt=\"\u041e\u0442\u0437\u044b\u0432 \u0430\u0432\u0442\u043e\u0437\u0430\u0432\u043e\u0434 Citius\" width=\"370\" height=\"470\" srcset=\"https:\/\/citius-s.com\/wp-content\/uploads\/2020\/02\/feedback-_ambulance_genesis-236x300.jpg 236w, https:\/\/citius-s.com\/wp-content\/uploads\/2020\/02\/feedback-_ambulance_genesis-19x24.jpg 19w, https:\/\/citius-s.com\/wp-content\/uploads\/2020\/02\/feedback-_ambulance_genesis-28x36.jpg 28w, https:\/\/citius-s.com\/wp-content\/uploads\/2020\/02\/feedback-_ambulance_genesis-38x48.jpg 38w, https:\/\/citius-s.com\/wp-content\/uploads\/2020\/02\/feedback-_ambulance_genesis.jpg 768w\" sizes=\"(max-width: 370px) 100vw, 370px\" \/><\/a><p id=\"caption-attachment-1519\" class=\"wp-caption-text\"><strong>R\u00fcckmeldung \u00fcber die Wiederbelebungsfahrzeuge des Autowerks Citius S<\/strong><\/p><\/div><\/p>\n<h3><\/h3>\n<h3><strong>Kommunale Gesellschaft &#8220;Ambulanzstation&#8221;<\/strong><\/h3>\n<p>Im Jahr 2010 haben wir, das Kommunale Gesellschaft &#8220;Ambulanzstation&#8221; (Krasnodon), zum ersten Mal einen Krankenwagen auf Basis Renault Master von der GMBH Citius gekauft.<br \/>\nWir waren angenehm \u00fcberrascht von der hohen Qualit\u00e4t der ausgef\u00fchrten Arbeiten und der geliefer-ten Ausr\u00fcstung.<br \/>\nEs ist sehr bequem und komfortabel f\u00fcr unsere \u00c4rzte, in diesem Fahrzeug zu arbeiten, da es mit moderner medizinischer Ausr\u00fcstung ausgestattet ist und die medizinische Innenausstattung und die speziellen medizinischen M\u00f6bel mit hoher Qualit\u00e4t und Sorgfalt hergestellt wurden, so dass sie un-ter unseren gel\u00e4ndeg\u00e4ngigen Bedingungen eingesetzt werden k\u00f6nnen. Heute pr\u00fcft unsere Einrich-tung die M\u00f6glichkeit, die folgenden Fahrzeuge von der Firma Citius zu erwerben.<\/p>\n<div id=\"attachment_1521\" style=\"width: 380px\" class=\"wp-caption aligncenter\"><a class=\"fancybox\" href=\"https:\/\/citius-s.com\/wp-content\/uploads\/2020\/02\/feedback-_ambulance_krasnodon.jpg\"><img loading=\"lazy\" decoding=\"async\" aria-describedby=\"caption-attachment-1521\" class=\"wp-image-1521\" src=\"https:\/\/citius-s.com\/wp-content\/uploads\/2020\/02\/feedback-_ambulance_krasnodon-231x300.jpg\" alt=\"\u041e\u0442\u0437\u044b\u0432\u044b \u0426\u0438\u0442\u0438\u0443\u0441\" width=\"370\" height=\"480\" srcset=\"https:\/\/citius-s.com\/wp-content\/uploads\/2020\/02\/feedback-_ambulance_krasnodon-231x300.jpg 231w, https:\/\/citius-s.com\/wp-content\/uploads\/2020\/02\/feedback-_ambulance_krasnodon-18x24.jpg 18w, https:\/\/citius-s.com\/wp-content\/uploads\/2020\/02\/feedback-_ambulance_krasnodon-28x36.jpg 28w, https:\/\/citius-s.com\/wp-content\/uploads\/2020\/02\/feedback-_ambulance_krasnodon-37x48.jpg 37w, https:\/\/citius-s.com\/wp-content\/uploads\/2020\/02\/feedback-_ambulance_krasnodon.jpg 768w\" sizes=\"(max-width: 370px) 100vw, 370px\" \/><\/a><p id=\"caption-attachment-1521\" class=\"wp-caption-text\"><strong>R\u00fcckmeldung \u00fcber die Sanit\u00e4tsfahrzeug des Autowerks Citius S<\/strong><\/p><\/div>\n","protected":false},"excerpt":{"rendered":"<p>\u0412\u0456\u0434\u0433\u0443\u043a\u0438 \u043d\u0430 \u043f\u0440\u043e\u0434\u0443\u043a\u0446\u0456\u044e \u041c\u0435\u043b\u0456\u0442\u043e\u043f\u043e\u043b\u044c\u0441\u044c\u043a\u043e\u0433\u043e \u0437\u0430\u0432\u043e\u0434\u0443 \u0441\u043f\u0435\u0446\u0456\u0430\u043b\u0456\u0437\u043e\u0432\u0430\u043d\u0438\u0445 \u0430\u0432\u0442\u043e\u043c\u043e\u0431\u0456\u043b\u0456\u0432 &#8220;\u0426\u0406\u0422\u0406\u0423\u0421 \u0421&#8221; &#8211; \u0430\u0432\u0442\u043e\u043c\u043e\u0431\u0456\u043b\u0456 \u0441\u043f\u0435\u0446\u043f\u0440\u0438\u0437\u043d\u0430\u0447\u0435\u043d\u043d\u044f, \u0441\u043f\u0435\u0446\u0442\u0440\u0430\u043d\u0441\u043f\u043e\u0440\u0442, \u0431\u0440\u043e\u043d\u044c\u043e\u0432\u0430\u043d\u0456 \u0430\u0432\u0442\u043e\u043c\u043e\u0431\u0456\u043b\u0456, \u043c\u0430\u0448\u0438\u043d\u0438 \u0448\u0432\u0438\u0434\u043a\u043e\u0457 \u0434\u043e\u043f\u043e\u043c\u043e\u0433\u0438, \u0440\u0435\u0430\u043d\u0456\u043c\u043e\u0431\u0456\u043b\u0456, \u0441\u043e\u0446\u0456\u0430\u043b\u044c\u043d\u0456 \u0430\u0432\u0442\u043e\u043c\u043e\u0431\u0456\u043b\u0456<\/p>\n","protected":false},"author":2,"featured_media":0,"parent":18,"menu_order":0,"comment_status":"closed","ping_status":"closed","template":"","meta":{"_acf_changed":false,"footnotes":""},"translation":{"provider":"WPGlobus","version":"2.12.2","language":"de","enabled_languages":["uk","ru","en","de","pl"],"languages":{"uk":{"title":true,"content":true,"excerpt":true},"ru":{"title":true,"content":true,"excerpt":true},"en":{"title":true,"content":false,"excerpt":true},"de":{"title":true,"content":true,"excerpt":false},"pl":{"title":true,"content":true,"excerpt":false}}},"acf":[],"_links":{"self":[{"href":"https:\/\/citius-s.com\/de\/wp-json\/wp\/v2\/pages\/1483"}],"collection":[{"href":"https:\/\/citius-s.com\/de\/wp-json\/wp\/v2\/pages"}],"about":[{"href":"https:\/\/citius-s.com\/de\/wp-json\/wp\/v2\/types\/page"}],"author":[{"embeddable":true,"href":"https:\/\/citius-s.com\/de\/wp-json\/wp\/v2\/users\/2"}],"replies":[{"embeddable":true,"href":"https:\/\/citius-s.com\/de\/wp-json\/wp\/v2\/comments?post=1483"}],"version-history":[{"count":68,"href":"https:\/\/citius-s.com\/de\/wp-json\/wp\/v2\/pages\/1483\/revisions"}],"predecessor-version":[{"id":3482,"href":"https:\/\/citius-s.com\/de\/wp-json\/wp\/v2\/pages\/1483\/revisions\/3482"}],"up":[{"embeddable":true,"href":"https:\/\/citius-s.com\/de\/wp-json\/wp\/v2\/pages\/18"}],"wp:attachment":[{"href":"https:\/\/citius-s.com\/de\/wp-json\/wp\/v2\/media?parent=1483"}],"curies":[{"name":"wp","href":"https:\/\/api.w.org\/{rel}","templated":true}]}}