{"id":1458,"date":"2020-02-20T13:16:34","date_gmt":"2020-02-20T10:16:34","guid":{"rendered":"https:\/\/citius-s.com\/?page_id=1458"},"modified":"2024-02-25T00:09:41","modified_gmt":"2024-02-24T21:09:41","slug":"politika-konfidenczialnosti-dlya-facebook-com","status":"publish","type":"page","link":"https:\/\/citius-s.com\/de\/politika-konfidenczialnosti-dlya-facebook-com\/","title":{"rendered":"CITIUS \u2014 DATENSCHUTZPOLITIK"},"content":{"rendered":"<h1><\/h1>\n<h3>Allgemeine Bestimmungen<\/h3>\n<ol>\n<li>Diese Politik definiert das Verfahren f\u00fcr die Verarbeitung und den Schutz von Informationen \u00fcber Einzelpersonen (im Folgenden als Gesellschaft bezeichnet), die das Gesellschaft erh\u00e4lt, wenn der Benutzer das Registrierungsformular auf der Website oder auf der www.facebook.com und Instagram-Seite ausf\u00fcllt, sowie das Verfahren und die Zustimmung des Benutzers zum Erhalt von Werbeinformationen, wenn der Benutzer das Registrierungsformular auf der Website www.facebook.com und der Instagram-Seite ausf\u00fcllt, durch Citius S GmbH (im Folgenden als Gesellschaft bezeichnet).<\/li>\n<li>Zweck dieser Politik ist es, einen angemessenen Schutz der Informationen \u00fcber die Nutzer, einschlie\u00dflich ihrer personenbezogenen Daten, vor unbefugtem Zugriff und Offenlegung sowie die Einhaltung der gesetzlichen Bestimmungen \u00fcber Werbung zu gew\u00e4hrleisten, auch wenn der Nutzer Werbeinformationen erh\u00e4lt.<\/li>\n<li>Die Beziehungen im Zusammenhang mit der Sammlung, der Speicherung, der Verbreitung und dem Schutz der vom Nutzer zur Verf\u00fcgung gestellten Informationen werden durch diese Richtlinie, andere lokale Dokumente der GMBH Citius S und die aktuelle Gesetzgebung der Ukraine geregelt.<\/li>\n<li>Die personenbezogenen Daten, die im Rahmen der Datenschutzrichtlinie verarbeitet werden d\u00fcrfen, werden vom Nutzer durch Ausf\u00fcllen des Registrierungsformulars auf der Website www.facebook.com oder auf der Instagram-Seite angegeben und umfassen die folgenden Informationen: &#8211; Name, Vorname, Vatersname des Nutzers; &#8211; Telefonnummer des Nutzers; &#8211; E-Mail-Adresse (E-Mail); Mit dem Ausf\u00fcllen des Registrierungsformulars erkl\u00e4rt der Nutzer sein volles Einverst\u00e4ndnis mit den Bedingungen der vorliegenden Richtlinie. Durch Anklicken von &#8220;Absenden&#8221; erkl\u00e4rt sich der Nutzer mit der Verarbeitung und \u00dcbermittlung seiner personenbezogenen Daten an das Gesellschaft einverstanden, die beim Ausf\u00fcllen des Registrierungsformulars, auf der Website www.facebook.com, der Insta-Gram-Netzwerkseite zum Zweck des Erhalts von Werbeinformationen hinterlassen wurden.  Der Nutzer erkl\u00e4rt sich au\u00dferdem damit einverstanden, Werbeinformationen von der Gesellschaft \u00fcber alle Kommunikationskan\u00e4le zu erhalten, die der Nutzer beim Ausf\u00fcllen des Registrierungsformulars auf der Website www.facebook.com und der Instagram-Seite angegeben hat.<\/li>\n<\/ol>\n<h3>Zweck der Erfassung, Verarbeitung und Speicherung der von den Nutzern bereitgestellten Informationen<\/h3>\n<ol>\n<li>Die Gesellschaft verarbeitet die personenbezogenen Daten des Nutzers in \u00dcbereinstimmung mit der ukrainischen Gesetzgebung. Das Gesellschaft verarbeitet die personenbezogenen Daten des Nutzers, um: dem Nutzer Informationen \u00fcber die von der Gesellschaft angebotenen Dienstleistungen, Sonderangebote und andere Informationen im Namen des Gesellschaft zukommen zu lassen; Marketing und andere Untersuchungen durchzuf\u00fchren.<\/li>\n<\/ol>\n<h3>Bedingungen f\u00fcr die Verarbeitung der vom Nutzer bereitgestellten personenbezogenen Daten<\/h3>\n<ol>\n<li>Die Verarbeitung der personenbezogenen Daten des Nutzers erfolgt f\u00fcr den Zeitraum, der f\u00fcr die in der Richtlinie genannten Zwecke erforderlich ist, auf jede rechtm\u00e4\u00dfige Art und Weise, auch in Informationssystemen, die Automatisierungswerkzeuge verwenden oder ohne solche Werkzeuge.<\/li>\n<li>Das Gesellschaft ergreift die notwendigen organisatorischen und technischen Ma\u00dfnahmen, um die personenbezogenen Daten des Nutzers vor unbefugtem oder versehentlichem Zugriff, Zerst\u00f6rung, Ver\u00e4nderung, Sperrung, Vervielf\u00e4ltigung, Verbreitung sowie vor sonstigen rechtswidrigen Handlungen Dritter zu sch\u00fctzen.<\/li>\n<li>Die Personendaten des Nutzers d\u00fcrfen nur aus den Gr\u00fcnden und in der Art und Weise, wie es die Gesetzgebung der Ukraine vorschreibt, an die zust\u00e4ndigen staatlichen Beh\u00f6rden der Ukraine \u00fcbermittelt werden.<\/li>\n<li>Mit dem Ausf\u00fcllen des Registrierungsformulars best\u00e4tigt der Nutzer, dass er korrekte Angaben zu seiner Person macht, alle anderen Angaben nach eigenem Ermessen macht, mit der Datenschutzerkl\u00e4rung vertraut ist und ihr zustimmt. Die Kenntnisnahme der Datenschutzerkl\u00e4rung und das Ankreuzen des Links zu dieser Datenschutzerkl\u00e4rung ist eine schriftliche Zustimmung des Nutzers zur Erhebung, Speicherung und Verarbeitung der vom Nutzer angegebenen personenbezogenen Daten.<\/li>\n<li>Das Gesellschaft wird die Echtheit der erhaltenen (gesammelten) Informationen \u00fcber die Nutzer nicht \u00fcberpr\u00fcfen, es sei denn, eine solche \u00dcberpr\u00fcfung ist zur Erf\u00fcllung der Verpflichtungen gegen\u00fcber dem Nutzer erforderlich.<\/li>\n<\/ol>\n<h3>\u00c4nderungen an der Datenschutzpolitik. Geltendes Recht<\/h3>\n<ol>\n<li>GMBH &#8220;Citius S&#8221; hat das Recht, \u00c4nderungen an dieser Datenschutzpolitik vorzunehmen. Bei \u00c4nderungen an der aktuellen Version wird das Datum der letzten Aktualisierung angegeben. Die neue Version der Politik tritt ab dem Zeitpunkt ihrer Ver\u00f6ffentlichung in Kraft, sofern in der neuen Version der Politik nichts anderes vorgesehen ist.<\/li>\n<li>Die Gesetzgebung der Ukraine gilt f\u00fcr diese Politik und die Beziehungen zwischen dem Nutzer und die Gesellschaft, die sich im Zusammenhang mit der Anwendung der Datenschutzpolitik ergeben.<\/li>\n<li>Bevor bei Streitigkeiten, die sich aus der Beziehung zwischen dem Nutzer und die Gesellschaft ergeben, eine Klage bei Gericht eingereicht wird, ist es zwingend erforderlich, das Beschwerdeverfahren zur Beilegung einer Streitigkeit einzuhalten.<\/li>\n<\/ol>\n<p>google-site-verification: google5fc37f9cab9232ff.html<\/p>\n","protected":false},"excerpt":{"rendered":"<p>\u041e\u0444\u0456\u0446\u0456\u0439\u043d\u0438\u0439 \u0441\u0430\u0439\u0442 \u0437\u0430\u0432\u043e\u0434\u0443 \u0441\u043f\u0435\u0446\u0430\u0432\u0442\u043e\u043c\u043e\u0431\u0456\u043b\u0456\u0432 Citius S | \u0441\u0442\u043e\u0440\u0456\u043d\u043a\u0430 \u043f\u043e\u043b\u0456\u0442\u0438\u043a\u0438 \u043a\u043e\u043d\u0444\u0456\u0434\u0435\u043d\u0446\u0456\u0439\u043d\u043e\u0441\u0442\u0456<\/p>\n","protected":false},"author":3,"featured_media":0,"parent":0,"menu_order":0,"comment_status":"closed","ping_status":"closed","template":"","meta":{"_acf_changed":false,"footnotes":""},"translation":{"provider":"WPGlobus","version":"2.12.2","language":"de","enabled_languages":["uk","ru","en","de","pl"],"languages":{"uk":{"title":true,"content":true,"excerpt":true},"ru":{"title":true,"content":false,"excerpt":true},"en":{"title":true,"content":false,"excerpt":true},"de":{"title":true,"content":true,"excerpt":false},"pl":{"title":true,"content":true,"excerpt":false}}},"acf":[],"_links":{"self":[{"href":"https:\/\/citius-s.com\/de\/wp-json\/wp\/v2\/pages\/1458"}],"collection":[{"href":"https:\/\/citius-s.com\/de\/wp-json\/wp\/v2\/pages"}],"about":[{"href":"https:\/\/citius-s.com\/de\/wp-json\/wp\/v2\/types\/page"}],"author":[{"embeddable":true,"href":"https:\/\/citius-s.com\/de\/wp-json\/wp\/v2\/users\/3"}],"replies":[{"embeddable":true,"href":"https:\/\/citius-s.com\/de\/wp-json\/wp\/v2\/comments?post=1458"}],"version-history":[{"count":18,"href":"https:\/\/citius-s.com\/de\/wp-json\/wp\/v2\/pages\/1458\/revisions"}],"predecessor-version":[{"id":3705,"href":"https:\/\/citius-s.com\/de\/wp-json\/wp\/v2\/pages\/1458\/revisions\/3705"}],"wp:attachment":[{"href":"https:\/\/citius-s.com\/de\/wp-json\/wp\/v2\/media?parent=1458"}],"curies":[{"name":"wp","href":"https:\/\/api.w.org\/{rel}","templated":true}]}}