{"id":127,"date":"2019-11-15T04:50:05","date_gmt":"2019-11-15T01:50:05","guid":{"rendered":"https:\/\/citius-s.com\/?page_id=127"},"modified":"2024-02-22T00:33:04","modified_gmt":"2024-02-21T21:33:04","slug":"partners-bank","status":"publish","type":"page","link":"https:\/\/citius-s.com\/de\/partners-bank\/","title":{"rendered":"CITIUS S &#8211; UNSERE KUNDEN"},"content":{"rendered":"\n<h4 class=\"wp-block-heading\" style=\"text-align: center;\"><strong>Wir sind unseren Kunden dankbar f\u00fcr ihr Vertrauen und ihre Zusammenarbeit.<\/strong><\/h4>\n\n\n\n<h4 class=\"wp-block-heading\" style=\"text-align: center;\"><strong>Wir sind stolz darauf, dass unsere Fahrzeuge ihnen Tag f\u00fcr Tag dabei helfen, ihr Gesch\u00e4ft aufzu-bauen und spezielle Aufgaben zu l\u00f6sen.<\/strong><\/h4>\n\n\n\n<h4 class=\"wp-block-heading\" style=\"text-align: center;\"><strong>Wir freuen uns immer \u00fcber einen Anruf von alten Kunden und auf neue.<\/strong><\/h4>\n\n\n\n<p style=\"text-align: center;\">Die wichtigsten Abnehmer der gepanzerten Fahrzeuge sind Citius S GmbH:<\/strong><\/p>\n\n\n\n<p><strong>Banken der Ukraine: <\/strong>Nationalbank der Ukraine, &#8220;Oschadbank&#8221;, &#8220;Ukrsotsbank&#8221;, &#8220;Privatbank&#8221;, &#8220;Raiffeisen Bank Aval&#8221;, &#8220;Praveksbank&#8221;, Bank &#8220;Finance and Credit&#8221;, &#8220;Prominvestbank&#8221;, MTB Bank, VTB Bank, Express Bank, Real Bank, Poltava Bank, Marfin Bank, Unison Bank, Aktabank, &#8220;Khreschatyk&#8221; Bank, &#8220;Citicommerts Bank&#8221;, &#8220;Imeksbank&#8221; und andere;<\/p>\n\n\n\n<p><strong>Organisationen der Ukraine:<\/strong><br>&#8220;Atlant-M&#8221; Dniprovskaia Naberezhnaya, &#8220;Vidi Unicommerce&#8221;, Kiew, &#8220;Grand Auto&#8221;, Dnipropetrovsk, &#8220;Paritet&#8221;, Kiew, &#8220;Rivo-Motors&#8221;, Donezk, &#8220;Porsche Ukraine&#8221;, Kiew, &#8220;Atlant&#8221;, Charkiw, usw;<\/p>\n\n\n\n<p><strong>ausl\u00e4ndische Organisationen:<\/strong><br>Tschechische Republik  (Pulsar Expo s.r.o., Tschechische Republik (Pulsar Expo s.r.o., Prag), Rum\u00e4nien (Finanzministerium), Lettland (Citadelebank, Riga), Litauen (Parex bank, UAB Moller), Aserbaidschan (Impex bank, Nationalbank, Azerdemiryolbank, Meschd Bank), Israel (Israelisches Au\u00dfenministerium), Georgien (TBC Bank), Deutschland (Euracom, CeKo), Usbekistan (Silkroad Auto), Armenien (Armeconombank), Moldawien (Media Security), Botschaft der Vereinigten Staaten von Amerika.<\/p>\n\n\n\n<p><strong>Die wichtigsten Kunden der medizinischen Fahrzeuge von \u00abCitius S\u00bb GmbH:<\/strong><\/p>\n\n\n\n<p>Medizinisches Gesellschaft &#8220;Into-Sana&#8221;, Behandlungs- und Diagnosezentrum&nbsp; &#8220;Genesis&#8221;, multidisziplin\u00e4re Klinik &#8220;Swjataja Ekaterina&#8221;, medizinisches Netz &#8220;Dobrobut&#8221;, medizinisches Zentrum &#8220;Eurolab&#8221;.<\/p>\n\n\n\n<p><strong>Die wichtigsten Kunden der von Citius S GmbH hergestellten Speziallabors sind:&nbsp; \u0422\u041e\u0412 \u00ab\u0426\u0456\u0442\u0456\u0443\u0441 \u0421\u00bb:<\/strong><\/p>\n\n\n\n<p>Nationales Netz von Tankstellen &#8220;WOG&#8221;, Netz von Tankstellen &#8220;AMIC&#8221;.<\/p>\n","protected":false},"excerpt":{"rendered":"<p>\u0421\u0442\u043e\u0440\u0456\u043d\u043a\u0430 \u043f\u0440\u043e \u043a\u043b\u0456\u0454\u043d\u0442\u0456\u0432 \u0443\u043a\u0440\u0430\u0457\u043d\u0441\u044c\u043a\u043e\u0433\u043e \u0432\u0438\u0440\u043e\u0431\u043d\u0438\u043a\u0430 \u0430\u0432\u0442\u043e\u043c\u043e\u0431\u0456\u043b\u0456\u0432 \u0441\u043f\u0435\u0446\u0456\u0430\u043b\u044c\u043d\u043e\u0433\u043e \u043f\u0440\u0438\u0437\u043d\u0430\u0447\u0435\u043d\u043d\u044f &#8211; \u0437\u0430\u0432\u043e\u0434\u0443 \u0426\u0456\u0442\u0456\u0443\u0441 (\u0431\u0440\u043e\u043d\u044c\u043e\u0432\u0430\u043d\u0456 \u0430\u0432\u0442\u043e\u043c\u043e\u0431\u0456\u043b\u0456, \u043c\u0430\u0448\u0438\u043d\u0438 \u0448\u0432\u0438\u0434\u043a\u043e\u0457 \u0434\u043e\u043f\u043e\u043c\u043e\u0433\u0438, \u043c\u0430\u0448\u0438\u043d\u0438 \u0434\u043b\u044f \u0456\u043d\u0432\u0430\u043b\u0456\u0434\u0456\u0432) &#8211; \u0431\u0430\u043d\u043a\u0438, \u043c\u0435\u0434\u0438\u0447\u043d\u0456 \u043a\u043b\u0456\u043d\u0456\u043a\u0456, \u0456\u043d\u043e\u0437\u0435\u043c\u043d\u0456 \u0442\u0430 \u043c\u0456\u0436\u043d\u0430\u0440\u043e\u0434\u043d\u0456 \u043e\u0440\u0433\u0430\u043d\u0456\u0437\u0430\u0446\u0456\u0457<\/p>\n","protected":false},"author":3,"featured_media":0,"parent":0,"menu_order":0,"comment_status":"closed","ping_status":"closed","template":"","meta":{"_acf_changed":false,"footnotes":""},"translation":{"provider":"WPGlobus","version":"2.12.2","language":"de","enabled_languages":["uk","ru","en","de","pl"],"languages":{"uk":{"title":true,"content":true,"excerpt":true},"ru":{"title":true,"content":true,"excerpt":true},"en":{"title":true,"content":true,"excerpt":true},"de":{"title":true,"content":true,"excerpt":false},"pl":{"title":true,"content":true,"excerpt":false}}},"acf":[],"_links":{"self":[{"href":"https:\/\/citius-s.com\/de\/wp-json\/wp\/v2\/pages\/127"}],"collection":[{"href":"https:\/\/citius-s.com\/de\/wp-json\/wp\/v2\/pages"}],"about":[{"href":"https:\/\/citius-s.com\/de\/wp-json\/wp\/v2\/types\/page"}],"author":[{"embeddable":true,"href":"https:\/\/citius-s.com\/de\/wp-json\/wp\/v2\/users\/3"}],"replies":[{"embeddable":true,"href":"https:\/\/citius-s.com\/de\/wp-json\/wp\/v2\/comments?post=127"}],"version-history":[{"count":77,"href":"https:\/\/citius-s.com\/de\/wp-json\/wp\/v2\/pages\/127\/revisions"}],"predecessor-version":[{"id":3635,"href":"https:\/\/citius-s.com\/de\/wp-json\/wp\/v2\/pages\/127\/revisions\/3635"}],"wp:attachment":[{"href":"https:\/\/citius-s.com\/de\/wp-json\/wp\/v2\/media?parent=127"}],"curies":[{"name":"wp","href":"https:\/\/api.w.org\/{rel}","templated":true}]}}